{"id":6389,"date":"2021-11-24T21:06:46","date_gmt":"2021-11-24T18:06:46","guid":{"rendered":"https:\/\/liluilu.ee\/?post_type=product&#038;p=6389"},"modified":"2026-04-20T21:11:58","modified_gmt":"2026-04-20T18:11:58","slug":"mary-may-tranexamic-acid-glutathione-eye-cream","status":"publish","type":"product","link":"https:\/\/liluilu.ee\/et\/mary-may-tranexamic-acid-glutathione-eye-cream\/","title":{"rendered":"Mary&amp;May Tranexamic Acid + Glutathione silma\u00fcmbruskreem 30ml."},"content":{"rendered":"<h2><i><span style=\"font-weight: 400;\">Mary&amp;May Tranexamic Acid + Glutathione Eye Cream omadused ja koostis<\/span><\/i><\/h2>\n<p>&nbsp;<\/p>\n<p><span style=\"font-weight: 400;\">Valem p\u00f5hineb kahel tugeval valgendaval komponendil: 1000 ppm traneksaamhapet ja 1000 ppm glutatiooni.<\/span><\/p>\n<p><span style=\"font-weight: 400;\">\u00a0<\/span><\/p>\n<ul>\n<li style=\"font-weight: 400;\" aria-level=\"1\"><span style=\"font-weight: 400;\">Traneksaamhape p\u00e4rsib melaniini tootmist ja takistab h\u00fcperpigmentatsiooni teket;<\/span><\/li>\n<li style=\"font-weight: 400;\" aria-level=\"1\"><span style=\"font-weight: 400;\">Glutatioon on looduslik komponent ja antioks\u00fcdant. Neutraliseerib vabade radikaalide m\u00f5ju, kergendab h\u00fcperpigmentatsiooni, andes sellele s\u00e4rava ja terve v\u00e4limuse;\u00a0<\/span><\/li>\n<li style=\"font-weight: 400;\" aria-level=\"1\"><span style=\"font-weight: 400;\">C-vitamiin suurendab kahe eelmise komponendi toimet ja stimuleerib teie enda kollageeni tootmist. Ja me teame, et mida rohkem kollageeni, seda v\u00e4hem kortse n\u00e4ol;<\/span><\/li>\n<li style=\"font-weight: 400;\" aria-level=\"1\"><span style=\"font-weight: 400;\">Pantenool ja astelpaju\u00f5li \u2013 rahustavad, taastavad ja toidavad;<\/span><\/li>\n<li style=\"font-weight: 400;\" aria-level=\"1\"><span style=\"font-weight: 400;\">Madala molekulmassiga h\u00fcaluroonhape t\u00e4idab h\u00fcdratatsiooni puudumist.<\/span><\/li>\n<\/ul>\n<p>&nbsp;<\/p>\n<p><span style=\"font-weight: 400;\">Mary&amp;May Tranexamic Acid + Glutathione Eye Cream on kerge kosmeetilise aroomi ja elastse tekstuuriga. Kreem jaotub kergesti \u00fcle naha ja imendub minutiga. J\u00e4tab naha pikaks ajaks niisutatuks, toidetuks ja v\u00e4rskeks.<\/span><\/p>\n<p>&nbsp;<\/p>\n<p><span style=\"font-weight: 400;\">Toode ei sisalda 16 kahjulikku keemilist komponenti, mis v\u00f5ivad p\u00f5hjustada \u00e4rritust v\u00f5i allergilisi reaktsioone: mineraal\u00f5lid, parabeenid, etanool, s\u00fcnteetilised l\u00f5hna- ja v\u00e4rvained jne. K\u00f5ik toote koostisained on kasutamiseks ohutud ja sertifitseeritud EWG poolt. Br\u00e4ndi tooteid ei testita loomade peal.<\/span><\/p>\n<p>&nbsp;<\/p>\n<p><b>Kuidas kasutada:<\/b><\/p>\n<p><span style=\"font-weight: 400;\">Kandke v\u00e4ike kogus kreemi s\u00f5rmeotstele ja kandke \u00f5rnalt \u00fclemise ja alumise silmalaugude piirkonda m\u00f6\u00f6da silma\u00fcmbruse luud. V\u00e4ga \u00f5rnade patsutavate liigutustega aita kreemil imenduda, liikudes silma sisenurgast v\u00e4lisnurka.<\/span><\/p>\n<p>&nbsp;<\/p>\n<p><span style=\"font-weight: 400;\">Kreemi v\u00f5ib kasutada ka muudel n\u00e4o- ja kaelanaha piirkondadel, kus on vaja tumedaid laike v\u00f5i tedret\u00e4hne heledamaks muuta.<\/span><\/p>\n<p>&nbsp;<\/p>\n<p><b>Netokogus:<\/b><span style=\"font-weight: 400;\"> 30 ml<\/span><\/p>\n<p>&nbsp;<\/p>\n<p><a title=\"TARNETINGIMUSED\" href=\"https:\/\/liluilu.ee\/et\/kohaletoimetamine\/\" target=\"_blank\" rel=\"nofollow noopener\">TARNETINGIMUSED<\/a><\/p>","protected":false},"excerpt":{"rendered":"<p><span style=\"font-weight: 400;\">Kui teie silmad vajavad spetsiaalset kreemi, mis muudab silma\u00fcmbruse heledamaks ja hoiab \u00e4ra tumedate laikude tekke, siis Mary&amp;May Tranexamic Acid + Glutathione Eye Cream:<\/span><\/p>\n<p>&nbsp;<\/p>\n<ul>\n<li style=\"font-weight: 400;\" aria-level=\"1\"><span style=\"font-weight: 400;\">\u00dchtlustab \u00f5rna silma\u00fcmbruse naha tooni;<\/span><\/li>\n<li style=\"font-weight: 400;\" aria-level=\"1\"><span style=\"font-weight: 400;\">Helendab h\u00fcperpigmentatsiooni ja tedret\u00e4hne;<\/span><\/li>\n<li style=\"font-weight: 400;\" aria-level=\"1\"><span style=\"font-weight: 400;\">V\u00e4rskendab ja kirgastab, muudab v\u00e4simuse m\u00e4rgid v\u00e4hem m\u00e4rgatavaks;<\/span><\/li>\n<li style=\"font-weight: 400;\" aria-level=\"1\"><span style=\"font-weight: 400;\">H\u00e4sti niisutab ja toidab;<\/span><\/li>\n<li style=\"font-weight: 400;\" aria-level=\"1\"><span style=\"font-weight: 400;\">Kaitseb rakke enneaegse vananemise eest;<\/span><\/li>\n<li style=\"font-weight: 400;\" aria-level=\"1\"><span style=\"font-weight: 400;\">Silub v\u00e4ikseid kortse ja kortse;<\/span><\/li>\n<li style=\"font-weight: 400;\" aria-level=\"1\"><span style=\"font-weight: 400;\">Testitud \u00e4rrituse suhtes ja sobib tundlikule nahale.<\/span><\/li>\n<\/ul>","protected":false},"featured_media":6390,"comment_status":"open","ping_status":"closed","template":"","meta":{"_eb_attr":"","jetpack_post_was_ever_published":false,"_joinchat":[]},"product_brand":[],"product_cat":[232,305],"product_tag":[255,307],"class_list":{"0":"post-6389","1":"product","2":"type-product","3":"status-publish","4":"has-post-thumbnail","6":"product_cat-mary-may","7":"product_cat-kremy-dlya-oblasti-vokrug-glaz","8":"product_tag-glutation","9":"product_tag-traneksamovaya-kislota","11":"first","12":"instock","13":"sale","14":"shipping-taxable","15":"purchasable","16":"product-type-simple"},"jetpack_sharing_enabled":true,"_links":{"self":[{"href":"https:\/\/liluilu.ee\/et\/wp-json\/wp\/v2\/product\/6389","targetHints":{"allow":["GET"]}}],"collection":[{"href":"https:\/\/liluilu.ee\/et\/wp-json\/wp\/v2\/product"}],"about":[{"href":"https:\/\/liluilu.ee\/et\/wp-json\/wp\/v2\/types\/product"}],"replies":[{"embeddable":true,"href":"https:\/\/liluilu.ee\/et\/wp-json\/wp\/v2\/comments?post=6389"}],"version-history":[{"count":2,"href":"https:\/\/liluilu.ee\/et\/wp-json\/wp\/v2\/product\/6389\/revisions"}],"predecessor-version":[{"id":7810,"href":"https:\/\/liluilu.ee\/et\/wp-json\/wp\/v2\/product\/6389\/revisions\/7810"}],"wp:featuredmedia":[{"embeddable":true,"href":"https:\/\/liluilu.ee\/et\/wp-json\/wp\/v2\/media\/6390"}],"wp:attachment":[{"href":"https:\/\/liluilu.ee\/et\/wp-json\/wp\/v2\/media?parent=6389"}],"wp:term":[{"taxonomy":"product_brand","embeddable":true,"href":"https:\/\/liluilu.ee\/et\/wp-json\/wp\/v2\/product_brand?post=6389"},{"taxonomy":"product_cat","embeddable":true,"href":"https:\/\/liluilu.ee\/et\/wp-json\/wp\/v2\/product_cat?post=6389"},{"taxonomy":"product_tag","embeddable":true,"href":"https:\/\/liluilu.ee\/et\/wp-json\/wp\/v2\/product_tag?post=6389"}],"curies":[{"name":"t\u00f6\u00f6leht","href":"https:\/\/api.w.org\/{rel}","templated":true}]}}