{"id":6359,"date":"2021-11-24T14:37:25","date_gmt":"2021-11-24T11:37:25","guid":{"rendered":"https:\/\/liluilu.ee\/?post_type=product&#038;p=6359"},"modified":"2026-03-12T15:59:44","modified_gmt":"2026-03-12T12:59:44","slug":"mary-may-vitamin-b5-bifida-toner","status":"publish","type":"product","link":"https:\/\/liluilu.ee\/et\/mary-may-vitamin-b5-bifida-toner\/","title":{"rendered":"Niisutav ja nahka taastav toonik Mary&amp;May Vitamin B5 + Bifida Toner 120ml."},"content":{"rendered":"<h2><i><span style=\"font-weight: 400;\">Mary&amp;May Vitamiin B5 + Bifida Tooneri omadused ja koostis<\/span><\/i><\/h2>\n<p><b>Bifidobakteri l\u00fcsaat<\/b><span style=\"font-weight: 400;\"> on ainulaadne probiootiline lisand, mis loob optimaalse keskkonna normaalse mikrofloora vohamiseks n\u00e4onahal ja suurendab vastupanuv\u00f5imet k\u00f5ikv\u00f5imalikele v\u00e4listele agressiivsetele teguritele.<\/span><\/p>\n<p>&nbsp;<\/p>\n<p><span style=\"font-weight: 400;\">Bifidobacterium l\u00fcsaat sisaldab suures koguses vitamiine A, B, C ja teisi bioaktiivseid komponente. See k\u00fcllastab nahka oluliste toitainetega, stimuleerib ainevahetust, parandab vereringet, silub naha tekstuuri ja taastab selle mikrobioomi.<\/span><\/p>\n<p>&nbsp;<\/p>\n<p><b>Pantenool (provitamiin B5)<\/b><span style=\"font-weight: 400;\"> on s\u00fcgava ja kauakestva niisutava ja nahka rahustava toimega. Sellel on k\u00f5rge l\u00e4bitungimisv\u00f5ime ja h\u00fcgroskoopsus, see t\u00e4hendab, et see t\u00f5mbab ja imab niiskust. T\u00e4nu sellele suudab see tungida epidermise s\u00fcgavamatesse kihtidesse, &quot;kandes&quot; endaga kaasa veemolekule. Selle tulemusena muutub nahk optimaalselt niisutatuks.<\/span><\/p>\n<p>&nbsp;<\/p>\n<p><span style=\"font-weight: 400;\">Sellel on rahustav ja haavu parandav toime. Kiirendab regenereerimisprotsessi ja soodustab naha kiiret taastumist temperatuurimuutuste ja nahka vigastavate protseduuride tingimustes (happed, retinool jne) K\u00f5rvaldab kuivustunde, pinguloleku ja eemaldab ketenduse.\u00a0<\/span><\/p>\n<p>&nbsp;<\/p>\n<p><span style=\"font-weight: 400;\">Annab h\u00e4mmastava pehmuse ja sileduse.\u00a0<\/span><\/p>\n<p>&nbsp;<\/p>\n<p><span style=\"font-weight: 400;\">Mary&amp;May Vitamiin B5 + Bifida Tooner on kerge tekstuuri ja l\u00e4bikumava p\u00e4rlmuttertooniga. See imendub kiiresti, t\u00e4idab naha niiskuse, toitvate komponentidega ja annab terve s\u00e4ra.\u00a0<\/span><\/p>\n<p>&nbsp;<\/p>\n<p><span style=\"font-weight: 400;\">Sobib igale nahat\u00fc\u00fcbile. Eriti neile, kes on tundlikud ja altid \u00e4rritusele.\u00a0<\/span><\/p>\n<p>&nbsp;<\/p>\n<p><b>Kuidas kasutada:<\/b><\/p>\n<p><span style=\"font-weight: 400;\">Kanna Mary&amp;May Vitamiin B5 + Bifida Toonik puhastatud n\u00e4ole vatipadja v\u00f5i peopesade abil. Kasutage kergeid patsutusliigutusi, et aidata tootel imenduda.\u00a0<\/span><\/p>\n<p><b>Netokogus:<\/b><span style=\"font-weight: 400;\"> 120 ml.<\/span><\/p>\n<p>&nbsp;<\/p>\n<p><a title=\"TARNETINGIMUSED\" href=\"https:\/\/liluilu.ee\/et\/kohaletoimetamine\/\" target=\"_blank\" rel=\"noopener\">TARNETINGIMUSED<\/a><\/p>","protected":false},"excerpt":{"rendered":"<p><span style=\"font-weight: 400;\">Mary&amp;May Vitamin B5 + Bifida Toner on toonik naha kaitsebarj\u00e4\u00e4ri taastamiseks, niisutamiseks ja tervisliku s\u00e4ra andmiseks.\u00a0<\/span><\/p>\n<p>&nbsp;<\/p>\n<p><span style=\"font-weight: 400;\">Vitamiin B5 (pantenool) ja bifidobakterite l\u00fcsaadi kombinatsioon soodustab intensiivset niisutust ja toitumist, taastab mikrobioomi ning muudab naha uskumatult pehmeks, siledaks ja siidiseks.<\/span><\/p>","protected":false},"featured_media":11704,"comment_status":"open","ping_status":"closed","template":"","meta":{"_eb_attr":"","jetpack_post_was_ever_published":false,"_joinchat":[]},"product_brand":[874],"product_cat":[232,217],"product_tag":[439,391,303,297,400,413],"class_list":{"0":"post-6359","1":"product","2":"type-product","3":"status-publish","4":"has-post-thumbnail","6":"product_brand-mary-may","7":"product_cat-mary-may","8":"product_cat-tonery","9":"product_tag-vosstanovlenie-barera","10":"product_tag-lizat-bifidobakterij","11":"product_tag-pantenol-vitamin-b5","12":"product_tag-probiotiki","13":"product_tag-uvlazhnenie","14":"product_tag-chuvstvitelnaya-kozha","16":"first","17":"instock","18":"sale","19":"shipping-taxable","20":"purchasable","21":"product-type-simple"},"jetpack_sharing_enabled":true,"_links":{"self":[{"href":"https:\/\/liluilu.ee\/et\/wp-json\/wp\/v2\/product\/6359","targetHints":{"allow":["GET"]}}],"collection":[{"href":"https:\/\/liluilu.ee\/et\/wp-json\/wp\/v2\/product"}],"about":[{"href":"https:\/\/liluilu.ee\/et\/wp-json\/wp\/v2\/types\/product"}],"replies":[{"embeddable":true,"href":"https:\/\/liluilu.ee\/et\/wp-json\/wp\/v2\/comments?post=6359"}],"version-history":[{"count":8,"href":"https:\/\/liluilu.ee\/et\/wp-json\/wp\/v2\/product\/6359\/revisions"}],"predecessor-version":[{"id":7824,"href":"https:\/\/liluilu.ee\/et\/wp-json\/wp\/v2\/product\/6359\/revisions\/7824"}],"wp:featuredmedia":[{"embeddable":true,"href":"https:\/\/liluilu.ee\/et\/wp-json\/wp\/v2\/media\/11704"}],"wp:attachment":[{"href":"https:\/\/liluilu.ee\/et\/wp-json\/wp\/v2\/media?parent=6359"}],"wp:term":[{"taxonomy":"product_brand","embeddable":true,"href":"https:\/\/liluilu.ee\/et\/wp-json\/wp\/v2\/product_brand?post=6359"},{"taxonomy":"product_cat","embeddable":true,"href":"https:\/\/liluilu.ee\/et\/wp-json\/wp\/v2\/product_cat?post=6359"},{"taxonomy":"product_tag","embeddable":true,"href":"https:\/\/liluilu.ee\/et\/wp-json\/wp\/v2\/product_tag?post=6359"}],"curies":[{"name":"t\u00f6\u00f6leht","href":"https:\/\/api.w.org\/{rel}","templated":true}]}}