{"id":6255,"date":"2021-11-23T21:53:32","date_gmt":"2021-11-23T18:53:32","guid":{"rendered":"https:\/\/liluilu.ee\/?post_type=product&#038;p=6255"},"modified":"2026-03-16T09:32:14","modified_gmt":"2026-03-16T06:32:14","slug":"mary-may-vitamin-c-bifida-lotion","status":"publish","type":"product","link":"https:\/\/liluilu.ee\/et\/mary-may-vitamin-c-bifida-lotion\/","title":{"rendered":"Lotion C-vitamiini ja bifidaga Mary&amp;May Vitamiin C + Bifida Lotion 120ml."},"content":{"rendered":"<h2><i><span style=\"font-weight: 400;\">Mary&amp;May Vitamiin C + Bifida Lotion omadused ja koostis<\/span><\/i><\/h2>\n<p><span style=\"font-weight: 400;\">Valem p\u00f5hineb 1000 ppm puhtal C-vitamiinil (askorbiinhape) ja 30 000 ppm k\u00e4\u00e4ritatud bifidobakterite l\u00fcsaadil.<\/span><\/p>\n<p>&nbsp;<\/p>\n<p><b>C-vitamiin <\/b><span style=\"font-weight: 400;\">H\u00e4mmastav antioks\u00fcdant, mis v\u00f5ib teha palju asju:\u00a0<\/span><\/p>\n<p>&nbsp;<\/p>\n<ul>\n<li style=\"font-weight: 400;\" aria-level=\"1\"><span style=\"font-weight: 400;\">Suurep\u00e4rane h\u00fcperpigmentatsiooni, tedret\u00e4hnide ja aknem\u00e4rkide valgendamiseks. See blokeerib t\u00fcrosinaasi, ens\u00fc\u00fcmi, mis on vajalik vanuselaikude tekkeks. Selle tulemusena taastab nahk j\u00e4rk-j\u00e4rgult \u00fchtlase ja selge tooni.\u00a0\u00a0<\/span><\/li>\n<li style=\"font-weight: 400;\" aria-level=\"1\"><span style=\"font-weight: 400;\">Tugevdab veresoonte seinu, ennetades rosaatsea ja rosaatsea teket.<\/span><\/li>\n<li style=\"font-weight: 400;\" aria-level=\"1\"><span style=\"font-weight: 400;\">Stimuleerib kollageeni tootmist, parandab naha elastsust ja v\u00e4hendab kortsude s\u00fcgavust.<\/span><\/li>\n<\/ul>\n<p>&nbsp;<\/p>\n<p><span style=\"font-weight: 400;\">Ja taastab ja tugevdab loomulikku nahabarj\u00e4\u00e4ri - <\/span><b>k\u00e4\u00e4ritatud bifidobakterite l\u00fcsaat<\/b><span style=\"font-weight: 400;\">. See kiirendab kudede taastumist, parandab naha tundlikkust v\u00e4liste \u00e4rritajate suhtes ja muudab selle tervemaks.\u00a0<\/span><\/p>\n<p>&nbsp;<\/p>\n<p><span style=\"font-weight: 400;\">Lisaks sisaldab see:<\/span><\/p>\n<ul>\n<li style=\"font-weight: 400;\" aria-level=\"1\"><span style=\"font-weight: 400;\">Niatsiinamiid \u2013 vananemisvastane ja valgendav komponent;<\/span><\/li>\n<li style=\"font-weight: 400;\" aria-level=\"1\"><span style=\"font-weight: 400;\">Adenosiin - parandab elastsust;<\/span><\/li>\n<li style=\"font-weight: 400;\" aria-level=\"1\"><span style=\"font-weight: 400;\">Pantenool - rahustab;\u00a0<\/span><\/li>\n<li style=\"font-weight: 400;\" aria-level=\"1\"><span style=\"font-weight: 400;\">Sheav\u00f5i \u2013 pehmendab, muudab naha kareda pinna pehmeks;<\/span><\/li>\n<li style=\"font-weight: 400;\" aria-level=\"1\"><span style=\"font-weight: 400;\">Tokoferool on E-vitamiini vorm, mis toimib antioks\u00fcdandina;<\/span><\/li>\n<li style=\"font-weight: 400;\" aria-level=\"1\"><span style=\"font-weight: 400;\">5 erinevat t\u00fc\u00fcpi h\u00fcaluroonhapet.<\/span><\/li>\n<\/ul>\n<p>&nbsp;<\/p>\n<p><span style=\"font-weight: 400;\">K\u00f5ik koostisained on EWG sertifikaadiga ja ohutud. Toode EI sisalda 16 kahjulikku koostisainet nagu mineraal\u00f5lid, v\u00e4rvained ja etanool.<\/span><\/p>\n<p><span style=\"font-weight: 400;\">\u00a0<\/span><\/p>\n<p><span style=\"font-weight: 400;\">Dermatoloogilise testimise tulemusena leiti, et Mary&amp;May Vitamiin C + Bifida Lotion ei ole \u00e4rritav ja sobib tundlikule nahale.<\/span><\/p>\n<p>&nbsp;<\/p>\n<p><span style=\"font-weight: 400;\">Toode on \u00f5rna kreemja tekstuuri ja meeldiva \u201csooja\u201d aroomiga.<\/span><\/p>\n<p>&nbsp;<\/p>\n<p><span style=\"font-weight: 400;\">Jaotub ja imendub koheselt. J\u00e4tab nahale pehme, sametise tunde, olemata kleepuv.<\/span><\/p>\n<p>&nbsp;<\/p>\n<p><span style=\"font-weight: 400;\">Stiilne tumedast klaasist pumbaga pudel garanteerib h\u00fcgieeni ning minimeerib \u00f5hu ja p\u00e4ikesevalguse l\u00e4bitungimist.\u00a0<\/span><\/p>\n<p>&nbsp;<\/p>\n<p><span style=\"font-weight: 400;\">Mary&amp;May Vitamin C + Bifida Lotion sobib nii \u00f5htuseks kui ka p\u00e4evaseks hoolduseks. Maksimaalse efekti saavutamiseks on losjooni soovitatav kasutada koos\u00a0<a title=\"Mary&amp;May vitamiin B5 + Bifida toonik\" href=\"https:\/\/liluilu.ee\/et\/mary-may-vitamin-b5-bifida-toner\/\" target=\"_blank\" rel=\"noopener\">Mary&amp;May Vitamin B5 + Bifida Toner<\/a><\/span><span style=\"font-weight: 400;\">. Toonik sisaldab vitamiini B5, mis t\u00e4iendab ja suurendab C-vitamiini kasulikke omadusi.<\/span><\/p>\n<p>&nbsp;<\/p>\n<p><b>Kuidas kasutada:\u00a0<\/b><\/p>\n<p><span style=\"font-weight: 400;\">Kandke v\u00e4ike kogus n\u00e4ole ja kaelale p\u00e4rast puhastamist ja toniseerimist. Kasutage \u00f5rnaid patsutusliigutusi, et see imenduks. Kui kasutate hoolduses seerumit, kandke p\u00e4rast seda losjooni.\u00a0<\/span><\/p>\n<p>&nbsp;<\/p>\n<p><b>Netokogus: <\/b><span style=\"font-weight: 400;\">120 ml<\/span><\/p>\n<p>&nbsp;<\/p>\n<p>C-vitamiini t\u00e4ieliku juhendi saamiseks lugege ajaveebi: <a title=\"C-vitamiin nahale: k\u00f5ik, mida pead selle kohta teadma.\" href=\"https:\/\/liluilu.ee\/et\/c-vitamiin-nahale-koik-mida-pead-selle-kohta-teadma\/\" target=\"_blank\" rel=\"noopener\">C-vitamiin nahale: k\u00f5ik, mida pead selle kohta teadma.<\/a><\/p>\n<p>&nbsp;<\/p>\n<p><a title=\"TARNETINGIMUSED\" href=\"https:\/\/liluilu.ee\/et\/kohaletoimetamine\/\" target=\"_blank\" rel=\"nofollow noopener\">TARNETINGIMUSED<\/a><\/p>","protected":false},"excerpt":{"rendered":"<p><span style=\"font-weight: 400;\">\u00d5rn valgendav emulsioon bifida ja puhta C-vitamiiniga j\u00e4tab naha heledaks, s\u00e4ravaks ja pingul ilma \u00e4rrituseta.<\/span><\/p>\n<p>&nbsp;<\/p>\n<p><span style=\"font-weight: 400;\">Mary&amp;May C-vitamiin + Bifida losjoon:<\/span><\/p>\n<p>&nbsp;<\/p>\n<ul>\n<li style=\"font-weight: 400;\" aria-level=\"1\"><span style=\"font-weight: 400;\">Helendab h\u00fcperpigmentatsiooni, tedret\u00e4hni ja akne j\u00e4lgi;<\/span><\/li>\n<li style=\"font-weight: 400;\" aria-level=\"1\"><span style=\"font-weight: 400;\">\u00dchtlustab tooni;<\/span><\/li>\n<li style=\"font-weight: 400;\" aria-level=\"1\"><span style=\"font-weight: 400;\">V\u00e4rskendab jumet;<\/span><\/li>\n<li style=\"font-weight: 400;\" aria-level=\"1\"><span style=\"font-weight: 400;\">Stimuleerib kollageeni tootmist;<\/span><\/li>\n<li style=\"font-weight: 400;\" aria-level=\"1\"><span style=\"font-weight: 400;\">Hoiab \u00e4ra rosaatsea avaldumise;<\/span><\/li>\n<li style=\"font-weight: 400;\" aria-level=\"1\"><span style=\"font-weight: 400;\">Taastab naha kaitsefunktsioonid.<\/span><\/li>\n<\/ul>\n<p>&nbsp;<\/p>","protected":false},"featured_media":6258,"comment_status":"open","ping_status":"closed","template":"","meta":{"_eb_attr":"","jetpack_post_was_ever_published":false,"_joinchat":[]},"product_brand":[],"product_cat":[232,95],"product_tag":[443,277,439,441,433,297],"class_list":{"0":"post-6255","1":"product","2":"type-product","3":"status-publish","4":"has-post-thumbnail","6":"product_cat-mary-may","7":"product_cat-kremy-emulsii-i-losony-dlya-lica","8":"product_tag-antioksidanty","9":"product_tag-vitamin-s-ru","10":"product_tag-vosstanovlenie-barera","11":"product_tag-kuperoz","12":"product_tag-nerovnyj-ton-kozhi","13":"product_tag-probiotiki","15":"first","16":"instock","17":"sale","18":"shipping-taxable","19":"purchasable","20":"product-type-simple"},"jetpack_sharing_enabled":true,"_links":{"self":[{"href":"https:\/\/liluilu.ee\/et\/wp-json\/wp\/v2\/product\/6255","targetHints":{"allow":["GET"]}}],"collection":[{"href":"https:\/\/liluilu.ee\/et\/wp-json\/wp\/v2\/product"}],"about":[{"href":"https:\/\/liluilu.ee\/et\/wp-json\/wp\/v2\/types\/product"}],"replies":[{"embeddable":true,"href":"https:\/\/liluilu.ee\/et\/wp-json\/wp\/v2\/comments?post=6255"}],"version-history":[{"count":21,"href":"https:\/\/liluilu.ee\/et\/wp-json\/wp\/v2\/product\/6255\/revisions"}],"predecessor-version":[{"id":6263,"href":"https:\/\/liluilu.ee\/et\/wp-json\/wp\/v2\/product\/6255\/revisions\/6263"}],"wp:featuredmedia":[{"embeddable":true,"href":"https:\/\/liluilu.ee\/et\/wp-json\/wp\/v2\/media\/6258"}],"wp:attachment":[{"href":"https:\/\/liluilu.ee\/et\/wp-json\/wp\/v2\/media?parent=6255"}],"wp:term":[{"taxonomy":"product_brand","embeddable":true,"href":"https:\/\/liluilu.ee\/et\/wp-json\/wp\/v2\/product_brand?post=6255"},{"taxonomy":"product_cat","embeddable":true,"href":"https:\/\/liluilu.ee\/et\/wp-json\/wp\/v2\/product_cat?post=6255"},{"taxonomy":"product_tag","embeddable":true,"href":"https:\/\/liluilu.ee\/et\/wp-json\/wp\/v2\/product_tag?post=6255"}],"curies":[{"name":"t\u00f6\u00f6leht","href":"https:\/\/api.w.org\/{rel}","templated":true}]}}