{"id":3797,"date":"2021-11-05T13:40:45","date_gmt":"2021-11-05T10:40:45","guid":{"rendered":"https:\/\/liluilu.ee\/?post_type=product&#038;p=3797"},"modified":"2026-04-15T23:38:54","modified_gmt":"2026-04-15T20:38:54","slug":"medi-peel-hyaluron-dark-benone-9-peptide-eye-patch","status":"publish","type":"product","link":"https:\/\/liluilu.ee\/et\/medi-peel-hyaluron-dark-benone-9-peptide-eye-patch\/","title":{"rendered":"Medi Peel Hyaluron Dark Benone 9 peptiidne silmaplaaster"},"content":{"rendered":"<ul>\n<li>Kompositsioonis sisalduvad helendavad komponendid v\u00f5itlevad tumedate ringide ja soovimatu pigmentatsiooniga, v\u00e4rskendavad ja annavad tuhmile nahale terve s\u00e4ra;<\/li>\n<li>Patenteeritud peptiidide kompleksil on v\u00e4ljendunud vananemisvastane toime: silub ja v\u00e4hendab kortsude s\u00fcgavust, tugevdab ja pinguldab nahka, stimuleerib rakkude uuenemist ja aeglustab vananemisprotsesse;<\/li>\n<li>Niisutav valem, mis sisaldab 7 t\u00fc\u00fcpi h\u00fcaluroonhapet, t\u00e4idab naha niiskusega ja s\u00e4ilitab veetasakaalu kudedes.<\/li>\n<\/ul>\n<p>&nbsp;<\/p>\n<p>Medi Peel Hyaluron Dark Benone 9 Peptide Eye Patch on valmistatud h\u00fcdrogeelist, kasutades tehnoloogiat, mis takistab essentsi kiiret kuivamist. Need \u201ct\u00f5mbuvad kokku\u201d koheselt ja liibuvad tihedalt, v\u00f5imaldades aktiivsetel koostisosadel \u00f5rna nahka niiskuse ja toitainetega toita.<\/p>\n<p>&nbsp;<\/p>\n<p>N\u00e4htav efekt on m\u00e4rgatav kohe p\u00e4rast pealekandmist, lisaks on plaastritel kumulatiivne toime.<\/p>\n<p>&nbsp;<\/p>\n<p><strong>Kuidas kasutada:<\/strong> Eemaldage spaatliga plaastrid konteinerist ja kandke need ettevaatlikult alumise silmalau piirkonda. 20-30 minuti p\u00e4rast eemaldage ja tehke s\u00f5rmedega \u00f5rnaid patsutusliigutusi, et essents saaks t\u00e4ielikult imenduda. Plaastrid kantakse eelnevalt puhastatud ja toonikuga t\u00f6\u00f6deldud nahale.<\/p>\n<p>&nbsp;<\/p>\n<p>Vaata\u00a0<a title=\"TARNETINGIMUSED\" href=\"https:\/\/liluilu.ee\/et\/kohaletoimetamine\/\" target=\"_blank\" rel=\"noopener\">TARNETINGIMUSED<\/a>.<\/p>","protected":false},"excerpt":{"rendered":"<p>Hyaluron Dark Benone 9 Peptide Eye Patch on helendav h\u00fcdrogeelplaaster, millel on \u00fcheksast peptiidist koosnev v\u00f5imas vananemisvastane kompleks.<\/p>\n<p>&nbsp;<\/p>\n<p>&nbsp;<\/p>","protected":false},"featured_media":3798,"comment_status":"open","ping_status":"closed","template":"","meta":{"_eb_attr":"","jetpack_post_was_ever_published":false,"_joinchat":[]},"product_brand":[],"product_cat":[219,221],"product_tag":[269,239],"class_list":{"0":"post-3797","1":"product","2":"type-product","3":"status-publish","4":"has-post-thumbnail","6":"product_cat-medi-peel","7":"product_cat-patchi-dlya-glaz","8":"product_tag-gialuronovaya-kislota","9":"product_tag-peptidy","11":"first","12":"instock","13":"shipping-taxable","14":"purchasable","15":"product-type-simple"},"jetpack_sharing_enabled":true,"_links":{"self":[{"href":"https:\/\/liluilu.ee\/et\/wp-json\/wp\/v2\/product\/3797","targetHints":{"allow":["GET"]}}],"collection":[{"href":"https:\/\/liluilu.ee\/et\/wp-json\/wp\/v2\/product"}],"about":[{"href":"https:\/\/liluilu.ee\/et\/wp-json\/wp\/v2\/types\/product"}],"replies":[{"embeddable":true,"href":"https:\/\/liluilu.ee\/et\/wp-json\/wp\/v2\/comments?post=3797"}],"version-history":[{"count":3,"href":"https:\/\/liluilu.ee\/et\/wp-json\/wp\/v2\/product\/3797\/revisions"}],"predecessor-version":[{"id":6882,"href":"https:\/\/liluilu.ee\/et\/wp-json\/wp\/v2\/product\/3797\/revisions\/6882"}],"wp:featuredmedia":[{"embeddable":true,"href":"https:\/\/liluilu.ee\/et\/wp-json\/wp\/v2\/media\/3798"}],"wp:attachment":[{"href":"https:\/\/liluilu.ee\/et\/wp-json\/wp\/v2\/media?parent=3797"}],"wp:term":[{"taxonomy":"product_brand","embeddable":true,"href":"https:\/\/liluilu.ee\/et\/wp-json\/wp\/v2\/product_brand?post=3797"},{"taxonomy":"product_cat","embeddable":true,"href":"https:\/\/liluilu.ee\/et\/wp-json\/wp\/v2\/product_cat?post=3797"},{"taxonomy":"product_tag","embeddable":true,"href":"https:\/\/liluilu.ee\/et\/wp-json\/wp\/v2\/product_tag?post=3797"}],"curies":[{"name":"t\u00f6\u00f6leht","href":"https:\/\/api.w.org\/{rel}","templated":true}]}}