{"id":3794,"date":"2021-11-04T23:49:45","date_gmt":"2021-11-04T20:49:45","guid":{"rendered":"https:\/\/liluilu.ee\/?post_type=product&#038;p=3794"},"modified":"2026-04-09T12:20:39","modified_gmt":"2026-04-09T09:20:39","slug":"medi-peel-hyaluron-cica-peptide-9-ampoule-eye-patch","status":"publish","type":"product","link":"https:\/\/liluilu.ee\/et\/medi-peel-hyaluron-cica-peptide-9-ampoule-eye-patch\/","title":{"rendered":"Medi Peel Hyaluron Cica Peptide 9 ampulliga silmaplaaster"},"content":{"rendered":"<h2>Medi Peel Hyaluron Cica Peptide 9 ampulliga silmaplaastri omadused ja koostis<\/h2>\n<ul>\n<li><strong>Unikaalne patenteeritud 9 peptiidi kompleks<\/strong> stimuleerib rakkude uuenemist ja aeglustab vananemisprotsesse: tugevdab ja pinguldab \u00f5hukest nahka, silub ja v\u00e4hendab kortsude s\u00fcgavust;<\/li>\n<li><strong>7 t\u00fc\u00fcpi h\u00fcaluroonhapet<\/strong> mitte ainult ei t\u00e4ienda kudede niiskusepuudust, vaid hoiab ka nahka pikka aega h\u00fcdreeritud;<\/li>\n<li><strong>Rahustav kompleks Cica Lahus<\/strong>, mis p\u00f5hineb Aasia tsentellal, ravib nahka ja leevendab \u00e4rritust.<\/li>\n<\/ul>\n<p>&nbsp;<\/p>\n<p>Plaastrid on valmistatud h\u00fcdrogeelist, kasutades tehnoloogiat, mis takistab essentsi kiiret kuivamist. Need \u201ct\u00f5mbuvad kokku\u201d koheselt ja liibuvad tihedalt, v\u00f5imaldades toimeainetel \u00f5rna nahka niiskuse ja toitainetega toita.<\/p>\n<p>&nbsp;<\/p>\n<p>N\u00e4htav efekt on m\u00e4rgatav kohe p\u00e4rast pealekandmist ning lisaks on plaastritel kumulatiivne toime.<\/p>\n<p>&nbsp;<\/p>\n<p><strong>Kuidas kasutada: <\/strong><\/p>\n<p>Eemaldage spaatliga plaastrid konteinerist ja kandke need ettevaatlikult alumise silmalau piirkonda. 20-30 minuti p\u00e4rast eemaldage ja tehke s\u00f5rmedega \u00f5rnaid patsutusliigutusi, et essents saaks t\u00e4ielikult imenduda. Plaastrid kantakse eelnevalt puhastatud ja toonikuga t\u00f6\u00f6deldud nahale.<\/p>\n<p>&nbsp;<\/p>\n<p>Vaata\u00a0<a title=\"TARNETINGIMUSED\" href=\"https:\/\/liluilu.ee\/et\/kohaletoimetamine\/\" target=\"_blank\" rel=\"noopener\">TARNETINGIMUSED<\/a>.<\/p>\n<p>&nbsp;<\/p>\n<p>&nbsp;<\/p>\n<p>&nbsp;<\/p>","protected":false},"excerpt":{"rendered":"<p>Medi Peel Hyaluron Cica Peptide 9 Ampoule Eye Patch on v\u00f5imsa noorendava toimega niisutav plaaster, mis on loodud spetsiaalselt tundliku nahaga inimestele.<\/p>","protected":false},"featured_media":3795,"comment_status":"open","ping_status":"closed","template":"","meta":{"_eb_attr":"","jetpack_post_was_ever_published":false,"_joinchat":[]},"product_brand":[],"product_cat":[219,221],"product_tag":[269,239,247],"class_list":{"0":"post-3794","1":"product","2":"type-product","3":"status-publish","4":"has-post-thumbnail","6":"product_cat-medi-peel","7":"product_cat-patchi-dlya-glaz","8":"product_tag-gialuronovaya-kislota","9":"product_tag-peptidy","10":"product_tag-centella","12":"first","13":"instock","14":"shipping-taxable","15":"purchasable","16":"product-type-simple"},"jetpack_sharing_enabled":true,"_links":{"self":[{"href":"https:\/\/liluilu.ee\/et\/wp-json\/wp\/v2\/product\/3794","targetHints":{"allow":["GET"]}}],"collection":[{"href":"https:\/\/liluilu.ee\/et\/wp-json\/wp\/v2\/product"}],"about":[{"href":"https:\/\/liluilu.ee\/et\/wp-json\/wp\/v2\/types\/product"}],"replies":[{"embeddable":true,"href":"https:\/\/liluilu.ee\/et\/wp-json\/wp\/v2\/comments?post=3794"}],"version-history":[{"count":3,"href":"https:\/\/liluilu.ee\/et\/wp-json\/wp\/v2\/product\/3794\/revisions"}],"predecessor-version":[{"id":5960,"href":"https:\/\/liluilu.ee\/et\/wp-json\/wp\/v2\/product\/3794\/revisions\/5960"}],"wp:featuredmedia":[{"embeddable":true,"href":"https:\/\/liluilu.ee\/et\/wp-json\/wp\/v2\/media\/3795"}],"wp:attachment":[{"href":"https:\/\/liluilu.ee\/et\/wp-json\/wp\/v2\/media?parent=3794"}],"wp:term":[{"taxonomy":"product_brand","embeddable":true,"href":"https:\/\/liluilu.ee\/et\/wp-json\/wp\/v2\/product_brand?post=3794"},{"taxonomy":"product_cat","embeddable":true,"href":"https:\/\/liluilu.ee\/et\/wp-json\/wp\/v2\/product_cat?post=3794"},{"taxonomy":"product_tag","embeddable":true,"href":"https:\/\/liluilu.ee\/et\/wp-json\/wp\/v2\/product_tag?post=3794"}],"curies":[{"name":"t\u00f6\u00f6leht","href":"https:\/\/api.w.org\/{rel}","templated":true}]}}