{"id":3773,"date":"2021-11-04T21:54:59","date_gmt":"2021-11-04T18:54:59","guid":{"rendered":"https:\/\/liluilu.ee\/?post_type=product&#038;p=3773"},"modified":"2026-04-09T19:09:53","modified_gmt":"2026-04-09T16:09:53","slug":"medi-peel-hyaluron-rose-peptide-9-ampoule-eye-patch","status":"publish","type":"product","link":"https:\/\/liluilu.ee\/et\/medi-peel-hyaluron-rose-peptide-9-ampoule-eye-patch\/","title":{"rendered":"Medi Peel Hyaluron Rose Peptide 9 ampulliga silmaplaaster"},"content":{"rendered":"<ul>\n<li class=\"o9v6fnle cxmmr5t8 oygrvhab hcukyx3x c1et5uql\">Valem, mis on rikastatud kolme t\u00fc\u00fcpi rooside ja viit t\u00fc\u00fcpi marjade ekstraktidega, annab <strong>intensiivne toitumine;<\/strong><\/li>\n<li class=\"o9v6fnle cxmmr5t8 oygrvhab hcukyx3x c1et5uql\">Patenteeritud \u00fcheksa peptiidi kompleks - <strong>tugevdab ja annab elastsust;<\/strong><\/li>\n<li class=\"o9v6fnle cxmmr5t8 oygrvhab hcukyx3x c1et5uql\">7 t\u00fc\u00fcpi h\u00fcaluroonhapet, mis on v\u00f5imelised t\u00f5mbama vett ligi 100 korda rohkem kui enda kaal, <strong>t\u00e4itke nahk seestpoolt niiskusega<\/strong>.<\/li>\n<\/ul>\n<p>&nbsp;<\/p>\n<p>Plaastrid on valmistatud h\u00fcdrogeelist, kasutades uut tehnoloogiat, mis takistab essentsi kiiret kuivamist. Elastsed, \u00f5hukesed, kuid vastupidavad, istuvad tihedalt, v\u00f5imaldades toimeainetel \u00f5rna silmalaugude nahka niiskuse ja toitainetega toita.<\/p>\n<p>&nbsp;<\/p>\n<p>N\u00e4htav efekt on m\u00e4rgatav kohe p\u00e4rast pealekandmist:<\/p>\n<ul>\n<li>Silmalaugude nahk on suurep\u00e4raselt niisutatud;<\/li>\n<li>V\u00e4ikesed kortsud siluvad ja s\u00fcgavamad on visuaalselt v\u00e4hem m\u00e4rgatavad.<\/li>\n<\/ul>\n<p>&nbsp;<\/p>\n<p>Medi Peel Hyaluron Rose Peptide 9 Ampull Eye Patch on kumulatiivse toimega ja seda soovitatakse kasutada kuurina.<\/p>\n<p>&nbsp;<\/p>\n<div><\/div>\n<div>cm.\u00a0<a title=\"TARNETINGIMUSED\" href=\"https:\/\/liluilu.ee\/et\/kohaletoimetamine\/\" target=\"_blank\" rel=\"noopener\">TARNETINGIMUSED<\/a><\/div>\n<div><\/div>","protected":false},"excerpt":{"rendered":"<div class=\"kvgmc6g5 cxmmr5t8 oygrvhab hcukyx3x c1et5uql\">Silmaplaastrid, mis t\u00f5esti toidavad vananevat nahka, t\u00e4idavad selle niiskusega, siluvad peeneid kortse ega libise n\u00e4olt?<\/div>\n<div class=\"o9v6fnle cxmmr5t8 oygrvhab hcukyx3x c1et5uql\">Sellised plaastrid on olemas - Medi Peel Hyaluron Rose Peptide 9 Ampoule Eye Patch.<\/div>","protected":false},"featured_media":3774,"comment_status":"open","ping_status":"closed","template":"","meta":{"_eb_attr":"","jetpack_post_was_ever_published":false,"_joinchat":[]},"product_brand":[],"product_cat":[219,221],"product_tag":[269,239],"class_list":{"0":"post-3773","1":"product","2":"type-product","3":"status-publish","4":"has-post-thumbnail","6":"product_cat-medi-peel","7":"product_cat-patchi-dlya-glaz","8":"product_tag-gialuronovaya-kislota","9":"product_tag-peptidy","11":"first","12":"instock","13":"shipping-taxable","14":"purchasable","15":"product-type-simple"},"jetpack_sharing_enabled":true,"_links":{"self":[{"href":"https:\/\/liluilu.ee\/et\/wp-json\/wp\/v2\/product\/3773","targetHints":{"allow":["GET"]}}],"collection":[{"href":"https:\/\/liluilu.ee\/et\/wp-json\/wp\/v2\/product"}],"about":[{"href":"https:\/\/liluilu.ee\/et\/wp-json\/wp\/v2\/types\/product"}],"replies":[{"embeddable":true,"href":"https:\/\/liluilu.ee\/et\/wp-json\/wp\/v2\/comments?post=3773"}],"version-history":[{"count":17,"href":"https:\/\/liluilu.ee\/et\/wp-json\/wp\/v2\/product\/3773\/revisions"}],"predecessor-version":[{"id":3777,"href":"https:\/\/liluilu.ee\/et\/wp-json\/wp\/v2\/product\/3773\/revisions\/3777"}],"wp:featuredmedia":[{"embeddable":true,"href":"https:\/\/liluilu.ee\/et\/wp-json\/wp\/v2\/media\/3774"}],"wp:attachment":[{"href":"https:\/\/liluilu.ee\/et\/wp-json\/wp\/v2\/media?parent=3773"}],"wp:term":[{"taxonomy":"product_brand","embeddable":true,"href":"https:\/\/liluilu.ee\/et\/wp-json\/wp\/v2\/product_brand?post=3773"},{"taxonomy":"product_cat","embeddable":true,"href":"https:\/\/liluilu.ee\/et\/wp-json\/wp\/v2\/product_cat?post=3773"},{"taxonomy":"product_tag","embeddable":true,"href":"https:\/\/liluilu.ee\/et\/wp-json\/wp\/v2\/product_tag?post=3773"}],"curies":[{"name":"t\u00f6\u00f6leht","href":"https:\/\/api.w.org\/{rel}","templated":true}]}}