{"id":3747,"date":"2021-11-04T20:48:11","date_gmt":"2021-11-04T17:48:11","guid":{"rendered":"https:\/\/liluilu.ee\/?post_type=product&#038;p=3747"},"modified":"2025-11-08T13:00:56","modified_gmt":"2025-11-08T10:00:56","slug":"isntree-green-tea-fresh-toner","status":"publish","type":"product","link":"https:\/\/liluilu.ee\/et\/isntree-green-tea-fresh-toner\/","title":{"rendered":"V\u00e4rskendav toonik rohelise teega rasusele ja kombineeritud nahale Isntree Green Tea Fresh Toner 200ml."},"content":{"rendered":"<h2><i><span style=\"font-weight: 400;\">Isntree Green Tea Fresh Toner omadused ja koostis<\/span><\/i><\/h2>\n<p>&nbsp;<\/p>\n<p><span style=\"font-weight: 400;\">Selle valem p\u00f5hineb <\/span><b>80% rohelise tee ekstrakt<\/b><span style=\"font-weight: 400;\"> Jeju saarelt. Antioks\u00fcdantide, pol\u00fcfenoolide ja vitamiinide rikas roheline tee hooldab nahka \u00f5rnalt, kaitseb negatiivsete keskkonnam\u00f5jude eest ning leevendab p\u00f5letikku ja \u00e4rritust. Selles sisalduvatel katehhiinidel on kasulik m\u00f5ju kapillaaride seintele.<\/span><\/p>\n<p>&nbsp;<\/p>\n<p><span style=\"font-weight: 400;\">Patenteeritud kompleks <\/span><b>Anti Sebum P\u2122 <\/b><span style=\"font-weight: 400;\">koosneb taimeekstraktidest, kontrollib rasueritust ja v\u00e4hendab n\u00e4o rasust l\u00e4iget.\u00a0<\/span><\/p>\n<p>&nbsp;<\/p>\n<p><b>Mustika ekstrakt <\/b><span style=\"font-weight: 400;\">parandab pooride seisukorda, p\u00e4rsib bakterite kasvu ja niisutab intensiivselt. Annab nahale v\u00e4rskuse, sileduse ja terve s\u00e4ra. Lisaks on mustikatel antioks\u00fcdantne toime ja see m\u00f5jub soodsalt rosaatseaga nahale.<\/span><\/p>\n<p>&nbsp;<\/p>\n<p><b>\u00d5htune priimula ekstrakt <\/b><span style=\"font-weight: 400;\">ennetab p\u00f5letikku ja rahustab \u00e4rritusi. Annab nahale sametise tunde ja parandab jumet.<\/span><\/p>\n<p>&nbsp;<\/p>\n<p><b>Centella ekstrakt <\/b><span style=\"font-weight: 400;\">on haavu parandavate omadustega, v\u00e4hendab reaktiivsust ja aitab taastada naha barj\u00e4\u00e4rifunktsioone.\u00a0<\/span><\/p>\n<p>&nbsp;<\/p>\n<p><span style=\"font-weight: 400;\">Kompleksne <\/span><b>MoistMax\u2122<\/b><span style=\"font-weight: 400;\">, mis sisaldab h\u00fcaluroonhapet, et t\u00e4ita niiskusepuudust, muutes naha siledaks, v\u00e4rskeks ja elastseks.<\/span><\/p>\n<p>&nbsp;<\/p>\n<p><span style=\"font-weight: 400;\">Isntree Green Tea Fresh Toneril on peen rohelise tee aroom ja v\u00e4ga kerge tekstuur. Toonik imendub koheselt ja on suurep\u00e4rane alus edasiseks hoolduseks. Suurep\u00e4rane protseduuri jaoks <\/span><span style=\"font-weight: 400;\">7 nahka<\/span><span style=\"font-weight: 400;\"> \u2014 tooneri j\u00e4rjestikune pealekandmine mitmes kihis.\u00a0<\/span><\/p>\n<p>&nbsp;<\/p>\n<p><span style=\"font-weight: 400;\">Toonik koosneb nahale ohututest koostisosadest (Green Grade EWG).<\/span><\/p>\n<p><span style=\"font-weight: 400;\">Toode <\/span><b>ei sisalda<\/b><span style=\"font-weight: 400;\"> kunstlikud v\u00e4rv- ja maitseained, alkohol, mineraal\u00f5lid, silikoon, parabeenid ja l\u00f5hnaained. Br\u00e4ndi tooteid ei testita loomade peal.\u00a0<\/span><\/p>\n<p>&nbsp;<\/p>\n<p><b>Soovitame Isntree Green Tea Fresh toonikut:<\/b><\/p>\n<ul>\n<li style=\"font-weight: 400;\" aria-level=\"1\"><span style=\"font-weight: 400;\">Rasusele v\u00f5i kombineeritud nahale;<\/span><\/li>\n<li style=\"font-weight: 400;\" aria-level=\"1\"><span style=\"font-weight: 400;\">P\u00f5letikule ja aknele kalduva probleemse naha hoolduseks;<\/span><\/li>\n<li style=\"font-weight: 400;\" aria-level=\"1\"><span style=\"font-weight: 400;\">Kui olete mures rasuse n\u00e4o p\u00e4rast;<\/span><\/li>\n<li style=\"font-weight: 400;\" aria-level=\"1\"><span style=\"font-weight: 400;\">Kui teie nahk on tundlik ja kalduvus \u00e4rritusele;<\/span><\/li>\n<li style=\"font-weight: 400;\" aria-level=\"1\"><span style=\"font-weight: 400;\">Kui sulle meeldivad kerged ja v\u00e4rskendavad toidud.<\/span><\/li>\n<\/ul>\n<p>&nbsp;<\/p>\n<p><span style=\"font-weight: 400;\">Kui teile meeldib Isntree Green Tea Fresh Toner, soovitame lisada oma rutiini teisi selle spetsialiseeritud sarja tooteid:<\/span><\/p>\n<p>&nbsp;<\/p>\n<ul>\n<li style=\"font-weight: 400;\" aria-level=\"1\"><span style=\"color: #0000ff;\"><a style=\"color: #0000ff;\" href=\"https:\/\/liluilu.ee\/et\/isntree-green-tea-fresh-cleanser\/\" target=\"_blank\" rel=\"noopener\"><span style=\"font-weight: 400;\">Puhastusgeel rohelise teega<\/span><\/a><\/span><\/li>\n<li style=\"font-weight: 400;\" aria-level=\"1\"><span style=\"color: #0000ff;\"><a style=\"color: #0000ff;\" href=\"https:\/\/liluilu.ee\/et\/isntree-green-tea-fresh-emulsion\/\" target=\"_blank\" rel=\"noopener\"><span style=\"font-weight: 400;\">Kerge kreemjas emulsioon rohelise teega<\/span><\/a><\/span><\/li>\n<\/ul>\n<p>&nbsp;<\/p>\n<p><span style=\"font-weight: 400;\">Nahale kandmise j\u00e4rjekord: Puhastusgeel - Toonik - Kreem-emulsioon.<\/span><\/p>\n<p><span style=\"font-weight: 400;\">\u00a0<\/span><\/p>\n<p>&nbsp;<\/p>\n<p><b>Kuidas kasutada:<\/b><\/p>\n<p><span style=\"font-weight: 400;\">Kandke vajalik kogus toonikut eelnevalt puhastatud n\u00e4o- ja kaelanahale vatipadjakeste v\u00f5i peopesade abil. Jaotage ja tehke \u00f5rnaid patsutavaid liigutusi, et toode t\u00e4ielikult imenduks. Vajadusel korrake protseduuri mitu korda.<\/span><\/p>\n<p>&nbsp;<\/p>\n<p><b>Netokogus:<\/b><span style=\"font-weight: 400;\"> 200 ml<\/span><\/p>\n<p><span style=\"font-weight: 400;\"><a href=\"https:\/\/liluilu.ee\/et\/kohaletoimetamine\/\" target=\"_blank\" rel=\"nofollow noopener\">TARNETINGIMUSED<\/a>.<\/span><\/p>","protected":false},"excerpt":{"rendered":"<p><span style=\"font-weight: 400;\">Ideaalne lahendus rasusele, probleemsele v\u00f5i kombineeritud nahale on Isntree Green Tea Fresh Toner.\u00a0<\/span><\/p>\n<p>&nbsp;<\/p>\n<p><span style=\"font-weight: 400;\">Kerge ja v\u00e4rskendav alkoholivaba toonik, mis p\u00f5hineb rohelise tee ekstraktil 80%, on tervendava toimega ja m\u00f5jub nahale igak\u00fclgselt:<\/span><\/p>\n<p>&nbsp;<\/p>\n<ul>\n<li style=\"font-weight: 400;\" aria-level=\"1\"><span style=\"font-weight: 400;\">T\u00e4iuslikult niisutab ja toniseerib;<\/span><\/li>\n<li style=\"font-weight: 400;\" aria-level=\"1\"><span style=\"font-weight: 400;\">Reguleerib rasu tootmist ja v\u00e4hendab n\u00e4o rasust l\u00e4iget;<\/span><\/li>\n<li style=\"font-weight: 400;\" aria-level=\"1\"><span style=\"font-weight: 400;\">Rahustab \u00e4rritunud nahka;\u00a0<\/span><\/li>\n<li style=\"font-weight: 400;\" aria-level=\"1\"><span style=\"font-weight: 400;\">Leevendab p\u00f5letikku ja takistab uute tekkimist;<\/span><\/li>\n<li style=\"font-weight: 400;\" aria-level=\"1\"><span style=\"font-weight: 400;\">Takistab rosaatsea ja rosaatsea arengut;\u00a0<\/span><\/li>\n<li style=\"font-weight: 400;\" aria-level=\"1\"><span style=\"font-weight: 400;\">Suurendab naha antioks\u00fcdantset kaitset ja tugevdab selle immuunsust.<\/span><\/li>\n<\/ul>\n<p>&nbsp;<\/p>","protected":false},"featured_media":9706,"comment_status":"open","ping_status":"closed","template":"","meta":{"_eb_attr":"","jetpack_post_was_ever_published":false,"_joinchat":[]},"product_brand":[],"product_cat":[66,217],"product_tag":[245,592,477,415,579,283,417,451],"class_list":{"0":"post-3747","1":"product","2":"type-product","3":"status-publish","4":"has-post-thumbnail","6":"product_cat-isntree","7":"product_cat-tonery","8":"product_tag-no-sebum","9":"product_tag-isntree-green-tea","10":"product_tag-vysypaniya-i-akne","11":"product_tag-zhirnaya-kozha","12":"product_tag-zhirnyj-blesk-lica","13":"product_tag-zelenyj-chaj","14":"product_tag-kombinirovannaya-kozha","15":"product_tag-problemnaya-kozha","17":"first","18":"outofstock","19":"shipping-taxable","20":"purchasable","21":"product-type-simple"},"jetpack_sharing_enabled":true,"_links":{"self":[{"href":"https:\/\/liluilu.ee\/et\/wp-json\/wp\/v2\/product\/3747","targetHints":{"allow":["GET"]}}],"collection":[{"href":"https:\/\/liluilu.ee\/et\/wp-json\/wp\/v2\/product"}],"about":[{"href":"https:\/\/liluilu.ee\/et\/wp-json\/wp\/v2\/types\/product"}],"replies":[{"embeddable":true,"href":"https:\/\/liluilu.ee\/et\/wp-json\/wp\/v2\/comments?post=3747"}],"version-history":[{"count":7,"href":"https:\/\/liluilu.ee\/et\/wp-json\/wp\/v2\/product\/3747\/revisions"}],"predecessor-version":[{"id":9710,"href":"https:\/\/liluilu.ee\/et\/wp-json\/wp\/v2\/product\/3747\/revisions\/9710"}],"wp:featuredmedia":[{"embeddable":true,"href":"https:\/\/liluilu.ee\/et\/wp-json\/wp\/v2\/media\/9706"}],"wp:attachment":[{"href":"https:\/\/liluilu.ee\/et\/wp-json\/wp\/v2\/media?parent=3747"}],"wp:term":[{"taxonomy":"product_brand","embeddable":true,"href":"https:\/\/liluilu.ee\/et\/wp-json\/wp\/v2\/product_brand?post=3747"},{"taxonomy":"product_cat","embeddable":true,"href":"https:\/\/liluilu.ee\/et\/wp-json\/wp\/v2\/product_cat?post=3747"},{"taxonomy":"product_tag","embeddable":true,"href":"https:\/\/liluilu.ee\/et\/wp-json\/wp\/v2\/product_tag?post=3747"}],"curies":[{"name":"t\u00f6\u00f6leht","href":"https:\/\/api.w.org\/{rel}","templated":true}]}}