{"id":3635,"date":"2021-11-03T21:49:30","date_gmt":"2021-11-03T18:49:30","guid":{"rendered":"https:\/\/liluilu.ee\/?post_type=product&#038;p=3635"},"modified":"2026-04-13T11:04:05","modified_gmt":"2026-04-13T08:04:05","slug":"medi-peel-hyaluron-aqua-peptide-9-ampoule-eye-patch","status":"publish","type":"product","link":"https:\/\/liluilu.ee\/et\/medi-peel-hyaluron-aqua-peptide-9-ampoule-eye-patch\/","title":{"rendered":"Medi Peel Hyaluron Aqua Peptide 9 ampulliga silmaplaaster"},"content":{"rendered":"<ul>\n<li>V\u00f5imas patenteeritud 9 t\u00fc\u00fcpi peptiidide kompleks tugevdab naha barj\u00e4\u00e4ri ja s\u00e4ilitab niiskust pikka aega;<\/li>\n<li>7 t\u00fc\u00fcpi h\u00fcaluroonhapet, mis on v\u00f5imelised enda kaalust 100 korda rohkem vett ligi t\u00f5mbama, niisutavad nahka seestpoolt;<\/li>\n<li>Merevetikate, kollageeni ja beeta-gl\u00fckaani kokteil annab tugevuse ja elastsuse.<\/li>\n<\/ul>\n<p>&nbsp;<\/p>\n<p>Medi Peel Hyaluron Aqua Peptide 9 Ampoule Eye Patch on valmistatud h\u00fcdrogeelist, kasutades tehnoloogiat, mis takistab essentsi kuivamist.<\/p>\n<p>&nbsp;<\/p>\n<p>Elastsed, \u00f5hukesed, kuid vastupidavad, istuvad tihedalt, v\u00f5imaldades toimeainetel \u00f5rna silmalaugude nahka niiskuse ja toitainetega toita.<\/p>\n<p>&nbsp;<\/p>\n<p>N\u00e4htav efekt on m\u00e4rgatav kohe p\u00e4rast pealekandmist:<\/p>\n<ul>\n<li>Silmalaugude nahk on suurep\u00e4raselt niisutatud;<\/li>\n<li>V\u00e4ikesed kortsud siluvad ja s\u00fcgavamad on visuaalselt v\u00e4hem m\u00e4rgatavad;<\/li>\n<li>Nahk on tihedam ja elastsem.<\/li>\n<\/ul>\n<p>&nbsp;<\/p>\n<p>Lisaks on plaastritel kumulatiivne toime ja neid soovitatakse kasutada kuuri k\u00e4igus.<\/p>\n<p>&nbsp;<\/p>\n<p><strong>Kuidas kasutada<\/strong>: Eemaldage spaatliga plaastrid konteinerist ja kandke need ettevaatlikult alumise silmalau piirkonnale. 20-30 minuti p\u00e4rast eemaldage ja tehke s\u00f5rmedega \u00f5rnaid patsutusliigutusi, et essents saaks t\u00e4ielikult imenduda. Plaastrid asetatakse eelnevalt puhastatud ja toonikuga t\u00f6\u00f6deldud nahale.<\/p>\n<p>&nbsp;<\/p>\n<p>Vaata\u00a0<a title=\"TARNETINGIMUSED\" href=\"https:\/\/liluilu.ee\/et\/kohaletoimetamine\/\" target=\"_blank\" rel=\"noopener\">TARNETINGIMUSED<\/a>.<\/p>\n<p>&nbsp;<\/p>\n<p>&nbsp;<\/p>","protected":false},"excerpt":{"rendered":"<div class=\"kvgmc6g5 cxmmr5t8 oygrvhab hcukyx3x c1et5uql\">H\u00e4mmastava koostisega plaastrid, mis on m\u00f5eldud mitte ainult t\u00f5husaks niisutamiseks ja peente kortsude silumiseks, vaid ka silmalaugude \u00f5rna naha tugevdamiseks?<\/div>\n<div class=\"o9v6fnle cxmmr5t8 oygrvhab hcukyx3x c1et5uql\">Kindlasti r\u00e4\u00e4gime Medi Peel Hyaluron Aqua Peptide 9 Ampoule Eye Patch - plaastritest, mis tagavad naha s\u00fcgava niisutuse ja elastsuse.<\/div>","protected":false},"featured_media":3636,"comment_status":"open","ping_status":"closed","template":"","meta":{"_eb_attr":"","jetpack_post_was_ever_published":false,"_joinchat":[]},"product_brand":[],"product_cat":[219,221],"product_tag":[259,269,263,239],"class_list":{"0":"post-3635","1":"product","2":"type-product","3":"status-publish","4":"has-post-thumbnail","6":"product_cat-medi-peel","7":"product_cat-patchi-dlya-glaz","8":"product_tag-beta-gljukan","9":"product_tag-gialuronovaya-kislota","10":"product_tag-gidrolizovannyj-kollagen","11":"product_tag-peptidy","13":"first","14":"instock","15":"shipping-taxable","16":"purchasable","17":"product-type-simple"},"jetpack_sharing_enabled":true,"_links":{"self":[{"href":"https:\/\/liluilu.ee\/et\/wp-json\/wp\/v2\/product\/3635","targetHints":{"allow":["GET"]}}],"collection":[{"href":"https:\/\/liluilu.ee\/et\/wp-json\/wp\/v2\/product"}],"about":[{"href":"https:\/\/liluilu.ee\/et\/wp-json\/wp\/v2\/types\/product"}],"replies":[{"embeddable":true,"href":"https:\/\/liluilu.ee\/et\/wp-json\/wp\/v2\/comments?post=3635"}],"version-history":[{"count":7,"href":"https:\/\/liluilu.ee\/et\/wp-json\/wp\/v2\/product\/3635\/revisions"}],"predecessor-version":[{"id":3806,"href":"https:\/\/liluilu.ee\/et\/wp-json\/wp\/v2\/product\/3635\/revisions\/3806"}],"wp:featuredmedia":[{"embeddable":true,"href":"https:\/\/liluilu.ee\/et\/wp-json\/wp\/v2\/media\/3636"}],"wp:attachment":[{"href":"https:\/\/liluilu.ee\/et\/wp-json\/wp\/v2\/media?parent=3635"}],"wp:term":[{"taxonomy":"product_brand","embeddable":true,"href":"https:\/\/liluilu.ee\/et\/wp-json\/wp\/v2\/product_brand?post=3635"},{"taxonomy":"product_cat","embeddable":true,"href":"https:\/\/liluilu.ee\/et\/wp-json\/wp\/v2\/product_cat?post=3635"},{"taxonomy":"product_tag","embeddable":true,"href":"https:\/\/liluilu.ee\/et\/wp-json\/wp\/v2\/product_tag?post=3635"}],"curies":[{"name":"t\u00f6\u00f6leht","href":"https:\/\/api.w.org\/{rel}","templated":true}]}}