{"id":18515,"date":"2026-05-13T15:04:49","date_gmt":"2026-05-13T12:04:49","guid":{"rendered":"https:\/\/liluilu.ee\/?post_type=product&#038;p=18515"},"modified":"2026-05-14T21:40:15","modified_gmt":"2026-05-14T18:40:15","slug":"centellian24-360o-shot-pdrn-lifting-eye-cream","status":"publish","type":"product","link":"https:\/\/liluilu.ee\/et\/centellian24-360o-shot-pdrn-lifting-eye-cream\/","title":{"rendered":"Pinguldav, siluv ja tugevdav silma\u00fcmbruskreem PDRN-i ja retinoliga \u2014 Centellian24 360\u00ba Shot PDRN Lifting Eye Cream (30 ml)"},"content":{"rendered":"<p><span style=\"font-weight: 400;\">Kui silma\u00fcmbrusnahk kaotab oma endise tiheduse ja mahu ning pilk n\u00e4ib \u00fcha sagedamini v\u00e4sinuna \u2014 on <\/span><b>Centellian24 360\u00ba Shot PDRN Lifting Eye Cream<\/b><span style=\"font-weight: 400;\"> loodud just nende murede lahendamiseks.<\/span><\/p>\n<p>&nbsp;<\/p>\n<p><span style=\"font-weight: 400;\">Toode toimib \"ringja pinguldamise\" p\u00f5him\u00f5ttel, taastades, siludes ja tugevdades kogu silma\u00fcmbrust 360 kraadi ulatuses. Kreem pinguldab \u00fclemist laugu ja aitab v\u00f5idelda selle vajumisega, tihendab \u00f5henenud nahka silmade all ning muudab selle visuaalselt t\u00e4idlasemaks. V\u00e4hendab kortsude n\u00e4htavust, leevendab kerget paistetust ja muudab pilgu avatumaks.<\/span><\/p>\n<p>&nbsp;<\/p>\n<p><b>Omadused ja toime:<\/b><\/p>\n<ul>\n<li style=\"font-weight: 400;\" aria-level=\"1\"><b>3D-noorendamine retinoliga: <\/b><span style=\"font-weight: 400;\">kaasaegne retinoidide kompleks liposoomsel kujul toimib naha eri s\u00fcgavustel, siludes sihip\u00e4raselt nii s\u00fcgavaid vagusid kui ka peenikest kortsudev\u00f5rgustikku.<\/span><\/li>\n<li style=\"font-weight: 400;\" aria-level=\"1\"><b>Intensiivne 360\u00b0 lifting: <\/b><span style=\"font-weight: 400;\">toode aitab tugevdada lau struktuuri, v\u00e4hendada naha l\u00f5tvumist ja muuta pilgu avatumaks.<\/span><\/li>\n<li style=\"font-weight: 400;\" aria-level=\"1\"><b>Tiheduse taastamine ja mahu parandamine: <\/b><span style=\"font-weight: 400;\">kreem taastab \u00f5henenud naha elastsuse ja tiheduse, v\u00e4hendades visuaalselt \"t\u00fchimikke\" silmade all.<\/span><\/li>\n<li style=\"font-weight: 400;\" aria-level=\"1\"><b>V\u00f5itlus paistetusega:<\/b><span style=\"font-weight: 400;\">aitab vabaneda hommikusest tursest silma\u00fcmbruses ja taastab v\u00e4rske, puhanud ilme.<\/span><\/li>\n<li style=\"font-weight: 400;\" aria-level=\"1\"><b>Ohutus:<\/b><span style=\"font-weight: 400;\"> dermatoloogiliste testide tulemusel on toode tunnistatud ohutuks ka tundlikule silma\u00fcmbrusnahale.<\/span><\/li>\n<\/ul>\n<p>&nbsp;<\/p>\n<p><b>Organoleptilised omadused:<\/b><\/p>\n<p><b>Tekstuur: <\/b><span style=\"font-weight: 400;\">veniv ja niitjas, pehme fikseeriva toimega. Pealekandmisel kinnitub kreem nahale ning imendudes tekitab kerge pinguldatud tunde.\u00a0<\/span><\/p>\n<p><b>Aroom:<\/b><span style=\"font-weight: 400;\"> soe, puudriselt lilleline, \u00f5rnalt parf\u00fc\u00fcmne.<\/span><\/p>\n<p>&nbsp;<\/p>\n<p><span style=\"font-weight: 400;\">Sobib k\u00f5ikidele nahat\u00fc\u00fcpidele, eriti k\u00fcpsele ja \u00f5henenud silma\u00fcmbrusnahale.<\/span><\/p>\n<p>&nbsp;<\/p>\n<p>&nbsp;<\/p>\n<h2><i>Centellian24 360\u00ba Shot PDRN Lifting Eye Cream peamised toimeained:<\/i><\/h2>\n<p><b>PDRN Complex<\/b><span style=\"font-weight: 400;\"> \u2014 toimib rakkudele \"enesetaastamise juhisena\", stimuleerides regeneratsiooni ja kollageeni s\u00fcnteesi. Selle tulemusena v\u00e4heneb kortsude n\u00e4htavus ning nahk muutub m\u00e4rgatavalt tihedamaks ja pringimaks.<\/span><\/p>\n<p><span style=\"font-weight: 400;\">Koostises on kombineeritud Salmon PDRN (l\u00f5he DNA-st) ja Cica PDRN (taimne, tsetella baasil).<\/span><\/p>\n<p>&nbsp;<\/p>\n<p><b>3D Retinol Complex<\/b><span style=\"font-weight: 400;\"> \u2014 nelja A-vitamiini vormi kombinatsioon (retinool, retinaal, HPR ja retin\u00fc\u00fclpalmitaat). T\u00e4nu erinevale vabanemiskiirusele toimib kompleks samaaegselt naha eri kihtides: uuendab pinda, tihendab kudesid ja parandab naha tekstuuri. Silub peeneid kortsukesi ja pehmendab s\u00fcgavaid vagusid. Liposoomne vorm tagab n\u00e4htava tulemuse, minimeerides \u00e4rrituse ja kestenduse riski.<\/span><\/p>\n<p>&nbsp;<\/p>\n<p><b>TECA kompleks (Centella Asiatica titreeritud ekstrakt) <\/b><span style=\"font-weight: 400;\">\u2014 br\u00e4ndi \"kuldstandard\", mis on naha taastamisel ja prinkuse hoidmisel oluliselt tugevam kui tavalised tsetella ekstraktid.<\/span><\/p>\n<p><span style=\"font-weight: 400;\">TECA kiirendab uuenemist, aitab leevendada turseid ja rahustab koheselt tundlikku silma\u00fcmbruspiirkonda.<\/span><\/p>\n<p>&nbsp;<\/p>\n<p><b>5 keramiidist koosnev kompleks (NP, AS, AP, NS, EOP)<\/b><span style=\"font-weight: 400;\"> \u2014 taastab lipiidbarj\u00e4\u00e4ri ja lukustab niiskuse naha sisse. Just keramiidid eemaldavad pinguloleku tunde, muudavad naha visuaalselt \"t\u00e4idlasemaks\" ja kaitsevad \u00f5rna silma\u00fcmbruspiirkonda v\u00e4liskeskkonna agressiivsete m\u00f5jude eest.<\/span><\/p>\n<p>&nbsp;<\/p>\n<p><b>Niatsiinamiid + Glutatioon + C-vitamiin<\/b><span style=\"font-weight: 400;\"> \u2014 v\u00f5imas antioks\u00fcdantide liit, mis kirgastab \u00f5rnalt tumedaid silmaaluseid, kaitseb nahka enneaegse vananemise eest ning taastab v\u00e4rske ja puhanud pilgu.<\/span><\/p>\n<p>&nbsp;<\/p>\n<p><b>Hydrolyzed Extensin (taimne kollageen)<\/b><span style=\"font-weight: 400;\"> \u2014 komponent, mis vastutab kreemi unikaalse \"niitja\" tekstuuri eest. See loob nahale toetava v\u00f5rgustiku, mis tagab kohese visuaalse lifting-efekti.<\/span><\/p>\n<p>&nbsp;<\/p>\n<p>&nbsp;<\/p>\n<p><b>Centellian24 360\u00ba Shot PDRN Lifting Eye Cream kasutamine:<\/b><\/p>\n<p><span style=\"font-weight: 400;\">Kandke v\u00e4ike kogus kreemi eelnevalt puhastatud silma\u00fcmbrusnahale. Jaotage vahend \u00f5rnade patsutavate liigutustega silma\u00fcmbruspiirkonnale.<\/span><\/p>\n<p><span style=\"font-weight: 400;\">Kasutada hommikuti ja\/v\u00f5i \u00f5htuti.<\/span><\/p>\n<p>&nbsp;<\/p>\n<p>&nbsp;<\/p>\n<p><b>Netokogus:<\/b><span style=\"font-weight: 400;\"> 30 ml<\/span><\/p>\n<p>&nbsp;<\/p>\n<p>&nbsp;<\/p>\n<p><span style=\"font-weight: 400;\">Kui teil on lisak\u00fcsimusi v\u00f5i vajate toote valimisel n\u00f5u, kirjutage meile. Vestlus asub ekraani paremas alanurgas.<\/span><\/p>\n<p>&nbsp;<\/p>\n<p>&nbsp;<\/p>\n<p><a title=\"TARNETINGIMUSED\" href=\"https:\/\/liluilu.ee\/et\/kohaletoimetamine\/\" target=\"_blank\" rel=\"noopener\">TARNETINGIMUSED<\/a><\/p>","protected":false},"excerpt":{"rendered":"<p>\u0415\u0441\u043b\u0438 \u043a\u043e\u0436\u0430 \u0432\u043e\u043a\u0440\u0443\u0433 \u0433\u043b\u0430\u0437 \u0442\u0435\u0440\u044f\u0435\u0442 \u0431\u044b\u043b\u0443\u044e \u043f\u043b\u043e\u0442\u043d\u043e\u0441\u0442\u044c \u0438 \u043e\u0431\u044a\u0435\u043c, \u0430 \u0432\u0437\u0433\u043b\u044f\u0434 \u0432\u0441\u0435 \u0447\u0430\u0449\u0435 \u0432\u044b\u0433\u043b\u044f\u0434\u0438\u0442 \u0443\u0441\u0442\u0430\u0432\u0448\u0438\u043c \u2014 \u0442\u043e \u043b\u0438\u0444\u0442\u0438\u043d\u0433-\u043a\u0440\u0435\u043c \u0434\u043b\u044f \u0432\u0435\u043a Centellian24 360\u00ba Shot PDRN Lifting Eye Cream \u0441\u043e\u0437\u0434\u0430\u043d \u0438\u043c\u0435\u043d\u043d\u043e \u0434\u043b\u044f \u0440\u0435\u0448\u0435\u043d\u0438\u044f \u0442\u0430\u043a\u0438\u0445 \u0437\u0430\u0434\u0430\u0447. &nbsp; \u0421\u0440\u0435\u0434\u0441\u0442\u0432\u043e \u0440\u0430\u0431\u043e\u0442\u0430\u0435\u0442 \u043f\u043e \u043f\u0440\u0438\u043d\u0446\u0438\u043f\u0443 \u00ab\u043a\u0440\u0443\u0433\u043e\u0432\u043e\u0439 \u043f\u043e\u0434\u0442\u044f\u0436\u043a\u0438\u00bb, \u0432\u043e\u0441\u0441\u0442\u0430\u043d\u0430\u0432\u043b\u0438\u0432\u0430\u044f, \u0440\u0430\u0437\u0433\u043b\u0430\u0436\u0438\u0432\u0430\u044f \u0438 \u0443\u043a\u0440\u0435\u043f\u043b\u044f\u044f \u0432\u0441\u044e \u0437\u043e\u043d\u0443 \u0432\u043e\u043a\u0440\u0443\u0433 \u0433\u043b\u0430\u0437 \u043d\u0430 360 \u0433\u0440\u0430\u0434\u0443\u0441\u043e\u0432. \u041a\u0440\u0435\u043c \u043f\u043e\u0434\u0442\u044f\u0433\u0438\u0432\u0430\u0435\u0442 \u0432\u0435\u0440\u0445\u043d\u0435\u0435 \u0432\u0435\u043a\u043e [&hellip;]<\/p>","protected":false},"featured_media":18517,"comment_status":"open","ping_status":"closed","template":"","meta":{"_eb_attr":"","jetpack_post_was_ever_published":true,"_joinchat":[]},"product_brand":[863],"product_cat":[862,305],"product_tag":[871,766,866,445,637,884,860,465,574,644,824,487,792,732],"class_list":{"0":"post-18515","1":"product","2":"type-product","3":"status-publish","4":"has-post-thumbnail","6":"product_brand-centellian24","7":"product_cat-centellian24","8":"product_cat-kremy-dlya-oblasti-vokrug-glaz","9":"product_tag-centellian24-pdrn-line","10":"product_tag-pdrn","11":"product_tag-teca","12":"product_tag-antivozrastnoj-uhod","13":"product_tag-antivozrastnye-kremy-dlya-glaz","14":"product_tag-vosstanovlenie-obema","15":"product_tag-dlya-glaz","16":"product_tag-lifting","17":"product_tag-navisshee-veko","18":"product_tag-novinki","19":"product_tag-omolozhenie","20":"product_tag-protiv-morshhin","21":"product_tag-razglazhivanie-kozhi","22":"product_tag-retinol","24":"first","25":"instock","26":"shipping-taxable","27":"purchasable","28":"product-type-simple"},"jetpack_sharing_enabled":true,"_links":{"self":[{"href":"https:\/\/liluilu.ee\/et\/wp-json\/wp\/v2\/product\/18515","targetHints":{"allow":["GET"]}}],"collection":[{"href":"https:\/\/liluilu.ee\/et\/wp-json\/wp\/v2\/product"}],"about":[{"href":"https:\/\/liluilu.ee\/et\/wp-json\/wp\/v2\/types\/product"}],"replies":[{"embeddable":true,"href":"https:\/\/liluilu.ee\/et\/wp-json\/wp\/v2\/comments?post=18515"}],"version-history":[{"count":5,"href":"https:\/\/liluilu.ee\/et\/wp-json\/wp\/v2\/product\/18515\/revisions"}],"predecessor-version":[{"id":18539,"href":"https:\/\/liluilu.ee\/et\/wp-json\/wp\/v2\/product\/18515\/revisions\/18539"}],"wp:featuredmedia":[{"embeddable":true,"href":"https:\/\/liluilu.ee\/et\/wp-json\/wp\/v2\/media\/18517"}],"wp:attachment":[{"href":"https:\/\/liluilu.ee\/et\/wp-json\/wp\/v2\/media?parent=18515"}],"wp:term":[{"taxonomy":"product_brand","embeddable":true,"href":"https:\/\/liluilu.ee\/et\/wp-json\/wp\/v2\/product_brand?post=18515"},{"taxonomy":"product_cat","embeddable":true,"href":"https:\/\/liluilu.ee\/et\/wp-json\/wp\/v2\/product_cat?post=18515"},{"taxonomy":"product_tag","embeddable":true,"href":"https:\/\/liluilu.ee\/et\/wp-json\/wp\/v2\/product_tag?post=18515"}],"curies":[{"name":"t\u00f6\u00f6leht","href":"https:\/\/api.w.org\/{rel}","templated":true}]}}