{"id":18462,"date":"2026-05-11T13:24:06","date_gmt":"2026-05-11T10:24:06","guid":{"rendered":"https:\/\/liluilu.ee\/?post_type=product&#038;p=18462"},"modified":"2026-05-12T15:10:55","modified_gmt":"2026-05-12T12:10:55","slug":"centellian24-madeca-lab-hyal-waterfull-glow-gel-mask","status":"publish","type":"product","link":"https:\/\/liluilu.ee\/et\/centellian24-madeca-lab-hyal-waterfull-glow-gel-mask\/","title":{"rendered":"\u00dcliniisutav ja jahutav h\u00fcdrogeelmask naha s\u00e4ra heaks \u2014 Centellian24 Madeca Lab Hyal Waterfull Glow Gel Mask (5 tk)"},"content":{"rendered":"<p><span style=\"font-weight: 400;\">Kingi oma nahale s\u00fcgavuti niisutust, \u201eglass skin\u201c s\u00e4ra ja meeldivat v\u00e4rskust <\/span><b>Centellian24 Madeca Lab Hyal Waterfull Glow Gel Mask<\/b><span style=\"font-weight: 400;\">.<\/span><\/p>\n<p>&nbsp;<\/p>\n<p><span style=\"font-weight: 400;\">10 t\u00fc\u00fcpi h\u00fcaluroonhappe, TECA, niatsiinamiidi ja keramiidide s\u00fcnergia tagab naha s\u00fcgava niisutamise, toetab kaitsebarj\u00e4\u00e4ri ning taastab naha t\u00e4idlase ja v\u00e4rske v\u00e4limuse.<\/span><\/p>\n<p>&nbsp;<\/p>\n<p><b>Omadused ja toime:<\/b><\/p>\n<ul>\n<li><b>Ekstreemne niisutus:<\/b><span style=\"font-weight: 400;\"> Kliiniliselt on t\u00f5estatud, et mask niisutab nahka 2,67 korda t\u00f5husamalt kui 2 liitri vee joomine p\u00e4evas.<\/span><\/li>\n<li><b>Kohene jahutav efekt: <\/b><span style=\"font-weight: 400;\">Alandab naha temperatuuri 7,4\u00b0C v\u00f5rra, rahustades koheselt punetust ning leevendades p\u00e4ikesest v\u00f5i kosmeetilistest protseduuridest tingitud soojusstressi.<\/span><\/li>\n<li><b>Tekstuuri parandamine: <\/b><span style=\"font-weight: 400;\">Kiire niisutamine ahendab visuaalselt poore ja silub naha mikroreljeefi, taastades naha v\u00e4rskuse ja elastsuse.<\/span><\/li>\n<li><b>\u201eGlass skin\u201c efekt: <\/b><span style=\"font-weight: 400;\">Annab n\u00e4ole peegelsileda tekstuuri ja tervisliku s\u00e4ra, mis p\u00fcsib terve p\u00e4eva.<\/span><\/li>\n<li><b>T\u00e4iuslik kinnitumine:<\/b><span style=\"font-weight: 400;\"> \u00dcli\u00f5huke h\u00fcdrogeel kinnitub kindlalt n\u00e4ole, ei libise ning tagab toimeainete maksimaalse imendumise nahka.<\/span><\/li>\n<\/ul>\n<p>&nbsp;<\/p>\n<p><span style=\"font-weight: 400;\">Sobib igale nahat\u00fc\u00fcbile, sealhulgas tundlikule nahale.<\/span><\/p>\n<p>&nbsp;<\/p>\n<p>&nbsp;<\/p>\n<h2><i>Centellian24 Madeca Lab Hyal Waterfull Glow Gel Mask peamised toimeained:<\/i><\/h2>\n<p><b>10 t\u00fc\u00fcpi h\u00fcaluroonhapet<\/b> <span style=\"font-weight: 400;\">\u2014 erineva molekulmassiga kompleks, mis tagab mitmetasandilise niisutuse: alates niiskust hoidva kihi loomisest naha pinnal kuni epidermise s\u00fcvakihtide k\u00fcllastamiseni.<\/span><\/p>\n<p>&nbsp;<\/p>\n<p><b>TECA kompleks (tiitritud Centella Asiatica ekstrakt)<\/b> <b>\u2014 <\/b><span style=\"font-weight: 400;\">stimuleerib kollageeni s\u00fcnteesi, kiirendab regeneratsiooni ja rahustab koheselt \u00e4rritunud nahka.\u00a0<\/span><\/p>\n<p><span style=\"font-weight: 400;\">TECA saamiseks eraldatakse 100 kg toorainest vaid 2% puhast kontsentraati. Selline k\u00f5rge puhastusaste muudab kompleksi tavalistest ekstraktidest kordades v\u00f5imsamaks naha taastamisel ja selle elastsuse s\u00e4ilitamisel.<\/span><\/p>\n<p>&nbsp;<\/p>\n<p><b>Niatsiinamiid <\/b><b>\u00a0<\/b><span style=\"font-weight: 400;\">\u2014 ahendab poore, aitab tugevdada kaitsebarj\u00e4\u00e4ri, v\u00f5itleb naha tuhmusega ja \u00fchtlustab jumet, andes n\u00e4ole soovitava \u201eglass skin\u201c s\u00e4ra.<\/span><\/p>\n<p>&nbsp;<\/p>\n<p>&nbsp;<\/p>\n<h2><i>Centellian24 Madeca Lab Hyal Waterfull Glow Gel Mask t\u00e4iendavad toimeained:<\/i><\/h2>\n<p><b>Keramiidid<\/b><span style=\"font-weight: 400;\">\u00a0 \u2014 sulanduvad naha sarvkihti ja taastavad loomuliku kaitsebarj\u00e4\u00e4ri. S\u00e4ilitavad niiskustaset, v\u00e4hendavad tundlikkust ja kaitsevad nahka v\u00e4liskeskkonna m\u00f5jude eest.<\/span><\/p>\n<p>&nbsp;<\/p>\n<p><b>Pantenool ja allantoiin <\/b><span style=\"font-weight: 400;\">\u2014 klassikaline rahustav duo, mis taastab mugavustunde, leevendab s\u00fcgelust ja pehmendab nahka.<\/span><\/p>\n<p>&nbsp;<\/p>\n<p><b>Beetagl\u00fckaan ja viigimarjaekstrakt<\/b> <span style=\"font-weight: 400;\">\u2014 tugevdavad h\u00fcaluroonhappe niisutavat toimet ja pehmendavad naha karedaid piirkondi.<\/span><\/p>\n<p>&nbsp;<\/p>\n<p><b>Adenosiin <\/b><span style=\"font-weight: 400;\">\u2014 aitab siluda naha mikroreljeefi ja toetab naha elastsust.<\/span><\/p>\n<p>&nbsp;<\/p>\n<p><b>Jahutav agent (Methyl Diisopropylpropionamide)<\/b><span style=\"font-weight: 400;\"> \u2014 tagab naha temperatuuri stabiilse languse ilma mentoolile iseloomuliku \u00e4rritava toimeta.<\/span><\/p>\n<p>&nbsp;<\/p>\n<p>&nbsp;<\/p>\n<h2><i>Soovitame Centellian24 Madeca Lab Hyal Waterfull Glow Gel Maski:\u00a0<\/i><\/h2>\n<ul>\n<li aria-level=\"1\"><b>K\u00f5ikidele nahat\u00fc\u00fcpidele, sealhulgas tundlikule nahale, <\/b><span style=\"font-weight: 400;\">kui eesm\u00e4rk on hoida nahka \u00fchtlase, sileda ja niisutatuna.<\/span><\/li>\n<\/ul>\n<ul>\n<li aria-level=\"1\"><b>Deh\u00fcdratsiooni ja pinguloleku tunde korral:<\/b><span style=\"font-weight: 400;\"> kui nahk n\u00e4ib v\u00e4sinud, tuhm ja vajab intensiivset niisutust.<\/span><\/li>\n<\/ul>\n<ul>\n<li aria-level=\"1\"><b>P\u00e4rast p\u00e4ikese k\u00e4es viibimist v\u00f5i temperatuurik\u00f5ikumisi:<\/b><span style=\"font-weight: 400;\"> aitab nahka kiiresti jahutada ning leevendada \u00fclekuumenemist ja ebamugavustunnet.<\/span><\/li>\n<\/ul>\n<ul>\n<li aria-level=\"1\"><b>SOS-vahendina paistetuse ja v\u00e4simuse korral:<\/b><span style=\"font-weight: 400;\"> jahutav toime aitab v\u00e4hendada tursust, muutes n\u00e4o v\u00e4rskemaks ja puhanumaks.<\/span><\/li>\n<\/ul>\n<ul>\n<li aria-level=\"1\"><b>Taastumiseks p\u00e4rast kosmeetilisi protseduure:<\/b><span style=\"font-weight: 400;\"> rahustab \u00f5rnalt nahka p\u00e4rast koorimist, puhastust ja muid aktiivseid hoolduseid, taastades mugavustunde.<\/span><\/li>\n<\/ul>\n<ul>\n<li style=\"font-weight: 400;\" aria-level=\"1\"><b>\u201eEnne s\u00fcndmust\u201c:<\/b><span style=\"font-weight: 400;\"> kui soovid n\u00e4gu koheselt v\u00e4rskendada ning anda sellele hoolitsetud ja s\u00e4rava \u201eglass skin\u201c v\u00e4limuse enne olulist s\u00fcndmust.<\/span><\/li>\n<\/ul>\n<p>&nbsp;<\/p>\n<p>&nbsp;<\/p>\n<p><b>Kuidas kasutada:<\/b><\/p>\n<p><span style=\"font-weight: 400;\">Kasuta maski p\u00e4rast naha puhastamist ja toniseerimist.<\/span><span style=\"font-weight: 400;\"><br \/>\n<\/span><span style=\"font-weight: 400;\">Eemalda kaitsekile ja aseta mask n\u00e4ole, alustades \u00fclemisest osast silmade \u00fcmber, seej\u00e4rel aseta alumine osa suu \u00fcmber.\nSilu maski ja vajuta kergelt, et see kindlalt fikseeruks, ning j\u00e4ta 20\u201330 minutiks m\u00f5juma.\nEemalda mask ja patsuta \u00fclej\u00e4\u00e4nud essents s\u00f5rmeotstega \u00f5rnalt naha sisse kuni t\u00e4ieliku imendumiseni.<\/span><\/p>\n<p>&nbsp;<\/p>\n<p>&nbsp;<\/p>\n<p><b>Netokogus:<\/b><span style=\"font-weight: 400;\">\u00a0 5 tk x 22 ml\u00a0<\/span><\/p>\n<p>&nbsp;<\/p>\n<p>&nbsp;<\/p>\n<p><span style=\"font-weight: 400;\">Kui teil on lisak\u00fcsimusi v\u00f5i vajate toote valimisel n\u00f5u, kirjutage meile. Vestlus asub ekraani paremas alanurgas.<\/span><\/p>\n<p>&nbsp;<\/p>\n<p>&nbsp;<\/p>\n<p><a title=\"TARNETINGIMUSED\" href=\"https:\/\/liluilu.ee\/et\/kohaletoimetamine\/\" target=\"_blank\" rel=\"noopener\">TARNETINGIMUSED<\/a><\/p>","protected":false},"excerpt":{"rendered":"<p>\u041f\u043e\u0434\u0430\u0440\u0438\u0442\u0435 \u043a\u043e\u0436\u0435 \u0433\u043b\u0443\u0431\u043e\u043a\u043e\u0435 \u0443\u0432\u043b\u0430\u0436\u043d\u0435\u043d\u0438\u0435, \u00ab\u0441\u0442\u0435\u043a\u043b\u044f\u043d\u043d\u043e\u0435\u00bb \u0441\u0438\u044f\u043d\u0438\u0435 \u0438 \u043f\u0440\u0438\u044f\u0442\u043d\u0443\u044e \u043f\u0440\u043e\u0445\u043b\u0430\u0434\u0443 \u0441 \u043f\u043e\u043c\u043e\u0449\u044c\u044e \u0433\u0438\u0434\u0440\u043e\u0433\u0435\u043b\u0435\u0432\u043e\u0439 \u043c\u0430\u0441\u043a\u0438 \u0434\u043b\u044f \u043b\u0438\u0446\u0430 Centellian24 Madeca Lab Hyal Waterfull Glow Gel Mask. &nbsp; \u0421\u0438\u043d\u0435\u0440\u0433\u0438\u044f 10 \u0432\u0438\u0434\u043e\u0432 \u0433\u0438\u0430\u043b\u0443\u0440\u043e\u043d\u043e\u0432\u043e\u0439 \u043a\u0438\u0441\u043b\u043e\u0442\u044b, TECA, \u043d\u0438\u0430\u0446\u0438\u043d\u0430\u043c\u0438\u0434\u0430 \u0438 \u0446\u0435\u0440\u0430\u043c\u0438\u0434\u043e\u0432 \u043e\u0431\u0435\u0441\u043f\u0435\u0447\u0438\u0432\u0430\u0435\u0442 \u0433\u043b\u0443\u0431\u043e\u043a\u043e\u0435 \u0443\u0432\u043b\u0430\u0436\u043d\u0435\u043d\u0438\u0435, \u043f\u043e\u0434\u0434\u0435\u0440\u0436\u0438\u0432\u0430\u0435\u0442 \u0431\u0430\u0440\u044c\u0435\u0440 \u0438 \u0432\u043e\u0437\u0432\u0440\u0430\u0449\u0430\u0435\u0442 \u043a\u043e\u0436\u0435 \u043d\u0430\u043f\u043e\u043b\u043d\u0435\u043d\u043d\u044b\u0439, \u0441\u0432\u0435\u0436\u0438\u0439 \u0432\u0438\u0434. &nbsp; \u041e\u0441\u043e\u0431\u0435\u043d\u043d\u043e\u0441\u0442\u0438 \u0438 \u044d\u0444\u0444\u0435\u043a\u0442: \u042d\u043a\u0441\u0442\u0440\u0435\u043c\u0430\u043b\u044c\u043d\u043e\u0435 \u0443\u0432\u043b\u0430\u0436\u043d\u0435\u043d\u0438\u0435: \u041a\u043b\u0438\u043d\u0438\u0447\u0435\u0441\u043a\u0438 \u043f\u043e\u0434\u0442\u0432\u0435\u0440\u0436\u0434\u0435\u043d\u043e, \u0447\u0442\u043e \u043c\u0430\u0441\u043a\u0430 \u043d\u0430\u0441\u044b\u0449\u0430\u0435\u0442 [&hellip;]<\/p>","protected":false},"featured_media":18465,"comment_status":"open","ping_status":"closed","template":"","meta":{"_eb_attr":"","jetpack_post_was_ever_published":true,"_joinchat":[]},"product_brand":[863],"product_cat":[862,103],"product_tag":[770,833,866,269,808,838,687,644,792,400,718,413,489],"class_list":{"0":"post-18462","1":"product","2":"type-product","3":"status-publish","4":"has-post-thumbnail","6":"product_brand-centellian24","7":"product_cat-centellian24","8":"product_cat-maski-dlya-lica","9":"product_tag-glass-skin","10":"product_tag-glow-skin","11":"product_tag-teca","12":"product_tag-gialuronovaya-kislota","13":"product_tag-gidrogelevye-maski-dlya-lica","14":"product_tag-dlya-gladkoj-tekstury-kozhi","15":"product_tag-dlya-siyaniya-kozhi","16":"product_tag-novinki","17":"product_tag-razglazhivanie-kozhi","18":"product_tag-uvlazhnenie","19":"product_tag-uvlazhnyajushhie-maski-dlya-lica","20":"product_tag-chuvstvitelnaya-kozha","21":"product_tag-elastichnost-i-uprugost","23":"first","24":"instock","25":"shipping-taxable","26":"purchasable","27":"product-type-simple"},"jetpack_sharing_enabled":true,"_links":{"self":[{"href":"https:\/\/liluilu.ee\/et\/wp-json\/wp\/v2\/product\/18462","targetHints":{"allow":["GET"]}}],"collection":[{"href":"https:\/\/liluilu.ee\/et\/wp-json\/wp\/v2\/product"}],"about":[{"href":"https:\/\/liluilu.ee\/et\/wp-json\/wp\/v2\/types\/product"}],"replies":[{"embeddable":true,"href":"https:\/\/liluilu.ee\/et\/wp-json\/wp\/v2\/comments?post=18462"}],"version-history":[{"count":13,"href":"https:\/\/liluilu.ee\/et\/wp-json\/wp\/v2\/product\/18462\/revisions"}],"predecessor-version":[{"id":18487,"href":"https:\/\/liluilu.ee\/et\/wp-json\/wp\/v2\/product\/18462\/revisions\/18487"}],"wp:featuredmedia":[{"embeddable":true,"href":"https:\/\/liluilu.ee\/et\/wp-json\/wp\/v2\/media\/18465"}],"wp:attachment":[{"href":"https:\/\/liluilu.ee\/et\/wp-json\/wp\/v2\/media?parent=18462"}],"wp:term":[{"taxonomy":"product_brand","embeddable":true,"href":"https:\/\/liluilu.ee\/et\/wp-json\/wp\/v2\/product_brand?post=18462"},{"taxonomy":"product_cat","embeddable":true,"href":"https:\/\/liluilu.ee\/et\/wp-json\/wp\/v2\/product_cat?post=18462"},{"taxonomy":"product_tag","embeddable":true,"href":"https:\/\/liluilu.ee\/et\/wp-json\/wp\/v2\/product_tag?post=18462"}],"curies":[{"name":"t\u00f6\u00f6leht","href":"https:\/\/api.w.org\/{rel}","templated":true}]}}