{"id":18359,"date":"2026-05-05T17:00:55","date_gmt":"2026-05-05T14:00:55","guid":{"rendered":"https:\/\/liluilu.ee\/?post_type=product&#038;p=18359"},"modified":"2026-05-12T09:19:53","modified_gmt":"2026-05-12T06:19:53","slug":"biodance-rejuvenating-caviar-pdrn-real-deep-mask","status":"publish","type":"product","link":"https:\/\/liluilu.ee\/et\/biodance-rejuvenating-caviar-pdrn-real-deep-mask\/","title":{"rendered":"Uuendav h\u00fcdrogeelmask musta kalamarja ja PDRN-iga \u2014 Biodance Rejuvenating Caviar PDRN Real Deep Mask (1 tk)"},"content":{"rendered":"<p><span style=\"font-weight: 400;\">H\u00fcdrogeelmask <\/span><b>Biodance Rejuvenating Caviar PDRN Real Deep Mask<\/b><span style=\"font-weight: 400;\"> on rikkalik ja toitev hooldus naha uuenemiseks ning eluj\u00f5u taastamiseks, kui nahk on kaotanud oma toonuse, elastsuse ja tervisliku jume.<\/span><\/p>\n<p>&nbsp;<\/p>\n<p><span style=\"font-weight: 400;\">See toode on loodud neile, kes soovivad n\u00e4htavat noorendavat tulemust: mask toetab naha uuenemist, tugevdab epidermise struktuuri ja t\u00e4idab naha seestpoolt.<\/span><\/p>\n<p>&nbsp;<\/p>\n<p><span style=\"font-weight: 400;\">See<\/span><b> ei ole lihtsalt mask, vaid 34 grammi tahkestatud kontsentreeritud seerumit, <\/b><span style=\"font-weight: 400;\">mis s\u00f5na otseses m\u00f5ttes sulab nahal. Mask vabastab aktiivained j\u00e4rk-j\u00e4rgult rakkudesse, muutes v\u00e4rvi piimjaslillast l\u00e4bipaistvaks \u2014 see on visuaalne indikaator sellest, et v\u00e4\u00e4rtuslik koostis on t\u00e4ielikult imendunud.<\/span><\/p>\n<p>&nbsp;<\/p>\n<p><span style=\"font-weight: 400;\">Musta kalamarja, PDRN-i ja h\u00fcdrogeeli v\u00f5imas s\u00fcnergia toidab nahka s\u00fcgavuti, tugevdab selle loomulikku barj\u00e4\u00e4ri ja aitab taastuda stressist. Mask muudab naha m\u00e4rgatavalt pringimaks ja tihedamaks, andes n\u00e4ole luksusliku s\u00e4ra ja puhanud v\u00e4limuse.\u00a0<\/span><\/p>\n<p>&nbsp;<\/p>\n<p><span style=\"font-weight: 400;\">H\u00fcdrogeeli eriline struktuur laseb nahal hingata, kuid samal ajal lukustab niiskuse ja aktiivained s\u00fcgavale naha sisse.\u00a0<\/span><\/p>\n<p>&nbsp;<\/p>\n<p><span style=\"font-weight: 400;\">T\u00e4nu erakordsele kleepuvusele liibub mask tihedalt vastu n\u00e4gu, kohandudes t\u00e4ielikult naha mikroreljeefiga. See tagab t\u00e4iusliku p\u00fcsimise \u2014 mask ei libise paigast isegi aktiivsel liikumisel v\u00f5i magamise ajal.<\/span><\/p>\n<p>&nbsp;<\/p>\n<p><span style=\"font-weight: 400;\">P\u00e4rast kasutamist n\u00e4eb n\u00e4gu m\u00e4rgatavalt v\u00e4rskem ja noorem v\u00e4lja: nahk on elastne, siidine ja t\u00e4iuslikult sile, justkui p\u00e4rast professionaalset salongiprotseduuri.<\/span><\/p>\n<p>&nbsp;<\/p>\n<p><span style=\"font-weight: 400;\">Koostis on h\u00fcpoallergeenne ega sisalda 25 sagedast allergeeni.<\/span><\/p>\n<p>&nbsp;<\/p>\n<p><span style=\"font-weight: 400;\">Sobib igale nahat\u00fc\u00fcbile.<\/span><\/p>\n<p>&nbsp;<\/p>\n<p>&nbsp;<\/p>\n<h2><i>Biodance Rejuvenating Caviar PDRN Real Deep Mask peamised toimeained:<\/i><\/h2>\n<p><b>Musta kalamarja h\u00fcdrolaat ja ekstrakt (58,8%)<\/b><span style=\"font-weight: 400;\"> \u2014 rikkalik aminohapete, vitamiinide ja oomega-3 rasvhapete allikas, mis toidab nahka s\u00fcgavuti, annab eluj\u00f5udu ja \u201e\u00e4ratab\u201d v\u00e4sinud naha uuele elule:<\/span><\/p>\n<ul>\n<li style=\"font-weight: 400;\" aria-level=\"1\"><span style=\"font-weight: 400;\">kaitseb kuivuse ja \u00e4rrituste eest;\u00a0<\/span><\/li>\n<li style=\"font-weight: 400;\" aria-level=\"1\"><span style=\"font-weight: 400;\">eemaldab tuhmuse ja v\u00e4rskendab jume;\u00a0<\/span><\/li>\n<li style=\"font-weight: 400;\" aria-level=\"1\"><span style=\"font-weight: 400;\">parandab naha tekstuuri ja pehmendab;<\/span><\/li>\n<li style=\"font-weight: 400;\" aria-level=\"1\"><span style=\"font-weight: 400;\">muudab naha \u00f5rnaks ja siidiseks.<\/span><\/li>\n<\/ul>\n<p>&nbsp;<\/p>\n<p><b>L\u00f5heliste DNA-st saadud PDRN<\/b><span style=\"font-weight: 400;\"> \u2014 toimib rakkudele kui \u201eenesetaastamise juhend\u201d, stimuleerides aktiivselt regeneratsiooni ja naha oma kollageeni s\u00fcnteesi. Tulemusena muutub nahk m\u00e4rgatavalt tihedamaks ja pringimaks, kortsud v\u00e4henevad ning naha loomulik barj\u00e4\u00e4r taastub.<\/span><\/p>\n<p>&nbsp;<\/p>\n<p><b>Punase kalamarja ekstrakt (Salmon Egg Extract)<\/b><span style=\"font-weight: 400;\"> \u2014 parandab naha \u00fcldseisundit. Muudab naha s\u00e4ravaks, toidetuks ja siledaks, aidates s\u00e4ilitada v\u00e4rsket ning tervislikku jume.\u00a0<\/span><\/p>\n<p>&nbsp;<\/p>\n<p><b>Niatsiinamiid <\/b><span style=\"font-weight: 400;\">\u2014 aitab saavutada kauni ja \u00fchtlase nahatooni, v\u00e4hendab oks\u00fcdatiivset stressi, tugevdab kaitsebarj\u00e4\u00e4ri ja takistab niiskuskadu.<\/span><\/p>\n<p>&nbsp;<\/p>\n<p><b>Adenosiin<\/b><span style=\"font-weight: 400;\"> \u2014 silub aktiivselt naha mikroreljeefi ja v\u00e4hendab kortsude s\u00fcgavust.\u00a0<\/span><\/p>\n<p>&nbsp;<\/p>\n<p><b>Taimsete ekstraktide ja v\u00e4\u00e4rtuslike \u00f5lide kompleks<\/b><span style=\"font-weight: 400;\"> \u2014 toidab, pehmendab karedaid piirkondi, niisutab rikkalikult, kaitseb ja rahustab nahka. Kingib mugavustunde ning hoolitsetud ja luksusliku v\u00e4limuse.<\/span><\/p>\n<p>&nbsp;<\/p>\n<p>&nbsp;<\/p>\n<h2><i>Soovitame Biodance Rejuvenating Caviar PDRN Real Deep Maski:<\/i><\/h2>\n<ul>\n<li aria-level=\"1\"><b>K\u00f5ikidele k\u00fcpsetele nahat\u00fc\u00fcpidele<\/b><span style=\"font-weight: 400;\">.<\/span><\/li>\n<\/ul>\n<ul>\n<li style=\"font-weight: 400;\" aria-level=\"1\"><b>S\u00fcgavaks toitmiseks ja pehmendamiseks:<\/b><span style=\"font-weight: 400;\"> kui nahk on kuiv, kestendav v\u00f5i tundub katsudes kare.<\/span><\/li>\n<li style=\"font-weight: 400;\" aria-level=\"1\"><b>Naha tiheduse t\u00f5stmiseks:<\/b><span style=\"font-weight: 400;\"> mask muudab toonuse kaotanud naha pringimaks ja seestpoolt \u201et\u00e4idetuks\u201d.<\/span><\/li>\n<li style=\"font-weight: 400;\" aria-level=\"1\"><b>Barj\u00e4\u00e4ri taastamiseks:<\/b><span style=\"font-weight: 400;\"> kui nahk reageerib stressile ning vajab kaitsvat ja rahustavat hooldust.<\/span><\/li>\n<li style=\"font-weight: 400;\" aria-level=\"1\"><b>S\u00e4raefekti saavutamiseks:<\/b><span style=\"font-weight: 400;\"> kui soovite eemaldada tuhmuse ning taastada naha tervisliku ja loomuliku s\u00e4ra.\u00a0<\/span><\/li>\n<li style=\"font-weight: 400;\" aria-level=\"1\"><b>\u201eEnne s\u00fcndmust\u201c: <\/b><span style=\"font-weight: 400;\">kui on vaja saavutada veatult sile ja luksuslikult hoolitsetud nahk.<\/span><\/li>\n<\/ul>\n<p>&nbsp;<\/p>\n<p>&nbsp;<\/p>\n<p><b>Biodance Rejuvenating Caviar PDRN Real Deep Maski kasutamine:\u00a0<\/b><\/p>\n<p><span style=\"font-weight: 400;\">Eemaldage h\u00fcdrogeelmask kaitsekilelt. P\u00e4rast naha puhastamist ja toniseerimist asetage mask n\u00e4ole, siluge see paika ja j\u00e4tke 3\u20134 tunniks v\u00f5i seni, kuni mask on muutunud t\u00e4ielikult l\u00e4bipaistvaks. Maski v\u00f5ib j\u00e4tta nahale ka kogu \u00f6\u00f6ks.<\/span><\/p>\n<p>&nbsp;<\/p>\n<p>&nbsp;<\/p>\n<p><b>Maht: 34 g<\/b><\/p>\n<p>&nbsp;<\/p>\n<p>&nbsp;<\/p>\n<p><span style=\"font-weight: 400;\">Kui teil on lisak\u00fcsimusi v\u00f5i vajate toote valimisel n\u00f5u, kirjutage meile. Vestlus asub ekraani paremas alanurgas.<\/span><\/p>\n<p>&nbsp;<\/p>\n<p>&nbsp;<\/p>\n<p>&nbsp;<\/p>\n<p><a title=\"TARNETINGIMUSED\" href=\"https:\/\/liluilu.ee\/et\/kohaletoimetamine\/\" target=\"_blank\" rel=\"noopener\">TARNETINGIMUSED<\/a><\/p>","protected":false},"excerpt":{"rendered":"<p>\u0413\u0438\u0434\u0440\u043e\u0433\u0435\u043b\u0435\u0432\u0430\u044f \u043c\u0430\u0441\u043a\u0430 Biodance Rejuvenating Caviar PDRN Real Deep Mask \u2014 \u044d\u0442\u043e \u043f\u0438\u0442\u0430\u0442\u0435\u043b\u044c\u043d\u044b\u0439 \u00ab\u0440\u0430\u0446\u0438\u043e\u043d\u00bb \u0434\u043b\u044f \u043e\u0431\u043d\u043e\u0432\u043b\u0435\u043d\u0438\u044f \u0438 \u0432\u043e\u0441\u0441\u0442\u0430\u043d\u043e\u0432\u043b\u0435\u043d\u0438\u044f \u0436\u0438\u0437\u043d\u0435\u043d\u043d\u044b\u0445 \u0440\u0435\u0441\u0443\u0440\u0441\u043e\u0432 \u043a\u043e\u0436\u0438, \u043f\u043e\u0442\u0435\u0440\u044f\u0432\u0448\u0435\u0439 \u0442\u043e\u043d\u0443\u0441, \u0443\u043f\u0440\u0443\u0433\u043e\u0441\u0442\u044c \u0438 \u0437\u0434\u043e\u0440\u043e\u0432\u044b\u0439 \u0446\u0432\u0435\u0442. &nbsp; \u0421\u0440\u0435\u0434\u0441\u0442\u0432\u043e \u0441\u043e\u0437\u0434\u0430\u043d\u043e \u0434\u043b\u044f \u0442\u0435\u0445, \u043a\u043e\u043c\u0443 \u043d\u0435\u0434\u043e\u0441\u0442\u0430\u0442\u043e\u0447\u043d\u043e \u0431\u0430\u0437\u043e\u0432\u043e\u0433\u043e \u0443\u0445\u043e\u0434\u0430 \u0438 \u043d\u0443\u0436\u0435\u043d \u0432\u0438\u0434\u0438\u043c\u044b\u0439 \u043e\u043c\u043e\u043b\u0430\u0436\u0438\u0432\u0430\u044e\u0449\u0438\u0439 \u044d\u0444\u0444\u0435\u043a\u0442: \u043c\u0430\u0441\u043a\u0430 \u0441\u0442\u0438\u043c\u0443\u043b\u0438\u0440\u0443\u0435\u0442 \u0440\u0435\u0433\u0435\u043d\u0435\u0440\u0430\u0446\u0438\u044e, \u0443\u043a\u0440\u0435\u043f\u043b\u044f\u0435\u0442 \u0441\u0442\u0440\u0443\u043a\u0442\u0443\u0440\u0443 \u044d\u043f\u0438\u0434\u0435\u0440\u043c\u0438\u0441\u0430 \u0438 \u00ab\u043d\u0430\u043f\u043e\u043b\u043d\u044f\u0435\u0442\u00bb \u043a\u043e\u0436\u0443 \u0438\u0437\u043d\u0443\u0442\u0440\u0438. &nbsp; \u041f\u0435\u0440\u0435\u0434 \u0432\u0430\u043c\u0438 \u043d\u0435 \u043f\u0440\u043e\u0441\u0442\u043e [&hellip;]<\/p>","protected":false},"featured_media":18362,"comment_status":"open","ping_status":"closed","template":"","meta":{"_eb_attr":"","jetpack_post_was_ever_published":false,"_joinchat":{"telephone":"+3725013887"}},"product_brand":[925],"product_cat":[805,103],"product_tag":[766,734,572,808,922,687,924,465,644,923,824,926,927,680,489],"class_list":{"0":"post-18359","1":"product","2":"type-product","3":"status-publish","4":"has-post-thumbnail","6":"product_brand-biodance","7":"product_cat-biodance","8":"product_cat-maski-dlya-lica","9":"product_tag-pdrn","10":"product_tag-slow-aging","11":"product_tag-antivozrastnye-maski-dlya-lica","12":"product_tag-gidrogelevye-maski-dlya-lica","13":"product_tag-gidrolat-ikry","14":"product_tag-dlya-siyaniya-kozhi","15":"product_tag-estestvennoe-vosstanovlenie-kozhi","16":"product_tag-lifting","17":"product_tag-novinki","18":"product_tag-obnovlenie-kozhi","19":"product_tag-omolozhenie","20":"product_tag-revitaliziruet","21":"product_tag-toniziruet","22":"product_tag-ekstrakt-ikry","23":"product_tag-elastichnost-i-uprugost","25":"first","26":"instock","27":"shipping-taxable","28":"purchasable","29":"product-type-simple"},"jetpack_sharing_enabled":true,"_links":{"self":[{"href":"https:\/\/liluilu.ee\/et\/wp-json\/wp\/v2\/product\/18359","targetHints":{"allow":["GET"]}}],"collection":[{"href":"https:\/\/liluilu.ee\/et\/wp-json\/wp\/v2\/product"}],"about":[{"href":"https:\/\/liluilu.ee\/et\/wp-json\/wp\/v2\/types\/product"}],"replies":[{"embeddable":true,"href":"https:\/\/liluilu.ee\/et\/wp-json\/wp\/v2\/comments?post=18359"}],"version-history":[{"count":4,"href":"https:\/\/liluilu.ee\/et\/wp-json\/wp\/v2\/product\/18359\/revisions"}],"predecessor-version":[{"id":18411,"href":"https:\/\/liluilu.ee\/et\/wp-json\/wp\/v2\/product\/18359\/revisions\/18411"}],"wp:featuredmedia":[{"embeddable":true,"href":"https:\/\/liluilu.ee\/et\/wp-json\/wp\/v2\/media\/18362"}],"wp:attachment":[{"href":"https:\/\/liluilu.ee\/et\/wp-json\/wp\/v2\/media?parent=18359"}],"wp:term":[{"taxonomy":"product_brand","embeddable":true,"href":"https:\/\/liluilu.ee\/et\/wp-json\/wp\/v2\/product_brand?post=18359"},{"taxonomy":"product_cat","embeddable":true,"href":"https:\/\/liluilu.ee\/et\/wp-json\/wp\/v2\/product_cat?post=18359"},{"taxonomy":"product_tag","embeddable":true,"href":"https:\/\/liluilu.ee\/et\/wp-json\/wp\/v2\/product_tag?post=18359"}],"curies":[{"name":"t\u00f6\u00f6leht","href":"https:\/\/api.w.org\/{rel}","templated":true}]}}