{"id":18195,"date":"2026-04-22T14:31:27","date_gmt":"2026-04-22T11:31:27","guid":{"rendered":"https:\/\/liluilu.ee\/?post_type=product&#038;p=18195"},"modified":"2026-04-23T19:47:56","modified_gmt":"2026-04-23T16:47:56","slug":"skin1004-hyalu-cica-silky-fit-sun-stick","status":"publish","type":"product","link":"https:\/\/liluilu.ee\/et\/skin1004-hyalu-cica-silky-fit-sun-stick\/","title":{"rendered":"Siidise viimistlusega p\u00e4ikesekaitsepulk \u2014 SKIN1004 Hyalu-Cica Silky-Fit Sun Stick SPF50+ PA++++ (20 g)"},"content":{"rendered":"<p><span style=\"font-weight: 400;\">P\u00e4ikesekaitsepulk n\u00e4ole ja kehale moodsate fotostabiilsete orgaaniliste filtritega <\/span><b>SKIN1004 Hyalu-Cica Silky-Fit Sun Stick SPF50+\/PA++++<\/b><span style=\"font-weight: 400;\">.<\/span><\/p>\n<p>&nbsp;<\/p>\n<p><span style=\"font-weight: 400;\">Toode pakub k\u00f5rget kaitset UVA- ja UVB-kiirte eest, kandub nahale absoluutselt kaalutu kihina ja j\u00e4tab siidise viimistluse, luues hoolitsetud ja sileda naha efekti.<\/span><\/p>\n<p>&nbsp;<\/p>\n<p><b>Omadused ja m\u00f5ju:<\/b><\/p>\n<ul>\n<li style=\"font-weight: 400;\" aria-level=\"1\"><b>Matistab \u00f5rnalt ja loob kerge h\u00e4gususe efekti<\/b><span style=\"font-weight: 400;\">: Visuaalselt silub poore ja \u00fchtlustab naha tekstuuri.\u00a0<\/span><\/li>\n<li style=\"font-weight: 400;\" aria-level=\"1\"><b>Ei j\u00e4ta kleepuvust, \u00f5list l\u00e4iget ega valget kihti<\/b><span style=\"font-weight: 400;\">: S\u00e4ilitab naha mugavustunde isegi korduva pealekandmise korral.<\/span><\/li>\n<li style=\"font-weight: 400;\" aria-level=\"1\"><b>Ei riku meiki<\/b><span style=\"font-weight: 400;\">: Pulka saab kanda meigi peale, see ei m\u00e4\u00e4ri jumestusp\u00f5hja.\u00a0<\/span><\/li>\n<\/ul>\n<ul>\n<li style=\"font-weight: 400;\" aria-level=\"1\"><b>Vastupidav rasule ja higile<\/b><span style=\"font-weight: 400;\">: T\u00e4nu sellele kate ei rullu ega hakka \u00abvoolama\u00bb isegi k\u00f5rge \u00f5huniiskuse v\u00f5i aktiivse liikumise korral.<\/span><\/li>\n<\/ul>\n<ul>\n<li style=\"font-weight: 400;\" aria-level=\"1\"><b>Usaldusv\u00e4\u00e4rne kaitse<\/b><span style=\"font-weight: 400;\">: Hoiab \u00e4ra punetuse ja p\u00e4ikesep\u00f5letuse, aitab aeglustada fotovananemist ja pigmentatsiooni teket.\u00a0<\/span><\/li>\n<li style=\"font-weight: 400;\" aria-level=\"1\"><b>Rahustab ja niisutab<\/b><span style=\"font-weight: 400;\">: Hyalu-Cica kompleks leevendab kuivust ja pingul tunnet, s\u00e4ilitades niisutuse kogu p\u00e4eva jooksul.<\/span><\/li>\n<li style=\"font-weight: 400;\" aria-level=\"1\"><b>H\u00fcgieeniline ja mugav<\/b><span style=\"font-weight: 400;\">: Pulk v\u00f5imaldab kaitset peale kanda ja uuendada ilma n\u00e4gu k\u00e4tega puudutamata. Kompaktne suurus (20 g) on ideaalne kotis kandmiseks ja v\u00f5imaldab kaitset uuendada igal hetkel, \u00abliikvel olles\u00bb.<\/span><\/li>\n<\/ul>\n<p>&nbsp;<\/p>\n<p><b>Ohutus ja \u00f6koloogia:<\/b><\/p>\n<p><span style=\"font-weight: 400;\">Koostis on tundliku naha vastu \u00f5rn ega p\u00f5hjusta \u00e4rritust. <\/span>Kreem kuulub<b> Reef-safe (korallis\u00f5bralikku) kategooriasse<\/b><span style=\"font-weight: 400;\">: see ei kahjusta mere \u00f6kos\u00fcsteemi ega korallriffe, seega on see usaldusv\u00e4\u00e4rne kaaslane nii linnas kui ka rannas.<\/span><\/p>\n<p>&nbsp;<\/p>\n<p><span style=\"font-weight: 400;\">Sobib igale nahat\u00fc\u00fcbile.<\/span><\/p>\n<p>&nbsp;<\/p>\n<p>&nbsp;<\/p>\n<h2><i>SKIN1004 Hyalu-Cica Silky-Fit Sun Stick SPF50+\/PA++++ peamised toimeained:<\/i><\/h2>\n<p><b>Uue p\u00f5lvkonna orgaaniliste filtrite kompleks (Uvinul A Plus, Tinosorb S, Uvinul T 150, Parsol SLX)<\/b> <span style=\"font-weight: 400;\">\u2014 kaitseb t\u00f5husalt UVA- ja UVB-kiirte eest, on stabiilne UV-kiirguse suhtes ning v\u00f5imaldab linnatingimustes kaitset harvemini uuendada.<\/span><\/p>\n<p>&nbsp;<\/p>\n<p><b>Hyalu-Cica Complex<\/b> <span style=\"font-weight: 400;\">\u2014 br\u00e4ndi signatuurkompleks, kus Centella rahustab kiiresti \u00e4rritusi ja punetust ning kolm t\u00fc\u00fcpi h\u00fcaluroonhapet niisutavad nahka, hoides \u00e4ra selle kuivuse p\u00e4ikese k\u00e4es.<\/span><\/p>\n<p>&nbsp;<\/p>\n<p><b>Sinise agaavi ekstrakt<\/b><span style=\"font-weight: 400;\"> \u2014 haruldane koostisosa, mis toetab naha \u00f5rna uuenemist. See silub naha mikroreljeefi ja v\u00e4hendab ketendust, aidates tootel kanda nahale \u00fchtlase \u201csiidise\u201d kihi.<\/span><\/p>\n<p>&nbsp;<\/p>\n<p><b>Tanniinid<\/b><span style=\"font-weight: 400;\"> \u2014 aitavad ahendada poore ja reguleerida rasun\u00e4\u00e4rmete t\u00f6\u00f6d.<\/span><\/p>\n<p>&nbsp;<\/p>\n<p><b>Taimsed ekstraktid (neem, aaloe, bakla\u017eaan, roheline tee) <\/b><span style=\"font-weight: 400;\">\u2014 pakuvad antioks\u00fcdantset kaitset, rahustavad p\u00f5letikke ja aitavad ennetada fotovananemist.<\/span><\/p>\n<p>&nbsp;<\/p>\n<p>&nbsp;<\/p>\n<h2><i>Soovitame SKIN1004 Hyalu-Cica Silky-Fit Sun Stick SPF50+\/PA++++:\u00a0<\/i><\/h2>\n<ul>\n<li style=\"font-weight: 400;\" aria-level=\"1\"><span style=\"font-weight: 400;\">Mugavaks ja kiireks SPF-kaitse uuendamiseks<\/span><\/li>\n<li style=\"font-weight: 400;\" aria-level=\"1\"><span style=\"font-weight: 400;\">Linna, ranna ja aktiivse eluviisi jaoks<\/span><\/li>\n<li style=\"font-weight: 400;\" aria-level=\"1\"><span style=\"font-weight: 400;\">SPF-i uuendamiseks meigi peale<\/span><\/li>\n<li style=\"font-weight: 400;\" aria-level=\"1\"><span style=\"font-weight: 400;\">T-tsoonis l\u00e4ikima kalduvale nahale<\/span><\/li>\n<li style=\"font-weight: 400;\" aria-level=\"1\"><span style=\"font-weight: 400;\">Neile, kes otsivad nahal m\u00e4rkamatut, kuid k\u00f5rge UV-kaitsefaktoriga toodet.<\/span><\/li>\n<\/ul>\n<p>&nbsp;<\/p>\n<p>&nbsp;<\/p>\n<p><b>Kuidas kasutada:<\/b><\/p>\n<p><span style=\"font-weight: 400;\">Kandke \u00fchtlaselt puhtale nahale UV-kiirgusele avatud piirkondadele (n\u00e4gu, kael, k\u00e4ed, jalad). Kandke SPF peale 30 minutit enne \u00f5ue minekut. Otsese p\u00e4ikese k\u00e4es viibides (n\u00e4iteks rannas) uuendage kaitsekihti iga 2\u20133 tunni j\u00e4rel.<\/span><\/p>\n<p>&nbsp;<\/p>\n<p>&nbsp;<\/p>\n<p><b>Netokogus: 20 g<\/b><\/p>\n<p>&nbsp;<\/p>\n<p>&nbsp;<\/p>\n<p><span style=\"font-weight: 400;\">Kui teil on lisak\u00fcsimusi v\u00f5i vajate toote valimisel n\u00f5u, kirjutage meile. Vestlus asub ekraani paremas alanurgas.<\/span><\/p>\n<p>&nbsp;<\/p>\n<p>&nbsp;<\/p>\n<p><a title=\"TARNETINGIMUSED\" href=\"https:\/\/liluilu.ee\/et\/kohaletoimetamine\/\" target=\"_blank\" rel=\"noopener\">TARNETINGIMUSED<\/a><\/p>","protected":false},"excerpt":{"rendered":"<p>\u0421\u043e\u043b\u043d\u0446\u0435\u0437\u0430\u0449\u0438\u0442\u043d\u044b\u0439 \u0441\u0442\u0438\u043a \u0434\u043b\u044f \u043b\u0438\u0446\u0430 \u0438 \u0442\u0435\u043b\u0430 \u043d\u0430 \u0441\u043e\u0432\u0440\u0435\u043c\u0435\u043d\u043d\u044b\u0445 \u0444\u043e\u0442\u043e\u0441\u0442\u0430\u0431\u0438\u043b\u044c\u043d\u044b\u0445 \u043e\u0440\u0433\u0430\u043d\u0438\u0447\u0435\u0441\u043a\u0438\u0445 \u0444\u0438\u043b\u044c\u0442\u0440\u0430\u0445 SKIN1004 Hyalu-Cica Silky-Fit Sun Stick SPF50+\/PA++++. &nbsp; \u0421\u0440\u0435\u0434\u0441\u0442\u0432\u043e \u043e\u0431\u0435\u0441\u043f\u0435\u0447\u0438\u0432\u0430\u0435\u0442 \u0432\u044b\u0441\u043e\u043a\u0443\u044e \u0437\u0430\u0449\u0438\u0442\u0443 \u043e\u0442 UVA- \u0438 UVB-\u043b\u0443\u0447\u0435\u0439, \u043b\u043e\u0436\u0438\u0442\u0441\u044f \u043d\u0430 \u043a\u043e\u0436\u0443 \u0430\u0431\u0441\u043e\u043b\u044e\u0442\u043d\u043e \u043d\u0435\u0432\u0435\u0441\u043e\u043c\u044b\u043c \u0441\u043b\u043e\u0435\u043c \u0438 \u043e\u0441\u0442\u0430\u0432\u043b\u044f\u0435\u0442 \u0448\u0435\u043b\u043a\u043e\u0432\u0438\u0441\u0442\u044b\u0439 \u0444\u0438\u043d\u0438\u0448, \u0441\u043e\u0437\u0434\u0430\u0432\u0430\u044f \u044d\u0444\u0444\u0435\u043a\u0442 \u0443\u0445\u043e\u0436\u0435\u043d\u043d\u043e\u0439 \u0438 \u0433\u043b\u0430\u0434\u043a\u043e\u0439 \u043a\u043e\u0436\u0438. &nbsp; \u041e\u0441\u043e\u0431\u0435\u043d\u043d\u043e\u0441\u0442\u0438 \u0438 \u044d\u0444\u0444\u0435\u043a\u0442: \u041c\u044f\u0433\u043a\u043e \u043c\u0430\u0442\u0438\u0440\u0443\u0435\u0442 \u0438 \u0441\u043e\u0437\u0434\u0430\u0435\u0442 \u044d\u0444\u0444\u0435\u043a\u0442 \u043b\u0435\u0433\u043a\u043e\u0433\u043e \u0431\u043b\u044e\u0440\u0430, \u0432\u0438\u0437\u0443\u0430\u043b\u044c\u043d\u043e \u0441\u0433\u043b\u0430\u0436\u0438\u0432\u0430\u044f [&hellip;]<\/p>","protected":false},"featured_media":18197,"comment_status":"open","ping_status":"closed","template":"","meta":{"_eb_attr":"","jetpack_post_was_ever_published":false,"_joinchat":[]},"product_brand":[913],"product_cat":[449,569],"product_tag":[916,666,712,251,591,589,590,915,910,644,667,914,668,586],"class_list":{"0":"post-18195","1":"product","2":"type-product","3":"status-publish","4":"has-post-thumbnail","6":"product_brand-skin1004","7":"product_cat-skin1004","8":"product_cat-solncezashhitnye-sredstva","9":"product_tag-hyalu-cica-complex","10":"product_tag-parsol-slx-polysilicone-15","11":"product_tag-skin1004-madagascar-centella-hyalu-cica-line","12":"product_tag-spf","13":"product_tag-tinosorb-s-bis-ethylhexyloxyphenol-methoxyphenyl-triazine","14":"product_tag-uvinul-a-plus-diethylamino-hydroxybenzoyl-hexyl-benzoate","15":"product_tag-uvinul-t-150-ethylhexyl-triazone","16":"product_tag-idealno-dlya-obnovleniya-spf-zashhity","17":"product_tag-mozhno-poverh-makiyazha","18":"product_tag-novinki","19":"product_tag-solncezashhitnyj-stik","20":"product_tag-solncezashhitnyj-stik-na-organicheskih-filtrah","21":"product_tag-solncezashhitnyj-stik-na-fotostabilnyh-filtrah","22":"product_tag-himicheskie-solncezashhitnye-filtry","24":"first","25":"instock","26":"shipping-taxable","27":"purchasable","28":"product-type-simple"},"jetpack_sharing_enabled":true,"_links":{"self":[{"href":"https:\/\/liluilu.ee\/et\/wp-json\/wp\/v2\/product\/18195","targetHints":{"allow":["GET"]}}],"collection":[{"href":"https:\/\/liluilu.ee\/et\/wp-json\/wp\/v2\/product"}],"about":[{"href":"https:\/\/liluilu.ee\/et\/wp-json\/wp\/v2\/types\/product"}],"replies":[{"embeddable":true,"href":"https:\/\/liluilu.ee\/et\/wp-json\/wp\/v2\/comments?post=18195"}],"version-history":[{"count":9,"href":"https:\/\/liluilu.ee\/et\/wp-json\/wp\/v2\/product\/18195\/revisions"}],"predecessor-version":[{"id":18224,"href":"https:\/\/liluilu.ee\/et\/wp-json\/wp\/v2\/product\/18195\/revisions\/18224"}],"wp:featuredmedia":[{"embeddable":true,"href":"https:\/\/liluilu.ee\/et\/wp-json\/wp\/v2\/media\/18197"}],"wp:attachment":[{"href":"https:\/\/liluilu.ee\/et\/wp-json\/wp\/v2\/media?parent=18195"}],"wp:term":[{"taxonomy":"product_brand","embeddable":true,"href":"https:\/\/liluilu.ee\/et\/wp-json\/wp\/v2\/product_brand?post=18195"},{"taxonomy":"product_cat","embeddable":true,"href":"https:\/\/liluilu.ee\/et\/wp-json\/wp\/v2\/product_cat?post=18195"},{"taxonomy":"product_tag","embeddable":true,"href":"https:\/\/liluilu.ee\/et\/wp-json\/wp\/v2\/product_tag?post=18195"}],"curies":[{"name":"t\u00f6\u00f6leht","href":"https:\/\/api.w.org\/{rel}","templated":true}]}}