{"id":18180,"date":"2026-04-21T19:41:28","date_gmt":"2026-04-21T16:41:28","guid":{"rendered":"https:\/\/liluilu.ee\/?post_type=product&#038;p=18180"},"modified":"2026-04-22T13:05:51","modified_gmt":"2026-04-22T10:05:51","slug":"dr-althea-aqua-glowing-sunscreen","status":"publish","type":"product","link":"https:\/\/liluilu.ee\/et\/dr-althea-aqua-glowing-sunscreen\/","title":{"rendered":"Niisutav ja s\u00e4ra andev p\u00e4ikesekaitsekreem \u2014 Dr. Althea Aqua Glowing Sunscreen SPF50+\/PA++++ (45 ml)"},"content":{"rendered":"<p><b>Dr. Althea Aqua Glowing Sunscreen<\/b><span style=\"font-weight: 400;\"> on moodne h\u00fcbriidne SPF-kreem, mis \u00fchendab maksimaalse UV-kaitse intensiivse niisutuse, naha kaitsebarj\u00e4\u00e4ri taastamise ja rahustava toimega.<\/span><\/p>\n<p>&nbsp;<\/p>\n<p><b>Omadused ja m\u00f5ju:<\/b><\/p>\n<ul>\n<li style=\"font-weight: 400;\" aria-level=\"1\"><span style=\"font-weight: 400;\">Pakub usaldusv\u00e4\u00e4rset kaitset igat t\u00fc\u00fcpi UV-kiirte eest, ennetades fotovananemist ja pigmentatsiooni.<\/span><\/li>\n<li style=\"font-weight: 400;\" aria-level=\"1\"><span style=\"font-weight: 400;\">V\u00e4rskendab ja niisutab nahka koheselt, k\u00f5rvaldades kuivuse, kiskumistunde ja ebamugavustunde.<\/span><\/li>\n<li style=\"font-weight: 400;\" aria-level=\"1\"><span style=\"font-weight: 400;\">Leevendab \u00e4rritust, rahustab ja hooldab tundlikku nahka.<\/span><\/li>\n<li style=\"font-weight: 400;\" aria-level=\"1\"><span style=\"font-weight: 400;\">Taastab loomuliku kaitsebarj\u00e4\u00e4ri ja v\u00e4hendab reaktsiooniv\u00f5imet.<\/span><\/li>\n<li style=\"font-weight: 400;\" aria-level=\"1\"><span style=\"font-weight: 400;\">S\u00e4ilitab elastsuse, \u00fchtlustab naha tekstuuri ja reljeefi.<\/span><\/li>\n<li style=\"font-weight: 400;\" aria-level=\"1\"><span style=\"font-weight: 400;\">Valmistab naha ette meigiks ja toimib praimerina.<\/span><\/li>\n<li style=\"font-weight: 400;\" aria-level=\"1\"><span style=\"font-weight: 400;\">Annab kastev\u00e4rske s\u00e4ra, luues v\u00e4rske ja puhanud naha efekti.<\/span><\/li>\n<\/ul>\n<p>&nbsp;<\/p>\n<p><b>Organoleptilised omadused:\u00a0<\/b><\/p>\n<p><span style=\"font-weight: 400;\">Kerge ja l\u00f5hnatu kreem niisutava tekstuuriga imendub kiiresti. Ei j\u00e4ta valgeid j\u00e4lgi ja tundub nahal mugav isegi korduval kasutamisel.<\/span><\/p>\n<p>&nbsp;<\/p>\n<p><b>Ohutus ja \u00f6koloogia:<\/b><\/p>\n<p><span style=\"font-weight: 400;\">Valem on \u00f5rn tundlikule nahale ega p\u00f5hjusta \u00e4rritust.<\/span><\/p>\n<p><span style=\"font-weight: 400;\">Kreem on klassifitseeritud korallriffidele ohutuks: see ei kahjusta mere \u00f6kos\u00fcsteemi ega korallriffe, muutes selle usaldusv\u00e4\u00e4rseks kaaslaseks nii linnas kui ka rannas.<\/span><span style=\"font-weight: 400;\"><br \/>\n<\/span><span style=\"font-weight: 400;\"><br \/>\n<\/span><span style=\"font-weight: 400;\">Sobib igale nahat\u00fc\u00fcbile.<\/span><\/p>\n<p>&nbsp;<\/p>\n<p>&nbsp;<\/p>\n<h2><i>Dr. Althea Aqua Glowing Sunscreen peamised toimeained:<\/i><\/h2>\n<p><b>Uue p\u00f5lvkonna orgaaniliste, fotostabiilsete ja ohutute filtrite kompleks (Uvinul T, Uvinul A Plus, Mexoryl XL, Tinosorb M) <\/b><span style=\"font-weight: 400;\">\u2014 pakub maksimaalset kaitset igat t\u00fc\u00fcpi kiirte (UVA\/UVB) eest ja ei vaja linnatingimustes kuni 8 tunni jooksul uuesti pealekandmist.<\/span><\/p>\n<p>&nbsp;<\/p>\n<p><b>Bambuse h\u00fcdrolaat (50 000 ppm)<\/b> <span style=\"font-weight: 400;\">\u2014 v\u00e4rskendab ja niisutab nahka koheselt, k\u00f5rvaldades kuivuse, kiskumistunde ja ebamugavustunde. Soodustab uuenemist ja parandab elastsust.<\/span><\/p>\n<p>&nbsp;<\/p>\n<p><b>Merevetikatest saadud PDRN<\/b> <span style=\"font-weight: 400;\">\u2014  rahustab, soodustab taastumist ja uuenemist, tugevdab loomulikku kaitsebarj\u00e4\u00e4ri ja v\u00e4hendab reaktsiooniv\u00f5imet.<\/span><\/p>\n<p>&nbsp;<\/p>\n<p><b>Keramiid NP ja pantenool<\/b> <span style=\"font-weight: 400;\">\u2014 naha kaitsebarj\u00e4\u00e4ri \u00abp\u00e4\u00e4stemeeskond\u00bb: need s\u00e4ilitavad niiskuse, k\u00f5rvaldavad ketenduse ja kuivuse. Need rahustavad, pehmendavad ja siluvad nahka, j\u00e4ttes selle pehmeks ja siidiseks.<\/span><\/p>\n<p>&nbsp;<\/p>\n<p><b>Niatsiinamiid<\/b><span style=\"font-weight: 400;\">\u00a0 <\/span><span style=\"font-weight: 400;\">\u2014<\/span><span style=\"font-weight: 400;\"> annab kauni ja \u00fchtlase tooni, aitab nahatooni \u00fchtlustada ja kirgastada ning ennetab pigmendilaikude teket.<\/span><\/p>\n<p>&nbsp;<\/p>\n<p><b>Meriviinamarja ekstrakt (Caulerpa Lentillifera ekstrakt) <\/b><span style=\"font-weight: 400;\">\u2014 looduslik toimeaine, mis on saadud troopilistest rohevetikatest. See niisutab intensiivselt ning aitab parandada naha toonust ja elastsust.<\/span><\/p>\n<p>&nbsp;<\/p>\n<p>&nbsp;<\/p>\n<h2><i>Soovitame Dr. Althea Aqua Glowing Sunscreeni, kui:<\/i><\/h2>\n<ul>\n<li style=\"font-weight: 400;\" aria-level=\"1\"><b>Otsid usaldusv\u00e4\u00e4rset UV-kaitset:<\/b><span style=\"font-weight: 400;\">kaasaegsed filtrid tagavad maksimaalse kaitse (SPF50+\/PA++++) ilma maskiefekti ja valgete j\u00e4lgedeta.<\/span><\/li>\n<li style=\"font-weight: 400;\" aria-level=\"1\"><b>Sulle on oluline, et SPF oleks nahal m\u00e4rkamatu:<\/b><span style=\"font-weight: 400;\"> kreem j\u00e4\u00e4b nahale kerge loorina ja s\u00e4ilitab mugavustunde.<\/span><\/li>\n<li style=\"font-weight: 400;\" aria-level=\"1\"><b>Sinu nahal on puudus niiskusest:<\/b><span style=\"font-weight: 400;\"> see SPF-kreem toimib nagu t\u00e4isv\u00e4\u00e4rtuslik niisutav kreem.<\/span><\/li>\n<li style=\"font-weight: 400;\" aria-level=\"1\"><b>Sul on tundlik v\u00f5i reaktiivne nahk:<\/b><span style=\"font-weight: 400;\"> \u00f5rn koostis PDRN-i ja pantenooliga rahustab \u00e4rritust ja punetust.<\/span><\/li>\n<li style=\"font-weight: 400;\" aria-level=\"1\"><b>Sulle meeldib kastev\u00e4rske s\u00e4ra:<\/b><span style=\"font-weight: 400;\"> kreem annab nahale \"glass skin\" viimistluse, muutes jume v\u00e4rskeks ja puhanuks.<\/span><\/li>\n<li style=\"font-weight: 400;\" aria-level=\"1\"><b>Pooldad nahahoolduse minimalismi: <\/b><span style=\"font-weight: 400;\">enam pole vaja kasutada mitut kihti erinevaid tooteid \u2013 piisab \u00fchest tootest, et nahk oleks korraga kaitstud ja niisutatud.<\/span><\/li>\n<li style=\"font-weight: 400;\" aria-level=\"1\"><b>Kasutad meigialuskreemi:<\/b><span style=\"font-weight: 400;\"> toode \u00fchtlustab naha tekstuuri, t\u00e4nu millele j\u00e4\u00e4b jumestuskreem peale \u00fchtlaselt.<\/span><\/li>\n<li style=\"font-weight: 400;\" aria-level=\"1\"><b>Hoolid keskkonnast:<\/b><span style=\"font-weight: 400;\"> Reef-safe koostis on ohutu korallriffidele.<\/span><\/li>\n<\/ul>\n<p>&nbsp;<\/p>\n<p>&nbsp;<\/p>\n<p><b>Kuidas kasutada:\u00a0<\/b><\/p>\n<p><span style=\"font-weight: 400;\">Nahahooldusrutiini viimase sammuna kanna n\u00e4ole ja kaelale sobiv kogus kreemi (umbes 1,2 ml ehk \"kahe s\u00f5rme\" reegel) 15\u201320 minutit enne p\u00e4ikese k\u00e4tte minekut. Jaota \u00fchtlaselt, kuni see on t\u00e4ielikult imendunud. Otsese p\u00e4ikesevalguse k\u00e4es (n\u00e4iteks rannas) uuenda kaitsekihti iga 2\u20133 tunni j\u00e4rel v\u00f5i p\u00e4rast ujumist.<\/span><\/p>\n<p>&nbsp;<\/p>\n<p>&nbsp;<\/p>\n<p><b>Netokogus: 45 ml<\/b><\/p>\n<p>&nbsp;<\/p>\n<p>&nbsp;<\/p>\n<p><span style=\"font-weight: 400;\">Kui teil on lisak\u00fcsimusi v\u00f5i vajate toote valimisel n\u00f5u, kirjutage meile. Vestlus asub ekraani paremas alanurgas.<\/span><\/p>\n<p>&nbsp;<\/p>\n<p>&nbsp;<\/p>\n<p><a title=\"TARNETINGIMUSED\" href=\"https:\/\/liluilu.ee\/et\/kohaletoimetamine\/\" target=\"_blank\" rel=\"noopener\">TARNETINGIMUSED<\/a><\/p>","protected":false},"excerpt":{"rendered":"<p>Dr. Althea Aqua Glowing Sunscreen \u2014 \u044d\u0442\u043e \u0441\u043e\u0432\u0440\u0435\u043c\u0435\u043d\u043d\u044b\u0439 \u0433\u0438\u0431\u0440\u0438\u0434\u043d\u044b\u0439 SPF-\u043a\u0440\u0435\u043c, \u0432 \u043a\u043e\u0442\u043e\u0440\u043e\u043c \u043c\u0430\u043a\u0441\u0438\u043c\u0430\u043b\u044c\u043d\u0430\u044f \u0437\u0430\u0449\u0438\u0442\u0430 \u043e\u0442 \u0443\u043b\u044c\u0442\u0440\u0430\u0444\u0438\u043e\u043b\u0435\u0442\u0430 \u0441\u043e\u0447\u0435\u0442\u0430\u0435\u0442\u0441\u044f \u0441 \u0438\u043d\u0442\u0435\u043d\u0441\u0438\u0432\u043d\u044b\u043c \u0443\u0432\u043b\u0430\u0436\u043d\u0435\u043d\u0438\u0435\u043c, \u0432\u043e\u0441\u0441\u0442\u0430\u043d\u043e\u0432\u043b\u0435\u043d\u0438\u0435\u043c \u0431\u0430\u0440\u044c\u0435\u0440\u0430 \u0438 \u0443\u0441\u043f\u043e\u043a\u0430\u0438\u0432\u0430\u044e\u0449\u0435\u0439 \u043f\u043e\u0434\u0434\u0435\u0440\u0436\u043a\u043e\u0439 \u043a\u043e\u0436\u0438. &nbsp; \u041e\u0441\u043e\u0431\u0435\u043d\u043d\u043e\u0441\u0442\u0438 \u0438 \u044d\u0444\u0444\u0435\u043a\u0442: \u041e\u0431\u0435\u0441\u043f\u0435\u0447\u0438\u0432\u0430\u0435\u0442 \u043d\u0430\u0434\u0435\u0436\u043d\u0443\u044e \u0437\u0430\u0449\u0438\u0442\u0443 \u043e\u0442 \u0432\u0441\u0435\u0445 \u0432\u0438\u0434\u043e\u0432 \u0423\u0424-\u043b\u0443\u0447\u0435\u0439, \u043f\u0440\u0435\u043f\u044f\u0442\u0441\u0442\u0432\u0443\u044f \u0444\u043e\u0442\u043e\u0441\u0442\u0430\u0440\u0435\u043d\u0438\u044e \u0438 \u043f\u043e\u044f\u0432\u043b\u0435\u043d\u0438\u044e \u043f\u0438\u0433\u043c\u0435\u043d\u0442\u0430\u0446\u0438\u0438. \u041c\u0433\u043d\u043e\u0432\u0435\u043d\u043d\u043e \u043e\u0441\u0432\u0435\u0436\u0430\u0435\u0442 \u0438 \u043d\u0430\u043f\u043e\u043b\u043d\u044f\u0435\u0442 \u043a\u043e\u0436\u0443 \u0432\u043b\u0430\u0433\u043e\u0439, \u0443\u0441\u0442\u0440\u0430\u043d\u044f\u044f \u0441\u0443\u0445\u043e\u0441\u0442\u044c, \u0441\u0442\u044f\u043d\u0443\u0442\u043e\u0441\u0442\u044c \u0438 \u0434\u0438\u0441\u043a\u043e\u043c\u0444\u043e\u0440\u0442. \u0423\u0441\u043f\u043e\u043a\u0430\u0438\u0432\u0430\u0435\u0442, \u0441\u043d\u0438\u043c\u0430\u0435\u0442 [&hellip;]<\/p>","protected":false},"featured_media":18183,"comment_status":"open","ping_status":"closed","template":"","meta":{"_eb_attr":"","jetpack_post_was_ever_published":false,"_joinchat":[]},"product_brand":[895],"product_cat":[894,569],"product_tag":[770,833,912,766,734,251,714,589,590,767,900,893,644,387,665,715,586],"class_list":{"0":"post-18180","1":"product","2":"type-product","3":"status-publish","4":"has-post-thumbnail","6":"product_brand-dr-althea","7":"product_cat-dr-althea","8":"product_cat-solncezashhitnye-sredstva","9":"product_tag-glass-skin","10":"product_tag-glow-skin","11":"product_tag-mexoryl-xl-drometrizole-trisiloxane","12":"product_tag-pdrn","13":"product_tag-slow-aging","14":"product_tag-spf","15":"product_tag-tinosorb-m-methylene-bis-benzotriazolyl-tetramethylbutylphenol","16":"product_tag-uvinul-a-plus-diethylamino-hydroxybenzoyl-hexyl-benzoate","17":"product_tag-uvinul-t-150-ethylhexyl-triazone","18":"product_tag-veganskij-pdrn","19":"product_tag-gidrolat-bambuka","20":"product_tag-idealno-pod-makiyazh","21":"product_tag-novinki","22":"product_tag-solncezashhitnyj-krem-na-fotostabilnyh-filtrah","23":"product_tag-uvlazhnyajushhie-sanskriny","24":"product_tag-uspokaivajushhie-sanskriny","25":"product_tag-himicheskie-solncezashhitnye-filtry","27":"first","28":"instock","29":"shipping-taxable","30":"purchasable","31":"product-type-simple"},"jetpack_sharing_enabled":true,"_links":{"self":[{"href":"https:\/\/liluilu.ee\/et\/wp-json\/wp\/v2\/product\/18180","targetHints":{"allow":["GET"]}}],"collection":[{"href":"https:\/\/liluilu.ee\/et\/wp-json\/wp\/v2\/product"}],"about":[{"href":"https:\/\/liluilu.ee\/et\/wp-json\/wp\/v2\/types\/product"}],"replies":[{"embeddable":true,"href":"https:\/\/liluilu.ee\/et\/wp-json\/wp\/v2\/comments?post=18180"}],"version-history":[{"count":5,"href":"https:\/\/liluilu.ee\/et\/wp-json\/wp\/v2\/product\/18180\/revisions"}],"predecessor-version":[{"id":18194,"href":"https:\/\/liluilu.ee\/et\/wp-json\/wp\/v2\/product\/18180\/revisions\/18194"}],"wp:featuredmedia":[{"embeddable":true,"href":"https:\/\/liluilu.ee\/et\/wp-json\/wp\/v2\/media\/18183"}],"wp:attachment":[{"href":"https:\/\/liluilu.ee\/et\/wp-json\/wp\/v2\/media?parent=18180"}],"wp:term":[{"taxonomy":"product_brand","embeddable":true,"href":"https:\/\/liluilu.ee\/et\/wp-json\/wp\/v2\/product_brand?post=18180"},{"taxonomy":"product_cat","embeddable":true,"href":"https:\/\/liluilu.ee\/et\/wp-json\/wp\/v2\/product_cat?post=18180"},{"taxonomy":"product_tag","embeddable":true,"href":"https:\/\/liluilu.ee\/et\/wp-json\/wp\/v2\/product_tag?post=18180"}],"curies":[{"name":"t\u00f6\u00f6leht","href":"https:\/\/api.w.org\/{rel}","templated":true}]}}