{"id":17821,"date":"2026-04-30T12:35:39","date_gmt":"2026-04-30T09:35:39","guid":{"rendered":"https:\/\/liluilu.ee\/?post_type=product&#038;p=17821"},"modified":"2026-04-30T12:35:02","modified_gmt":"2026-04-30T09:35:02","slug":"anua-peach-niacin-spread-cleansing-foam","status":"publish","type":"product","link":"https:\/\/liluilu.ee\/et\/anua-peach-niacin-spread-cleansing-foam\/","title":{"rendered":"Virsiku ja niatsiinamiidiga n\u00e4opuhastusvaht \u2014 Anua Peach Niacin Spread Cleansing Foam (150 ml)"},"content":{"rendered":"<p><span style=\"font-weight: 400;\">Virsikumoosi tekstuuriga n\u00e4opuhastusvaht <\/span><b>Anua Peach Niacin Spread Cleansing Foam <\/b><span style=\"font-weight: 400;\">on loodud neile, kes hindavad laitmatut puhtust. See ei piirdu vaid pesemisega, vaid s\u00f5na otseses m\u00f5ttes t\u00f5mbab pooridest mustuse v\u00e4lja ja puhastab naha surnud rakkudest, j\u00e4ttes n\u00e4o v\u00e4rskeks, matiks ja siledaks.\u00a0<\/span><\/p>\n<p>&nbsp;<\/p>\n<p><b>Omadused ja toime:<\/b><\/p>\n<ul>\n<li style=\"font-weight: 400;\" aria-level=\"1\"><b>Intensiivne ja s\u00fcgavpuhastus: <\/b><span style=\"font-weight: 400;\">imab t\u00f5husalt tolmu, liigset rasu, meigij\u00e4\u00e4ke ja kuni 87% p\u00e4ikesekaitsevahenditest (SPF), j\u00e4ttes naha t\u00e4iesti puhtaks ja poorid \u201ehingavaks\u201c.<\/span><\/li>\n<li style=\"font-weight: 400;\" aria-level=\"1\"><b>\u00d5rn koorimine:<\/b><span style=\"font-weight: 400;\"> eemaldab delikaatselt surnud naharakud ja poleerib j\u00e4rk-j\u00e4rgult nahka, muutes selle mikroreljeefi  veatult \u00fchtlaseks.<\/span><\/li>\n<li style=\"font-weight: 400;\" aria-level=\"1\"><b>Pooride hooldus: <\/b><span style=\"font-weight: 400;\">aitab n\u00e4htavalt heledamaks muuta mustp\u00e4id ja visuaalselt ahendada poore. Kliiniliselt on t\u00f5estatud komedoonide v\u00e4henemine 35% v\u00f5rra p\u00e4rast 4-n\u00e4dalast kasutamist.<\/span><\/li>\n<li style=\"font-weight: 400;\" aria-level=\"1\"><b>Rasuse l\u00e4ike kontroll:<\/b><span style=\"font-weight: 400;\"> reguleerib rasun\u00e4\u00e4rmete t\u00f6\u00f6d, takistab liigset rasueritust ja pikendab v\u00e4rskustunnet.<\/span><\/li>\n<li style=\"font-weight: 400;\" aria-level=\"1\"><b>Tervislik s\u00e4ra: <\/b><span style=\"font-weight: 400;\">eemaldab tuhmuse ja v\u00e4rskendab jumet, andes nahale hoolitsetud ja puhanud v\u00e4limuse.<\/span><\/li>\n<li style=\"font-weight: 400;\" aria-level=\"1\"><b>Sametine tulemus:<\/b><span style=\"font-weight: 400;\"> p\u00e4rast kasutamist muutub nahk matiks, siledaks ja uskumatult pehmeks.<\/span><\/li>\n<\/ul>\n<p>&nbsp;<\/p>\n<p><b>Organoleptilised omadused:<\/b><\/p>\n<ul>\n<li style=\"font-weight: 400;\" aria-level=\"1\"><b>Tekstuur:<\/b><span style=\"font-weight: 400;\"> ainulaadne veniv roosat v\u00e4rvi \u201espread\u201c-konsistents (paks moos), milles on virsikukivipulbri osakesed. Kokkupuutel veega muutub tihedaks ja elastseks kreemjaks vahuks.<\/span><\/li>\n<li style=\"font-weight: 400;\" aria-level=\"1\"><b>Aroom:<\/b><span style=\"font-weight: 400;\"> \u00f5rn, looduslik ja v\u00e4rskendav k\u00fcpse virsiku l\u00f5hn.<\/span><\/li>\n<\/ul>\n<p>&nbsp;<\/p>\n<p><span style=\"font-weight: 400;\">Sobib normaalsele, kombineeritud ja rasusele nahat\u00fc\u00fcbile.<\/span><\/p>\n<p>&nbsp;<\/p>\n<p>&nbsp;<\/p>\n<h2><i>Anua Peach Niacin Spread Cleansing Foam peamised toimeained:<\/i><\/h2>\n<p><span style=\"font-weight: 400;\">Puhastusbaasi aluseks <\/span><span style=\"font-weight: 400;\">on <\/span><b>kombineeritud pindaktiivsete ainete (PAV) s\u00fcsteem<\/b><span style=\"font-weight: 400;\">, mis tekitab tiheda ja paksu vahu, imades t\u00f5husalt mustust ja liigset rasu ning j\u00e4ttes naha ideaalselt puhtaks.<\/span><\/p>\n<p>&nbsp;<\/p>\n<p><b>Hooldava valemi aluseks <\/b><span style=\"font-weight: 400;\">on <\/span><b>virsiku h\u00fcdrolaat ja Peachnia Plus\u2122 <\/b><span style=\"font-weight: 400;\">\u00a0<\/span><span style=\"font-weight: 400;\">\u2014 eksklusiivne kompleks, mis sisaldab virsiku ekstrakti ja laktobaktereid.<\/span><\/p>\n<p>&nbsp;<\/p>\n<p><span style=\"font-weight: 400;\">Virsikuid fermenteeritakse madalal temperatuuril 120 tundi, mille tulemusena moodustub komponent, mis on rikastatud niatsiinamiidi, pol\u00fcfenoolide, mineraalide ning A-, B- ja C-vitamiinidega.\u00a0<\/span><\/p>\n<p>&nbsp;<\/p>\n<p><b>Peachnia Plus\u2122 muudab naha hoolitsetuks ja siidiseks:\u00a0<\/b><\/p>\n<ul>\n<li style=\"font-weight: 400;\" aria-level=\"1\"><span style=\"font-weight: 400;\">pehmendab karedaid piirkondi ja eemaldab kestenduse;\u00a0<\/span><\/li>\n<li style=\"font-weight: 400;\" aria-level=\"1\"><span style=\"font-weight: 400;\">reguleerib rasueritust ja v\u00e4hendab l\u00e4iget;<\/span><\/li>\n<li style=\"font-weight: 400;\" aria-level=\"1\"><span style=\"font-weight: 400;\">\u00fchtlustab jumet, andes nahale puhta ja \u201el\u00e4bipaistva\u201c v\u00e4limuse;<\/span><\/li>\n<li style=\"font-weight: 400;\" aria-level=\"1\"><span style=\"font-weight: 400;\">taastab vee- ja rasvatasakaalu ning toetab loomulikku kaitsebarj\u00e4\u00e4ri.<\/span><\/li>\n<\/ul>\n<p>&nbsp;<\/p>\n<p><b>Niatsiinamiid<\/b> <span style=\"font-weight: 400;\">\u2014 tugevdab Peachnia Plus\u2122 kompleksi toimet. V\u00e4hendab p\u00f5letike ja akne riski, kontrollib rasueritust ning ahendab poore. Aitab v\u00f5idelda aknej\u00e4rgsete plekkidega (postakne), eemaldab tuhmuse ja v\u00e4rskendab jumet.<\/span><\/p>\n<p>&nbsp;<\/p>\n<p><b>LHA<\/b><span style=\"font-weight: 400;\"> \u2014 salits\u00fc\u00fclhappe \u00f5rn tuletis, mis \u201ep\u00fchib\u201c pooridest mustuse ja liigse rasu, hoides \u00e4ra mustpeade tekke. Aitab koorida surnud naharakke, t\u00e4nu millele tundub nahk poleeritud ja sile.<\/span><\/p>\n<p>&nbsp;<\/p>\n<p><b>Kombinatsioonis virsikukivipulbriga tagab LHA topeltpuhastuse: <\/b><span style=\"font-weight: 400;\">pulber toimib mehaaniliselt pinnal ja LHA keemilisel tasandil pooride sees.<\/span><\/p>\n<p>&nbsp;<\/p>\n<p><b>Anti-Sebum P\u2122<\/b><span style=\"font-weight: 400;\"> \u2014 reguleerib rasun\u00e4\u00e4rmete t\u00f6\u00f6d ja aitab tasakaalustada naha rasvasust, et n\u00e4gu p\u00fcsiks kauem matt ja v\u00e4rske.<\/span><\/p>\n<p>&nbsp;<\/p>\n<p><b>Tseramiidid<\/b><span style=\"font-weight: 400;\"> \u2014 integreeruvad naha sarvkihti ja tugevdavad loomulikku barj\u00e4\u00e4ri. Toetavad niisutatust ja pehmendavad nahka, muutes selle v\u00e4hem tundlikuks ja vastupidavamaks keskkonnam\u00f5judele.<\/span><\/p>\n<p>&nbsp;<\/p>\n<p>&nbsp;<\/p>\n<h2><i>Soovitame Anua Peach Niacin Spread Cleansing Foam'i:\u00a0<\/i><\/h2>\n<ul>\n<li style=\"font-weight: 400;\" aria-level=\"1\"><b>Kombineeritud, rasuse ja paksu naha omanikele<\/b><span style=\"font-weight: 400;\">. Neile, kellele on oluline eemaldada liigne rasu ja tunda, et nahk \u201ehingab\u201c.<\/span><\/li>\n<li style=\"font-weight: 400;\" aria-level=\"1\"><b>Neile, kes v\u00f5itlevad laienenud pooride ja mustpeadega<\/b><span style=\"font-weight: 400;\">. Intensiivne valem eemaldab t\u00f5husalt mustuse, millega \u00f5rnad tooted toime ei tule.<\/span><\/li>\n<li style=\"font-weight: 400;\" aria-level=\"1\"><b>Tuhmi ja eba\u00fchtlase mikroreljeefiga nahale<\/b><span style=\"font-weight: 400;\">. \u00d5rna happe ja poleerivate osakeste kombinatsioon aitab eemaldada surnud naharakud, taastades naha sileduse ja s\u00e4ra.<\/span><\/li>\n<li style=\"font-weight: 400;\" aria-level=\"1\"><b>Suurlinna elanikele<\/b><span style=\"font-weight: 400;\">. Et puhastada nahk \u00f5htul p\u00f5hjalikult linnasaastest, tolmust ja SPF-kaitse j\u00e4\u00e4kidest.<\/span><\/li>\n<li style=\"font-weight: 400;\" aria-level=\"1\"><b>T\u00e4iesti puhta ja mati naha austajatele<\/b><span style=\"font-weight: 400;\">. Kui teile ei meeldi p\u00e4rast pesemist tekkiv \u201ekilejas\u201c v\u00f5i libe tunne.<\/span><\/li>\n<li style=\"font-weight: 400;\" aria-level=\"1\"><b>\u00d5htuse puhastuse teise etapina<\/b><span style=\"font-weight: 400;\">. Puhastusvaht eemaldab ideaalselt h\u00fcdrofiilse \u00f5li j\u00e4\u00e4gid, j\u00e4tmata nahka \u00f5liseks v\u00f5i raskeks.<\/span><\/li>\n<\/ul>\n<p>&nbsp;<\/p>\n<p>&nbsp;<\/p>\n<p><b>Kuidas kasutada:<\/b><\/p>\n<p><span style=\"font-weight: 400;\">Vahustage vajalik kogus toodet m\u00e4rgade peopesade vahel ja kandke tekkinud vaht niiskele n\u00e4o- ja kaelanahale. Jaotage vaht \u00fchtlaselt ning masseerige \u00f5rnalt ringjate liigutustega, p\u00f6\u00f6rates erilist t\u00e4helepanu T-tsoonile (nina, otsmik, l\u00f5ug). Seej\u00e4rel loputage toode p\u00f5hjalikult leige veega maha ja kandke nahale tooner.\u00a0<\/span><\/p>\n<p>&nbsp;<\/p>\n<p>&nbsp;<\/p>\n<p><b>Netokogus:<\/b><span style=\"font-weight: 400;\"> 150 ml<\/span><\/p>\n<p>&nbsp;<\/p>\n<p>&nbsp;<\/p>\n<p><span style=\"font-weight: 400;\">Kui teil on lisak\u00fcsimusi v\u00f5i vajate toote valimisel n\u00f5u, kirjutage meile. Vestlus asub ekraani paremas alanurgas.<\/span><\/p>\n<p>&nbsp;<\/p>\n<p>&nbsp;<\/p>\n<p><a title=\"TARNETINGIMUSED\" href=\"https:\/\/liluilu.ee\/et\/kohaletoimetamine\/\" target=\"_blank\" rel=\"noopener\">TARNETINGIMUSED<\/a><\/p>","protected":false},"excerpt":{"rendered":"<p>\u041e\u0447\u0438\u0449\u0430\u044e\u0449\u0430\u044f \u043f\u0435\u043d\u043a\u0430 \u0441 \u0442\u0435\u043a\u0441\u0442\u0443\u0440\u043e\u0439 \u043f\u0435\u0440\u0441\u0438\u043a\u043e\u0432\u043e\u0433\u043e \u0434\u0436\u0435\u043c\u0430 Anua Peach Niacin Spread Cleansing Foam \u0441\u043e\u0437\u0434\u0430\u043d\u0430 \u0434\u043b\u044f \u0442\u0435\u0445, \u043a\u0442\u043e \u0446\u0435\u043d\u0438\u0442 \u043e\u0449\u0443\u0449\u0435\u043d\u0438\u0435 \u0431\u0435\u0437\u0443\u043f\u0440\u0435\u0447\u043d\u043e\u0439 \u0447\u0438\u0441\u0442\u043e\u0442\u044b. \u041e\u043d\u0430 \u043d\u0435 \u043f\u0440\u043e\u0441\u0442\u043e \u0443\u043c\u044b\u0432\u0430\u0435\u0442, \u0430 \u0431\u0443\u043a\u0432\u0430\u043b\u044c\u043d\u043e \u0432\u044b\u0442\u044f\u0433\u0438\u0432\u0430\u0435\u0442 \u0437\u0430\u0433\u0440\u044f\u0437\u043d\u0435\u043d\u0438\u044f \u0438\u0437 \u043f\u043e\u0440 \u0438 \u043e\u0447\u0438\u0449\u0430\u0435\u0442 \u043a\u043e\u0436\u0443 \u043e\u0442 \u043e\u0440\u043e\u0433\u043e\u0432\u0435\u0432\u0448\u0438\u0445 \u043a\u043b\u0435\u0442\u043e\u043a, \u043e\u0441\u0442\u0430\u0432\u043b\u044f\u044f \u043b\u0438\u0446\u043e \u0441\u0432\u0435\u0436\u0438\u043c, \u043c\u0430\u0442\u043e\u0432\u044b\u043c \u0438 \u0433\u043b\u0430\u0434\u043a\u0438\u043c.\u00a0 &nbsp; \u041e\u0441\u043e\u0431\u0435\u043d\u043d\u043e\u0441\u0442\u0438 \u0438 \u044d\u0444\u0444\u0435\u043a\u0442: \u0418\u043d\u0442\u0435\u043d\u0441\u0438\u0432\u043d\u043e\u0435 \u0438 \u0433\u043b\u0443\u0431\u043e\u043a\u043e\u0435 \u043e\u0447\u0438\u0449\u0435\u043d\u0438\u0435: \u044d\u0444\u0444\u0435\u043a\u0442\u0438\u0432\u043d\u043e \u0430\u0431\u0441\u043e\u0440\u0431\u0438\u0440\u0443\u0435\u0442 \u043f\u044b\u043b\u044c, \u0438\u0437\u043b\u0438\u0448\u043a\u0438 \u0441\u0435\u0431\u0443\u043c\u0430, [&hellip;]<\/p>","protected":false},"featured_media":17823,"comment_status":"open","ping_status":"closed","template":"","meta":{"_eb_attr":"","jetpack_post_was_ever_published":false,"_joinchat":[]},"product_brand":[811],"product_cat":[646,211],"product_tag":[245,654,728,920,919,579,727,911,829,433,253,644,772,616,615,431,459,475,726],"class_list":{"0":"post-17821","1":"product","2":"type-product","3":"status-publish","4":"has-post-thumbnail","6":"product_brand-anua","7":"product_cat-anua","8":"product_cat-penki-i-geli-dlya-umyvaniya","9":"product_tag-no-sebum","10":"product_tag-lha","11":"product_tag-peachnia","12":"product_tag-gidrolat-persika","13":"product_tag-dlya-kombinirovannoj-i-zhirnoj-kozhi","14":"product_tag-zhirnyj-blesk-lica","15":"product_tag-liniya-anua-peach-niacin","16":"product_tag-matirujushhij-effekt","17":"product_tag-myagkoe-otshelushivanie","18":"product_tag-nerovnyj-ton-kozhi","19":"product_tag-niacinamid","20":"product_tag-novinki","21":"product_tag-otshelushivajushhie-penki-dlya-umyvaniya","22":"product_tag-ochishhajushhie-penki-dlya-umyvaniya","23":"product_tag-ochishhenie-kozhi","24":"product_tag-rasshirennye-pory","25":"product_tag-tusklyj-cvet-lica","26":"product_tag-chernye-tochki","27":"product_tag-ekstrakt-persika","29":"first","30":"instock","31":"shipping-taxable","32":"purchasable","33":"product-type-simple"},"jetpack_sharing_enabled":true,"_links":{"self":[{"href":"https:\/\/liluilu.ee\/et\/wp-json\/wp\/v2\/product\/17821","targetHints":{"allow":["GET"]}}],"collection":[{"href":"https:\/\/liluilu.ee\/et\/wp-json\/wp\/v2\/product"}],"about":[{"href":"https:\/\/liluilu.ee\/et\/wp-json\/wp\/v2\/types\/product"}],"replies":[{"embeddable":true,"href":"https:\/\/liluilu.ee\/et\/wp-json\/wp\/v2\/comments?post=17821"}],"version-history":[{"count":4,"href":"https:\/\/liluilu.ee\/et\/wp-json\/wp\/v2\/product\/17821\/revisions"}],"predecessor-version":[{"id":18291,"href":"https:\/\/liluilu.ee\/et\/wp-json\/wp\/v2\/product\/17821\/revisions\/18291"}],"wp:featuredmedia":[{"embeddable":true,"href":"https:\/\/liluilu.ee\/et\/wp-json\/wp\/v2\/media\/17823"}],"wp:attachment":[{"href":"https:\/\/liluilu.ee\/et\/wp-json\/wp\/v2\/media?parent=17821"}],"wp:term":[{"taxonomy":"product_brand","embeddable":true,"href":"https:\/\/liluilu.ee\/et\/wp-json\/wp\/v2\/product_brand?post=17821"},{"taxonomy":"product_cat","embeddable":true,"href":"https:\/\/liluilu.ee\/et\/wp-json\/wp\/v2\/product_cat?post=17821"},{"taxonomy":"product_tag","embeddable":true,"href":"https:\/\/liluilu.ee\/et\/wp-json\/wp\/v2\/product_tag?post=17821"}],"curies":[{"name":"t\u00f6\u00f6leht","href":"https:\/\/api.w.org\/{rel}","templated":true}]}}