{"id":17818,"date":"2026-04-24T17:55:56","date_gmt":"2026-04-24T14:55:56","guid":{"rendered":"https:\/\/liluilu.ee\/?post_type=product&#038;p=17818"},"modified":"2026-04-24T17:55:15","modified_gmt":"2026-04-24T14:55:15","slug":"anua-azelaic-acid-cica-skin-soothing-moisturizer","status":"publish","type":"product","link":"https:\/\/liluilu.ee\/et\/anua-azelaic-acid-cica-skin-soothing-moisturizer\/","title":{"rendered":"Niisutav ja rahustav n\u00e4okreem aselaiinhappe ja tsentellaga \u2014 Anua Azelaic Acid Cica Skin Soothing Moisturizer (100 ml)"},"content":{"rendered":"<p><span style=\"font-weight: 400;\">Kerge niisutav ja rahustav kreem 3% aselaiinhappe ja tsentella kompleksiga <\/span><b>Anua Azelaic Acid Cica Skin Soothing Moisturizer<\/b><span style=\"font-weight: 400;\">.\u00a0<\/span><\/p>\n<p><span style=\"font-weight: 400;\">Toode on loodud tundliku ja probleemse naha vajadusi silmas pidades, millel on kalduvus punetusele, p\u00f5letikele ja aknele.<\/span><\/p>\n<p>&nbsp;<\/p>\n<p><b>Omadused ja m\u00f5ju:<\/b><\/p>\n<ul>\n<li style=\"font-weight: 400;\" aria-level=\"1\"><span style=\"font-weight: 400;\">Omab tugevat rahustavat toimet;<\/span><\/li>\n<li style=\"font-weight: 400;\" aria-level=\"1\"><span style=\"font-weight: 400;\">V\u00e4hendab punetust ja \u00fchtlustab tooni<\/span><\/li>\n<li style=\"font-weight: 400;\" aria-level=\"1\"><span style=\"font-weight: 400;\">Leevendab p\u00f5letikke ja aitab vistrike korral;<\/span><\/li>\n<li style=\"font-weight: 400;\" aria-level=\"1\"><span style=\"font-weight: 400;\">Reguleerib rasun\u00e4\u00e4rmete aktiivsust ja v\u00e4hendab rasust l\u00e4iget;<\/span><\/li>\n<li style=\"font-weight: 400;\" aria-level=\"1\"><span style=\"font-weight: 400;\">Niisutab ja toetab naha mugavustunnet;<\/span><\/li>\n<li style=\"font-weight: 400;\" aria-level=\"1\"><span style=\"font-weight: 400;\">Tugevdab kaitsebarj\u00e4\u00e4ri ja v\u00e4hendab reaktiivsust;<\/span><\/li>\n<li style=\"font-weight: 400;\" aria-level=\"1\"><span style=\"font-weight: 400;\">Ei ummista poore ja sobib igap\u00e4evaseks kasutamiseks.<\/span><\/li>\n<\/ul>\n<p>&nbsp;<\/p>\n<p><b>Organoleptilised omadused:<\/b><\/p>\n<p><span style=\"font-weight: 400;\">Kreemil on \u00fclkerge emulsioonne tekstuur, mis imendub kiiresti ning annab v\u00e4rskuse ja mugavuse tunde. J\u00e4tab loomuliku l\u00f5pptulemuse, ilma kleepuvuse v\u00f5i rasuse l\u00e4ike tundeta.\u00a0<\/span><\/p>\n<p><span style=\"font-weight: 400;\">Omab tagasihoidlikku tsitruse-\u00fcrdilist unisex aroomi. Ei rullu maha ja sobib h\u00e4sti SPF-i ja meigiga.<\/span><\/p>\n<p>&nbsp;<\/p>\n<p><b>Sobib<\/b><span style=\"font-weight: 400;\"> kombineeritud, rasusele, probleemsele ja tundlikule nahale. Samuti rosaatseaga nahale.<\/span><\/p>\n<p>&nbsp;<\/p>\n<p>&nbsp;<\/p>\n<h2><i>Anua Azelaic Acid Cica Skin Soothing Moisturizer peamised toimeained:<\/i><\/h2>\n<p><b>Aselaiinhape (3%)<\/b><span style=\"font-weight: 400;\"> \u2014<\/span><span style=\"font-weight: 400;\">\u201ckuldstandard\u201d akne ja rosaatsea nahahoolduses:<\/span><\/p>\n<ul>\n<li style=\"font-weight: 400;\" aria-level=\"1\"><span style=\"font-weight: 400;\">Omab antibakteriaalset toimet ja v\u00e4hendab p\u00f5letikke;<\/span><\/li>\n<li style=\"font-weight: 400;\" aria-level=\"1\"><span style=\"font-weight: 400;\">Takistab aknet p\u00f5hjustavate bakterite kasvu;<\/span><\/li>\n<li style=\"font-weight: 400;\" aria-level=\"1\"><span style=\"font-weight: 400;\">Aitab postinflammatoorse pigmentatsiooni vastu ja \u00fchtlustab nahatooni;<\/span><\/li>\n<li style=\"font-weight: 400;\" aria-level=\"1\"><span style=\"font-weight: 400;\">Muudab naha siledamaks ja rahulikumaks.<\/span><\/li>\n<\/ul>\n<p>&nbsp;<\/p>\n<p><b>Cica<\/b><b> 7 Complex<\/b><span style=\"font-weight: 400;\"> \u2014 mitmetasandiline Aasia tsentella derivaatide kompleks, mis rahustab \u00e4rritunud nahka ja v\u00e4hendab punetust, aitab tugevdada kapillaare ning taastab loomuliku barj\u00e4\u00e4ri. V\u00e4hendab reaktiivsust ja muudab naha v\u00e4hem tundlikuks keskkonnam\u00f5jude suhtes.<\/span><\/p>\n<p>&nbsp;<\/p>\n<p><b>H\u00fcdrol\u00fc\u00fcsitud tsinkh\u00fcaluronaat<\/b><span style=\"font-weight: 400;\"> \u2014 \u201ct\u00e4iustatud\u201d koostisosa, mis \u00fchendab h\u00fcaluroonhappe niisutava toime ja tsingi taastavad omadused. See p\u00e4rsib aknet p\u00f5hjustavate bakterite paljunemist, leevendab punetust ning niisutab s\u00fcgavuti, ennetades \u201ckuivava probleemse naha\u201d efekti.<\/span><span style=\"font-weight: 400;\"><br \/>\n<\/span><span style=\"font-weight: 400;\"><br \/>\n<\/span><b><\/b><\/p>\n<p><b>10 t\u00fc\u00fcpi h\u00fcaluroonhapet<\/b><span style=\"font-weight: 400;\"> \u2014 niisutavad nahka rohkelt, v\u00e4hendavad deh\u00fcdratsiooni ja taastavad veetasakaalu. Toetavad elastsust ja siluvad nahka, muutes selle t\u00e4idlasemaks ja siledamaks.<\/span><\/p>\n<p>&nbsp;<\/p>\n<p>&nbsp;<\/p>\n<h2><i>Soovitame Anua Azelaic Acid Cica Skin Soothing Moisturizer:<\/i><\/h2>\n<ul>\n<li aria-level=\"1\">Igap\u00e4evaseks hoolduseks normaalsele, kombineeritud ja rasusele nahale, mis ei talu raskeid tekstuure;<\/li>\n<li style=\"font-weight: 400;\" aria-level=\"1\"><span style=\"font-weight: 400;\">Probleemse ja tundliku naha hoolduseks, millel on kalduvus punetusele, p\u00f5letikele ja vistrikele;<\/span><\/li>\n<li style=\"font-weight: 400;\" aria-level=\"1\"><span style=\"font-weight: 400;\">Sobib ideaalselt \u00e4genemisperioodidel, kui nahk vajab rahustamist, taastamist ja mugavust ilma \u00fclekoormuseta;<\/span><\/li>\n<li style=\"font-weight: 400;\" aria-level=\"1\"><span style=\"font-weight: 400;\">V\u00f5ib kasutada baasniisutava kreemina hommiku- ja \u00f5htuhoolduses ning koos aknevastaste aktiivainetega.<\/span><\/li>\n<\/ul>\n<p>&nbsp;<\/p>\n<p><b>Parimate tulemuste saavutamiseks kasutage:<\/b><\/p>\n<ul>\n<li style=\"font-weight: 400;\" aria-level=\"1\"><span style=\"font-weight: 400;\">koos<\/span> <span style=\"color: #0000ff;\"><a style=\"color: #0000ff;\" href=\"https:\/\/liluilu.ee\/et\/anua-azelaic-acid-3-cica-skin-clarifying-toner\/\" target=\"_blank\" rel=\"noopener\"><span style=\"font-weight: 400;\">aselaiinhappega toonikuga<\/span><\/a><\/span><span style=\"font-weight: 400;\"> (rasusele ja probleemsele nahale) <\/span><\/li>\n<li style=\"font-weight: 400;\" aria-level=\"1\"><span style=\"font-weight: 400;\">koos <\/span><span style=\"color: #0000ff;\"><a style=\"color: #0000ff;\" href=\"https:\/\/liluilu.ee\/et\/anua-azelaic-acid-10-hyaluron-redness-soothing-pad\/\" target=\"_blank\" rel=\"noopener\"><span style=\"font-weight: 400;\">punetust v\u00e4hendavate aselaiinhappega toonikupadjadega<\/span><\/a><\/span><span style=\"font-weight: 400;\"> (normaalsele, kombineeritud ja tundlikule nahale).<\/span><\/li>\n<\/ul>\n<p>&nbsp;<\/p>\n<p><b>\u00a0<\/b><\/p>\n<p><b>Kuidas kasutada:<\/b><\/p>\n<p><span style=\"font-weight: 400;\">P\u00e4rast puhastamist ja tooniku kasutamist kandke vajalik kogus kreemi n\u00e4ole ja masseerige \u00f5rnalt sisse. Kasutage hommikul ja \u00f5htul nahahoolduse viimase etapina. Tugeva punetuse v\u00f5i kuivuse korral v\u00f5ib kanda lisakihi probleemsetele piirkondadele.<\/span><\/p>\n<p>&nbsp;<\/p>\n<p><b>Netokogus:<\/b><span style=\"font-weight: 400;\"> 100 ml<\/span><\/p>\n<p>&nbsp;<\/p>\n<p><span style=\"font-weight: 400;\">Kui teil on lisak\u00fcsimusi v\u00f5i vajate toote valimisel n\u00f5u, kirjutage meile. Vestlus asub ekraani paremas alanurgas.<\/span><\/p>\n<p>&nbsp;<\/p>\n<p>&nbsp;<\/p>\n<p><a title=\"TARNETINGIMUSED\" href=\"https:\/\/liluilu.ee\/et\/kohaletoimetamine\/\" target=\"_blank\" rel=\"noopener\">TARNETINGIMUSED<\/a><\/p>","protected":false},"excerpt":{"rendered":"<p>\u041b\u0435\u0433\u043a\u0438\u0439 \u0443\u0432\u043b\u0430\u0436\u043d\u044f\u044e\u0449\u0438\u0439 \u0438 \u0443\u0441\u043f\u043e\u043a\u0430\u0438\u0432\u0430\u044e\u0449\u0438\u0439 \u043a\u0440\u0435\u043c \u0441 3% \u0430\u0437\u0435\u043b\u0430\u0438\u043d\u043e\u0432\u043e\u0439 \u043a\u0438\u0441\u043b\u043e\u0442\u043e\u0439 \u0438 \u043a\u043e\u043c\u043f\u043b\u0435\u043a\u0441\u043e\u043c \u0446\u0435\u043d\u0442\u0435\u043b\u043b\u044b Anua Azelaic Acid Cica Skin Soothing Moisturizer.\u00a0 \u0421\u0440\u0435\u0434\u0441\u0442\u0432\u043e \u0441\u043e\u0437\u0434\u0430\u043d\u043e \u0441 \u0437\u0430\u0431\u043e\u0442\u043e\u0439 \u043e \u043f\u043e\u0442\u0440\u0435\u0431\u043d\u043e\u0441\u0442\u044f\u0445 \u0447\u0443\u0432\u0441\u0442\u0432\u0438\u0442\u0435\u043b\u044c\u043d\u043e\u0439 \u0438 \u043f\u0440\u043e\u0431\u043b\u0435\u043c\u043d\u043e\u0439 \u043a\u043e\u0436\u0438, \u0441\u043a\u043b\u043e\u043d\u043d\u043e\u0439 \u043a \u043f\u043e\u043a\u0440\u0430\u0441\u043d\u0435\u043d\u0438\u044f\u043c, \u0432\u043e\u0441\u043f\u0430\u043b\u0435\u043d\u0438\u044f\u043c \u0438 \u0430\u043a\u043d\u0435. &nbsp; \u041e\u0441\u043e\u0431\u0435\u043d\u043d\u043e\u0441\u0442\u0438 \u0438 \u044d\u0444\u0444\u0435\u043a\u0442: \u041e\u0431\u043b\u0430\u0434\u0430\u0435\u0442 \u0432\u044b\u0440\u0430\u0436\u0435\u043d\u043d\u044b\u043c \u0443\u0441\u043f\u043e\u043a\u0430\u0438\u0432\u0430\u044e\u0449\u0438\u043c \u0434\u0435\u0439\u0441\u0442\u0432\u0438\u0435\u043c \u0423\u043c\u0435\u043d\u044c\u0448\u0430\u0435\u0442 \u043f\u043e\u043a\u0440\u0430\u0441\u043d\u0435\u043d\u0438\u0435 \u0438 \u0432\u044b\u0440\u0430\u0432\u043d\u0438\u0432\u0430\u0435\u0442 \u0442\u043e\u043d \u0421\u043d\u0438\u0436\u0430\u0435\u0442 \u0432\u043e\u0441\u043f\u0430\u043b\u0435\u043d\u0438\u044f \u0438 \u043f\u043e\u043c\u043e\u0433\u0430\u0435\u0442 \u043f\u0440\u0438 \u0432\u044b\u0441\u044b\u043f\u0430\u043d\u0438\u044f\u0445 \u0420\u0435\u0433\u0443\u043b\u0438\u0440\u0443\u0435\u0442 [&hellip;]<\/p>","protected":false},"featured_media":17819,"comment_status":"open","ping_status":"closed","template":"","meta":{"_eb_attr":"","jetpack_post_was_ever_published":false,"_joinchat":[]},"product_brand":[811],"product_cat":[646,95],"product_tag":[777,477,269,917,918,579,584,812,644,778,247,413],"class_list":{"0":"post-17818","1":"product","2":"type-product","3":"status-publish","4":"has-post-thumbnail","6":"product_brand-anua","7":"product_cat-anua","8":"product_cat-kremy-emulsii-i-losony-dlya-lica","9":"product_tag-azelainovaya-kislota","10":"product_tag-vysypaniya-i-akne","11":"product_tag-gialuronovaya-kislota","12":"product_tag-gidrolizovannyj-gialuronat-cinka","13":"product_tag-dlya-zhirnoj-i-problemnoj-kozhi","14":"product_tag-zhirnyj-blesk-lica","15":"product_tag-kozha-s-rozacea","16":"product_tag-liniya-anua-azelaic-acid-10-hyaluron-redness-soothing","17":"product_tag-novinki","18":"product_tag-protiv-pokrasnenij","19":"product_tag-centella","20":"product_tag-chuvstvitelnaya-kozha","22":"first","23":"instock","24":"shipping-taxable","25":"purchasable","26":"product-type-simple"},"jetpack_sharing_enabled":true,"_links":{"self":[{"href":"https:\/\/liluilu.ee\/et\/wp-json\/wp\/v2\/product\/17818","targetHints":{"allow":["GET"]}}],"collection":[{"href":"https:\/\/liluilu.ee\/et\/wp-json\/wp\/v2\/product"}],"about":[{"href":"https:\/\/liluilu.ee\/et\/wp-json\/wp\/v2\/types\/product"}],"replies":[{"embeddable":true,"href":"https:\/\/liluilu.ee\/et\/wp-json\/wp\/v2\/comments?post=17818"}],"version-history":[{"count":5,"href":"https:\/\/liluilu.ee\/et\/wp-json\/wp\/v2\/product\/17818\/revisions"}],"predecessor-version":[{"id":18235,"href":"https:\/\/liluilu.ee\/et\/wp-json\/wp\/v2\/product\/17818\/revisions\/18235"}],"wp:featuredmedia":[{"embeddable":true,"href":"https:\/\/liluilu.ee\/et\/wp-json\/wp\/v2\/media\/17819"}],"wp:attachment":[{"href":"https:\/\/liluilu.ee\/et\/wp-json\/wp\/v2\/media?parent=17818"}],"wp:term":[{"taxonomy":"product_brand","embeddable":true,"href":"https:\/\/liluilu.ee\/et\/wp-json\/wp\/v2\/product_brand?post=17818"},{"taxonomy":"product_cat","embeddable":true,"href":"https:\/\/liluilu.ee\/et\/wp-json\/wp\/v2\/product_cat?post=17818"},{"taxonomy":"product_tag","embeddable":true,"href":"https:\/\/liluilu.ee\/et\/wp-json\/wp\/v2\/product_tag?post=17818"}],"curies":[{"name":"t\u00f6\u00f6leht","href":"https:\/\/api.w.org\/{rel}","templated":true}]}}