{"id":17811,"date":"2026-03-23T14:45:19","date_gmt":"2026-03-23T11:45:19","guid":{"rendered":"https:\/\/liluilu.ee\/?post_type=product&#038;p=17811"},"modified":"2026-04-16T16:03:22","modified_gmt":"2026-04-16T13:03:22","slug":"anua-azelaic-acid-3-cica-skin-clarifying-toner","status":"publish","type":"product","link":"https:\/\/liluilu.ee\/et\/anua-azelaic-acid-3-cica-skin-clarifying-toner\/","title":{"rendered":"N\u00e4otooner probleemsele nahale 3% aselaiinhappe ja tsentellaga \u2014 Anua Azelaic Acid 3 Cica Skin Clarifying Toner (250 ml)"},"content":{"rendered":"<p><span style=\"font-weight: 400;\">Tooner <\/span><b>Anua Azelaic Acid 3 Cica Skin Clarifying Toner <\/b><span style=\"font-weight: 400;\">on t\u00f5hus lahendus neile, kes v\u00f5itlevad rasuse l\u00e4ike, laienenud pooride, akne ja aknej\u00e4rgsete probleemidega.<\/span><\/p>\n<p>&nbsp;<\/p>\n<p><span style=\"font-weight: 400;\">See toode v\u00e4hendab rasueritust, ahendab poore ja ennetab mustpeade teket. See toimib suurep\u00e4raselt aeg-ajalt esinevate vistrike ja v\u00e4iksemate p\u00f5letike korral, ennetades nende arenemist suuremateks probleemideks.<\/span><\/p>\n<p>&nbsp;<\/p>\n<p><span style=\"font-weight: 400;\">Rahustab \u00e4rritunud nahka ja v\u00e4hendab punetust. Heledab aknej\u00e4rgseid plekke ja \u00fchtlustab nahatooni. Tootel on kerge kooriv toime ja see poleerib nahka \u00f5rnalt p\u00e4evast p\u00e4eva, j\u00e4ttes naha siledaks ja terve v\u00e4limusega.<\/span><\/p>\n<p>&nbsp;<\/p>\n<p><span style=\"font-weight: 400;\">Sellel toonikul on vesine, \u00fclikerge tekstuur ja \u00f5rn \u00fcrdiaroom. See imendub koheselt, j\u00e4ttes naha v\u00e4rskeks, ideaalselt puhtaks ja hingavaks.<\/span><\/p>\n<p>&nbsp;<\/p>\n<p><span style=\"font-weight: 400;\">Sobib igap\u00e4evaseks, hommikuseks ja \u00f5htuseks hoolduseks.<\/span><\/p>\n<p>&nbsp;<\/p>\n<p><span style=\"font-weight: 400;\">Soovitatav kombineeritud, rasusele ja probleemsele nahale.<\/span><\/p>\n<p>&nbsp;<\/p>\n<p>&nbsp;<\/p>\n<h2><i>Anua Azelaic Acid 3 Cica Skin Clarifying Toner peamised toimeained:<\/i><\/h2>\n<p><b>Aselaiinhape 3%<\/b><span style=\"font-weight: 400;\"> \u2014 probleemse naha \u00abkuldstandard\u00bb. Sellel on v\u00f5imas antibakteriaalne toime, mis hoiab \u00e4ra uute vistrike ja mustpeade tekkimise. See korrigeerib t\u00f5husalt nahatooni, k\u00f5rvaldades punetust ja varasema p\u00f5letiku j\u00e4lgi.<\/span><\/p>\n<p>&nbsp;<\/p>\n<p><b>Kompleks 3 Cica (Centella ja selle derivaadid)<\/b><span style=\"font-weight: 400;\"> \u2014 toimib p\u00f5letiku kustutajana. See leevendab kiiresti s\u00fcgelust, ravib kahjustusi ja tugevdab naha loomulikku kaitsekihti, aidates sel kiiremini taastuda.<\/span><\/p>\n<p>&nbsp;<\/p>\n<p><b>Gl\u00fcts\u00fcrritsiinhape (lagritsajuure ekstrakt)<\/b><span style=\"font-weight: 400;\"> \u2014 looduslik antiseptik, millel on tugev p\u00f5letikuvastane toime. See v\u00e4hendab naha reaktsiooniv\u00f5imet, punetust ja heledab \u00f5rnalt \u00fcldist jumet.<\/span><\/p>\n<p>&nbsp;<\/p>\n<p><b>Kombineeritud happed (BHA + AHA + merevaikhape)<\/b><span style=\"font-weight: 400;\"> \u2014 toimib igal tasandil: salits\u00fc\u00fclhape (BHA) puhastab poore seestpoolt, gl\u00fckoolhape (AHA) poleerib pinda ja merevaikhape v\u00e4hendab p\u00f5letiku ja mustpeade tekkimise ohtu ning toetab naha uuenemist.<\/span><\/p>\n<p>&nbsp;<\/p>\n<p><b>Tsink (Zinc PCA)<\/b><span style=\"font-weight: 400;\"> \u2014 oluline liitlane v\u00f5itluses mati jume eest. See p\u00e4rsib rasueritust p\u00f5hjustavate ens\u00fc\u00fcmide aktiivsust, kuivatab aktiivset p\u00f5letikku ja ahendab poore.<\/span><\/p>\n<p>&nbsp;<\/p>\n<p><b>Taastav kompleks (ektoiin + keramiidid + skvalaan) <\/b><span style=\"font-weight: 400;\">\u2014 naha kaitsev \"kookon\". Ektoiin kaitseb rakke stressi eest, keramiidid taastavad lipiidkihi ja skvalaan hoiab \u00e4ra niiskusekaotuse, pehmendades aktiivhapete toimet.<\/span><\/p>\n<p>&nbsp;<\/p>\n<p><b>Teepuu ja rosmariini ekstraktid<\/b><span style=\"font-weight: 400;\"> \u2014 pakuvad v\u00f5imsat antiseptilist tuge, takistavad bakterite kasvu poorides ja j\u00e4tavad naha v\u00e4rskeks.<\/span><\/p>\n<p>&nbsp;<\/p>\n<p><b>Pantenool ja allantoiin<\/b><span style=\"font-weight: 400;\"> - rahustavad ja pehmendavad koheselt, leevendavad pingulolekut ja kiirendavad kudede taastumist.<\/span><\/p>\n<p>&nbsp;<\/p>\n<p>&nbsp;<\/p>\n<h2><i>Soovitame Anua Azelaic Acid 3 Cica Skin Clarifying Toner, kui:<\/i><\/h2>\n<ul>\n<li style=\"font-weight: 400;\" aria-level=\"1\"><b>Teil on rasune, probleemne v\u00f5i kombineeritud nahk<\/b><span style=\"font-weight: 400;\">, mis kaldub liigsele l\u00e4ikele;<\/span><\/li>\n<li style=\"font-weight: 400;\" aria-level=\"1\"><b>Teid h\u00e4irivad perioodilised l\u00f6\u00f6bed <\/b><span style=\"font-weight: 400;\">ja p\u00f5letikud;<\/span><\/li>\n<li style=\"font-weight: 400;\" aria-level=\"1\"><b>Teil esineb aknej\u00e4rgseid, punaseid v\u00f5i seisvaid laike, <\/b><span style=\"font-weight: 400;\">eba\u00fchtlane toon ja tuhm jume;\u00a0<\/span><\/li>\n<li style=\"font-weight: 400;\" aria-level=\"1\"><b>Suurenenud poorid<\/b><span style=\"font-weight: 400;\">, mis kiiresti ummistuvad ja moodustavad <\/span><b>mustpead<\/b><span style=\"font-weight: 400;\">;<\/span><\/li>\n<li style=\"font-weight: 400;\" aria-level=\"1\"><b>Naha tekstuur tundub eba\u00fchtlane ja teraline<\/b>;<\/li>\n<li style=\"font-weight: 400;\" aria-level=\"1\"><span style=\"font-weight: 400;\"><strong>Teile meeldivad kerged tekstuurid<\/strong>, mis imenduvad koheselt ja lasevad nahal &quot;hingata&quot;.<\/span><\/li>\n<\/ul>\n<p>&nbsp;<\/p>\n<p>&nbsp;<\/p>\n<p><b>\u00a0<\/b><\/p>\n<p><b>Kuidas kasutada:<\/b><\/p>\n<p><span style=\"font-weight: 400;\">Kandke soovitud kogus toonikut puhastatud nahale vatipadjakestega v\u00f5i otse peopesalt, v\u00e4ltides silma- ja huulepiirkonda. Hajutage toode laiali ja aidake tootel kergete patsutustega imenduda.\u00a0<\/span><\/p>\n<p>&nbsp;<\/p>\n<p>&nbsp;<\/p>\n<p><b>Netokogus:<\/b><span style=\"font-weight: 400;\"> 250 ml<\/span><\/p>\n<p>&nbsp;<\/p>\n<p>&nbsp;<\/p>\n<p><span style=\"font-weight: 400;\">Kui teil on lisak\u00fcsimusi v\u00f5i vajate toote valimisel n\u00f5u, kirjutage meile. Vestlus asub ekraani paremas alanurgas.<\/span><\/p>\n<p>&nbsp;<\/p>\n<p>&nbsp;<\/p>\n<p><a title=\"TARNETINGIMUSED\" href=\"https:\/\/liluilu.ee\/et\/kohaletoimetamine\/\" target=\"_blank\" rel=\"noopener\">TARNETINGIMUSED<\/a><\/p>","protected":false},"excerpt":{"rendered":"<p>\u0422\u043e\u043d\u0435\u0440 Anua Azelaic Acid 3 Cica Skin Clarifying Toner \u2014 \u044d\u0442\u043e \u044d\u0444\u0444\u0435\u043a\u0442\u0438\u0432\u043d\u043e\u0435 \u0440\u0435\u0448\u0435\u043d\u0438\u0435 \u0434\u043b\u044f \u0442\u0435\u0445, \u043a\u0442\u043e \u0431\u043e\u0440\u0435\u0442\u0441\u044f \u0441 \u0436\u0438\u0440\u043d\u044b\u043c \u0431\u043b\u0435\u0441\u043a\u043e\u043c, \u0440\u0430\u0441\u0448\u0438\u0440\u0435\u043d\u043d\u044b\u043c\u0438 \u043f\u043e\u0440\u0430\u043c\u0438, \u0430\u043a\u043d\u0435 \u0438 \u043f\u043e\u0441\u0442\u0430\u043a\u043d\u0435. &nbsp; \u0421\u0440\u0435\u0434\u0441\u0442\u0432\u043e \u0443\u043c\u0435\u043d\u044c\u0448\u0430\u0435\u0442 \u0432\u044b\u0440\u0430\u0431\u043e\u0442\u043a\u0443 \u0441\u0435\u0431\u0443\u043c\u0430, \u0441\u0443\u0436\u0430\u0435\u0442 \u043f\u043e\u0440\u044b \u0438 \u043f\u0440\u0435\u043f\u044f\u0442\u0441\u0442\u0432\u0443\u0435\u0442 \u043e\u0431\u0440\u0430\u0437\u043e\u0432\u0430\u043d\u0438\u044e \u0447\u0435\u0440\u043d\u044b\u0445 \u0442\u043e\u0447\u0435\u043a. \u041e\u0442\u043b\u0438\u0447\u043d\u043e \u0440\u0430\u0431\u043e\u0442\u0430\u0435\u0442 \u0441 \u00ab\u043f\u0435\u0440\u0438\u043e\u0434\u0438\u0447\u0435\u0441\u043a\u0438\u043c\u0438\u00bb \u0432\u044b\u0441\u044b\u043f\u0430\u043d\u0438\u044f\u043c\u0438 \u0438 \u043c\u0435\u043b\u043a\u0438\u043c\u0438 \u0432\u043e\u0441\u043f\u0430\u043b\u0435\u043d\u0438\u044f\u043c\u0438, \u043d\u0435 \u0434\u0430\u0432\u0430\u044f \u0438\u043c \u0440\u0430\u0437\u0440\u0430\u0441\u0442\u0438\u0441\u044c \u0432 \u043e\u0433\u0440\u043e\u043c\u043d\u0443\u044e \u043f\u0440\u043e\u0431\u043b\u0435\u043c\u0443. &nbsp; \u0423\u0441\u043f\u043e\u043a\u0430\u0438\u0432\u0430\u0435\u0442 \u0440\u0430\u0437\u0434\u0440\u0430\u0436\u0435\u043d\u043d\u0443\u044e [&hellip;]<\/p>","protected":false},"featured_media":17812,"comment_status":"open","ping_status":"closed","template":"","meta":{"_eb_attr":"","jetpack_post_was_ever_published":false,"_joinchat":[]},"product_brand":[811],"product_cat":[646,217],"product_tag":[777,477,875,415,579,473,911,644,479,725,523,247,475],"class_list":{"0":"post-17811","1":"product","2":"type-product","3":"status-publish","4":"has-post-thumbnail","6":"product_brand-anua","7":"product_cat-anua","8":"product_cat-tonery","9":"product_tag-azelainovaya-kislota","10":"product_tag-vysypaniya-i-akne","11":"product_tag-dlya-problemnoj-kozhi","12":"product_tag-zhirnaya-kozha","13":"product_tag-zhirnyj-blesk-lica","14":"product_tag-zabitye-pory","15":"product_tag-matirujushhij-effekt","16":"product_tag-novinki","17":"product_tag-otshelushivanie","18":"product_tag-otshelushivajushhij-toner","19":"product_tag-tonery-s-kislotami","20":"product_tag-centella","21":"product_tag-chernye-tochki","23":"first","24":"instock","25":"shipping-taxable","26":"purchasable","27":"product-type-simple"},"jetpack_sharing_enabled":true,"_links":{"self":[{"href":"https:\/\/liluilu.ee\/et\/wp-json\/wp\/v2\/product\/17811","targetHints":{"allow":["GET"]}}],"collection":[{"href":"https:\/\/liluilu.ee\/et\/wp-json\/wp\/v2\/product"}],"about":[{"href":"https:\/\/liluilu.ee\/et\/wp-json\/wp\/v2\/types\/product"}],"replies":[{"embeddable":true,"href":"https:\/\/liluilu.ee\/et\/wp-json\/wp\/v2\/comments?post=17811"}],"version-history":[{"count":7,"href":"https:\/\/liluilu.ee\/et\/wp-json\/wp\/v2\/product\/17811\/revisions"}],"predecessor-version":[{"id":18125,"href":"https:\/\/liluilu.ee\/et\/wp-json\/wp\/v2\/product\/17811\/revisions\/18125"}],"wp:featuredmedia":[{"embeddable":true,"href":"https:\/\/liluilu.ee\/et\/wp-json\/wp\/v2\/media\/17812"}],"wp:attachment":[{"href":"https:\/\/liluilu.ee\/et\/wp-json\/wp\/v2\/media?parent=17811"}],"wp:term":[{"taxonomy":"product_brand","embeddable":true,"href":"https:\/\/liluilu.ee\/et\/wp-json\/wp\/v2\/product_brand?post=17811"},{"taxonomy":"product_cat","embeddable":true,"href":"https:\/\/liluilu.ee\/et\/wp-json\/wp\/v2\/product_cat?post=17811"},{"taxonomy":"product_tag","embeddable":true,"href":"https:\/\/liluilu.ee\/et\/wp-json\/wp\/v2\/product_tag?post=17811"}],"curies":[{"name":"t\u00f6\u00f6leht","href":"https:\/\/api.w.org\/{rel}","templated":true}]}}