{"id":17804,"date":"2026-03-23T14:33:31","date_gmt":"2026-03-23T11:33:31","guid":{"rendered":"https:\/\/liluilu.ee\/?post_type=product&#038;p=17804"},"modified":"2026-04-14T15:27:06","modified_gmt":"2026-04-14T12:27:06","slug":"anua-retinol-0-3-niacin-renewing-serum","status":"publish","type":"product","link":"https:\/\/liluilu.ee\/et\/anua-retinol-0-3-niacin-renewing-serum\/","title":{"rendered":"Uuendav n\u00e4oseerum retinooli ja niatsiinamiidiga \u2014 Anua Retinol 0.3 Niacin Renewing Serum (30 ml)"},"content":{"rendered":"<p><span style=\"font-weight: 400;\">Uuendav n\u00e4oseerum<\/span><b> Anua Retinol 0.3 Niacin Renewing Serum<\/b><span style=\"font-weight: 400;\"> \u2014 on multifunktsionaalne lahendus naha t\u00e4ielikuks uuendamiseks: see tegeleb samaaegselt vananemisilmingutega, pigmentatsiooniga, laienenud pooride ja tekstuuriga, pakkudes siledat nahka ja veatult \u00fchtlast tooni.<\/span><\/p>\n<p>&nbsp;<\/p>\n<p><b>Anua Retinol 0.3 Niacin Renewing Serum:<\/b><\/p>\n<p>&nbsp;<\/p>\n<ul>\n<li style=\"font-weight: 400;\" aria-level=\"1\"><span style=\"font-weight: 400;\">V\u00e4hendab peente joonte ja kortsude n\u00e4htavust;<\/span><\/li>\n<li style=\"font-weight: 400;\" aria-level=\"1\"><span style=\"font-weight: 400;\">Parandab tihedust, elastsust ja tugevust;<\/span><\/li>\n<li style=\"font-weight: 400;\" aria-level=\"1\"><span style=\"font-weight: 400;\">Heledab \u00f5rnalt pigmentatsiooni ja aknej\u00e4rgseid laike;<\/span><\/li>\n<li style=\"font-weight: 400;\" aria-level=\"1\"><span style=\"font-weight: 400;\">Ahendab poore ja reguleerib rasueritust;<\/span><\/li>\n<li style=\"font-weight: 400;\" aria-level=\"1\"><span style=\"font-weight: 400;\">K\u00f5rvaldab tuhmuse ja parandab jumet.<\/span><\/li>\n<\/ul>\n<p>&nbsp;<\/p>\n<p><span style=\"font-weight: 400;\">Seerumi peamine omadus on selle patenteeritud kompleks.<\/span><b> Anua Retinol\u2122 0.3%<\/b><span style=\"font-weight: 400;\">, mis koosneb <\/span><b>puhtast retinoolist (0,11%)<\/b><span style=\"font-weight: 400;\">. Spetsiaalsetesse liposoomkapslitesse kapseldatud liposoomne retinool tungib nahka s\u00fcgavamale kui tavaline retinool, imendub paremini ja minimeerib \u00e4rrituse ohtu, mist\u00f5ttu sobib see isegi tundlikule nahale.<\/span><\/p>\n<p>&nbsp;<\/p>\n<p><span style=\"font-weight: 400;\">Retinooli toimet tugevdavad 5% niatsiinamiid, 8 peptiidist koosnev kompleks ja \u00f5rn LHA, et saavutada t\u00e4iuslik toon ja tekstuur. Samal ajal rahustab taastav koostis tseramiidide, f\u00fctosteroolide ja pantenooliga koheselt nahka ja kaitseb selle loomulikku kaitsekihti.<\/span><\/p>\n<p>&nbsp;<\/p>\n<p><span style=\"font-weight: 400;\">Seerumil on pehme kollane toon, peen teepuu nootidega aroom ja meeldiv kerge kosmeetilise piima tekstuur.<\/span><\/p>\n<p>&nbsp;<\/p>\n<p><span style=\"font-weight: 400;\">See toode on m\u00f5eldud \u00f5htuseks kasutamiseks ja sobib igale nahat\u00fc\u00fcbile.<\/span><\/p>\n<p>&nbsp;<\/p>\n<p>&nbsp;<\/p>\n<h2><i>Anua Retinol 0.3 Niacin Renewing Serum&#039;i peamised toimeained:<\/i><\/h2>\n<p><b>Liposoomne retinool 0.11% <\/b><span style=\"font-weight: 400;\">\u2014 k\u00e4ivitab v\u00f5imsa rakkude uuenemisprotsessi, stimuleerib kollageeni s\u00fcnteesi ja silub kortse, toimides t\u00e4nu kapseldatud vormile v\u00f5imalikult \u00f5rnalt.<\/span><\/p>\n<p>&nbsp;<\/p>\n<p><b>Niatsiinamiid 5% <\/b><span style=\"font-weight: 400;\">\u2014 m\u00f5jutab t\u00f5husalt nahatooni ja tekstuuri: heledab aknej\u00e4rgseid laike ja pigmentatsiooni, ennetab uute laikude teket, reguleerib rasueritust, ahendab poore ja tugevdab loomulikku kaitsebarj\u00e4\u00e4ri.\u00a0<\/span><\/p>\n<p>&nbsp;<\/p>\n<p><b>Peptiidikompleks\u00a0 <\/b><span style=\"font-weight: 400;\">\u2014 toimib &quot;arhitektina&quot;, taastades naha raamistiku struktuuri. Annab v\u00e4ljendunud liftinguefekti, muutes naha pringimaks, tihedamaks ja elastsemaks.<\/span><\/p>\n<p>&nbsp;<\/p>\n<p><b>5 t\u00fc\u00fcpi keramiide + skvalaan + f\u00fctosteroolid\u00a0 <\/b><span style=\"font-weight: 400;\">\u2014 integreeruvad naha sarvkihti ja taastavad loomuliku kaitsebarj\u00e4\u00e4ri. Need s\u00e4ilitavad niiskuse, k\u00f5rvaldavad ketenduse ja kuivuse ning aitavad nahal retinooli m\u00f5just kiiremini taastuda.<\/span><\/p>\n<p>&nbsp;<\/p>\n<p><b>Pantenool + allantoiin + guaiasuleen\u00a0 <\/b><span style=\"font-weight: 400;\">\u2014 ainulaadne kombinatsioon, mis rahustab nahka koheselt, v\u00e4hendab punetust ja \u00abretinooli stressi\u00bb, pakkudes absoluutset mugavust.<\/span><\/p>\n<p>&nbsp;<\/p>\n<p><b>LHA-hape\u00a0 <\/b><span style=\"font-weight: 400;\">\u2014 salits\u00fc\u00fclhappe k\u00f5ige leebem derivaat, mis poleerib \u00f5rnalt pinda ja puhastab poore, j\u00e4ttes naha peegelsiledaks ilma \u00e4rrituse riskita.<\/span><\/p>\n<p>&nbsp;<\/p>\n<p>&nbsp;<\/p>\n<h2><i>Soovitame Anua Retinol 0.3 Niacin Renewing seerumit, kui:<\/i><\/h2>\n<ul>\n<li style=\"font-weight: 400;\" aria-level=\"1\"><b>Vanusega seotud muutused ilmnevad:<\/b><span style=\"font-weight: 400;\"> peened jooned, kortsud v\u00f5i toonuse kadu;<\/span><\/li>\n<li style=\"font-weight: 400;\" aria-level=\"1\"><b>Eba\u00fchtlane tekstuur:<\/b><span style=\"font-weight: 400;\"> laienenud poorid, suletud komedoonid v\u00f5i krobeline nahk;<\/span><\/li>\n<li style=\"font-weight: 400;\" aria-level=\"1\"><b>Probleemne nahk ja aknej\u00e4rgne seisund:<\/b><span style=\"font-weight: 400;\"> p\u00f5letiku j\u00e4lgede olemasolu, kalduvus rasusele T-tsoonis ja seisvad laigud;<\/span><\/li>\n<li style=\"font-weight: 400;\" aria-level=\"1\"><b>Pigmentatsioon:<\/b><span style=\"font-weight: 400;\"> eba\u00fchtlane jume, tuhmus ja soovimatu pigmentatsioon;<\/span><\/li>\n<li style=\"font-weight: 400;\" aria-level=\"1\"><b>\u00abV\u00e4sinud\u00bb nahk:<\/b><span style=\"font-weight: 400;\"> s\u00e4ra kadu, tiheduse ja elastsuse v\u00e4henemine;<\/span><\/li>\n<li style=\"font-weight: 400;\" aria-level=\"1\"><b>Tundlikkus tavalise retinooli suhtes:<\/b><span style=\"font-weight: 400;\"> kui soovid aktiivainetega tutvust teha, aga kardad agressiivset reaktsiooni ja kestendust.<\/span><\/li>\n<\/ul>\n<p>&nbsp;<\/p>\n<p>&nbsp;<\/p>\n<h2><i>Kui kasutate retinoolitooteid esimest korda:<\/i><\/h2>\n<p><span style=\"font-weight: 400;\">Kui kasutate retinooli esimest korda v\u00f5i p\u00e4rast pikka pausi, vajab teie nahk kohanemiseks aega. See protsess v\u00f5tab keskmiselt<\/span><b> 2-3 n\u00e4dalat<\/b><span style=\"font-weight: 400;\">. Selle aja jooksul on v\u00f5imalikud ajutised reaktsioonid: kerge kipitus, punetus v\u00f5i kestendus - see on normaalne uuenemisprotsess.<\/span><\/p>\n<p>&nbsp;<\/p>\n<p><b>Oluline on j\u00e4rgida m\u00f5nda reeglit:<\/b><\/p>\n<ul>\n<li style=\"font-weight: 400;\" aria-level=\"1\"><b>Kasutage retinooli sisaldavat toodet \u00fclep\u00e4eviti.<\/b><span style=\"font-weight: 400;\"> Isegi kui teie nahk on retinoolile h\u00e4sti reageerinud ja esmakordsel kasutamisel ei esinenud k\u00f5rvaltoimeid, v\u00f5ite seerumit p\u00e4rast naha harjumist iga p\u00e4ev kasutada.<\/span><\/li>\n<li style=\"font-weight: 400;\" aria-level=\"1\"><span style=\"font-weight: 400;\">Kasutage retinooli sisaldavat toodet <\/span><b>\u00f5htuses hoolduses<\/b><span style=\"font-weight: 400;\">.<\/span><\/li>\n<li style=\"font-weight: 400;\" aria-level=\"1\"><span style=\"font-weight: 400;\">Alustage <\/span><b>v\u00e4ikese koguse seerumiga<\/b><span style=\"font-weight: 400;\"> iga pealekandmise kohta ja suurendage j\u00e4rk-j\u00e4rgult, vastavalt naha taluvusele.<\/span><\/li>\n<li style=\"font-weight: 400;\" aria-level=\"1\"><b>Kuiva naha reegel: <\/b><span style=\"font-weight: 400;\">Enne seerumi pealekandmist toonitage nahka ja oota, kuni see kuivab.\u00a0<\/span><\/li>\n<li style=\"font-weight: 400;\" aria-level=\"1\"><span style=\"font-weight: 400;\">P\u00e4rast imendumist <\/span><b>Kasutage peale niisutavat kreemi<\/b><span style=\"font-weight: 400;\"> - see loob kaitsebarj\u00e4\u00e4ri ja v\u00e4hendab tundlikkust.<\/span><\/li>\n<li style=\"font-weight: 400;\" aria-level=\"1\"><span style=\"font-weight: 400;\">Kasutage p\u00e4evasel ajal <\/span><span style=\"color: #0000ff;\"><a style=\"color: #0000ff;\" href=\"https:\/\/liluilu.ee\/et\/paikesekaitsekreemid\/\" target=\"_blank\" rel=\"noopener\"><span style=\"font-weight: 400;\">p\u00e4ikesekaitsekreemi<\/span><\/a><\/span><span style=\"font-weight: 400;\">.<\/span><\/li>\n<\/ul>\n<p>&nbsp;<\/p>\n<p><b>Millega ei tohiks kombineerida?<\/b><\/p>\n<p><span style=\"font-weight: 400;\">P\u00f5letuse ja \u00e4rrituse v\u00e4ltimiseks \u00e4rge kasutage seerumit samas rutiinis koos:<\/span><\/p>\n<ul>\n<li style=\"font-weight: 400;\" aria-level=\"1\"><span style=\"font-weight: 400;\">Happekoorimised (AHA, BHA);<\/span><\/li>\n<li style=\"font-weight: 400;\" aria-level=\"1\"><span style=\"font-weight: 400;\">Tooted, millel on k\u00f5rge C-vitamiini kontsentratsioon;<\/span><\/li>\n<li style=\"font-weight: 400;\" aria-level=\"1\"><span style=\"font-weight: 400;\">Koorijad ja muud agressiivsed ained.<\/span><\/li>\n<\/ul>\n<p><b>Vastun\u00e4idustused:<\/b><span style=\"font-weight: 400;\"> Ei ole soovitatav kasutada raseduse ja imetamise ajal.<\/span><\/p>\n<p>&nbsp;<\/p>\n<p>&nbsp;<\/p>\n<p><b>Kuidas kasutada:<\/b><\/p>\n<p><span style=\"font-weight: 400;\">\u00d5htul kandke v\u00e4ike kogus seerumit (1\u20132 pumpamist) eelnevalt puhastatud ja toniseeritud <\/span><b>kuivale<\/b><span style=\"font-weight: 400;\"> nahale. Kandke \u00fchtlaselt n\u00e4ole, v\u00e4ltides silma- ja huulepiirkonda. P\u00e4rast toote t\u00e4ielikku imendumist (10\u201315 minuti p\u00e4rast) kandke kindlasti peale niisutavat kreemi. Kasutage igas hooldusrutiinis ainult \u00fchte retinooli sisaldavat toodet.\u00a0<\/span><\/p>\n<p>&nbsp;<\/p>\n<p><b>Netokogus:<\/b><span style=\"font-weight: 400;\"> 30 ml<\/span><\/p>\n<p>&nbsp;<\/p>\n<p>&nbsp;<\/p>\n<p><span style=\"font-weight: 400;\">Kui teil on lisak\u00fcsimusi v\u00f5i vajate toote valimisel n\u00f5u, kirjutage meile. Vestlus asub ekraani paremas alanurgas.<\/span><\/p>\n<p>&nbsp;<\/p>\n<p>&nbsp;<\/p>\n<p><a title=\"TARNETINGIMUSED\" href=\"https:\/\/liluilu.ee\/et\/kohaletoimetamine\/\" target=\"_blank\" rel=\"noopener\">TARNETINGIMUSED<\/a><\/p>","protected":false},"excerpt":{"rendered":"<p>\u041e\u0431\u043d\u043e\u0432\u043b\u044f\u044e\u0449\u0430\u044f \u0441\u044b\u0432\u043e\u0440\u043e\u0442\u043a\u0430 Anua Retinol 0.3 Niacin Renewing Serum \u2014 \u044d\u0442\u043e \u043c\u0443\u043b\u044c\u0442\u0438\u0444\u0443\u043d\u043a\u0446\u0438\u043e\u043d\u0430\u043b\u044c\u043d\u043e\u0435 \u0440\u0435\u0448\u0435\u043d\u0438\u0435 \u0434\u043b\u044f \u0442\u043e\u0442\u0430\u043b\u044c\u043d\u043e\u0433\u043e \u043e\u0431\u043d\u043e\u0432\u043b\u0435\u043d\u0438\u044f \u043a\u043e\u0436\u0438: \u043e\u043d\u0430 \u043e\u0434\u043d\u043e\u0432\u0440\u0435\u043c\u0435\u043d\u043d\u043e \u0440\u0430\u0431\u043e\u0442\u0430\u0435\u0442 \u0441 \u0432\u043e\u0437\u0440\u0430\u0441\u0442\u043d\u044b\u043c\u0438 \u0438\u0437\u043c\u0435\u043d\u0435\u043d\u0438\u044f\u043c\u0438, \u043f\u0438\u0433\u043c\u0435\u043d\u0442\u0430\u0446\u0438\u0435\u0439, \u0440\u0430\u0441\u0448\u0438\u0440\u0435\u043d\u043d\u044b\u043c\u0438 \u043f\u043e\u0440\u0430\u043c\u0438 \u0438 \u0442\u0435\u043a\u0441\u0442\u0443\u0440\u043e\u0439, \u043e\u0431\u0435\u0441\u043f\u0435\u0447\u0438\u0432\u0430\u044f \u0433\u043b\u0430\u0434\u043a\u0443\u044e \u043a\u043e\u0436\u0443 \u0438 \u0431\u0435\u0437\u0443\u043f\u0440\u0435\u0447\u043d\u043e \u0440\u043e\u0432\u043d\u044b\u0439 \u0442\u043e\u043d. &nbsp; Anua Retinol 0.3 Niacin Renewing Serum: &nbsp; \u0423\u043c\u0435\u043d\u044c\u0448\u0430\u0435\u0442 \u0432\u0438\u0434\u0438\u043c\u043e\u0441\u0442\u044c \u0442\u043e\u043d\u043a\u0438\u0445 \u043b\u0438\u043d\u0438\u0439 \u0438 \u043c\u043e\u0440\u0449\u0438\u043d; \u0423\u043b\u0443\u0447\u0448\u0430\u0435\u0442 \u043f\u043b\u043e\u0442\u043d\u043e\u0441\u0442\u044c, \u044d\u043b\u0430\u0441\u0442\u0438\u0447\u043d\u043e\u0441\u0442\u044c \u0438 \u0443\u043f\u0440\u0443\u0433\u043e\u0441\u0442\u044c; \u041c\u044f\u0433\u043a\u043e \u043e\u0441\u0432\u0435\u0442\u043b\u044f\u0435\u0442 [&hellip;]<\/p>","protected":false},"featured_media":17805,"comment_status":"open","ping_status":"closed","template":"","meta":{"_eb_attr":"","jetpack_post_was_ever_published":false,"_joinchat":[]},"product_brand":[811],"product_cat":[646,226],"product_tag":[734,838,882,687,837,658,465,433,253,644,824,804,487,431,732,489],"class_list":{"0":"post-17804","1":"product","2":"type-product","3":"status-publish","4":"has-post-thumbnail","6":"product_brand-anua","7":"product_cat-anua","8":"product_cat-serumy","9":"product_tag-slow-aging","10":"product_tag-dlya-gladkoj-tekstury-kozhi","11":"product_tag-dlya-osvetleniya-pigmentacii-i-postakne","12":"product_tag-dlya-siyaniya-kozhi","13":"product_tag-kosmetika-s-retinolom","14":"product_tag-liposomalnaya-tehnologiya-dostavki-aktivov","15":"product_tag-lifting","16":"product_tag-nerovnyj-ton-kozhi","17":"product_tag-niacinamid","18":"product_tag-novinki","19":"product_tag-omolozhenie","20":"product_tag-podtyagivajushhaya-syvorotka","21":"product_tag-protiv-morshhin","22":"product_tag-rasshirennye-pory","23":"product_tag-retinol","24":"product_tag-elastichnost-i-uprugost","26":"first","27":"instock","28":"shipping-taxable","29":"purchasable","30":"product-type-simple"},"jetpack_sharing_enabled":true,"_links":{"self":[{"href":"https:\/\/liluilu.ee\/et\/wp-json\/wp\/v2\/product\/17804","targetHints":{"allow":["GET"]}}],"collection":[{"href":"https:\/\/liluilu.ee\/et\/wp-json\/wp\/v2\/product"}],"about":[{"href":"https:\/\/liluilu.ee\/et\/wp-json\/wp\/v2\/types\/product"}],"replies":[{"embeddable":true,"href":"https:\/\/liluilu.ee\/et\/wp-json\/wp\/v2\/comments?post=17804"}],"version-history":[{"count":5,"href":"https:\/\/liluilu.ee\/et\/wp-json\/wp\/v2\/product\/17804\/revisions"}],"predecessor-version":[{"id":18100,"href":"https:\/\/liluilu.ee\/et\/wp-json\/wp\/v2\/product\/17804\/revisions\/18100"}],"wp:featuredmedia":[{"embeddable":true,"href":"https:\/\/liluilu.ee\/et\/wp-json\/wp\/v2\/media\/17805"}],"wp:attachment":[{"href":"https:\/\/liluilu.ee\/et\/wp-json\/wp\/v2\/media?parent=17804"}],"wp:term":[{"taxonomy":"product_brand","embeddable":true,"href":"https:\/\/liluilu.ee\/et\/wp-json\/wp\/v2\/product_brand?post=17804"},{"taxonomy":"product_cat","embeddable":true,"href":"https:\/\/liluilu.ee\/et\/wp-json\/wp\/v2\/product_cat?post=17804"},{"taxonomy":"product_tag","embeddable":true,"href":"https:\/\/liluilu.ee\/et\/wp-json\/wp\/v2\/product_tag?post=17804"}],"curies":[{"name":"t\u00f6\u00f6leht","href":"https:\/\/api.w.org\/{rel}","templated":true}]}}