{"id":17790,"date":"2026-03-23T14:13:39","date_gmt":"2026-03-23T11:13:39","guid":{"rendered":"https:\/\/liluilu.ee\/?post_type=product&#038;p=17790"},"modified":"2026-04-08T16:57:31","modified_gmt":"2026-04-08T13:57:31","slug":"anua-pdrn-hyaluronic-acid-hydrating-capsule-mist","status":"publish","type":"product","link":"https:\/\/liluilu.ee\/et\/anua-pdrn-hyaluronic-acid-hydrating-capsule-mist\/","title":{"rendered":"PDRN-i ja h\u00fcaluroonhappega niisutav kapsel-n\u00e4osprei \u2014 Anua PDRN Hyaluronic Acid Hydrating Capsule Mist (100 ml)"},"content":{"rendered":"<p><span style=\"font-weight: 400;\">Kapsel-n\u00e4osprei <\/span><b>Anua PDRN Hyaluronic Acid Hydrating Capsule Mist <\/b><span style=\"font-weight: 400;\">niisutab, elustab nahka ja annab sellele koheselt sisemise s\u00e4ra.\u00a0<\/span><\/p>\n<p>&nbsp;<\/p>\n<p><span style=\"font-weight: 400;\">See toode pehmendab ja silub nahka, muutes selle siidiseks ja elastseks. See k\u00f5rvaldab pingul tunde ja ketenduse, v\u00f5ideldes t\u00f5husalt tuhmuse vastu ning taastades puhanud ja hoolitsetud v\u00e4limuse.\u00a0<\/span><\/p>\n<p>&nbsp;<\/p>\n<p><span style=\"font-weight: 400;\">Tootel on kerge jahutav toime ning see alandab nahatemperatuuri 3,4 \u00b0C p\u00e4rast pealekandmist. See rahustab, v\u00e4hendab punetust ja annab \u00f5rna jahutava tunde.<\/span><\/p>\n<p>&nbsp;<\/p>\n<p><span style=\"font-weight: 400;\">Toote ainulaadsus peitub <\/span><b>Glow Capsule\u2122 tehnoloogias<\/b><span style=\"font-weight: 400;\">: pudel sisaldab tuhandeid mikrokapsleid PDRN-i, h\u00fcaluroonhappe ja kollageeniga. Kokkupuutel nahaga need l\u00f5hkevad, vabastades aktiivained, mis tungivad s\u00fcgavale naha kihtidesse, taastades naha niiskustasakaalu. See loob n\u00e4htamatu kaitsebarj\u00e4\u00e4ri, mis lukustab niiskuse nahka ja tagab pikaajalise mugavustunde.<\/span><\/p>\n<p>&nbsp;<\/p>\n<p><span style=\"font-weight: 400;\">Regulaarsel kasutamisel pinguldab sprei nahka, aeglustab vananemisilminguid ning parandab naha tekstuuri ja mikroreljeefi. See aitab siluda kortse ja loob nahale iseloomuliku Glass Skin efekti \u2013 pringiva, veatult \u00fchtlase ja s\u00e4rava nahaga.<\/span><\/p>\n<p>&nbsp;<\/p>\n<p><span style=\"font-weight: 400;\">T\u00e4nu peene udu tehnoloogiale katab sprei naha peene, \u00fchtlase kihina, ilma \u00fchegi suure piiskata, pakkudes maksimaalset mugavust.<\/span><\/p>\n<p>&nbsp;<\/p>\n<p><span style=\"font-weight: 400;\">Seda multifunktsionaalset toodet saab kasutada n\u00e4o toonimise etapis, meigip\u00f5hjana v\u00f5i meigi peal kogu p\u00e4eva jooksul, et v\u00e4rskendada oma v\u00e4limust ja lisada jumele s\u00e4ra.<\/span><\/p>\n<p>&nbsp;<\/p>\n<p><span style=\"font-weight: 400;\">Sobib k\u00f5ikidele nahat\u00fc\u00fcpidele, eriti soovitatav kuivale, tundlikule ja v\u00e4sinud nahale.<\/span><\/p>\n<p>&nbsp;<\/p>\n<p>&nbsp;<\/p>\n<h2><i>Anua PDRN Hyaluronic Acid Hydrating Capsule Mist peamised toimeained:<\/i><\/h2>\n<p><b>PDRN (l\u00f5he DNA-st) <\/b><span style=\"font-weight: 400;\">\u2014 aktiivne regeneraator, mis stimuleerib uute kollageeni- ja elastiinikiudude s\u00fcnteesi, taastab, tugevdab ja silub nahka. See ennetab enneaegset vananemist, soodustab barj\u00e4\u00e4ri taastumist ning v\u00e4hendab naha tundlikkust ja oks\u00fcdatiivset stressi.\u00a0<\/span><\/p>\n<p>&nbsp;<\/p>\n<p><b>3 h\u00fcaluroonhappe vormi<\/b><span style=\"font-weight: 400;\"> \u2014 niisutavad nahka, k\u00f5rvaldavad deh\u00fcdratsiooni ja taastavad veetasakaalu. Need s\u00e4ilitavad elastsuse ja siluvad nahka, muutes selle pringiks ja siledaks.<\/span><\/p>\n<p>&nbsp;<\/p>\n<p><b>H\u00fcdrol\u00fc\u00fcsitud kollageen<\/b><span style=\"font-weight: 400;\"> \u2014 niisutab, loob tiheda ja elastse naha efekti, \u00fchtlustab visuaalselt mikroreljeefi, annab s\u00e4ra ja pehmuse.<\/span><\/p>\n<p>&nbsp;<\/p>\n<p><b>Aquaxyl\u2122<\/b><span style=\"font-weight: 400;\"> \u2014 toimib rakulisel tasandil ja pakub kahekordset toimet: igak\u00fclgset niisutust ja naha barj\u00e4\u00e4rifunktsiooni tugevdamist. See stimuleerib h\u00fcaluroonhappe, NMF-i, keramiidide ja kolesterooli s\u00fcnteesi, suurendab niisutustaset ja hoiab \u00e4ra liigse niiskuse aurustumise.\u00a0<\/span><\/p>\n<p>&nbsp;<\/p>\n<p><b>Copper Tripeptide-1<\/b><span style=\"font-weight: 400;\"> \u2014 \u00fcks enim uuritud peptiide, mis m\u00f5jutab naha uuenemist ja taastumist:<\/span><\/p>\n<ul>\n<li style=\"font-weight: 400;\" aria-level=\"1\"><span style=\"font-weight: 400;\">Muudab naha elastsemaks, stimuleerides kollageeni ja elastiini s\u00fcnteesi;<\/span><\/li>\n<li style=\"font-weight: 400;\" aria-level=\"1\"><span style=\"font-weight: 400;\">Toetab regeneratsiooni ja kiirendab naha taastumist;<\/span><\/li>\n<li style=\"font-weight: 400;\" aria-level=\"1\"><span style=\"font-weight: 400;\">Parandab tekstuuri, muutes pinna siledamaks;<\/span><\/li>\n<li style=\"font-weight: 400;\" aria-level=\"1\"><span style=\"font-weight: 400;\">Sellel on kerge antioks\u00fcdantne toime ja see kaitseb v\u00e4liste \u00e4rritajate eest.<\/span><\/li>\n<\/ul>\n<p>&nbsp;<\/p>\n<p><b>Adenosiin<\/b><span style=\"font-weight: 400;\"> - v\u00f5itleb kortsude vastu ja parandab naha elastsust.<\/span><\/p>\n<p>&nbsp;<\/p>\n<p><b>Postbiootiline kompleks <\/b><span style=\"font-weight: 400;\">(Streptococcus Thermophilus Ferment, Aureobasidium Pullulans Ferment, Candida Bombicola Ferment) \u2014 toetab tervet mikrobioomi ja tugevdab naha loomulikku kaitsebarj\u00e4\u00e4ri. V\u00e4hendab naha tundlikkust stressi ja v\u00e4liste \u00e4rritajate suhtes, niisutab ja pehmendab aktiivselt.<\/span><\/p>\n<p>&nbsp;<\/p>\n<p>&nbsp;<\/p>\n<h2><i>Soovitame Anua PDRN Hyaluronic Acid Hydrating Capsule Mist, kui:<\/i><\/h2>\n<p><b>Nahk vajab niiskust:<\/b><span style=\"font-weight: 400;\"> ideaalne lahendus deh\u00fcdreeritud, kiskuvale ja kestendavale nahale;<\/span><\/p>\n<p>&nbsp;<\/p>\n<p><b>Armastate \u201eGlass Skin\u201c efekti:<\/b><span style=\"font-weight: 400;\"> neile, kes unistavad pehmest, siledast ja justkui seestpoolt kumavast nahast;<\/span><\/p>\n<p>&nbsp;<\/p>\n<p><b>V\u00e4rskus ja s\u00e4ra non-stop:<\/b><span style=\"font-weight: 400;\"> et n\u00e4gu n\u00e4eks puhanud ja s\u00e4rav v\u00e4lja kogu p\u00e4eva v\u00e4ltel;<\/span><\/p>\n<p>&nbsp;<\/p>\n<p><b>Kiire elutempo:<\/b><span style=\"font-weight: 400;\"> asendamatu SOS-toode, kui p\u00f5hjalikuks hoolduseks napib aega;<\/span><\/p>\n<p>&nbsp;<\/p>\n<p><b>Prioriteediks on naha elastsus:<\/b><span style=\"font-weight: 400;\"> toonuse t\u00f5stmiseks PDRN-i regenereeriva j\u00f5u abil;<\/span><\/p>\n<p>&nbsp;<\/p>\n<p><b>Veatu meigi austajatele:<\/b><span style=\"font-weight: 400;\"> kasutage praimerina \u00fchtlase ja kauap\u00fcsiva jumestuskreemi tagamiseks. V\u00f5i kandke meigi peale, et lisada niiskust ja v\u00e4rskendada oma v\u00e4limust ilma meiki h\u00e4irimata.<\/span><\/p>\n<p>&nbsp;<\/p>\n<p>&nbsp;<\/p>\n<p><b>Kuidas kasutada:<\/b><\/p>\n<p><span style=\"font-weight: 400;\">Sulgege silmad ja pihustage <b>Anua PDRN Hyaluronic Acid Hydrating Capsule Mist <\/b>\u00fchtlaselt kogu n\u00e4ole 10\u201320 cm kauguselt. Kasutage spreid alati, kui nahk tundub kuiv \u2013 pudelit ei ole vaja loksutada. Seda saab kasutada meigi peal v\u00e4rskendamiseks ja s\u00e4ra lisamiseks.<\/span><\/p>\n<p>&nbsp;<\/p>\n<p>&nbsp;<\/p>\n<p><b>Netokogus:<\/b><span style=\"font-weight: 400;\"> 100 ml<\/span><\/p>\n<p>&nbsp;<\/p>\n<p>&nbsp;<\/p>\n<p><span style=\"font-weight: 400;\">Kui teil on lisak\u00fcsimusi v\u00f5i vajate toote valimisel n\u00f5u, kirjutage meile. Vestlus asub ekraani paremas alanurgas.<\/span><\/p>\n<p>&nbsp;<\/p>\n<p>&nbsp;<\/p>\n<p><a title=\"TARNETINGIMUSED\" href=\"https:\/\/liluilu.ee\/et\/kohaletoimetamine\/\" target=\"_blank\" rel=\"noopener\">TARNETINGIMUSED<\/a><\/p>","protected":false},"excerpt":{"rendered":"<p>\u041a\u0430\u043f\u0441\u0443\u043b\u044c\u043d\u044b\u0439 \u043c\u0438\u0441\u0442 \u0434\u043b\u044f \u043b\u0438\u0446\u0430 Anua PDRN Hyaluronic Acid Hydrating Capsule Mist \u043c\u0433\u043d\u043e\u0432\u0435\u043d\u043d\u043e \u0443\u0432\u043b\u0430\u0436\u043d\u044f\u0435\u0442, \u043e\u0436\u0438\u0432\u043b\u044f\u0435\u0442 \u043a\u043e\u0436\u0443 \u0438 \u043d\u0430\u043f\u043e\u043b\u043d\u044f\u0435\u0442 \u0435\u0435 \u0432\u043d\u0443\u0442\u0440\u0435\u043d\u043d\u0438\u043c \u0441\u0438\u044f\u043d\u0438\u0435\u043c.\u00a0 &nbsp; \u0421\u0440\u0435\u0434\u0441\u0442\u0432\u043e \u0441\u043c\u044f\u0433\u0447\u0430\u0435\u0442 \u0438 \u0440\u0430\u0437\u0433\u043b\u0430\u0436\u0438\u0432\u0430\u0435\u0442 \u043a\u043e\u0436\u0443, \u0434\u0435\u043b\u0430\u044f \u0435\u0435 \u0448\u0435\u043b\u043a\u043e\u0432\u0438\u0441\u0442\u043e\u0439 \u0438 \u0443\u043f\u0440\u0443\u0433\u043e\u0439. \u0423\u0441\u0442\u0440\u0430\u043d\u044f\u0435\u0442 \u0447\u0443\u0432\u0441\u0442\u0432\u043e \u0441\u0442\u044f\u043d\u0443\u0442\u043e\u0441\u0442\u0438 \u0438 \u0448\u0435\u043b\u0443\u0448\u0435\u043d\u0438\u044f, \u044d\u0444\u0444\u0435\u043a\u0442\u0438\u0432\u043d\u043e \u0431\u043e\u0440\u0435\u0442\u0441\u044f \u0441 \u0442\u0443\u0441\u043a\u043b\u043e\u0441\u0442\u044c\u044e, \u0432\u043e\u0437\u0432\u0440\u0430\u0449\u0430\u044f \u043b\u0438\u0446\u0443 \u043e\u0442\u0434\u043e\u0445\u043d\u0443\u0432\u0448\u0438\u0439 \u0438 \u00ab\u0445\u043e\u043b\u0435\u043d\u044b\u0439\u00bb \u0432\u0438\u0434.\u00a0 &nbsp; \u041e\u0431\u043b\u0430\u0434\u0430\u0435\u0442 \u043b\u0435\u0433\u043a\u0438\u043c \u043e\u0445\u043b\u0430\u0436\u0434\u0430\u044e\u0449\u0438\u043c \u044d\u0444\u0444\u0435\u043a\u0442\u043e\u043c \u0438 \u043f\u043e\u0441\u043b\u0435 \u043d\u0430\u043d\u0435\u0441\u0435\u043d\u0438\u044f \u0441\u043d\u0438\u0436\u0430\u0435\u0442 [&hellip;]<\/p>","protected":false},"featured_media":17798,"comment_status":"open","ping_status":"closed","template":"","meta":{"_eb_attr":"","jetpack_post_was_ever_published":false,"_joinchat":[]},"product_brand":[811],"product_cat":[646,217],"product_tag":[770,766,734,269,263,838,687,893,813,897,910,644,400,902,489],"class_list":{"0":"post-17790","1":"product","2":"type-product","3":"status-publish","4":"has-post-thumbnail","6":"product_brand-anua","7":"product_cat-anua","8":"product_cat-tonery","9":"product_tag-glass-skin","10":"product_tag-pdrn","11":"product_tag-slow-aging","12":"product_tag-gialuronovaya-kislota","13":"product_tag-gidrolizovannyj-kollagen","14":"product_tag-dlya-gladkoj-tekstury-kozhi","15":"product_tag-dlya-siyaniya-kozhi","16":"product_tag-idealno-pod-makiyazh","17":"product_tag-liniya-anua-pdrn-hyaluronic-acid","18":"product_tag-misty-dlya-lica","19":"product_tag-mozhno-poverh-makiyazha","20":"product_tag-novinki","21":"product_tag-uvlazhnenie","22":"product_tag-uvlazhnyajushhij-uhod-za-kozhej","23":"product_tag-elastichnost-i-uprugost","25":"first","26":"instock","27":"shipping-taxable","28":"purchasable","29":"product-type-simple"},"jetpack_sharing_enabled":true,"_links":{"self":[{"href":"https:\/\/liluilu.ee\/et\/wp-json\/wp\/v2\/product\/17790","targetHints":{"allow":["GET"]}}],"collection":[{"href":"https:\/\/liluilu.ee\/et\/wp-json\/wp\/v2\/product"}],"about":[{"href":"https:\/\/liluilu.ee\/et\/wp-json\/wp\/v2\/types\/product"}],"replies":[{"embeddable":true,"href":"https:\/\/liluilu.ee\/et\/wp-json\/wp\/v2\/comments?post=17790"}],"version-history":[{"count":5,"href":"https:\/\/liluilu.ee\/et\/wp-json\/wp\/v2\/product\/17790\/revisions"}],"predecessor-version":[{"id":18004,"href":"https:\/\/liluilu.ee\/et\/wp-json\/wp\/v2\/product\/17790\/revisions\/18004"}],"wp:featuredmedia":[{"embeddable":true,"href":"https:\/\/liluilu.ee\/et\/wp-json\/wp\/v2\/media\/17798"}],"wp:attachment":[{"href":"https:\/\/liluilu.ee\/et\/wp-json\/wp\/v2\/media?parent=17790"}],"wp:term":[{"taxonomy":"product_brand","embeddable":true,"href":"https:\/\/liluilu.ee\/et\/wp-json\/wp\/v2\/product_brand?post=17790"},{"taxonomy":"product_cat","embeddable":true,"href":"https:\/\/liluilu.ee\/et\/wp-json\/wp\/v2\/product_cat?post=17790"},{"taxonomy":"product_tag","embeddable":true,"href":"https:\/\/liluilu.ee\/et\/wp-json\/wp\/v2\/product_tag?post=17790"}],"curies":[{"name":"t\u00f6\u00f6leht","href":"https:\/\/api.w.org\/{rel}","templated":true}]}}