{"id":17765,"date":"2026-03-21T15:09:49","date_gmt":"2026-03-21T12:09:49","guid":{"rendered":"https:\/\/liluilu.ee\/?post_type=product&#038;p=17765"},"modified":"2026-05-09T12:47:02","modified_gmt":"2026-05-09T09:47:02","slug":"anua-pdrn-hyaluronic-acid-moisturizing-cleansing-foam","status":"publish","type":"product","link":"https:\/\/liluilu.ee\/et\/anua-pdrn-hyaluronic-acid-moisturizing-cleansing-foam\/","title":{"rendered":"Niisutav n\u00e4opuhastusvaht PDRN-i ja h\u00fcaluroonhappega \u2014 Anua PDRN Hyaluronic Acid Moisturizing Cleansing Foam (150 ml)"},"content":{"rendered":"<p><span style=\"font-weight: 400;\">Puhastusvaht <\/span><b>Anua PDRN Hyaluronic Acid Moisturizing Cleansing Foam <\/b><span style=\"font-weight: 400;\">\u2014 on uue p\u00f5lvkonna puhastustoode, mis \u00fchendab \u00f5rna puhastuse s\u00fcgavniisutava ja taastava hooldusega.<\/span><\/p>\n<p>&nbsp;<\/p>\n<p><span style=\"font-weight: 400;\">PDRN-il, h\u00fcaluroonhappel ja kollageenil p\u00f5hinev koostis toimib t\u00e4pselt: samal ajal kui aktiivsed koostisosad toidavad ja niisutavad nahka s\u00fcgavuti, lahustavad \u00f5rnad aminohapete pindaktiivsed ained \u00f5rnalt tolmu, rasu ning p\u00e4ikesekaitsevahendite ja meigi j\u00e4\u00e4gid, h\u00e4irimata kaitsebarj\u00e4\u00e4ri terviklikkust.<\/span><\/p>\n<p>&nbsp;<\/p>\n<p><b>See on puhastus ilma kompromissideta \u2013 nahk muutub laitmatult puhtaks, j\u00e4\u00e4des samal ajal pehmeks, rahustatuks ja niisutatuks.\u00a0<\/b><\/p>\n<p>&nbsp;<\/p>\n<p><span style=\"font-weight: 400;\">Toode toimib nii klassikalise vahuna kui ka \u00fcheminutilise ekspressmaskina s\u00fcgavamaks puhastamiseks ja niisutamiseks, kui nahk vajab erilist hoolt.<\/span><\/p>\n<p>&nbsp;<\/p>\n<p><span style=\"font-weight: 400;\">Kreemjas smaragdroheline tekstuur moodustab veega kokkupuutel lopsaka ja elastse vahu, milles on palju pisikesi mullikesi. Vaht libiseb sujuvalt, minimeerides h\u00f5\u00f5rdumist ja ei p\u00f5hjusta \u00e4rritust isegi tundlikul nahal. Selle f\u00fcsioloogiline pH (~6.0) s\u00e4ilitab naha kaitsebarj\u00e4\u00e4ri ja happe-aluse tasakaalu.\u00a0<\/span><\/p>\n<p>&nbsp;<\/p>\n<p><span style=\"font-weight: 400;\">Sobib igale nahat\u00fc\u00fcbile.<\/span><\/p>\n<p>&nbsp;<\/p>\n<p>&nbsp;<\/p>\n<h2><i>Anua PDRN Hyaluronic Acid Moisturizing Cleansing Foam peamised toimeained:<\/i><\/h2>\n<p><b>PDRN<\/b><span style=\"font-weight: 400;\">, <\/span><b>saadud l\u00f5he DNA-st<\/b> <span style=\"font-weight: 400;\">\u2014 hoolitseb naha tervise eest, soodustab selle uuenemist ja taastumist. See toniseerib, k\u00f5rvaldab v\u00e4simuse m\u00e4rke ja taastab loomuliku s\u00e4ra. J\u00e4tab naha v\u00e4rskeks ja puhanud v\u00e4limusega.\u00a0<\/span><\/p>\n<p>&nbsp;<\/p>\n<p><b>11 h\u00fcaluroonhappe vormi<\/b><span style=\"font-weight: 400;\"> pakuvad <\/span><b>mitmetasandilist niisutust<\/b><span style=\"font-weight: 400;\">, t\u00e4idavad naha niiskusega, ennetavad deh\u00fcdratsiooni ja toetavad loomulikku kaitsebarj\u00e4\u00e4ri.\u00a0<\/span><\/p>\n<p>&nbsp;<\/p>\n<p><b>H\u00fcdrol\u00fc\u00fcsitud kollageen<\/b><span style=\"font-weight: 400;\"> \u2014 toimib s\u00fcnergias PDRN-i ja h\u00fcaluroonhappega, aitab s\u00e4ilitada nahas niiskust, pehmendab, s\u00e4ilitab tiheduse ja elastsuse.<\/span><\/p>\n<p>&nbsp;<\/p>\n<p><b>Pantenool, keramiidid ja allantoiin<\/b><span style=\"font-weight: 400;\"> \u2014 rahustav trio, mis leevendab \u00e4rritust, taastab kaitsva lipiidkihi, pehmendab nahka ja annab p\u00e4rast pesemist mugavustunde.<\/span><\/p>\n<p>&nbsp;<\/p>\n<p>&nbsp;<\/p>\n<h2><i>Soovitame Anua PDRN Hyaluronic Acid Moisturizing Cleansing Foam:\u00a0<\/i><\/h2>\n<ul>\n<li style=\"font-weight: 400;\" aria-level=\"1\"><span style=\"font-weight: 400;\">Kombineeritud, normaalsele ja kuivale nahale;<\/span><\/li>\n<li style=\"font-weight: 400;\" aria-level=\"1\"><span style=\"font-weight: 400;\">Deh\u00fcdreeritud nahale;<\/span><\/li>\n<li style=\"font-weight: 400;\" aria-level=\"1\"><span style=\"font-weight: 400;\">N\u00f5rgenenud kaitsebarj\u00e4\u00e4riga nahale;<\/span><\/li>\n<li style=\"font-weight: 400;\" aria-level=\"1\"><span style=\"font-weight: 400;\">Tundlikule nahale;<\/span><\/li>\n<li style=\"font-weight: 400;\" aria-level=\"1\"><span style=\"font-weight: 400;\">Kui eelistate puhastusvahendit, mis ei kuivata ega t\u00f5mba nahka pingule, ei \u00e4rrita seda ja j\u00e4tab p\u00e4rast puhastamist rahuliku ja niisutatud naha tunde.<\/span><\/li>\n<\/ul>\n<p>&nbsp;<\/p>\n<p>&nbsp;<\/p>\n<p><strong>Anua PDRN Hyaluronic Acid Moisturizing Cleansing Foam kasutamine:<\/strong><\/p>\n<p><b>Nagu vaht: <\/b><span style=\"font-weight: 400;\">Vahusta piisav kogus toodet niisketes peopesades ja kanna niiskele nahale. Masseeri \u00f5rnalt ja loputa seej\u00e4rel hoolikalt sooja veega.<\/span><\/p>\n<p><b>Ekspressmaskina: <\/b><span style=\"font-weight: 400;\">Kanna vaht paksu kihina kuivale nahale, v\u00e4ltides silma- ja huulepiirkonda. Lase 1 minut m\u00f5juda, seej\u00e4rel lisa vesi, vahusta, masseeri ja loputa.<\/span><\/p>\n<p>&nbsp;<\/p>\n<p>&nbsp;<\/p>\n<p><b>Netokogus:<\/b><span style=\"font-weight: 400;\"> 150 ml<\/span><\/p>\n<p>&nbsp;<\/p>\n<p>&nbsp;<\/p>\n<p><span style=\"font-weight: 400;\">Kui teil on lisak\u00fcsimusi v\u00f5i vajate toote valimisel n\u00f5u, kirjutage meile. Vestlus asub ekraani paremas alanurgas.<\/span><\/p>\n<p>&nbsp;<\/p>\n<p>&nbsp;<\/p>\n<p><a title=\"TARNETINGIMUSED\" href=\"https:\/\/liluilu.ee\/et\/kohaletoimetamine\/\" target=\"_blank\" rel=\"noopener\">TARNETINGIMUSED<\/a><\/p>","protected":false},"excerpt":{"rendered":"<p>\u041f\u0435\u043d\u043a\u0430 \u0434\u043b\u044f \u0443\u043c\u044b\u0432\u0430\u043d\u0438\u044f Anua PDRN Hyaluronic Acid Moisturizing Cleansing Foam \u2014 \u044d\u0442\u043e \u043d\u043e\u0432\u043e\u0435 \u043f\u043e\u043a\u043e\u043b\u0435\u043d\u0438\u0435 \u043e\u0447\u0438\u0449\u0430\u044e\u0449\u0438\u0445 \u043f\u0440\u043e\u0434\u0443\u043a\u0442\u043e\u0432, \u0433\u0434\u0435 \u0434\u0435\u043b\u0438\u043a\u0430\u0442\u043d\u043e\u0435 \u0443\u0434\u0430\u043b\u0435\u043d\u0438\u0435 \u0437\u0430\u0433\u0440\u044f\u0437\u043d\u0435\u043d\u0438\u0439 \u0441\u043e\u0447\u0435\u0442\u0430\u0435\u0442\u0441\u044f \u0441 \u0433\u043b\u0443\u0431\u043e\u043a\u0438\u043c \u0443\u0432\u043b\u0430\u0436\u043d\u044f\u044e\u0449\u0438\u043c \u0438 \u0432\u043e\u0441\u0441\u0442\u0430\u043d\u0430\u0432\u043b\u0438\u0432\u0430\u044e\u0449\u0438\u043c \u0443\u0445\u043e\u0434\u043e\u043c. &nbsp; \u0424\u043e\u0440\u043c\u0443\u043b\u0430 \u043d\u0430 \u043e\u0441\u043d\u043e\u0432\u0435 PDRN, \u0433\u0438\u0430\u043b\u0443\u0440\u043e\u043d\u043e\u0432\u043e\u0439 \u043a\u0438\u0441\u043b\u043e\u0442\u044b \u0438 \u043a\u043e\u043b\u043b\u0430\u0433\u0435\u043d\u0430 \u0434\u0435\u0439\u0441\u0442\u0432\u0443\u0435\u0442 \u044e\u0432\u0435\u043b\u0438\u0440\u043d\u043e: \u043f\u043e\u043a\u0430 \u0430\u043a\u0442\u0438\u0432\u043d\u044b\u0435 \u043a\u043e\u043c\u043f\u043e\u043d\u0435\u043d\u0442\u044b \u043f\u0438\u0442\u0430\u044e\u0442 \u0438 \u043d\u0430\u0441\u044b\u0449\u0430\u044e\u0442 \u043a\u043e\u0436\u0443 \u0432\u043b\u0430\u0433\u043e\u0439, \u043c\u044f\u0433\u043a\u0438\u0435 \u0430\u043c\u0438\u043d\u043e\u043a\u0438\u0441\u043b\u043e\u0442\u043d\u044b\u0435 \u041f\u0410\u0412 \u0431\u0435\u0440\u0435\u0436\u043d\u043e \u0440\u0430\u0441\u0442\u0432\u043e\u0440\u044f\u044e\u0442 \u043f\u044b\u043b\u044c, \u0441\u0435\u0431\u0443\u043c, \u043e\u0441\u0442\u0430\u0442\u043a\u0438 \u0441\u043e\u043b\u043d\u0446\u0435\u0437\u0430\u0449\u0438\u0442\u043d\u044b\u0445 [&hellip;]<\/p>","protected":false},"featured_media":17767,"comment_status":"open","ping_status":"closed","template":"","meta":{"_eb_attr":"","jetpack_post_was_ever_published":false,"_joinchat":[]},"product_brand":[811],"product_cat":[646,211],"product_tag":[766,269,263,765,813,644,616,907,830,615,839,400,906,413],"class_list":{"0":"post-17765","1":"product","2":"type-product","3":"status-publish","4":"has-post-thumbnail","6":"product_brand-anua","7":"product_cat-anua","8":"product_cat-penki-i-geli-dlya-umyvaniya","9":"product_tag-pdrn","10":"product_tag-gialuronovaya-kislota","11":"product_tag-gidrolizovannyj-kollagen","12":"product_tag-kosmetika-s-pdrn","13":"product_tag-liniya-anua-pdrn-hyaluronic-acid","14":"product_tag-novinki","15":"product_tag-ochishhajushhie-penki-dlya-umyvaniya","16":"product_tag-ochishhajushhie-penki-maski","17":"product_tag-ochishhenie-bez-peresushivaniya-kozhi","18":"product_tag-ochishhenie-kozhi","19":"product_tag-ochishhenie-chuvstvitelnoj-kozhi","20":"product_tag-uvlazhnenie","21":"product_tag-uvlazhnyajushhie-penki-dlya-umyvaniya","22":"product_tag-chuvstvitelnaya-kozha","24":"first","25":"instock","26":"shipping-taxable","27":"purchasable","28":"product-type-simple"},"jetpack_sharing_enabled":true,"_links":{"self":[{"href":"https:\/\/liluilu.ee\/et\/wp-json\/wp\/v2\/product\/17765","targetHints":{"allow":["GET"]}}],"collection":[{"href":"https:\/\/liluilu.ee\/et\/wp-json\/wp\/v2\/product"}],"about":[{"href":"https:\/\/liluilu.ee\/et\/wp-json\/wp\/v2\/types\/product"}],"replies":[{"embeddable":true,"href":"https:\/\/liluilu.ee\/et\/wp-json\/wp\/v2\/comments?post=17765"}],"version-history":[{"count":3,"href":"https:\/\/liluilu.ee\/et\/wp-json\/wp\/v2\/product\/17765\/revisions"}],"predecessor-version":[{"id":17855,"href":"https:\/\/liluilu.ee\/et\/wp-json\/wp\/v2\/product\/17765\/revisions\/17855"}],"wp:featuredmedia":[{"embeddable":true,"href":"https:\/\/liluilu.ee\/et\/wp-json\/wp\/v2\/media\/17767"}],"wp:attachment":[{"href":"https:\/\/liluilu.ee\/et\/wp-json\/wp\/v2\/media?parent=17765"}],"wp:term":[{"taxonomy":"product_brand","embeddable":true,"href":"https:\/\/liluilu.ee\/et\/wp-json\/wp\/v2\/product_brand?post=17765"},{"taxonomy":"product_cat","embeddable":true,"href":"https:\/\/liluilu.ee\/et\/wp-json\/wp\/v2\/product_cat?post=17765"},{"taxonomy":"product_tag","embeddable":true,"href":"https:\/\/liluilu.ee\/et\/wp-json\/wp\/v2\/product_tag?post=17765"}],"curies":[{"name":"t\u00f6\u00f6leht","href":"https:\/\/api.w.org\/{rel}","templated":true}]}}