{"id":17737,"date":"2026-03-20T11:09:50","date_gmt":"2026-03-20T08:09:50","guid":{"rendered":"https:\/\/liluilu.ee\/?post_type=product&#038;p=17737"},"modified":"2026-05-09T12:21:17","modified_gmt":"2026-05-09T09:21:17","slug":"dr-althea-retinol-flat-iron-eye-roller","status":"publish","type":"product","link":"https:\/\/liluilu.ee\/et\/dr-althea-retinol-flat-iron-eye-roller\/","title":{"rendered":"Siluv retinooliga silma\u00fcmbruse seerum massaa\u017eirullikuga \u2014 Dr. Althea Retinol Flat Iron Eye Roller (25 ml)"},"content":{"rendered":"<p><span style=\"font-weight: 400;\">Retinooliga silma\u00fcmbruse seerum massaa\u017eirullikuga <\/span><b>Dr. Althea Retinol Flat Iron Eye Roller<\/b><span style=\"font-weight: 400;\"> on loodud silma\u00fcmbruse \u00f5rnaks, kuid t\u00f5husaks hoolduseks, kus nahk on eriti \u00f5huke ning tundlik.<\/span><\/p>\n<p>&nbsp;<\/p>\n<p><span style=\"font-weight: 400;\">Toode silub varesejalgu ja peeneid kortse, pinguldab ja tugevdab nahka, v\u00e4hendab turseid ning aitab \u00fchtlustada nahatooni, andes silmalaugudele v\u00e4rske ja puhanud v\u00e4limuse.<\/span><\/p>\n<p>&nbsp;<\/p>\n<p><span style=\"font-weight: 400;\">Toimeainete kompleks - retinool, bakuchiol, peptiidid, PDRN ja <\/span><b>Cica Retisome\u2122<\/b><span style=\"font-weight: 400;\"> \u2014 toimib s\u00fcnergiliselt: stimuleerib kollageeni s\u00fcnteesi, uuendab ja tugevdab nahka, \u00e4rritamata \u00f5rna silma\u00fcmbrusnahka.<\/span><\/p>\n<p>&nbsp;<\/p>\n<p><span style=\"font-weight: 400;\">Massaa\u017eirull h\u00f5lbustab toimeainete imendumist ja toetab \u00f5rna l\u00fcmfidrenaa\u017ei, annab jahutustunde ja aitab turseid v\u00e4hendada.<\/span><\/p>\n<p>&nbsp;<\/p>\n<p><span style=\"font-weight: 400;\">Seerum ei sisalda kunstlikke l\u00f5hna-, v\u00e4rv- ega vahaaineid. Selle kerge ja niisutav tekstuur imendub kiiresti ega j\u00e4ta j\u00e4lgi.\u00a0<\/span><\/p>\n<p>&nbsp;<\/p>\n<p><span style=\"font-weight: 400;\">Sobib igale nahat\u00fc\u00fcbile.<\/span><\/p>\n<p>&nbsp;<\/p>\n<p>&nbsp;<\/p>\n<h2><i>Dr. Althea Retinol Flat Iron Eye Roller peamised toimeained:<\/i><\/h2>\n<p><b>Retinool (0,1%)<\/b><span style=\"font-weight: 400;\"> \u2014 seerumi \u00f5rn \"noorendav mootor\". See stimuleerib rakkude uuenemist ja kollageeni s\u00fcnteesi, silub peeneid kortse, \u00fchtlustab nahatooni ning j\u00e4tab silma\u00fcmbruse naha v\u00e4rskeks ja pringiks. Madal kontsentratsioon 0,1% on ohutu \u00f5hukesele ja tundlikule silmalaugude nahale, kuid samas t\u00f5hus.<\/span><\/p>\n<p>&nbsp;<\/p>\n<p><b>Bakuchiol<\/b><span style=\"font-weight: 400;\"> \u2014 looduslik alternatiiv retinoolile. See v\u00e4hendab kortsude n\u00e4htavust, rahustades samal ajal nahka, v\u00e4hendades punetust ja \u00e4rritust. Koos retinooliga annab see \u00f5rna, kuid m\u00e4rgatava noorendava efekti ilma nahka \u00fcle koormamata.<\/span><\/p>\n<p>&nbsp;<\/p>\n<p><b>Cica Retisome\u2122 (50 000 ppm)<\/b><span style=\"font-weight: 400;\"> \u2014 rahustavate ja taastavate koostisosade kontsentraat, mis sisaldab Centella Asiatica ekstrakti, antioks\u00fcdante ja liposoome. See kompleks rahustab v\u00e4sinud nahka, leevendab pingeid ja aitab rakkudel aktiivseid koostisosi paremini omastada, luues p\u00e4rast pealekandmist v\u00e4rskuse ja mugavustunde.<\/span><\/p>\n<p>&nbsp;<\/p>\n<p><b>Peptiidkompleks (Acetyl Tetrapeptide-5, Acetyl Hexapeptide-1, Acetyl Hexapeptide-8)<\/b><span style=\"font-weight: 400;\"> \u2014 v\u00e4hendab kortsude n\u00e4htavust, silub tekstuuri ja parandab silma\u00fcmbruse naha elastsust. Stimuleerib mikrotsirkulatsiooni ja tagab hea drenaa\u017ei, aidates seel\u00e4bi turseid v\u00e4hendada.<\/span><\/p>\n<p>&nbsp;<\/p>\n<p><b>PDRN<\/b><span style=\"font-weight: 400;\"> \u2014 aktiivne koostisosa s\u00fcgavaks taastamiseks. See stimuleerib rakkude uuenemist ja tugevdab nahka, aidates sellel v\u00e4lja n\u00e4ha pringim ja tervem, andes silma\u00fcmbruse nahale prinkust ja v\u00e4rskema ilme.<\/span><\/p>\n<p>&nbsp;<\/p>\n<p>&nbsp;<\/p>\n<h2><i>Soovitame  Dr. Althea Retinol Flat Iron Eye Roller:<\/i><\/h2>\n<ul>\n<li style=\"font-weight: 400;\" aria-level=\"1\"><span style=\"font-weight: 400;\">Kui nahk silmade \u00fcmbruses kaotab elastsuse ja tugevuse;<\/span><\/li>\n<li style=\"font-weight: 400;\" aria-level=\"1\"><span style=\"font-weight: 400;\">Kui esineb peen kortsuv\u00f5rgustik;<\/span><\/li>\n<li style=\"font-weight: 400;\" aria-level=\"1\"><span style=\"font-weight: 400;\">Kui nahk silmade \u00fcmber n\u00e4eb v\u00e4lja tuhm ja elutu;<\/span><\/li>\n<li style=\"font-weight: 400;\" aria-level=\"1\"><span style=\"font-weight: 400;\">Kui olete mures silma\u00fcmbruse mahu v\u00e4henemise p\u00e4rast;<\/span><\/li>\n<li style=\"font-weight: 400;\" aria-level=\"1\"><span style=\"font-weight: 400;\">Kui vajate t\u00f5husat toodet, kuid ohutu koostisega, mis on \u00f5rn isegi tundlikule nahale.<\/span><\/li>\n<\/ul>\n<p>&nbsp;<\/p>\n<p>&nbsp;<\/p>\n<p><b>Kuidas kasutada:\u00a0<\/b><\/p>\n<p><span style=\"font-weight: 400;\">Kanna vajalik kogus seerumit silma\u00fcmbruse nahale ja masseeri \u00f5rnalt, kuni seerum on t\u00e4ielikult imendunud.\u00a0<\/span><\/p>\n<p>&nbsp;<\/p>\n<p><span style=\"font-weight: 400;\">Lisa seerum oma nahahooldusrutiini<\/span><b> j\u00e4rk-j\u00e4rgult ja v\u00e4ikestes kogustes<\/b><span style=\"font-weight: 400;\">, et nahk saaks retinooliga kohaneda.\u00a0<\/span><\/p>\n<p>&nbsp;<\/p>\n<p><span style=\"font-weight: 400;\">\u00c4rge kasutage raseduse ega rinnaga toitmise ajal.<\/span><\/p>\n<p>&nbsp;<\/p>\n<p><span style=\"font-weight: 400;\">Kui kasutate seerumit p\u00e4ikese aktiivsuse perioodil, kandke p\u00e4evasel ajal <\/span><b>UV-kaitsega p\u00e4ikeseprille<\/b><span style=\"font-weight: 400;\">.<\/span><\/p>\n<p>&nbsp;<\/p>\n<p>&nbsp;<\/p>\n<p><b>Netokogus: 25 ml<\/b><\/p>\n<p>&nbsp;<\/p>\n<p>&nbsp;<\/p>\n<p><span style=\"font-weight: 400;\">Kui teil on lisak\u00fcsimusi v\u00f5i vajate toote valimisel n\u00f5u, kirjutage meile. Vestlus asub ekraani paremas alanurgas.<\/span><\/p>\n<p>&nbsp;<\/p>\n<p>&nbsp;<\/p>\n<p><a title=\"TARNETINGIMUSED\" href=\"https:\/\/liluilu.ee\/et\/kohaletoimetamine\/\" target=\"_blank\" rel=\"noopener\">TARNETINGIMUSED<\/a><\/p>","protected":false},"excerpt":{"rendered":"<p>\u0420\u0435\u0442\u0438\u043d\u043e\u043b\u043e\u0432\u0430\u044f \u0441\u044b\u0432\u043e\u0440\u043e\u0442\u043a\u0430-\u0443\u0442\u044e\u0436\u043e\u043a Dr. Althea Retinol Flat Iron Eye Roller \u0441\u043e\u0437\u0434\u0430\u043d\u0430 \u0434\u043b\u044f \u0434\u0435\u043b\u0438\u043a\u0430\u0442\u043d\u043e\u0433\u043e, \u043d\u043e \u0430\u043a\u0442\u0438\u0432\u043d\u043e\u0433\u043e \u0443\u0445\u043e\u0434\u0430 \u0437\u0430 \u0437\u043e\u043d\u043e\u0439 \u0432\u043e\u043a\u0440\u0443\u0433 \u0433\u043b\u0430\u0437, \u0433\u0434\u0435 \u043a\u043e\u0436\u0430 \u043e\u0441\u043e\u0431\u0435\u043d\u043d\u043e \u0442\u043e\u043d\u043a\u0430\u044f \u0438 \u0447\u0443\u0432\u0441\u0442\u0432\u0438\u0442\u0435\u043b\u044c\u043d\u0430\u044f. &nbsp; \u0421\u0440\u0435\u0434\u0441\u0442\u0432\u043e \u0440\u0430\u0437\u0433\u043b\u0430\u0436\u0438\u0432\u0430\u0435\u0442 \u00ab\u0433\u0443\u0441\u0438\u043d\u044b\u0435 \u043b\u0430\u043f\u043a\u0438\u00bb \u0438 \u043c\u0435\u043b\u043a\u0438\u0435 \u043c\u043e\u0440\u0449\u0438\u043d\u043a\u0438, \u0443\u043a\u0440\u0435\u043f\u043b\u044f\u0435\u0442 \u0438 \u043f\u043e\u0434\u0442\u044f\u0433\u0438\u0432\u0430\u0435\u0442 \u043a\u043e\u0436\u0443, \u0443\u043c\u0435\u043d\u044c\u0448\u0430\u0435\u0442 \u043e\u0442\u0435\u043a\u0438 \u0438 \u0432\u0438\u0437\u0443\u0430\u043b\u044c\u043d\u043e \u0432\u044b\u0440\u0430\u0432\u043d\u0438\u0432\u0430\u0435\u0442 \u0442\u043e\u043d, \u043f\u0440\u0438\u0434\u0430\u0432\u0430\u044f \u0432\u0435\u043a\u0430\u043c \u0441\u0432\u0435\u0436\u0438\u0439 \u0438 \u043e\u0442\u0434\u043e\u0445\u043d\u0443\u0432\u0448\u0438\u0439 \u0432\u0438\u0434. &nbsp; \u041a\u043e\u043c\u043f\u043b\u0435\u043a\u0441 \u0430\u043a\u0442\u0438\u0432\u043d\u044b\u0445 \u043a\u043e\u043c\u043f\u043e\u043d\u0435\u043d\u0442\u043e\u0432 \u2014 \u0440\u0435\u0442\u0438\u043d\u043e\u043b, [&hellip;]<\/p>","protected":false},"featured_media":17740,"comment_status":"open","ping_status":"closed","template":"","meta":{"_eb_attr":"","jetpack_post_was_ever_published":false,"_joinchat":[]},"product_brand":[895],"product_cat":[894,305],"product_tag":[766,734,445,335,767,838,860,465,644,824,239,487,573,792,732,904,905,489],"class_list":{"0":"post-17737","1":"product","2":"type-product","3":"status-publish","4":"has-post-thumbnail","6":"product_brand-dr-althea","7":"product_cat-dr-althea","8":"product_cat-kremy-dlya-oblasti-vokrug-glaz","9":"product_tag-pdrn","10":"product_tag-slow-aging","11":"product_tag-antivozrastnoj-uhod","12":"product_tag-bakuchiol","13":"product_tag-veganskij-pdrn","14":"product_tag-dlya-gladkoj-tekstury-kozhi","15":"product_tag-dlya-glaz","16":"product_tag-lifting","17":"product_tag-novinki","18":"product_tag-omolozhenie","19":"product_tag-peptidy","20":"product_tag-protiv-morshhin","21":"product_tag-protiv-otechnosti","22":"product_tag-razglazhivanie-kozhi","23":"product_tag-retinol","24":"product_tag-sica-retisome","25":"product_tag-utjuzhok-dlya-kozhi-vokrug-glaz","26":"product_tag-elastichnost-i-uprugost","28":"first","29":"instock","30":"sale","31":"shipping-taxable","32":"purchasable","33":"product-type-simple"},"jetpack_sharing_enabled":true,"_links":{"self":[{"href":"https:\/\/liluilu.ee\/et\/wp-json\/wp\/v2\/product\/17737","targetHints":{"allow":["GET"]}}],"collection":[{"href":"https:\/\/liluilu.ee\/et\/wp-json\/wp\/v2\/product"}],"about":[{"href":"https:\/\/liluilu.ee\/et\/wp-json\/wp\/v2\/types\/product"}],"replies":[{"embeddable":true,"href":"https:\/\/liluilu.ee\/et\/wp-json\/wp\/v2\/comments?post=17737"}],"version-history":[{"count":5,"href":"https:\/\/liluilu.ee\/et\/wp-json\/wp\/v2\/product\/17737\/revisions"}],"predecessor-version":[{"id":17752,"href":"https:\/\/liluilu.ee\/et\/wp-json\/wp\/v2\/product\/17737\/revisions\/17752"}],"wp:featuredmedia":[{"embeddable":true,"href":"https:\/\/liluilu.ee\/et\/wp-json\/wp\/v2\/media\/17740"}],"wp:attachment":[{"href":"https:\/\/liluilu.ee\/et\/wp-json\/wp\/v2\/media?parent=17737"}],"wp:term":[{"taxonomy":"product_brand","embeddable":true,"href":"https:\/\/liluilu.ee\/et\/wp-json\/wp\/v2\/product_brand?post=17737"},{"taxonomy":"product_cat","embeddable":true,"href":"https:\/\/liluilu.ee\/et\/wp-json\/wp\/v2\/product_cat?post=17737"},{"taxonomy":"product_tag","embeddable":true,"href":"https:\/\/liluilu.ee\/et\/wp-json\/wp\/v2\/product_tag?post=17737"}],"curies":[{"name":"t\u00f6\u00f6leht","href":"https:\/\/api.w.org\/{rel}","templated":true}]}}