{"id":17704,"date":"2026-03-18T15:39:46","date_gmt":"2026-03-18T12:39:46","guid":{"rendered":"https:\/\/liluilu.ee\/?post_type=product&#038;p=17704"},"modified":"2026-05-08T14:05:51","modified_gmt":"2026-05-08T11:05:51","slug":"dr-althea-aqua-marine-jelly-mist","status":"publish","type":"product","link":"https:\/\/liluilu.ee\/et\/dr-althea-aqua-marine-jelly-mist\/","title":{"rendered":"Niisutav n\u00e4osprei PDRN-i ja mereveega \u2014 Dr. Althea Aqua Marine Jelly Mist (100 ml)"},"content":{"rendered":"<p><span style=\"font-weight: 400;\">N\u00e4osprei PDRN-i ja mereveega <\/span><b>Dr. Althea Aqua Marine Jelly Mist <\/b><span style=\"font-weight: 400;\">annab nahale kerguse ja v\u00e4rskuse tunde, nagu p\u00e4rast meretuult.<\/span><\/p>\n<p>&nbsp;<\/p>\n<p><span style=\"font-weight: 400;\">Tootel on ebatavaline geeljas tekstuur, mis pihustamisel muutub peeneks uduks, mis langeb nahale kerge niisutava jaheduse pilvena.\u00a0<\/span><\/p>\n<p>&nbsp;<\/p>\n<p><span style=\"font-weight: 400;\">See sprei k\u00f5rvaldab niiskusepuudusest tingitud kuivuse ja ebamugavustunde ning s\u00e4ilitab niiskustasakaalu. See hoiab \u00e4ra deh\u00fcdratsiooni, elustab nahka ja annab terveks p\u00e4evaks s\u00e4rava jume.<\/span><\/p>\n<p>&nbsp;<\/p>\n<p><span style=\"font-weight: 400;\">Kohe p\u00e4rast pihustamist jahutab ja rahustab toode nahka \u00f5rnalt, alandades selle pinnatemperatuuri 7 \u00b0C v\u00f5rra. See s\u00e4ilitab elastsuse, silub ja pehmendab ning valmistab nahka ette j\u00e4rgnevaks nahahoolduseks v\u00f5i meigi pealekandmiseks.<\/span><\/p>\n<p>&nbsp;<\/p>\n<p><b>Dr. Althea Aqua Marine Jelly Mist <\/b><span style=\"font-weight: 400;\">\u2014 see on 2-\u00fches toode: kaugelt peale kandes toimib see nii spreina kui ka kerge toonikuna, naha l\u00e4hedalt ja ohtralt peale kandes toimib see niisutava n\u00e4oessentsina.<\/span><\/p>\n<p>&nbsp;<\/p>\n<ul>\n<li><span style=\"font-weight: 400;\">Kandke udu <strong>enne ja p\u00e4rast meiki<\/strong>, kui teile meeldib klaasnaha efekt: ideaalselt niisutatud, sile ja s\u00e4rav nahk.<\/span><\/li>\n<li><span style=\"font-weight: 400;\">Intensiivsema niisutuse saavutamiseks v\u00f5ib toodet kanda peale mitmes kihis.<\/span><\/li>\n<\/ul>\n<p>&nbsp;<\/p>\n<p><span style=\"font-weight: 400;\">Sobib igale nahat\u00fc\u00fcbile, sealhulgas tundlikule nahale.<\/span><\/p>\n<p>&nbsp;<\/p>\n<p>&nbsp;<\/p>\n<h2><i>Dr. Althea Aqua Marine Jelly Mist peamised toimeained:<\/i><\/h2>\n<p><span style=\"font-weight: 400;\">Udu p\u00f5hineb <\/span><b>mereveel (10%)<\/b><span style=\"font-weight: 400;\">, mis sisaldab rohkelt mineraale ja mikroelemente ning aitab s\u00e4ilitada elektrol\u00fc\u00fctide tasakaalu, pakub \u00f5rna p\u00f5letikuvastast toimet ning toniseerib ja v\u00e4rskendab nahka. Koos teiste koostisosadega s\u00e4ilitab see niiskustaseme ja annab pikaajalise mugavustunde.<\/span><\/p>\n<p>&nbsp;<\/p>\n<p><b>Merevetikatest saadud PDRN<\/b><span style=\"font-weight: 400;\"> \u2014 aitab nahal taastuda ja uueneda, eriti p\u00e4rast \u00e4rritust ja mikrokahjustusi. Stimuleerib kollageeni, elastiini ja h\u00fcaluroonhappe tootmist, mis muudavad naha pringiks ja elastseks.\u00a0<\/span><\/p>\n<p>&nbsp;<\/p>\n<p><b>3 h\u00fcaluroonhappe vormi <\/b><span style=\"font-weight: 400;\">\u2014 niisutavad aktiivselt, s\u00e4ilitavad niiskustasakaalu ja loovad niiskust s\u00e4ilitava barj\u00e4\u00e4ri, mis takistab niiskuse aurustumist. Need aitavad suurendada elastsust ja siluvad nahka, j\u00e4ttes selle pringiks ja siledaks.<\/span><\/p>\n<p>&nbsp;<\/p>\n<p><b>Ks\u00fclitool<\/b><span style=\"font-weight: 400;\"> \u2014 tugevdab naha kaitsebarj\u00e4\u00e4ri, aitab niiskust s\u00e4ilitada ja annab kergelt jahutava efekti. Koos mereveega v\u00f5imendab see koostise niisutavat toimet, s\u00e4ilitades v\u00e4rskuse ja mugavuse.<\/span><\/p>\n<p>&nbsp;<\/p>\n<p><b>Arginiin<\/b><span style=\"font-weight: 400;\"> \u2014 aminohape, mis on osa looduslikust niisutavast faktorist (NMF). See s\u00e4ilitab naha h\u00fcdrolipiidse tasakaalu ning aitab v\u00e4hendada kuivust ja pingul tunnet.<\/span><\/p>\n<p>&nbsp;<\/p>\n<p>&nbsp;<\/p>\n<p><b>Kuidas kasutada:\u00a0<\/b><\/p>\n<p><span style=\"font-weight: 400;\">Enne kasutamist loksutage pudelit \u00f5rnalt ja pihustage umbes 20 cm kauguselt n\u00e4ole.\u00a0<\/span><\/p>\n<p>&nbsp;<\/p>\n<p>&nbsp;<\/p>\n<p><b>Netokogus:<\/b><span style=\"font-weight: 400;\"> 100 ml.<\/span><\/p>\n<p>&nbsp;<\/p>\n<p>&nbsp;<\/p>\n<p><span style=\"font-weight: 400;\">Kui teil on lisak\u00fcsimusi v\u00f5i vajate toote valimisel n\u00f5u, kirjutage meile. Vestlus asub ekraani paremas alanurgas.<\/span><\/p>\n<p>&nbsp;<\/p>\n<p>&nbsp;<\/p>\n<p>&nbsp;<\/p>\n<p><a title=\"TARNETINGIMUSED\" href=\"https:\/\/liluilu.ee\/et\/kohaletoimetamine\/\" target=\"_blank\" rel=\"noopener\">TARNETINGIMUSED<\/a><\/p>","protected":false},"excerpt":{"rendered":"<p>\u041c\u0438\u0441\u0442 \u0434\u043b\u044f \u043b\u0438\u0446\u0430 \u0441 PDRN \u0438 \u043c\u043e\u0440\u0441\u043a\u043e\u0439 \u0432\u043e\u0434\u043e\u0439 Dr. Althea Aqua Marine Jelly Mist \u0434\u0430\u0440\u0438\u0442 \u043a\u043e\u0436\u0435 \u043e\u0449\u0443\u0449\u0435\u043d\u0438\u0435 \u043b\u0435\u0433\u043a\u043e\u0441\u0442\u0438 \u0438 \u0441\u0432\u0435\u0436\u0435\u0441\u0442\u0438, \u043a\u0430\u043a \u043f\u043e\u0441\u043b\u0435 \u043c\u043e\u0440\u0441\u043a\u043e\u0433\u043e \u0431\u0440\u0438\u0437\u0430. &nbsp; \u0421\u0440\u0435\u0434\u0441\u0442\u0432\u043e \u043e\u0431\u043b\u0430\u0434\u0430\u0435\u0442 \u043d\u0435\u043e\u0431\u044b\u0447\u043d\u043e\u0439 \u0433\u0435\u043b\u0435\u0432\u043e\u0439 \u0442\u0435\u043a\u0441\u0442\u0443\u0440\u043e\u0439, \u043a\u043e\u0442\u043e\u0440\u0430\u044f \u043f\u0440\u0438 \u0440\u0430\u0441\u043f\u044b\u043b\u0435\u043d\u0438\u0438 \u043f\u0440\u0435\u0432\u0440\u0430\u0449\u0430\u0435\u0442\u0441\u044f \u0432 \u043c\u0435\u043b\u043a\u043e\u0434\u0438\u0441\u043f\u0435\u0440\u0441\u043d\u044b\u0439 \u043c\u0438\u0441\u0442, \u043e\u0441\u0435\u0434\u0430\u044e\u0449\u0438\u0439 \u043d\u0430 \u043a\u043e\u0436\u0435 \u043b\u0435\u0433\u043a\u0438\u043c \u043e\u0431\u043b\u0430\u0447\u043a\u043e\u043c \u0443\u0432\u043b\u0430\u0436\u043d\u044f\u044e\u0449\u0435\u0439 \u043f\u0440\u043e\u0445\u043b\u0430\u0434\u044b.\u00a0 &nbsp; \u041c\u0438\u0441\u0442 \u0443\u0441\u0442\u0440\u0430\u043d\u044f\u0435\u0442 \u0441\u0443\u0445\u043e\u0441\u0442\u044c \u0438 \u0434\u0438\u0441\u043a\u043e\u043c\u0444\u043e\u0440\u0442, \u0441\u0432\u044f\u0437\u0430\u043d\u043d\u044b\u0439 \u0441 \u043d\u0435\u0434\u043e\u0441\u0442\u0430\u0442\u043a\u043e\u043c \u0432\u043b\u0430\u0433\u0438 \u0438 [&hellip;]<\/p>","protected":false},"featured_media":17707,"comment_status":"open","ping_status":"closed","template":"","meta":{"_eb_attr":"","jetpack_post_was_ever_published":false,"_joinchat":[]},"product_brand":[895],"product_cat":[894,217],"product_tag":[766,767,269,893,693,899,897,903,644,400,703,902,647,413],"class_list":{"0":"post-17704","1":"product","2":"type-product","3":"status-publish","4":"has-post-thumbnail","6":"product_brand-dr-althea","7":"product_cat-dr-althea","8":"product_cat-tonery","9":"product_tag-pdrn","10":"product_tag-veganskij-pdrn","11":"product_tag-gialuronovaya-kislota","12":"product_tag-idealno-pod-makiyazh","13":"product_tag-letnij-uhod","14":"product_tag-liniya-dr-althea-aqua","15":"product_tag-misty-dlya-lica","16":"product_tag-morskaya-voda","17":"product_tag-novinki","18":"product_tag-uvlazhnenie","19":"product_tag-uvlazhnyajushhie-kremy","20":"product_tag-uvlazhnyajushhij-uhod-za-kozhej","21":"product_tag-uspokaivajushhij-uhod-za-kozhej","22":"product_tag-chuvstvitelnaya-kozha","24":"first","25":"instock","26":"sale","27":"shipping-taxable","28":"purchasable","29":"product-type-simple"},"jetpack_sharing_enabled":true,"_links":{"self":[{"href":"https:\/\/liluilu.ee\/et\/wp-json\/wp\/v2\/product\/17704","targetHints":{"allow":["GET"]}}],"collection":[{"href":"https:\/\/liluilu.ee\/et\/wp-json\/wp\/v2\/product"}],"about":[{"href":"https:\/\/liluilu.ee\/et\/wp-json\/wp\/v2\/types\/product"}],"replies":[{"embeddable":true,"href":"https:\/\/liluilu.ee\/et\/wp-json\/wp\/v2\/comments?post=17704"}],"version-history":[{"count":9,"href":"https:\/\/liluilu.ee\/et\/wp-json\/wp\/v2\/product\/17704\/revisions"}],"predecessor-version":[{"id":17721,"href":"https:\/\/liluilu.ee\/et\/wp-json\/wp\/v2\/product\/17704\/revisions\/17721"}],"wp:featuredmedia":[{"embeddable":true,"href":"https:\/\/liluilu.ee\/et\/wp-json\/wp\/v2\/media\/17707"}],"wp:attachment":[{"href":"https:\/\/liluilu.ee\/et\/wp-json\/wp\/v2\/media?parent=17704"}],"wp:term":[{"taxonomy":"product_brand","embeddable":true,"href":"https:\/\/liluilu.ee\/et\/wp-json\/wp\/v2\/product_brand?post=17704"},{"taxonomy":"product_cat","embeddable":true,"href":"https:\/\/liluilu.ee\/et\/wp-json\/wp\/v2\/product_cat?post=17704"},{"taxonomy":"product_tag","embeddable":true,"href":"https:\/\/liluilu.ee\/et\/wp-json\/wp\/v2\/product_tag?post=17704"}],"curies":[{"name":"t\u00f6\u00f6leht","href":"https:\/\/api.w.org\/{rel}","templated":true}]}}