{"id":17674,"date":"2026-03-17T12:33:31","date_gmt":"2026-03-17T09:33:31","guid":{"rendered":"https:\/\/liluilu.ee\/?post_type=product&#038;p=17674"},"modified":"2026-05-14T09:59:53","modified_gmt":"2026-05-14T06:59:53","slug":"centellian24-expert-madeca-cream-active-renew-pdrn","status":"publish","type":"product","link":"https:\/\/liluilu.ee\/et\/centellian24-expert-madeca-cream-active-renew-pdrn\/","title":{"rendered":"Intensiivne pinguldav ja t\u00f5stev n\u00e4okreem PDRN-iga \u2013 Centellian24 Expert Madeca Cream Active Renew PDRN (50 ml)"},"content":{"rendered":"<p><span style=\"font-weight: 400;\">Premium lifting- ja pinguldav kreem <\/span><b>Centellian24 Expert Madeca Cream Active Renew PDRN-l <\/b><span style=\"font-weight: 400;\">on premium-klassi n\u00e4okreem, mis on m\u00f5eldud naha pinguldamiseks ja intensiivseks taastamiseks, sh taastumiseks p\u00e4rast stressi ja agressiivseid kosmeetilisi protseduure.<\/span><\/p>\n<p>&nbsp;<\/p>\n<p><span style=\"font-weight: 400;\">See toode annab nahale eluj\u00f5udu, parandades toonust, elastsust ja pinguldust. See loob mitmem\u00f5\u00f5tmelise vol\u00fc\u00fcmi ja 360\u00b0 liftingu efekti, j\u00e4ttes naha pringiks, pingul ja elastseks. See hoiab \u00e4ra naha l\u00f5tvumise ning aitab s\u00e4ilitada selgeid kontuure ja n\u00e4okontuure.<\/span><\/p>\n<p>&nbsp;<\/p>\n<p><span style=\"font-weight: 400;\">T\u00e4nu<\/span><b> 5-Skin Renew Complex\u2019ile<\/b><span style=\"font-weight: 400;\"> rahustab kreem, leevendab \u00e4rritust ja taastab epidermise. See v\u00f5itleb t\u00f5husalt viie peamise stressis ja kahjustatud naha tunnusega: naha kaitsefunktsiooni h\u00e4ired, sisemine kuivus, pigmentatsioon, turse ja s\u00fcgelus.<\/span><\/p>\n<p>&nbsp;<\/p>\n<p><span style=\"font-weight: 400;\">S\u00fcgav ja pikaajaline niisutus annab naha t\u00e4idluse tunde ja mugavust. Kreem l\u00fchendab taastumisperioodi p\u00e4rast hooldusi ja v\u00e4hendab reaktsiooniv\u00f5imet. See muudab naha vastupidavamaks v\u00e4listele \u00e4rritajatele ja keskkonnastressile.<\/span><\/p>\n<p>&nbsp;<\/p>\n<p><span style=\"font-weight: 400;\">\u0423 <b>Centellian24 Expert Madeca Cream Active Renew PDRN-l\u00a0<\/b>on naturaalne l\u00f5hn ja \u00f5rn virsikutoon. Kreemjas ja kerge tekstuur hajutab kergesti ja imendub, j\u00e4tmata kleepuvat v\u00f5i rasvast kihti.\u00a0<\/span><span style=\"font-weight: 400;\">Pehmendab, toidab ja rahustab nahka, andes sellele seestpoolt tuleva terve s\u00e4ra.<\/span><\/p>\n<p>&nbsp;<\/p>\n<p><span style=\"font-weight: 400;\">Sobib igale nahat\u00fc\u00fcbile.<\/span><\/p>\n<p>&nbsp;<\/p>\n<p>&nbsp;<\/p>\n<h2><i>Peamised toimeained <\/i><i>Centellian24 Expert Madeca Cream Active Renew PDRN:<\/i><\/h2>\n<p><b>TECA-5D PDRN\u2122 kompleks (20 000 ppm)<\/b><span style=\"font-weight: 400;\"> \u2014 ravimifirma Dongkook Pharmaceutical poolt v\u00e4lja t\u00f6\u00f6tatud uuenduslik vara.<\/span><\/p>\n<p><span style=\"font-weight: 400;\">Kompleks \u00fchendab <\/span><b>Centella asiatica TECA tiitritud ekstrakt, 5 t\u00fc\u00fcpi PDRN ja roosi h\u00fcdrosool<\/b><span style=\"font-weight: 400;\">, luues v\u00f5imsa naha taastamise ja noorendamise s\u00fcsteemi:<\/span><\/p>\n<ul>\n<li style=\"font-weight: 400;\" aria-level=\"1\"><b>TECA (Centella asiatica tiitritud fraktsionaalne ekstrakt)<\/b><span style=\"font-weight: 400;\"> \u2014 k\u00f5rgelt puhastatud ja standardiseeritud vorm, rikas asiatikosidi, madekassosiidi ja asiatiikhappe poolest. See stimuleerib kollageeni s\u00fcnteesi, kiirendab naha uuenemist, v\u00e4hendab p\u00f5letikku ja aitab taastada kahjustatud nahabarj\u00e4\u00e4ri. See parandab naha tihedust ja elastsust, rahustab, ravib ja aitab nahal stressist ja kosmeetilistest protseduuridest kiiremini taastuda.<\/span><\/li>\n<li style=\"font-weight: 400;\" aria-level=\"1\"><b>5 t\u00fc\u00fcpi PDRN-i (2000 ppm), mis on saadud Centellast, roosist, Houttuyniast, mereorganismidest ja l\u00f5hest, <\/b><span style=\"font-weight: 400;\">\u2014 toimivad rakkude &quot;enesetervendamise juhistena&quot;, k\u00e4ivitades regeneratsiooniprotsesse ja stimuleerides kollageeni s\u00fcnteesi. Selle tulemusena muutub nahk m\u00e4rgatavalt tihedamaks ja elastsemaks, kortsude n\u00e4htavus v\u00e4heneb ning loomulik kaitsekiht taastub.<\/span><\/li>\n<li style=\"font-weight: 400;\" aria-level=\"1\"><b>Roosi h\u00fcdrosool<\/b><span style=\"font-weight: 400;\"> \u2014 koos Centellaga rahustab tundlikku v\u00f5i kahjustatud nahka, v\u00e4hendades tundlikkust ja ebamugavustunnet. Tugevdab h\u00fcaluroonhappe toimet, aidates s\u00e4ilitada niiskust naha \u00fclemistes kihtides. S\u00e4ilitab pehmuse, mugavuse ja v\u00e4rskuse.<\/span><\/li>\n<\/ul>\n<p>&nbsp;<\/p>\n<p><b>10 h\u00fcaluroonhappe vormi \u2014<\/b><span style=\"font-weight: 400;\"> loovad mitmekihilise niisutuse naha pinnalt kuni s\u00fcgavaimate kihtideni. Need niisutavad intensiivselt, suurendavad elastsust ning s\u00e4ilitavad t\u00e4idluse, tiheduse ja mugavuse tunde.<\/span><\/p>\n<p>&nbsp;<\/p>\n<p><b>Kofeiin<\/b> <span style=\"font-weight: 400;\">\u2014 aitab t\u00f5husalt turseid kaotada, parandab mikrotsirkulatsiooni, toniseerib ja v\u00e4rskendab jumet.<\/span><\/p>\n<p>&nbsp;<\/p>\n<p><b>Beeta-sitosterool<\/b> <span style=\"font-weight: 400;\">\u2014 taimne f\u00fctosterool, mis tugevdab naha kaitsebarj\u00e4\u00e4ri. See v\u00e4hendab \u00e4rritust ja kuivust, toetab lipiidkihi taastumist ning muudab naha vastupidavamaks v\u00e4listele m\u00f5judele.<\/span><\/p>\n<p>&nbsp;<\/p>\n<p><b>Glutatioon<\/b> <span style=\"font-weight: 400;\">\u2014 \u00fchtlustab nahatooni ja parandab jumet, andes sellele terve s\u00e4ra ja v\u00e4rskuse. V\u00e4hendab oks\u00fcdatiivset stressi ning koos PDRN-i ja vesinabaga tugevdab kreemi taastavaid omadusi.<\/span><\/p>\n<p>&nbsp;<\/p>\n<h2><i>Soovitame <\/i><i>Centellian24 Expert Madeca Cream Active Renew PDRN:<\/i><\/h2>\n<ul>\n<li style=\"font-weight: 400;\" aria-level=\"1\"><span style=\"font-weight: 400;\">Igale nahat\u00fc\u00fcbile, mis vajab pinguldamist, taastamist ja intensiivset niisutust;<\/span><\/li>\n<li style=\"font-weight: 400;\" aria-level=\"1\"><span style=\"font-weight: 400;\">Tundlikule ja punetusele kalduvale nahale;<\/span><\/li>\n<li style=\"font-weight: 400;\" aria-level=\"1\"><span style=\"font-weight: 400;\">Deh\u00fcdreeritud nahale;<\/span><\/li>\n<li style=\"font-weight: 400;\" aria-level=\"1\"><span style=\"font-weight: 400;\">Kahjustatud kaitsebarj\u00e4\u00e4riga nahale;<\/span><\/li>\n<li style=\"font-weight: 400;\" aria-level=\"1\"><span style=\"font-weight: 400;\">Naha taastamiseks p\u00e4rast agressiivset hooldust ja kosmeetilisi protseduure;<\/span><\/li>\n<li style=\"font-weight: 400;\" aria-level=\"1\"><span style=\"font-weight: 400;\">Elastsust ja tugevust kaotavale nahale;<\/span><\/li>\n<li style=\"font-weight: 400;\" aria-level=\"1\"><span style=\"font-weight: 400;\">Vananemisvastaseks hoolduseks ja vanusega seotud muutuste ennetamiseks.<\/span><\/li>\n<\/ul>\n<p>&nbsp;<\/p>\n<p><span style=\"font-weight: 400;\">Kreem sobib igap\u00e4evaseks hoolduseks, hommikul ja\/v\u00f5i \u00f5htul.\u00a0<\/span><\/p>\n<p>&nbsp;<\/p>\n<p><span style=\"font-weight: 400;\">Maksimaalse efekti saavutamiseks kasutage kreemi koos <\/span><span style=\"color: #0000ff;\"><a style=\"color: #0000ff;\" href=\"https:\/\/liluilu.ee\/et\/centellian24-360-shot-pdrn-active-serum\/\" target=\"_blank\" rel=\"noopener\"><span style=\"font-weight: 400;\">360\u00ba Shot PDRN Active Serum, intensiivselt pinguldav lifting-seerumiga<\/span><\/a><\/span><span style=\"font-weight: 400;\">.<\/span><\/p>\n<p>&nbsp;<\/p>\n<p><b>Kuidas kasutada:<\/b><\/p>\n<p><span style=\"font-weight: 400;\">Nahahooldusrutiini viimase sammuna kanna n\u00e4ole ja kaelale soovitud kogus kreemi. Masseeri \u00f5rnalt nahka.<\/span><\/p>\n<p>&nbsp;<\/p>\n<p><span style=\"font-weight: 400;\">Kui teie nahk vajab intensiivset taastamist, kasutage kreemi \u00f5htul \u00f6\u00f6maskina: kandke nahale umbes kaks korda rohkem kreemi kui tavaliselt.\u00a0<\/span><\/p>\n<p>&nbsp;<\/p>\n<p><b>Netokogus:<\/b><span style=\"font-weight: 400;\"> 50 ml<\/span><\/p>\n<p>&nbsp;<\/p>\n<p><span style=\"font-weight: 400;\">Kui teil on lisak\u00fcsimusi v\u00f5i vajate toote valimisel n\u00f5u, kirjutage meile. Vestlus asub ekraani paremas alanurgas.<\/span><\/p>\n<p>&nbsp;<\/p>\n<p>&nbsp;<\/p>\n<p><a title=\"TARNETINGIMUSED\" href=\"https:\/\/liluilu.ee\/et\/kohaletoimetamine\/\" target=\"_blank\" rel=\"noopener\">TARNETINGIMUSED<\/a><\/p>","protected":false},"excerpt":{"rendered":"<p>\u041f\u043e\u0434\u0442\u044f\u0433\u0438\u0432\u0430\u044e\u0449\u0438\u0439 \u0438 \u0443\u043a\u0440\u0435\u043f\u043b\u044f\u044e\u0449\u0438\u0439 \u043a\u0440\u0435\u043c \u043f\u0440\u0435\u043c\u0438\u0443\u043c-\u043a\u043b\u0430\u0441\u0441\u0430 Centellian24 Expert Madeca Cream Active Renew PDRN \u0440\u0430\u0437\u0440\u0430\u0431\u043e\u0442\u0430\u043d \u0434\u043b\u044f \u043b\u0438\u0444\u0442\u0438\u043d\u0433\u0430 \u0438 \u0438\u043d\u0442\u0435\u043d\u0441\u0438\u0432\u043d\u043e\u0433\u043e \u0432\u043e\u0441\u0441\u0442\u0430\u043d\u043e\u0432\u043b\u0435\u043d\u0438\u044f \u043a\u043e\u0436\u0438, \u0432\u043a\u043b\u044e\u0447\u0430\u044f \u0432\u043e\u0441\u0441\u0442\u0430\u043d\u043e\u0432\u043b\u0435\u043d\u0438\u0435 \u043f\u043e\u0441\u043b\u0435 \u0441\u0442\u0440\u0435\u0441\u0441\u043e\u0432\u044b\u0445 \u0432\u043e\u0437\u0434\u0435\u0439\u0441\u0442\u0432\u0438\u0439 \u0438 \u0430\u0433\u0440\u0435\u0441\u0441\u0438\u0432\u043d\u044b\u0445 \u043a\u043e\u0441\u043c\u0435\u0442\u043e\u043b\u043e\u0433\u0438\u0447\u0435\u0441\u043a\u0438\u0445 \u043f\u0440\u043e\u0446\u0435\u0434\u0443\u0440. &nbsp; \u0421\u0440\u0435\u0434\u0441\u0442\u0432\u043e \u043d\u0430\u043f\u043e\u043b\u043d\u044f\u0435\u0442 \u043a\u043e\u0436\u0443 \u0436\u0438\u0437\u043d\u0435\u043d\u043d\u043e\u0439 \u044d\u043d\u0435\u0440\u0433\u0438\u0435\u0439, \u043f\u043e\u0432\u044b\u0448\u0430\u0435\u0442 \u0442\u043e\u043d\u0443\u0441, \u044d\u043b\u0430\u0441\u0442\u0438\u0447\u043d\u043e\u0441\u0442\u044c \u0438 \u0443\u043f\u0440\u0443\u0433\u043e\u0441\u0442\u044c. \u0424\u043e\u0440\u043c\u0438\u0440\u0443\u0435\u0442 \u043c\u043d\u043e\u0433\u043e\u043c\u0435\u0440\u043d\u044b\u0439 \u043e\u0431\u044a\u0435\u043c \u0438 \u0441\u043e\u0437\u0434\u0430\u0435\u0442 \u044d\u0444\u0444\u0435\u043a\u0442 360\u00b0 \u043b\u0438\u0444\u0442\u0438\u043d\u0433\u0430, \u0434\u0435\u043b\u0430\u044f \u043a\u043e\u0436\u0443 \u043d\u0430\u043f\u043e\u043b\u043d\u0435\u043d\u043d\u043e\u0439, \u043f\u043e\u0434\u0442\u044f\u043d\u0443\u0442\u043e\u0439 \u0438 \u043f\u043b\u043e\u0442\u043d\u043e\u0439. \u041f\u0440\u0435\u043f\u044f\u0442\u0441\u0442\u0432\u0443\u0435\u0442 \u043e\u0431\u0432\u0438\u0441\u0430\u043d\u0438\u044e, [&hellip;]<\/p>","protected":false},"featured_media":17676,"comment_status":"open","ping_status":"closed","template":"","meta":{"_eb_attr":"","jetpack_post_was_ever_published":true,"_joinchat":[]},"product_brand":[863],"product_cat":[862,95],"product_tag":[871,766,734,866,445,620,439,838,765,465,644,824,792,413,489],"class_list":{"0":"post-17674","1":"product","2":"type-product","3":"status-publish","4":"has-post-thumbnail","6":"product_brand-centellian24","7":"product_cat-centellian24","8":"product_cat-kremy-emulsii-i-losony-dlya-lica","9":"product_tag-centellian24-pdrn-line","10":"product_tag-pdrn","11":"product_tag-slow-aging","12":"product_tag-teca","13":"product_tag-antivozrastnoj-uhod","14":"product_tag-antivozrastnye-kremy-dlya-lica","15":"product_tag-vosstanovlenie-barera","16":"product_tag-dlya-gladkoj-tekstury-kozhi","17":"product_tag-kosmetika-s-pdrn","18":"product_tag-lifting","19":"product_tag-novinki","20":"product_tag-omolozhenie","21":"product_tag-razglazhivanie-kozhi","22":"product_tag-chuvstvitelnaya-kozha","23":"product_tag-elastichnost-i-uprugost","25":"first","26":"instock","27":"sale","28":"shipping-taxable","29":"purchasable","30":"product-type-simple"},"jetpack_sharing_enabled":true,"_links":{"self":[{"href":"https:\/\/liluilu.ee\/et\/wp-json\/wp\/v2\/product\/17674","targetHints":{"allow":["GET"]}}],"collection":[{"href":"https:\/\/liluilu.ee\/et\/wp-json\/wp\/v2\/product"}],"about":[{"href":"https:\/\/liluilu.ee\/et\/wp-json\/wp\/v2\/types\/product"}],"replies":[{"embeddable":true,"href":"https:\/\/liluilu.ee\/et\/wp-json\/wp\/v2\/comments?post=17674"}],"version-history":[{"count":3,"href":"https:\/\/liluilu.ee\/et\/wp-json\/wp\/v2\/product\/17674\/revisions"}],"predecessor-version":[{"id":17683,"href":"https:\/\/liluilu.ee\/et\/wp-json\/wp\/v2\/product\/17674\/revisions\/17683"}],"wp:featuredmedia":[{"embeddable":true,"href":"https:\/\/liluilu.ee\/et\/wp-json\/wp\/v2\/media\/17676"}],"wp:attachment":[{"href":"https:\/\/liluilu.ee\/et\/wp-json\/wp\/v2\/media?parent=17674"}],"wp:term":[{"taxonomy":"product_brand","embeddable":true,"href":"https:\/\/liluilu.ee\/et\/wp-json\/wp\/v2\/product_brand?post=17674"},{"taxonomy":"product_cat","embeddable":true,"href":"https:\/\/liluilu.ee\/et\/wp-json\/wp\/v2\/product_cat?post=17674"},{"taxonomy":"product_tag","embeddable":true,"href":"https:\/\/liluilu.ee\/et\/wp-json\/wp\/v2\/product_tag?post=17674"}],"curies":[{"name":"t\u00f6\u00f6leht","href":"https:\/\/api.w.org\/{rel}","templated":true}]}}