{"id":17592,"date":"2026-03-11T19:13:06","date_gmt":"2026-03-11T16:13:06","guid":{"rendered":"https:\/\/liluilu.ee\/?post_type=product&#038;p=17592"},"modified":"2026-04-28T17:23:04","modified_gmt":"2026-04-28T14:23:04","slug":"dr-althea-aqua-marine-watery-cream","status":"publish","type":"product","link":"https:\/\/liluilu.ee\/et\/dr-althea-aqua-marine-watery-cream\/","title":{"rendered":"Intensiivselt niisutav kerge akva-tekstuuriga n\u00e4okreem \u2014 Dr. Althea Aqua Marine Watery Cream (50 ml)"},"content":{"rendered":"<p><span style=\"font-weight: 400;\">Kerge kreem v\u00e4rskendava tekstuuriga <\/span><b>Dr. Althea Aqua Marine Watery Cream<\/b><span style=\"font-weight: 400;\"> \u00fchendab s\u00fcgava niisutuse, taastava ja rahustava hoolduse.<\/span><\/p>\n<p>&nbsp;<\/p>\n<p><span style=\"font-weight: 400;\">See toode niisutab nahka rikkalikult, leevendades koheselt kuivust, pinget ja ebamugavustunnet. See taastab niiskustasakaalu ja ennetab deh\u00fcdratsiooni, s\u00e4ilitades optimaalse niisutuse kogu p\u00e4eva jooksul.<\/span><\/p>\n<p>&nbsp;<\/p>\n<p><span style=\"font-weight: 400;\">Rahustab \u00f5rnalt tundlikku ja reaktiivset nahka, kiirendab mikrokahjustuste taastumist, v\u00e4hendab punetust, leevendab \u00e4rritust ja s\u00fcgelust.\u00a0<\/span><\/p>\n<p>&nbsp;<\/p>\n<p><span style=\"font-weight: 400;\">Parandab naha tekstuuri ja reljeefi, muudab naha pehmeks, pringiks ja siledaks.<\/span><\/p>\n<p>&nbsp;<\/p>\n<p><span style=\"font-weight: 400;\">Toode ei ummista poore, ei p\u00f5hjusta \u00e4rritust ega vallanda p\u00f5letikku ega aknet. See ei sisalda l\u00f5hna- ega kunstlikke v\u00e4rvaineid ning guaiasuleen annab kreemile taevasinise tooni.<\/span><\/p>\n<p>&nbsp;<\/p>\n<p><span style=\"font-weight: 400;\">T\u00e4nu kergele akvatekstuurile imendub kreem kiiresti ja j\u00e4tab nahale loomuliku viimistluse ilma kleepuvuse v\u00f5i rasvasuseta. See j\u00e4tab nahale \u00f5rnalt jahutava, v\u00e4rske ja mugava tunde.<\/span><\/p>\n<p>&nbsp;<\/p>\n<p><span style=\"font-weight: 400;\">Sobib k\u00f5ikidele nahat\u00fc\u00fcpidele, eriti normaalsele, kombineeritud ja rasusele nahale.<\/span><\/p>\n<p>&nbsp;<\/p>\n<p>&nbsp;<\/p>\n<h2><i>Dr. Althea Aqua Marine Watery Cream peamised toimeained:<\/i><\/h2>\n<p><b>Valemi alus <\/b><span style=\"font-weight: 400;\">on <\/span><b>70% bambush\u00fcdrolaat,<\/b><span style=\"font-weight: 400;\">rikas mineraalide ja antioks\u00fcdantide poolest, v\u00e4rskendab ja niisutab nahka koheselt, k\u00f5rvaldades kuivuse, pinge ja ebamugavustunde.\u00a0<\/span><\/p>\n<p>&nbsp;<\/p>\n<p><b>Pantenool (10 000 ppm) <\/b><span style=\"font-weight: 400;\">on<\/span> <span style=\"font-weight: 400;\">rahustab, pehmendab ja taastab nahka. Leevendab \u00e4rritust ja s\u00fcgelust, v\u00e4hendab punetust ning tugevdab naha loomulikku kaitsekihti, mis on eriti oluline tundliku ja reaktiivse naha puhul. Aitab parandada mikrokahjustusi, \u00fchtlustab naha tekstuuri ja reljeefi ning j\u00e4tab naha pehmeks ja siidiseks.<\/span><\/p>\n<p>&nbsp;<\/p>\n<p><b>PDRN<\/b><span style=\"font-weight: 400;\"> \u2014 naha uuenemise aktivaator, osaleb kudede regenereerimisprotsessides, eriti kahjustuste ja \u00e4rrituse korral. Stimuleerib kollageeni, elastiini ja h\u00fcaluroonhappe s\u00fcnteesi, suurendades naha tihedust ja elastsust.<\/span><\/p>\n<p>&nbsp;<\/p>\n<p><b>13 h\u00fcaluroonhappe vormi <\/b><span style=\"font-weight: 400;\">\u2014 pakuvad mitmetasandilist niisutust, k\u00f5rvaldavad deh\u00fcdratsiooni ja taastavad veetasakaalu. Need s\u00e4ilitavad elastsuse ja siluvad nahka, muutes selle pringiks ja siledaks.<\/span><\/p>\n<p>&nbsp;<\/p>\n<p><b>Pol\u00fcglutamiinhape<\/b><span style=\"font-weight: 400;\"> \u2014 v\u00f5imendab h\u00fcaluroonhappe toimet ja aitab s\u00e4ilitada kauakestvat niisutatud naha tunnet.<\/span><\/p>\n<p>&nbsp;<\/p>\n<p><b>Guaiasuleen<\/b><span style=\"font-weight: 400;\"> on<\/span> <span style=\"font-weight: 400;\">omab v\u00e4ljendunud p\u00f5letikuvastast toimet, rahustab ja v\u00e4hendab punetust.<\/span><\/p>\n<p>&nbsp;<\/p>\n<p><b>Marine Complex (5 merevetika ekstrakti) <\/b><span style=\"font-weight: 400;\">\u2014 rikas antioks\u00fcdantide, mineraalide ja aminohapete poolest, parandab ainevahetust, s\u00e4ilitab niiskustasakaalu ja v\u00e4hendab oks\u00fcdatiivset stressi. See aitab v\u00e4hendada turseid, parandab elastsust ning pinguldab ja tugevdab nahka.<\/span><\/p>\n<p>&nbsp;<\/p>\n<p>&nbsp;<\/p>\n<h2><i>Soovitame Dr. Althea Aqua Marine Watery Cream:<\/i><\/h2>\n<ul>\n<li style=\"font-weight: 400;\" aria-level=\"1\"><span style=\"font-weight: 400;\">Normaalsele, kombineeritud ja rasusele nahat\u00fc\u00fcbile;<\/span><\/li>\n<li style=\"font-weight: 400;\" aria-level=\"1\"><span style=\"font-weight: 400;\">Igat t\u00fc\u00fcpi deh\u00fcdreeritud nahale;<\/span><\/li>\n<li style=\"font-weight: 400;\" aria-level=\"1\"><span style=\"font-weight: 400;\">Tundlikule ja punetusele kalduvale nahale;<\/span><\/li>\n<li style=\"font-weight: 400;\" aria-level=\"1\"><span style=\"font-weight: 400;\">Neile, kelle nahk ei talu rikkalikke ja tihedaid tekstuure;<\/span><\/li>\n<li style=\"font-weight: 400;\" aria-level=\"1\"><span style=\"font-weight: 400;\">Baaskreemina, kui vajad kerget ja h\u00e4sti niisutavat toodet, mis aitab aktiivseid seerumeid nahal lukustada;<\/span><\/li>\n<li style=\"font-weight: 400;\" aria-level=\"1\"><span style=\"font-weight: 400;\">Suviseks hoolduseks, sh p\u00e4ikesekaitsekreemi ja meigi alla.<\/span><\/li>\n<\/ul>\n<p>&nbsp;<\/p>\n<p>&nbsp;<\/p>\n<p><b>Kuidas kasutada:\u00a0<\/b><\/p>\n<p><span style=\"font-weight: 400;\">Nahahooldusrutiini viimase sammuna kanna n\u00e4ole ja kaelale soovitud kogus kreemi. Masseeri sisse.<\/span><\/p>\n<p>&nbsp;<\/p>\n<p class=\"translation-block\">Netokogus: 50 ml.<\/p>\n<p>&nbsp;<\/p>\n<p><span style=\"font-weight: 400;\">Kui teil on lisak\u00fcsimusi v\u00f5i vajate toote valimisel n\u00f5u, kirjutage meile. Vestlus asub ekraani paremas alanurgas.<\/span><\/p>\n<p>&nbsp;<\/p>\n<p>&nbsp;<\/p>\n<p><a title=\"TARNETINGIMUSED\" href=\"https:\/\/liluilu.ee\/et\/kohaletoimetamine\/\" target=\"_blank\" rel=\"noopener\">TARNETINGIMUSED<\/a><\/p>","protected":false},"excerpt":{"rendered":"<p>\u041b\u0435\u0433\u043a\u0438\u0439 \u043a\u0440\u0435\u043c \u0441 \u043e\u0441\u0432\u0435\u0436\u0430\u044e\u0449\u0435\u0439 \u0442\u0435\u043a\u0441\u0442\u0443\u0440\u043e\u0439 Dr. Althea Aqua Marine Watery Cream \u0441\u043e\u0447\u0435\u0442\u0430\u0435\u0442 \u0433\u043b\u0443\u0431\u043e\u043a\u043e\u0435 \u0443\u0432\u043b\u0430\u0436\u043d\u0435\u043d\u0438\u0435, \u0432\u043e\u0441\u0441\u0442\u0430\u043d\u043e\u0432\u043b\u0435\u043d\u0438\u0435 \u0438 \u0443\u0441\u043f\u043e\u043a\u0430\u0438\u0432\u0430\u044e\u0449\u0438\u0439 \u0443\u0445\u043e\u0434. &nbsp; \u0421\u0440\u0435\u0434\u0441\u0442\u0432\u043e \u043e\u0431\u0438\u043b\u044c\u043d\u043e \u043d\u0430\u043f\u043e\u043b\u043d\u044f\u0435\u0442 \u043a\u043e\u0436\u0443 \u0432\u043b\u0430\u0433\u043e\u0439, \u043c\u0433\u043d\u043e\u0432\u0435\u043d\u043d\u043e \u0443\u0441\u0442\u0440\u0430\u043d\u044f\u0435\u0442 \u0441\u0443\u0445\u043e\u0441\u0442\u044c, \u0441\u0442\u044f\u043d\u0443\u0442\u043e\u0441\u0442\u044c \u0438 \u0434\u0438\u0441\u043a\u043e\u043c\u0444\u043e\u0440\u0442. \u0412\u043e\u0441\u0441\u0442\u0430\u043d\u0430\u0432\u043b\u0438\u0432\u0430\u0435\u0442 \u0433\u0438\u0434\u0440\u043e\u0431\u0430\u043b\u0430\u043d\u0441 \u0438 \u043f\u0440\u0435\u0434\u043e\u0442\u0432\u0440\u0430\u0449\u0430\u0435\u0442 \u043e\u0431\u0435\u0437\u0432\u043e\u0436\u0438\u0432\u0430\u043d\u0438\u0435, \u043f\u043e\u0434\u0434\u0435\u0440\u0436\u0438\u0432\u0430\u044f \u043e\u043f\u0442\u0438\u043c\u0430\u043b\u044c\u043d\u043e\u0435 \u0443\u0432\u043b\u0430\u0436\u043d\u0435\u043d\u0438\u0435 \u043d\u0430 \u043f\u0440\u043e\u0442\u044f\u0436\u0435\u043d\u0438\u0438 \u0432\u0441\u0435\u0433\u043e \u0434\u043d\u044f. &nbsp; \u041c\u044f\u0433\u043a\u043e \u0443\u0441\u043f\u043e\u043a\u0430\u0438\u0432\u0430\u0435\u0442 \u0447\u0443\u0432\u0441\u0442\u0432\u0438\u0442\u0435\u043b\u044c\u043d\u0443\u044e \u0438 \u0440\u0435\u0430\u043a\u0442\u0438\u0432\u043d\u0443\u044e \u043a\u043e\u0436\u0443, \u0443\u0441\u043a\u043e\u0440\u044f\u0435\u0442 \u0432\u043e\u0441\u0441\u0442\u0430\u043d\u043e\u0432\u043b\u0435\u043d\u0438\u0435 \u043c\u0438\u043a\u0440\u043e\u043f\u043e\u0432\u0440\u0435\u0436\u0434\u0435\u043d\u0438\u0439, \u0443\u043c\u0435\u043d\u044c\u0448\u0430\u0435\u0442 \u043f\u043e\u043a\u0440\u0430\u0441\u043d\u0435\u043d\u0438\u044f, \u0441\u043d\u0438\u043c\u0430\u0435\u0442 [&hellip;]<\/p>","protected":false},"featured_media":17593,"comment_status":"open","ping_status":"closed","template":"","meta":{"_eb_attr":"","jetpack_post_was_ever_published":false,"_joinchat":[]},"product_brand":[895],"product_cat":[894,95],"product_tag":[766,901,269,900,893,693,899,367,644,303,400,703,724,647,413],"class_list":{"0":"post-17592","1":"product","2":"type-product","3":"status-publish","4":"has-post-thumbnail","6":"product_brand-dr-althea","7":"product_cat-dr-althea","8":"product_cat-kremy-emulsii-i-losony-dlya-lica","9":"product_tag-pdrn","10":"product_tag-gvajazulen","11":"product_tag-gialuronovaya-kislota","12":"product_tag-gidrolat-bambuka","13":"product_tag-idealno-pod-makiyazh","14":"product_tag-letnij-uhod","15":"product_tag-liniya-dr-althea-aqua","16":"product_tag-morskie-vodorosli","17":"product_tag-novinki","18":"product_tag-pantenol-vitamin-b5","19":"product_tag-uvlazhnenie","20":"product_tag-uvlazhnyajushhie-kremy","21":"product_tag-uspokaivajushhie-kremy-i-losony-dlya-lica","22":"product_tag-uspokaivajushhij-uhod-za-kozhej","23":"product_tag-chuvstvitelnaya-kozha","25":"first","26":"instock","27":"sale","28":"shipping-taxable","29":"purchasable","30":"product-type-simple"},"jetpack_sharing_enabled":true,"_links":{"self":[{"href":"https:\/\/liluilu.ee\/et\/wp-json\/wp\/v2\/product\/17592","targetHints":{"allow":["GET"]}}],"collection":[{"href":"https:\/\/liluilu.ee\/et\/wp-json\/wp\/v2\/product"}],"about":[{"href":"https:\/\/liluilu.ee\/et\/wp-json\/wp\/v2\/types\/product"}],"replies":[{"embeddable":true,"href":"https:\/\/liluilu.ee\/et\/wp-json\/wp\/v2\/comments?post=17592"}],"version-history":[{"count":3,"href":"https:\/\/liluilu.ee\/et\/wp-json\/wp\/v2\/product\/17592\/revisions"}],"predecessor-version":[{"id":17602,"href":"https:\/\/liluilu.ee\/et\/wp-json\/wp\/v2\/product\/17592\/revisions\/17602"}],"wp:featuredmedia":[{"embeddable":true,"href":"https:\/\/liluilu.ee\/et\/wp-json\/wp\/v2\/media\/17593"}],"wp:attachment":[{"href":"https:\/\/liluilu.ee\/et\/wp-json\/wp\/v2\/media?parent=17592"}],"wp:term":[{"taxonomy":"product_brand","embeddable":true,"href":"https:\/\/liluilu.ee\/et\/wp-json\/wp\/v2\/product_brand?post=17592"},{"taxonomy":"product_cat","embeddable":true,"href":"https:\/\/liluilu.ee\/et\/wp-json\/wp\/v2\/product_cat?post=17592"},{"taxonomy":"product_tag","embeddable":true,"href":"https:\/\/liluilu.ee\/et\/wp-json\/wp\/v2\/product_tag?post=17592"}],"curies":[{"name":"t\u00f6\u00f6leht","href":"https:\/\/api.w.org\/{rel}","templated":true}]}}