{"id":17531,"date":"2026-03-06T18:01:50","date_gmt":"2026-03-06T15:01:50","guid":{"rendered":"https:\/\/liluilu.ee\/?post_type=product&#038;p=17531"},"modified":"2026-04-29T00:25:22","modified_gmt":"2026-04-28T21:25:22","slug":"dr-althea-345-relief-cream-mist-100-ml","status":"publish","type":"product","link":"https:\/\/liluilu.ee\/et\/dr-althea-345-relief-cream-mist-100-ml\/","title":{"rendered":"Rahustav n\u00e4osprei riisi h\u00fcdralaadi ja pantenooliga \u2014 Dr. Althea 345 Relief Cream Mist (100 ml)"},"content":{"rendered":"<p><span style=\"font-weight: 400;\">\u00d5rn niisutav toode tundlikule ja \u00e4rritunud nahale \u2014 rahustav udu <\/span><b>Dr. Althea 345 Relief Cream Mist<\/b><span style=\"font-weight: 400;\">.\u00a0<\/span><\/p>\n<p>&nbsp;<\/p>\n<p><span style=\"font-weight: 400;\">Kahefaasiline koostis \u00fchendab kreemja ja niisutava kihi, mis segamisel moodustavad kerge emulsioonitekstuuri, \u00fchendades tooniku ja kerge piima funktsioonid.\u00a0<\/span><\/p>\n<p>&nbsp;<\/p>\n<p><span style=\"font-weight: 400;\">\u00a0<\/span><b>Dr. Althea 345 Relief Cream Mist:<\/b><\/p>\n<ul>\n<li style=\"font-weight: 400;\" aria-level=\"1\"><span style=\"font-weight: 400;\">V\u00e4rskendab ja niisutab nahka koheselt;<\/span><\/li>\n<li style=\"font-weight: 400;\" aria-level=\"1\"><span style=\"font-weight: 400;\">K\u00f5rvaldab kuivuse, pingetunde ja ebamugavustunde;<\/span><\/li>\n<li style=\"font-weight: 400;\" aria-level=\"1\"><span style=\"font-weight: 400;\">Rahustab ja v\u00e4hendab punetust;<\/span><\/li>\n<li style=\"font-weight: 400;\" aria-level=\"1\"><span style=\"font-weight: 400;\">V\u00e4hendab tundlikkust ja tugevdab loomulikku kaitsebarj\u00e4\u00e4ri;<\/span><\/li>\n<li style=\"font-weight: 400;\" aria-level=\"1\"><span style=\"font-weight: 400;\">\u00dchtlustab tekstuuri, muudab naha siledaks, pehmeks ja elastseks.<\/span><\/li>\n<\/ul>\n<p>&nbsp;<\/p>\n<p><span style=\"font-weight: 400;\">Pihustamisel tekitab udu peene piiskade pilve, mis katab naha \u00fchtlaselt ja imendub kiiresti ilma kleepuva tundeta.<\/span><\/p>\n<p>&nbsp;<\/p>\n<p><span style=\"font-weight: 400;\">Seda multifunktsionaalset toodet saab kasutada toonimise ajal, enne ja p\u00e4rast meiki ning igal ajal p\u00e4eval, kui soovite oma nahka v\u00e4rskendada ja niisutada.<\/span><\/p>\n<p>&nbsp;<\/p>\n<p><span style=\"font-weight: 400;\">Sobib k\u00f5ikidele nahat\u00fc\u00fcpidele. Eriti soovitatav normaalsele, kuivale, kombineeritud ja tundlikule nahale.<\/span><\/p>\n<p>&nbsp;<\/p>\n<p>&nbsp;<\/p>\n<h2><i>Dr. Althea 345 Relief Cream Mist peamised toimeained:<\/i><\/h2>\n<p><b>H\u00fcdrolaat (60%), ekstrakt, h\u00fcdrol\u00fc\u00fcsitud valk ja riisi aminohapped <\/b><span style=\"font-weight: 400;\">- toidab, niisutab ja pehmendab nahka intensiivselt:<\/span><\/p>\n<ul>\n<li style=\"font-weight: 400;\" aria-level=\"1\"><span style=\"font-weight: 400;\">k\u00f5rvaldab ketenduse ja kuivuse;<\/span><\/li>\n<li style=\"font-weight: 400;\" aria-level=\"1\"><span style=\"font-weight: 400;\">annab nahale s\u00e4ra ja sileduse;<\/span><\/li>\n<li style=\"font-weight: 400;\" aria-level=\"1\"><span style=\"font-weight: 400;\">s\u00e4ilitavad elastsust ja tugevust;<\/span><\/li>\n<li style=\"font-weight: 400;\" aria-level=\"1\"><span style=\"font-weight: 400;\">loovad \u00fchtlase ja terve jume.<\/span><\/li>\n<\/ul>\n<p>&nbsp;<\/p>\n<p><b>Pantenool (10 000 ppm) \u2014 <\/b><span style=\"font-weight: 400;\">rahustab, taastab ja pehmendab nahka. Leevendab \u00e4rritust ja s\u00fcgelust, v\u00e4hendab punetust ning tugevdab naha loomulikku kaitsekihti, mis on eriti oluline tundliku naha puhul. Aitab parandada mikrokahjustusi, parandab naha tekstuuri ja reljeefi, j\u00e4ttes naha siledaks, pehmeks ja elastseks.<\/span><\/p>\n<p>&nbsp;<\/p>\n<p><b>Aloe vera h\u00fcdrolaat, Centella asiatica ekstrakt, Houttuynia cordata ja madecassosiid <\/b><span style=\"font-weight: 400;\">\u2014 soodustavad paranemist ja uuenemist, rahustavad, tugevdavad naha kaitsev\u00f5imet ja v\u00e4hendavad reaktiivsust. S\u00e4ilitavad naha tervise ja heaolu.<\/span><\/p>\n<p>&nbsp;<\/p>\n<p><b>3 h\u00fcaluroonhappe vormi (h\u00fcaluroonhape, h\u00fcdrol\u00fc\u00fcsitud h\u00fcaluroonhape, h\u00fcdroks\u00fcprop\u00fc\u00fcltrimoniumh\u00fcaluronaat)<\/b><span style=\"font-weight: 400;\"> \u2014 pakuvad mitmetasandilist niisutust, s\u00e4ilitavad elastsuse ja siluvad nahka, muutes selle pringiks, t\u00e4idlaseks ja siledaks.<\/span><\/p>\n<p>&nbsp;<\/p>\n<p><b>Postbiootiline kompleks (Streptococcus Thermophilus ferment, Aspergillus ferment, Lactobacillus ferment, Bifida ferment ekstrakt) <\/b><span style=\"font-weight: 400;\">\u2014 hoolitseb mikrobioomi eest ja tugevdab loomulikku kaitsebarj\u00e4\u00e4ri. V\u00e4hendab naha tundlikkust stressi ja v\u00e4liste \u00e4rritajate suhtes: tuul, p\u00e4ike, k\u00fclm, kuiv \u00f5hk ja j\u00e4rsud temperatuurimuutused.<\/span><\/p>\n<p>&nbsp;<\/p>\n<p>&nbsp;<\/p>\n<p><b>Kuidas kasutada:<\/b><\/p>\n<p><span style=\"font-weight: 400;\">Enne kasutamist loksutage pudelit, seej\u00e4rel pihustage toodet umbes 20 cm kauguselt n\u00e4ost ja laske sellel nahal imenduda.<\/span><\/p>\n<p>&nbsp;<\/p>\n<p>&nbsp;<\/p>\n<p><b>Netokogus:<\/b><span style=\"font-weight: 400;\"> 100 ml.<\/span><\/p>\n<p>&nbsp;<\/p>\n<p>&nbsp;<\/p>\n<p><span style=\"font-weight: 400;\">Kui teil on lisak\u00fcsimusi v\u00f5i vajate toote valimisel n\u00f5u, kirjutage meile. Vestlus asub ekraani paremas alanurgas.<\/span><\/p>\n<p>&nbsp;<\/p>\n<p>&nbsp;<\/p>\n<p><a title=\"TARNETINGIMUSED\" href=\"https:\/\/liluilu.ee\/et\/kohaletoimetamine\/\" target=\"_blank\" rel=\"noopener\">TARNETINGIMUSED<\/a><\/p>","protected":false},"excerpt":{"rendered":"<p>\u041d\u0435\u0436\u043d\u043e\u0435 \u0443\u0432\u043b\u0430\u0436\u043d\u044f\u044e\u0449\u0435\u0435 \u0441\u0440\u0435\u0434\u0441\u0442\u0432\u043e, \u0440\u0430\u0437\u0440\u0430\u0431\u043e\u0442\u0430\u043d\u043d\u043e\u0435 \u0434\u043b\u044f \u0447\u0443\u0432\u0441\u0442\u0432\u0438\u0442\u0435\u043b\u044c\u043d\u043e\u0439 \u0438 \u0440\u0430\u0437\u0434\u0440\u0430\u0436\u0435\u043d\u043d\u043e\u0439 \u043a\u043e\u0436\u0438 \u2014 \u0443\u0441\u043f\u043e\u043a\u0430\u0438\u0432\u0430\u044e\u0449\u0438\u0439 \u043c\u0438\u0441\u0442 Dr. Althea 345 Relief Cream Mist.\u00a0 &nbsp; \u0414\u0432\u0443\u0445\u0444\u0430\u0437\u043d\u0430\u044f \u0444\u043e\u0440\u043c\u0443\u043b\u0430 \u0441\u043e\u0447\u0435\u0442\u0430\u0435\u0442 \u043a\u0440\u0435\u043c\u043e\u0432\u044b\u0439 \u0438 \u0443\u0432\u043b\u0430\u0436\u043d\u044f\u044e\u0449\u0438\u0439 \u0441\u043b\u043e\u0438, \u043a\u043e\u0442\u043e\u0440\u044b\u0435 \u043f\u0440\u0438 \u0441\u043c\u0435\u0448\u0438\u0432\u0430\u043d\u0438\u0438 \u043e\u0431\u0440\u0430\u0437\u0443\u044e\u0442 \u043b\u0435\u0433\u043a\u0443\u044e \u044d\u043c\u0443\u043b\u044c\u0441\u0438\u043e\u043d\u043d\u0443\u044e \u0442\u0435\u043a\u0441\u0442\u0443\u0440\u0443, \u0441\u043e\u0432\u043c\u0435\u0449\u0430\u044e\u0449\u0443\u044e \u0444\u0443\u043d\u043a\u0446\u0438\u0438 \u0442\u043e\u043d\u0435\u0440\u0430 \u0438 \u043b\u0435\u0433\u043a\u043e\u0433\u043e \u043c\u043e\u043b\u043e\u0447\u043a\u0430.\u00a0 &nbsp; \u00a0Dr. Althea 345 Relief Cream Mist: \u041c\u0433\u043d\u043e\u0432\u0435\u043d\u043d\u043e \u043e\u0441\u0432\u0435\u0436\u0430\u0435\u0442 \u0438 \u0443\u0432\u043b\u0430\u0436\u043d\u044f\u0435\u0442 \u043a\u043e\u0436\u0443; \u0423\u0441\u0442\u0440\u0430\u043d\u044f\u0435\u0442 \u0441\u0443\u0445\u043e\u0441\u0442\u044c, \u0441\u0442\u044f\u043d\u0443\u0442\u043e\u0441\u0442\u044c \u0438 [&hellip;]<\/p>","protected":false},"featured_media":17533,"comment_status":"open","ping_status":"closed","template":"","meta":{"_eb_attr":"","jetpack_post_was_ever_published":false,"_joinchat":[]},"product_brand":[895],"product_cat":[894,217],"product_tag":[269,775,893,896,897,644,303,898,400,647,413],"class_list":{"0":"post-17531","1":"product","2":"type-product","3":"status-publish","4":"has-post-thumbnail","6":"product_brand-dr-althea","7":"product_cat-dr-althea","8":"product_cat-tonery","9":"product_tag-gialuronovaya-kislota","10":"product_tag-gidrolat-risa","11":"product_tag-idealno-pod-makiyazh","12":"product_tag-liniya-dr-althea-345","13":"product_tag-misty-dlya-lica","14":"product_tag-novinki","15":"product_tag-pantenol-vitamin-b5","16":"product_tag-postbiotiki","17":"product_tag-uvlazhnenie","18":"product_tag-uspokaivajushhij-uhod-za-kozhej","19":"product_tag-chuvstvitelnaya-kozha","21":"first","22":"instock","23":"sale","24":"shipping-taxable","25":"purchasable","26":"product-type-simple"},"jetpack_sharing_enabled":true,"_links":{"self":[{"href":"https:\/\/liluilu.ee\/et\/wp-json\/wp\/v2\/product\/17531","targetHints":{"allow":["GET"]}}],"collection":[{"href":"https:\/\/liluilu.ee\/et\/wp-json\/wp\/v2\/product"}],"about":[{"href":"https:\/\/liluilu.ee\/et\/wp-json\/wp\/v2\/types\/product"}],"replies":[{"embeddable":true,"href":"https:\/\/liluilu.ee\/et\/wp-json\/wp\/v2\/comments?post=17531"}],"version-history":[{"count":5,"href":"https:\/\/liluilu.ee\/et\/wp-json\/wp\/v2\/product\/17531\/revisions"}],"predecessor-version":[{"id":17582,"href":"https:\/\/liluilu.ee\/et\/wp-json\/wp\/v2\/product\/17531\/revisions\/17582"}],"wp:featuredmedia":[{"embeddable":true,"href":"https:\/\/liluilu.ee\/et\/wp-json\/wp\/v2\/media\/17533"}],"wp:attachment":[{"href":"https:\/\/liluilu.ee\/et\/wp-json\/wp\/v2\/media?parent=17531"}],"wp:term":[{"taxonomy":"product_brand","embeddable":true,"href":"https:\/\/liluilu.ee\/et\/wp-json\/wp\/v2\/product_brand?post=17531"},{"taxonomy":"product_cat","embeddable":true,"href":"https:\/\/liluilu.ee\/et\/wp-json\/wp\/v2\/product_cat?post=17531"},{"taxonomy":"product_tag","embeddable":true,"href":"https:\/\/liluilu.ee\/et\/wp-json\/wp\/v2\/product_tag?post=17531"}],"curies":[{"name":"t\u00f6\u00f6leht","href":"https:\/\/api.w.org\/{rel}","templated":true}]}}