{"id":17517,"date":"2026-03-06T14:56:57","date_gmt":"2026-03-06T11:56:57","guid":{"rendered":"https:\/\/liluilu.ee\/?post_type=product&#038;p=17517"},"modified":"2026-04-22T13:11:36","modified_gmt":"2026-04-22T10:11:36","slug":"dr-althea-345-relief-cream","status":"publish","type":"product","link":"https:\/\/liluilu.ee\/et\/dr-althea-345-relief-cream\/","title":{"rendered":"Rahustav ja niisutav kreem resveratrooliga \u2014 Dr. Althea 345 Relief Cream (50 ml)"},"content":{"rendered":"<p><span style=\"font-weight: 400;\">Rahustav kreem resveratrooliga <strong>Dr. Althea 345 Relief Cream<\/strong><\/span><span style=\"font-weight: 400;\"><strong>\u00a0<\/strong>on \u00f5rn niisutav hooldus tundlikule ja probleemsele nahale, millel on kalduvus punetusele, aknele ja aknej\u00e4rgsetele j\u00e4lgedele.<\/span><\/p>\n<p>&nbsp;<\/p>\n<p><span style=\"font-weight: 400;\">Mittekomedogeenne koostis, kerge ja v\u00e4rskendava tekstuuriga, leevendab koheselt ebamugavustunnet ja taastab naha p\u00f5hifunktsioonid.<\/span><\/p>\n<p>&nbsp;<\/p>\n<p><b>Dr. Althea 345 Relief Cream:<\/b><\/p>\n<ul>\n<li style=\"font-weight: 400;\" aria-level=\"1\"><span style=\"font-weight: 400;\">Annab intensiivse ja pikaajalise niisutuse;<\/span><\/li>\n<li style=\"font-weight: 400;\" aria-level=\"1\"><span style=\"font-weight: 400;\">Rahustab, leevendab s\u00fcgelust ja v\u00e4hendab punetust;<\/span><\/li>\n<li style=\"font-weight: 400;\" aria-level=\"1\"><span style=\"font-weight: 400;\">Reguleerib rasueritust, v\u00e4hendab \u00f5list l\u00e4iget ja aitab visuaalselt poore ahendada;<\/span><\/li>\n<li style=\"font-weight: 400;\" aria-level=\"1\"><span style=\"font-weight: 400;\">Heledab laike ja aknej\u00e4rgseid j\u00e4lgi;<\/span><\/li>\n<li style=\"font-weight: 400;\" aria-level=\"1\"><span style=\"font-weight: 400;\">\u00dchtlustab nahatooni ja parandab naha jumet;<\/span><\/li>\n<li style=\"font-weight: 400;\" aria-level=\"1\"><span style=\"font-weight: 400;\">Toidab, taastab ja tugevdab;<\/span><\/li>\n<li style=\"font-weight: 400;\" aria-level=\"1\"><span style=\"font-weight: 400;\">V\u00e4hendab \u00fclitundlikkust, muudab naha vastupidavamaks v\u00e4listele \u00e4rritajatele ja agressiivsele keskkonnam\u00f5jule.<\/span><\/li>\n<\/ul>\n<p>&nbsp;<\/p>\n<p><span style=\"font-weight: 400;\">Ei sisalda kunstlikke l\u00f5hna- ega v\u00e4rvaineid. Toode on l\u00e4binud mitmeid kliinilisi teste ega p\u00f5hjusta \u00e4rritust, ei ummista poore ega tekita aknet.\u00a0<\/span><\/p>\n<p>&nbsp;<\/p>\n<p><span style=\"font-weight: 400;\">Imendub p\u00e4rast pealekandmist kiiresti, pakkudes v\u00e4rskust ja mugavustunnet, luues terve, sileda ja hoolitsetud naha.<\/span><\/p>\n<p>&nbsp;<\/p>\n<p><span style=\"font-weight: 400;\">Soovitatav igap\u00e4evaseks hoolduseks, sh kasutamiseks meigi all.<\/span><\/p>\n<p>&nbsp;<\/p>\n<p><span style=\"font-weight: 400;\">Sobib igale nahat\u00fc\u00fcbile.<\/span><\/p>\n<p>&nbsp;<\/p>\n<p>&nbsp;<\/p>\n<h2><i>D<\/i><i>r. Althea 345 Relief Cream peamised toimeained:<\/i><\/h2>\n<p><b>Resveratrool <\/b><span style=\"font-weight: 400;\">\u2014 v\u00f5imas antioks\u00fcdant, mis kaitseb nahka vabade radikaalide ja keskkonna agressorite eest. See v\u00e4hendab p\u00f5letikku, toetab taastumist ja \u00fchtlustab nahatooni.<\/span><\/p>\n<p>&nbsp;<\/p>\n<p><b>Tanniinhape <\/b><span style=\"font-weight: 400;\">\u2014 omab selgelt kokkut\u00f5mbavaid ja rahustavaid omadusi. V\u00e4hendab p\u00f5letikku ja punetust, aitab ahendada poore ning saavutada puhta ja \u00fchtlase naha.<\/span><\/p>\n<p>&nbsp;<\/p>\n<p><b>Niatsiinamiid<\/b><span style=\"font-weight: 400;\"> \u2014 reguleerib rasueritust, v\u00e4hendab l\u00e4iget ja ahendab poore. Heledab tumedaid laike ja aknej\u00e4rgseid arme. \u00dchtlustab nahatooni ja parandab jumet.\u00a0<\/span><\/p>\n<p>&nbsp;<\/p>\n<p><b>Beeta-gl\u00fckaan<\/b><span style=\"font-weight: 400;\"> ja <\/span><b>h\u00fcdrol\u00fc\u00fcsitud h\u00fcaluroonhape<\/b><span style=\"font-weight: 400;\"> \u2014 niisutavad nahka intensiivselt, k\u00f5rvaldades deh\u00fcdratsiooni ja kuivuse. S\u00e4ilitavad naha elastsuse ja prinkuse, muutes naha pringiks ja siledaks.<\/span><\/p>\n<p>&nbsp;<\/p>\n<p><b>Keramiid NP<\/b><span style=\"font-weight: 400;\"> \u2014 integreerub sarvkihti ja taastab loomuliku barj\u00e4\u00e4ri. V\u00e4hendab \u00fclitundlikkust, s\u00e4ilitab niiskuse ja pehmendab nahka, j\u00e4ttes selle pehmeks ja siidiseks.<\/span><\/p>\n<p>&nbsp;<\/p>\n<p><b>Riisikliidest saadud PDRN<\/b><span style=\"font-weight: 400;\"> \u2014 stimuleerib regeneratsiooni ja taastumist, v\u00e4hendab aknej\u00e4rgsete j\u00e4lgede ja \u00e4rrituste n\u00e4htavust, parandab naha \u00fcldist seisundit.<\/span><\/p>\n<p>&nbsp;<\/p>\n<p><b>Pantenool <\/b><span style=\"font-weight: 400;\">\u2014 omab v\u00e4ljendunud rahustavat, tervendavat ja niisutavat toimet. See v\u00e4hendab p\u00f5letikku ja \u00e4rritust, pehmendab nahka ideaalselt ning parandab naha tekstuuri ja reljeefi.<\/span><\/p>\n<p>&nbsp;<\/p>\n<p><b>Rahustav kompleks (Camellia sinensis'e, teepuu ja Centella asiatica h\u00fcdrolaadid, madekassosiid ja Centella asiatica PDRN) - <\/b><span style=\"font-weight: 400;\">omab p\u00f5letikuvastast toimet, mis rahustab kiiresti \u00e4rritunud nahka ja v\u00e4hendab punetust. See tugevdab naha loomulikku kaitsebarj\u00e4\u00e4ri, v\u00e4hendab tundlikkust ja muudab selle vastupidavamaks keskkonnateguritele.<\/span><\/p>\n<p>&nbsp;<\/p>\n<p>&nbsp;<\/p>\n<h2><i>Soovitame Dr. Althea 345 Relief Cream:<\/i><\/h2>\n<ul>\n<li style=\"font-weight: 400;\" aria-level=\"1\"><span style=\"font-weight: 400;\">Tundlikule nahale, mis on altid kiirele punetusele ja \u00e4rritusele;<\/span><\/li>\n<li style=\"font-weight: 400;\" aria-level=\"1\"><span style=\"font-weight: 400;\">Probleemsele nahale, mis kaldub p\u00f5letikule ja aknele;<\/span><\/li>\n<li style=\"font-weight: 400;\" aria-level=\"1\"><span style=\"font-weight: 400;\">Deh\u00fcdreeritud nahale;<\/span><\/li>\n<li style=\"font-weight: 400;\" aria-level=\"1\"><span style=\"font-weight: 400;\">Aknej\u00e4rgsete j\u00e4lgedega nahale;<\/span><\/li>\n<li style=\"font-weight: 400;\" aria-level=\"1\"><span style=\"font-weight: 400;\">Stressis nahale, millel on suurenenud tundlikkus v\u00e4liste \u00e4rritajate t\u00f5ttu;<\/span><\/li>\n<li style=\"font-weight: 400;\" aria-level=\"1\"><span style=\"font-weight: 400;\">Neile, kes otsivad \u00f5rna koostist ilma paksu tekstuurita.<\/span><\/li>\n<\/ul>\n<p>&nbsp;<\/p>\n<p><b>Kuidas kasutada:<\/b><\/p>\n<p><span style=\"font-weight: 400;\">Hommikul ja\/v\u00f5i \u00f5htul, nahahoolduse viimases etapis, kandke n\u00e4ole vajalik kogus kreemi ja jaotage \u00f5rnade masseerivate liigutustega laiali.<\/span><\/p>\n<p>&nbsp;<\/p>\n<p>&nbsp;<\/p>\n<p class=\"translation-block\">Netokogus: 50 ml.<\/p>\n<p>&nbsp;<\/p>\n<p>&nbsp;<\/p>\n<p><span style=\"font-weight: 400;\">Kui teil on lisak\u00fcsimusi v\u00f5i vajate toote valimisel n\u00f5u, kirjutage meile. Vestlus asub ekraani paremas alanurgas.<\/span><\/p>\n<p>&nbsp;<\/p>\n<p>&nbsp;<\/p>\n<p><a title=\"TARNETINGIMUSED\" href=\"https:\/\/liluilu.ee\/et\/kohaletoimetamine\/\" target=\"_blank\" rel=\"noopener\">TARNETINGIMUSED<\/a><\/p>","protected":false},"excerpt":{"rendered":"<p>\u0423\u0441\u043f\u043e\u043a\u0430\u0438\u0432\u0430\u044e\u0449\u0438\u0439 \u043a\u0440\u0435\u043c \u0441 \u0440\u0435\u0441\u0432\u0435\u0440\u0430\u0442\u0440\u043e\u043b\u043e\u043c Dr. Althea 345 Relief Cream\u00a0\u2014 \u044d\u0442\u043e \u043d\u0435\u0436\u043d\u044b\u0439 \u0443\u0432\u043b\u0430\u0436\u043d\u044f\u044e\u0449\u0438\u0439 \u0443\u0445\u043e\u0434, \u0440\u0430\u0437\u0440\u0430\u0431\u043e\u0442\u0430\u043d\u043d\u044b\u0439 \u0434\u043b\u044f \u0447\u0443\u0432\u0441\u0442\u0432\u0438\u0442\u0435\u043b\u044c\u043d\u043e\u0439 \u0438 \u043f\u0440\u043e\u0431\u043b\u0435\u043c\u043d\u043e\u0439 \u043a\u043e\u0436\u0438, \u0441\u043a\u043b\u043e\u043d\u043d\u043e\u0439 \u043a \u043f\u043e\u043a\u0440\u0430\u0441\u043d\u0435\u043d\u0438\u044f\u043c, \u0430\u043a\u043d\u0435 \u0438 \u043f\u043e\u0441\u0442\u0430\u043a\u043d\u0435. &nbsp; \u041d\u0435\u043a\u043e\u043c\u0435\u0434\u043e\u0433\u0435\u043d\u043d\u0430\u044f \u0444\u043e\u0440\u043c\u0443\u043b\u0430 \u0441 \u043b\u0435\u0433\u043a\u043e\u0439, \u043e\u0441\u0432\u0435\u0436\u0430\u044e\u0449\u0435\u0439 \u0442\u0435\u043a\u0441\u0442\u0443\u0440\u043e\u0439 \u043c\u0433\u043d\u043e\u0432\u0435\u043d\u043d\u043e \u0441\u043d\u0438\u043c\u0430\u0435\u0442 \u0434\u0438\u0441\u043a\u043e\u043c\u0444\u043e\u0440\u0442 \u0438 \u0432\u043e\u0441\u0441\u0442\u0430\u043d\u0430\u0432\u043b\u0438\u0432\u0430\u0435\u0442 \u0431\u0430\u0437\u043e\u0432\u044b\u0435 \u0444\u0443\u043d\u043a\u0446\u0438\u0438 \u043a\u043e\u0436\u0438. &nbsp; Dr. Althea 345 Relief Cream: \u041e\u0431\u0435\u0441\u043f\u0435\u0447\u0438\u0432\u0430\u0435\u0442 \u0438\u043d\u0442\u0435\u043d\u0441\u0438\u0432\u043d\u043e\u0435 \u0438 \u0434\u043b\u0438\u0442\u0435\u043b\u044c\u043d\u043e\u0435 \u0443\u0432\u043b\u0430\u0436\u043d\u0435\u043d\u0438\u0435; \u0423\u0441\u043f\u043e\u043a\u0430\u0438\u0432\u0430\u0435\u0442, \u0441\u043d\u0438\u043c\u0430\u0435\u0442 \u0437\u0443\u0434 \u0438 [&hellip;]<\/p>","protected":false},"featured_media":17519,"comment_status":"open","ping_status":"closed","template":"","meta":{"_eb_attr":"","jetpack_post_was_ever_published":false,"_joinchat":[]},"product_brand":[895],"product_cat":[894,95],"product_tag":[892,477,893,896,644,423,437,451,778,281,400,647,413],"class_list":{"0":"post-17517","1":"product","2":"type-product","3":"status-publish","4":"has-post-thumbnail","6":"product_brand-dr-althea","7":"product_cat-dr-althea","8":"product_cat-kremy-emulsii-i-losony-dlya-lica","9":"product_tag-bazovyj-krem","10":"product_tag-vysypaniya-i-akne","11":"product_tag-idealno-pod-makiyazh","12":"product_tag-liniya-dr-althea-345","13":"product_tag-novinki","14":"product_tag-obezvozhennaya-kozha","15":"product_tag-postakne","16":"product_tag-problemnaya-kozha","17":"product_tag-protiv-pokrasnenij","18":"product_tag-resveratrol","19":"product_tag-uvlazhnenie","20":"product_tag-uspokaivajushhij-uhod-za-kozhej","21":"product_tag-chuvstvitelnaya-kozha","23":"first","24":"instock","25":"sale","26":"shipping-taxable","27":"purchasable","28":"product-type-simple"},"jetpack_sharing_enabled":true,"_links":{"self":[{"href":"https:\/\/liluilu.ee\/et\/wp-json\/wp\/v2\/product\/17517","targetHints":{"allow":["GET"]}}],"collection":[{"href":"https:\/\/liluilu.ee\/et\/wp-json\/wp\/v2\/product"}],"about":[{"href":"https:\/\/liluilu.ee\/et\/wp-json\/wp\/v2\/types\/product"}],"replies":[{"embeddable":true,"href":"https:\/\/liluilu.ee\/et\/wp-json\/wp\/v2\/comments?post=17517"}],"version-history":[{"count":5,"href":"https:\/\/liluilu.ee\/et\/wp-json\/wp\/v2\/product\/17517\/revisions"}],"predecessor-version":[{"id":18085,"href":"https:\/\/liluilu.ee\/et\/wp-json\/wp\/v2\/product\/17517\/revisions\/18085"}],"wp:featuredmedia":[{"embeddable":true,"href":"https:\/\/liluilu.ee\/et\/wp-json\/wp\/v2\/media\/17519"}],"wp:attachment":[{"href":"https:\/\/liluilu.ee\/et\/wp-json\/wp\/v2\/media?parent=17517"}],"wp:term":[{"taxonomy":"product_brand","embeddable":true,"href":"https:\/\/liluilu.ee\/et\/wp-json\/wp\/v2\/product_brand?post=17517"},{"taxonomy":"product_cat","embeddable":true,"href":"https:\/\/liluilu.ee\/et\/wp-json\/wp\/v2\/product_cat?post=17517"},{"taxonomy":"product_tag","embeddable":true,"href":"https:\/\/liluilu.ee\/et\/wp-json\/wp\/v2\/product_tag?post=17517"}],"curies":[{"name":"t\u00f6\u00f6leht","href":"https:\/\/api.w.org\/{rel}","templated":true}]}}