{"id":17156,"date":"2026-02-04T20:41:51","date_gmt":"2026-02-04T17:41:51","guid":{"rendered":"https:\/\/liluilu.ee\/?post_type=product&#038;p=17156"},"modified":"2026-04-05T12:55:32","modified_gmt":"2026-04-05T09:55:32","slug":"round-lab-birch-juice-moisturizing-cream","status":"publish","type":"product","link":"https:\/\/liluilu.ee\/et\/round-lab-birch-juice-moisturizing-cream\/","title":{"rendered":"Niisutav n\u00e4okreem kasemahlaga \u2014 Round Lab Birch Juice Moisturizing Cream (80 ml)"},"content":{"rendered":"<p><span style=\"font-weight: 400;\">Pehme ja tasakaalustatud kreem kasemahlaga <\/span><b>Round Lab Birch Juice Moisturizing Cream <\/b><span style=\"font-weight: 400;\">on suunatud aktiivsele niisutusele, igak\u00fclgsele hooldusele ja naha kaitsebarj\u00e4\u00e4ri tugevdamisele.<\/span><\/p>\n<p>&nbsp;<\/p>\n<p><span style=\"font-weight: 400;\">See toode k\u00f5rvaldab deh\u00fcdratsiooni ja kuivuse, taastab naha h\u00fcdrolipiidide tasakaalu ja soodustab niiskuse s\u00e4ilitamist. See rahustab ja v\u00e4hendab \u00e4rritust, pehmendab, silub naha mikroreljeefi ja s\u00e4ilitab elastsuse.\u00a0<\/span><\/p>\n<p>&nbsp;<\/p>\n<p><span style=\"font-weight: 400;\">Kreemi kerge ja libisev tekstuur libiseb nahal mugavalt. Imendudes j\u00e4tab see nahale loomuliku viimistluse, muutes selle siledaks, toidetuks ja siidiseks.\u00a0<\/span><\/p>\n<p>&nbsp;<\/p>\n<p><span style=\"font-weight: 400;\">Valem on mittekomedogeenne ning sisaldab kasemahla, pantenooli, h\u00fcaluroonhapet, jojoba estreid ning niisutavaid ja rahustavaid koostisosi.<\/span><\/p>\n<p>&nbsp;<\/p>\n<p><span style=\"font-weight: 400;\">Sobib normaalsele, kombineeritud, rasusele, deh\u00fcdreeritud ja tundlikule nahale.<\/span><\/p>\n<p>&nbsp;<\/p>\n<p><span style=\"font-weight: 400;\">Soovitatav igap\u00e4evaseks hoolduseks, sh meigi alla.<\/span><\/p>\n<p>&nbsp;<\/p>\n<p>&nbsp;<\/p>\n<h2><i>Round Lab Birch Juice Moisturizing Cream peamised toimeained:<\/i><\/h2>\n<p><b>Kasemahl (10 000 ppm)<\/b> <span style=\"font-weight: 400;\">\u2014 sisaldab 17 aminohapet, antioks\u00fcdante, mineraale ja vitamiine, mis taastavad ja s\u00e4ilitavad naha loomuliku kaitsebarj\u00e4\u00e4ri, v\u00e4hendavad p\u00f5letikku, rahustavad ja niisutavad s\u00fcgavuti. See hoiab \u00e4ra deh\u00fcdratsiooni ning k\u00f5rvaldab pingul tunde ja kuivuse.<\/span><\/p>\n<p>&nbsp;<\/p>\n<p><b>2 t\u00fc\u00fcpi h\u00fcaluroonhapet ja NMF<\/b><span style=\"font-weight: 400;\"> (looduslik niisutav tegur)\u00a0<\/span><\/p>\n<p><span style=\"font-weight: 400;\">\u2014 t\u00e4idavad nahka niiskusega ja s\u00e4ilitavad veetasakaalu, moodustades kaitsva niiskust s\u00e4ilitava barj\u00e4\u00e4ri.<\/span><\/p>\n<p>&nbsp;<\/p>\n<p><b>Pantenool<\/b><span style=\"font-weight: 400;\"> \u2014 parandab mikrokahjustusi, soodustab uuenemist, rahustab ja pehmendab aktiivselt nahka. K\u00f5rvaldab ebamugavustunde, ketenduse ja kuivuse, j\u00e4ttes naha pehmeks ja siidiseks.\u00a0<\/span><\/p>\n<p>&nbsp;<\/p>\n<p><b>Jojoba estrid<\/b><span style=\"font-weight: 400;\"> \u2014 bio\u00fchilduvad pehmendavad ained, mille struktuur on sarnane rasuga. Need siluvad nahapinda, v\u00e4hendavad niiskuskaotust ning j\u00e4tavad naha pehmeks ja sametiseks, ilma et see tekitaks raskust v\u00f5i rasvasust. Need s\u00e4ilitavad elastsuse ja mugavuse.<\/span><\/p>\n<p>&nbsp;<\/p>\n<p>&nbsp;<\/p>\n<h2><i>Round Lab Birch Juice Moisturizing Cream t\u00e4iendavad toimeained:<\/i><\/h2>\n<p><b>Moringa, lupiini ja hibiskuse ekstraktid<\/b><span style=\"font-weight: 400;\"> \u2014 antioks\u00fcdantide kompleks, mis kaitseb nahka oks\u00fcdatiivse stressi eest, s\u00e4ilitab elastsuse ja toonuse ning soodustab v\u00e4rskema ja hoolitsetuma v\u00e4limuse saavutamist.<\/span><\/p>\n<p>&nbsp;<\/p>\n<p><b>Aaloe, kurkum, neem ja basiilik<\/b><span style=\"font-weight: 400;\"> \u2014 botaanilised koostisosad rahustavate ja kaitsvate omadustega. Need pehmendavad nahka, v\u00e4hendavad \u00e4rritust ja s\u00e4ilitavad selle loomuliku tasakaalu.<\/span><\/p>\n<p>&nbsp;<\/p>\n<p><b>C-vitamiin (askorbiinhape)<\/b><span style=\"font-weight: 400;\"> \u2014 antioks\u00fcdant, mis soodustab \u00fchtlasemat nahatooni, s\u00e4ilitab s\u00e4ra ja kaitseb vabade radikaalide kahjustuste eest.<\/span><\/p>\n<p>&nbsp;<\/p>\n<p>&nbsp;<\/p>\n<h2><i>Soovitame Round Lab Birch Juice Moisturizing Cream:<\/i><\/h2>\n<ul>\n<li style=\"font-weight: 400;\" aria-level=\"1\"><span style=\"font-weight: 400;\">Normaalsele, kombineeritud ja rasusele nahat\u00fc\u00fcbile;<\/span><\/li>\n<li style=\"font-weight: 400;\" aria-level=\"1\"><span style=\"font-weight: 400;\">Deh\u00fcdreeritud nahale, eriti kui see ei armasta paksu tekstuuri;<\/span><\/li>\n<li style=\"font-weight: 400;\" aria-level=\"1\"><span style=\"font-weight: 400;\">Punetusele ja \u00e4rritusele kalduva tundliku naha niisutamiseks;<\/span><\/li>\n<li style=\"font-weight: 400;\" aria-level=\"1\"><span style=\"font-weight: 400;\">Rasuse naha jaoks ilma v\u00e4ljendunud p\u00f5letikuta;<\/span><\/li>\n<li style=\"font-weight: 400;\" aria-level=\"1\"><span style=\"font-weight: 400;\">Baaskreemina, kui vajate kerge tekstuuriga toodet, mis niisutab ideaalselt ja katab aktiivseid seerumeid;<\/span><\/li>\n<li style=\"font-weight: 400;\" aria-level=\"1\"><span style=\"font-weight: 400;\">P\u00e4evakreemina, p\u00e4ikesekaitsekreemiga ja meigi all.<\/span><\/li>\n<\/ul>\n<p>&nbsp;<\/p>\n<p>&nbsp;<\/p>\n<p><b>Kuidas kasutada:<\/b><\/p>\n<p><span style=\"font-weight: 400;\">Hommikul ja\/v\u00f5i \u00f5htul, nahahoolduse viimases etapis, kandke n\u00e4ole ja kaelale vajalik kogus kreemi, hajutades seda \u00f5rnade masseerivate liigutustega.\u00a0<\/span><\/p>\n<p>&nbsp;<\/p>\n<p>&nbsp;<\/p>\n<p><b>Netokogus:<\/b><span style=\"font-weight: 400;\"> 80 ml<\/span><\/p>\n<p>&nbsp;<\/p>\n<p>&nbsp;<\/p>\n<p><span style=\"font-weight: 400;\">Kui teil on lisak\u00fcsimusi v\u00f5i vajate toote valimisel n\u00f5u, kirjutage meile. Vestlus asub ekraani paremas alanurgas.<\/span><\/p>\n<p>&nbsp;<\/p>\n<p>&nbsp;<\/p>\n<p>&nbsp;<\/p>\n<p><a title=\"TARNETINGIMUSED\" href=\"https:\/\/liluilu.ee\/et\/kohaletoimetamine\/\" target=\"_blank\" rel=\"noopener\">TARNETINGIMUSED<\/a><\/p>","protected":false},"excerpt":{"rendered":"<p>&nbsp;<\/p>\n<p>&nbsp;<\/p>","protected":false},"featured_media":17162,"comment_status":"open","ping_status":"closed","template":"","meta":{"_eb_attr":"","jetpack_post_was_ever_published":false,"_joinchat":[]},"product_brand":[887],"product_cat":[659,95],"product_tag":[660,892,663,269,893,644,423,303,400,891],"class_list":{"0":"post-17156","1":"product","2":"type-product","3":"status-publish","4":"has-post-thumbnail","6":"product_brand-round-lab","7":"product_cat-round-lab","8":"product_cat-kremy-emulsii-i-losony-dlya-lica","9":"product_tag-round-lab-birch-juice-line","10":"product_tag-bazovyj-krem","11":"product_tag-berezovyj-sok","12":"product_tag-gialuronovaya-kislota","13":"product_tag-idealno-pod-makiyazh","14":"product_tag-novinki","15":"product_tag-obezvozhennaya-kozha","16":"product_tag-pantenol-vitamin-b5","17":"product_tag-uvlazhnenie","18":"product_tag-efiry-zhozhoba","20":"first","21":"instock","22":"shipping-taxable","23":"purchasable","24":"product-type-simple"},"jetpack_sharing_enabled":true,"_links":{"self":[{"href":"https:\/\/liluilu.ee\/et\/wp-json\/wp\/v2\/product\/17156","targetHints":{"allow":["GET"]}}],"collection":[{"href":"https:\/\/liluilu.ee\/et\/wp-json\/wp\/v2\/product"}],"about":[{"href":"https:\/\/liluilu.ee\/et\/wp-json\/wp\/v2\/types\/product"}],"replies":[{"embeddable":true,"href":"https:\/\/liluilu.ee\/et\/wp-json\/wp\/v2\/comments?post=17156"}],"version-history":[{"count":3,"href":"https:\/\/liluilu.ee\/et\/wp-json\/wp\/v2\/product\/17156\/revisions"}],"predecessor-version":[{"id":17499,"href":"https:\/\/liluilu.ee\/et\/wp-json\/wp\/v2\/product\/17156\/revisions\/17499"}],"wp:featuredmedia":[{"embeddable":true,"href":"https:\/\/liluilu.ee\/et\/wp-json\/wp\/v2\/media\/17162"}],"wp:attachment":[{"href":"https:\/\/liluilu.ee\/et\/wp-json\/wp\/v2\/media?parent=17156"}],"wp:term":[{"taxonomy":"product_brand","embeddable":true,"href":"https:\/\/liluilu.ee\/et\/wp-json\/wp\/v2\/product_brand?post=17156"},{"taxonomy":"product_cat","embeddable":true,"href":"https:\/\/liluilu.ee\/et\/wp-json\/wp\/v2\/product_cat?post=17156"},{"taxonomy":"product_tag","embeddable":true,"href":"https:\/\/liluilu.ee\/et\/wp-json\/wp\/v2\/product_tag?post=17156"}],"curies":[{"name":"t\u00f6\u00f6leht","href":"https:\/\/api.w.org\/{rel}","templated":true}]}}