{"id":17136,"date":"2026-02-03T12:46:43","date_gmt":"2026-02-03T09:46:43","guid":{"rendered":"https:\/\/liluilu.ee\/?post_type=product&#038;p=17136"},"modified":"2026-05-12T18:09:39","modified_gmt":"2026-05-12T15:09:39","slug":"round-lab-birch-juice-moisturizing-cleanser","status":"publish","type":"product","link":"https:\/\/liluilu.ee\/et\/round-lab-birch-juice-moisturizing-cleanser\/","title":{"rendered":"Puhastav n\u00e4opesugeel kasemahlaga \u2014 Round Lab Birch Juice Moisturizing Cleanser (150 ml)"},"content":{"rendered":"<p><span style=\"font-weight: 400;\">N\u00e4opesugeel <\/span><b>Round Lab Birch Juice Moisturizing Cleanser<\/b><span style=\"font-weight: 400;\"> j\u00e4tab naha p\u00e4rast pesemist puhtaks, v\u00e4rskeks ja niisutatuks, ilma kuivuse, pinguloleku ja \u00e4rrituseta.<\/span><\/p>\n<p>&nbsp;<\/p>\n<p><span style=\"font-weight: 400;\">See toode eemaldab p\u00f5hjalikult, kuid \u00f5rnalt lisandid, liigse rasu ja meigij\u00e4\u00e4gid. See avab ummistunud poorid ja koorib surnud naharakud. See \u00fchtlustab j\u00e4rk-j\u00e4rgult naha mikroreljeefi ja j\u00e4tab selle siledaks. See rahustab, niisutab ja pehmendab.\u00a0\u00a0<\/span><\/p>\n<p>&nbsp;<\/p>\n<p><span style=\"font-weight: 400;\">Sellel tootel on pehme geeljas tekstuur ja naturaalne l\u00f5hn koirohu ja kummeli nootidega. Selle kergelt happeline koostis (pH 5,0\u20136,0) ja \u00f5rnad kookosp\u00e4hklist saadud pindaktiivsed ained s\u00e4ilitavad naha kaitsebarj\u00e4\u00e4ri tervise ja minimeerivad \u00e4rrituse ohtu.<\/span><\/p>\n<p>&nbsp;<\/p>\n<p><span style=\"font-weight: 400;\">Sobib igale nahat\u00fc\u00fcbile.<\/span><\/p>\n<p>&nbsp;<\/p>\n<p>&nbsp;<\/p>\n<h2><i>Round Lab Birch Juice Moisturizing Cleanser peamised toimeained:<\/i><\/h2>\n<p><b>Looduslik kookoseekstrakt<\/b> <span style=\"font-weight: 400;\">\u2014 eemaldab lisandeid ja kontrollib rasu tootmist. See on \u00f5rn ega kuivata nahka.\u00a0<\/span><\/p>\n<p>&nbsp;<\/p>\n<p><b>Kasemahl (10 000 ppm)<\/b> <span style=\"font-weight: 400;\">\u2014 sisaldab 17 aminohapet, antioks\u00fcdante, mineraale ja vitamiine, mis v\u00e4hendavad p\u00f5letikku, rahustavad, niisutavad ja puhastavad nahka.\u00a0<\/span><\/p>\n<p>&nbsp;<\/p>\n<p><b>Artemisia ekstrakt<\/b><span style=\"font-weight: 400;\"> \u2014 rahustab, leevendab \u00e4rritust ja v\u00e4hendab punetust. Sellel on haavasid parandavad ja p\u00f5letikuvastased omadused, mis on kasulikud vistrike ja akne tekkele kalduvale nahale.<\/span><\/p>\n<p>&nbsp;<\/p>\n<p><b>2 t\u00fc\u00fcpi h\u00fcaluroonhapet ja NMF<\/b><span style=\"font-weight: 400;\"> (looduslik niisutav tegur)\u00a0<\/span><\/p>\n<p><span style=\"font-weight: 400;\">\u2014 t\u00e4idavad nahka niiskusega ja s\u00e4ilitavad veetasakaalu, moodustades kaitsva niiskust s\u00e4ilitava barj\u00e4\u00e4ri.<\/span><\/p>\n<p>&nbsp;<\/p>\n<p><b>Kummeli\u00f5ie\u00f5li<\/b><span style=\"font-weight: 400;\"> \u2014 ennetab p\u00f5letikku, leevendab \u00e4rritust ja rahustab nahka.\u00a0<\/span><\/p>\n<p>&nbsp;<\/p>\n<p>&nbsp;<\/p>\n<h2><i>Soovitame Round Lab Birch Juice Moisturizing Cleanser:<\/i><\/h2>\n<ul>\n<li style=\"font-weight: 400;\" aria-level=\"1\"><span style=\"font-weight: 400;\">Igale nahat\u00fc\u00fcbile;<\/span><\/li>\n<li style=\"font-weight: 400;\" aria-level=\"1\"><span style=\"font-weight: 400;\">Tundlikule nahale;<\/span><\/li>\n<li style=\"font-weight: 400;\" aria-level=\"1\"><span style=\"font-weight: 400;\">Deh\u00fcdreeritud nahale;<\/span><\/li>\n<li style=\"font-weight: 400;\" aria-level=\"1\"><span style=\"font-weight: 400;\">Kui sulle meeldib \u00f5rn niisutav puhastus ja toote geelilaadne tekstuur.<\/span><\/li>\n<\/ul>\n<p>&nbsp;<\/p>\n<p>&nbsp;<\/p>\n<p><b>Kuidas kasutada:<\/b><\/p>\n<p><span style=\"font-weight: 400;\">Vahusta niisketes peopesades rikkalik kogus geeli ja kanna saadud vaht n\u00e4ole. Masseeri \u00f5rnalt nahka ja loputa seej\u00e4rel hoolikalt sooja veega.<\/span><\/p>\n<p>&nbsp;<\/p>\n<p><b>Netokogus:<\/b><span style=\"font-weight: 400;\"> 150 ml<\/span><\/p>\n<p>&nbsp;<\/p>\n<p><span style=\"font-weight: 400;\">Kui teil on lisak\u00fcsimusi v\u00f5i vajate toote valimisel n\u00f5u, kirjutage meile. Vestlus asub ekraani paremas alanurgas.<\/span><\/p>\n<p>&nbsp;<\/p>\n<p>&nbsp;<\/p>\n<p><a title=\"TARNETINGIMUSED\" href=\"https:\/\/liluilu.ee\/et\/kohaletoimetamine\/\" target=\"_blank\" rel=\"noopener\">TARNETINGIMUSED<\/a><\/p>","protected":false},"excerpt":{"rendered":"<p>&nbsp;<\/p>\n<p>&nbsp;<\/p>","protected":false},"featured_media":17138,"comment_status":"open","ping_status":"closed","template":"","meta":{"_eb_attr":"","jetpack_post_was_ever_published":false,"_joinchat":[]},"product_brand":[887],"product_cat":[659,211],"product_tag":[660,663,644,628,830,615,839,890,888,889],"class_list":{"0":"post-17136","1":"product","2":"type-product","3":"status-publish","4":"has-post-thumbnail","6":"product_brand-round-lab","7":"product_cat-round-lab","8":"product_cat-penki-i-geli-dlya-umyvaniya","9":"product_tag-round-lab-birch-juice-line","10":"product_tag-berezovyj-sok","11":"product_tag-novinki","12":"product_tag-ochishhajushhie-geli-dlya-umyvaniya","13":"product_tag-ochishhenie-bez-peresushivaniya-kozhi","14":"product_tag-ochishhenie-kozhi","15":"product_tag-ochishhenie-chuvstvitelnoj-kozhi","16":"product_tag-pav-iz-kokosa","17":"product_tag-ekstrakt-polyni","18":"product_tag-ekstrakt-romashki","20":"first","21":"instock","22":"shipping-taxable","23":"purchasable","24":"product-type-simple"},"jetpack_sharing_enabled":true,"_links":{"self":[{"href":"https:\/\/liluilu.ee\/et\/wp-json\/wp\/v2\/product\/17136","targetHints":{"allow":["GET"]}}],"collection":[{"href":"https:\/\/liluilu.ee\/et\/wp-json\/wp\/v2\/product"}],"about":[{"href":"https:\/\/liluilu.ee\/et\/wp-json\/wp\/v2\/types\/product"}],"replies":[{"embeddable":true,"href":"https:\/\/liluilu.ee\/et\/wp-json\/wp\/v2\/comments?post=17136"}],"version-history":[{"count":5,"href":"https:\/\/liluilu.ee\/et\/wp-json\/wp\/v2\/product\/17136\/revisions"}],"predecessor-version":[{"id":17147,"href":"https:\/\/liluilu.ee\/et\/wp-json\/wp\/v2\/product\/17136\/revisions\/17147"}],"wp:featuredmedia":[{"embeddable":true,"href":"https:\/\/liluilu.ee\/et\/wp-json\/wp\/v2\/media\/17138"}],"wp:attachment":[{"href":"https:\/\/liluilu.ee\/et\/wp-json\/wp\/v2\/media?parent=17136"}],"wp:term":[{"taxonomy":"product_brand","embeddable":true,"href":"https:\/\/liluilu.ee\/et\/wp-json\/wp\/v2\/product_brand?post=17136"},{"taxonomy":"product_cat","embeddable":true,"href":"https:\/\/liluilu.ee\/et\/wp-json\/wp\/v2\/product_cat?post=17136"},{"taxonomy":"product_tag","embeddable":true,"href":"https:\/\/liluilu.ee\/et\/wp-json\/wp\/v2\/product_tag?post=17136"}],"curies":[{"name":"t\u00f6\u00f6leht","href":"https:\/\/api.w.org\/{rel}","templated":true}]}}