{"id":17041,"date":"2026-01-28T15:24:18","date_gmt":"2026-01-28T12:24:18","guid":{"rendered":"https:\/\/liluilu.ee\/?post_type=product&#038;p=17041"},"modified":"2026-05-12T15:10:55","modified_gmt":"2026-05-12T12:10:55","slug":"numbuzin-no-9-nad-collagen-under-eye-patches","status":"publish","type":"product","link":"https:\/\/liluilu.ee\/et\/numbuzin-no-9-nad-collagen-under-eye-patches\/","title":{"rendered":"Pinguldavad silmahooldusplaastrid NAD, kollageeni ja peptiididega \u2014 numbuzin No.9 NAD+ Collagen Under Eye Patches (5 paari)"},"content":{"rendered":"<p><span style=\"font-weight: 400;\">Silmahooldusplaastrid <\/span><b>numbuzin No.9 NAD+ Collagen Under Eye Patches <\/b><span style=\"font-weight: 400;\">toetavad, siluvad ja pinguldavad silma\u00fcmbrusnahka, parandades selle toonust, elastsust ja pringust. Plaastrid jahutavad meeldivalt, v\u00e4hendavad paistetust ja turset, omavad \u00f5rnalt heledamaks muutevat toimet ning v\u00e4rskendavad ja niisutavad silma\u00fcmbrusnahka.<\/span><\/p>\n<p>&nbsp;<\/p>\n<p><span style=\"font-weight: 400;\">Koostis koos NAD\u207a-ga ja 50 peptiidi kompleksiga, kofeiini, h\u00fcdrol\u00fc\u00fcsitud kollageeni, niatsiinamiidi, C-vitamiini ja 3 t\u00fc\u00fcpi h\u00fcaluroonhappega aeglustab vananemise m\u00e4rke, aitab kortse siluda ja ennetada nende teket.<\/span><\/p>\n<p>&nbsp;<\/p>\n<p><span style=\"font-weight: 400;\">Mahukad, tihedad ja elastsed plaastrid suudavad niiskust s\u00e4ilitada mitu tundi, seega intensiivsema hoolduse saamiseks v\u00f5ib neid isegi \u00fcle\u00f6\u00f6 peale j\u00e4tta. Ja kui plaastrid kanda <\/span><span style=\"color: #0000ff;\"><a style=\"color: #0000ff;\" href=\"https:\/\/liluilu.ee\/et\/numbuzin-no-9-nad-retinol-volumetox-eye-cream\/\" target=\"_blank\" rel=\"noopener\"><span style=\"font-weight: 400;\">silmakreemi pealekandmist<\/span><\/a><\/span><span style=\"font-weight: 400;\">, v\u00f5imendavad nad ka selle m\u00f5ju.<\/span><\/p>\n<p>&nbsp;<\/p>\n<p><span style=\"font-weight: 400;\">Iga plaastripaar on eraldi pakendatud ja neid on lihtne kaasa v\u00f5tta: \u00e4rireisile, puhkusele v\u00f5i t\u00fcdrukutepeole. Kasuta neid ise v\u00f5i jaga s\u00f5braga.<\/span><\/p>\n<p>&nbsp;<\/p>\n<p><span style=\"font-weight: 400;\">Sobib igale nahat\u00fc\u00fcbile.<\/span><\/p>\n<p>&nbsp;<\/p>\n<p>&nbsp;<\/p>\n<h2><i>D<\/i><i>umbuzin No.9 NAD+ Collagen Under Eye Patches peamised toimeained:<\/i><\/h2>\n<p><b>NAD\u207a<\/b><span style=\"font-weight: 400;\"> \u2014 v\u00f5imas toimeaine, mis toetab mitokondrite funktsiooni, suurendab rakkude energiataset ja kiirendab ainevahetust, aeglustades seel\u00e4bi vananemisilminguid ja parandades naha \u00fcldist seisundit. See stimuleerib valkude s\u00fcnteesi, suurendab elastsust ja pinguldust, k\u00f5rvaldab tuhmuse ning annab nahale terve s\u00e4ra.<\/span><\/p>\n<p>&nbsp;<\/p>\n<p><b>50 peptiidi kompleks <\/b><span style=\"font-weight: 400;\">\u2014 aitab siluda kortse ja ennetada nende teket, parandab naha toonust, elastsust ja tugevdab silmalaugude naha struktuuri.<\/span><\/p>\n<p>&nbsp;<\/p>\n<p><b>H\u00fcdrol\u00fc\u00fcsitud kollageen<\/b><span style=\"font-weight: 400;\"> \u2014 niisutab intensiivselt, silub kuivusest tingitud kortse ja \u00fchtlustab naha tekstuuri, luues pingul ja pringi naha efekti.<\/span><\/p>\n<p>&nbsp;<\/p>\n<p><b>Kofeiin<\/b><span style=\"font-weight: 400;\"> - v\u00e4hendab paistetust ja turset, stimuleerib mikrotsirkulatsiooni, v\u00e4rskendab ja elustab silmaaluseid nahka, muudab pilgu avatumaks.<\/span><\/p>\n<p>&nbsp;<\/p>\n<p><b>Niatsiinamiid ja C-vitamiin <\/b><span style=\"font-weight: 400;\">\u2014 k\u00f5rvaldab tuhmuse, annab \u00f5rnalt heledava efekti ja \u00fchtlustab nahatooni.\u00a0<\/span><\/p>\n<p>&nbsp;<\/p>\n<p><b>3 t\u00fc\u00fcpi h\u00fcaluroonhapet<\/b><span style=\"font-weight: 400;\"> \u2014 niisutavad intensiivselt, s\u00e4ilitavad niiskust, siluvad peeneid jooni ja hoiavad elastsust. Loovad silma\u00fcmbruses pringim, siledama ja pinguldava naha efekti.<\/span><\/p>\n<p>&nbsp;<\/p>\n<p>&nbsp;<\/p>\n<h2><i>Tootja soovitus:<\/i><\/h2>\n<p><span style=\"font-weight: 400;\">Maksimaalse tulemuse saavutamiseks kasutage plaastreid p\u00e4rast<\/span> <span style=\"color: #0000ff;\"><a style=\"color: #0000ff;\" href=\"https:\/\/liluilu.ee\/et\/numbuzin-no-9-nad-retinol-volumetox-eye-cream\/\" target=\"_blank\" rel=\"noopener\"><span style=\"font-weight: 400;\">silmakreemi pealekandmist<\/span><\/a><\/span><span style=\"font-weight: 400;\">, et s\u00e4ilitada niiskust mitu tundi.<\/span><\/p>\n<p>&nbsp;<\/p>\n<p>&nbsp;<\/p>\n<p><b>Kuidas kasutada <\/b><b>numbuzin No.9 NAD+ Collagen Under Eye Patches<\/b><b>:<\/b><\/p>\n<p><span style=\"font-weight: 400;\">Kanna plaastrid puhastatud ja toonitud silmaalustele nahale, l\u00f5dvestu ja j\u00e4ta need v\u00e4hemalt 20\u201330 minutiks peale. Seej\u00e4rel eemalda ja patsuta \u00fclej\u00e4\u00e4nud essents \u00f5rnalt nahka. Plaastreid v\u00f5ib kasutada \u00f5htul v\u00f5i isegi \u00fcle\u00f6\u00f6.\u00a0<\/span><\/p>\n<p>&nbsp;<\/p>\n<p><b>Netokogus:<\/b><span style=\"font-weight: 400;\"> 8 g x 5 paari<\/span><\/p>\n<p>&nbsp;<\/p>\n<p><span style=\"font-weight: 400;\">Kui teil on lisak\u00fcsimusi v\u00f5i vajate toote valimisel n\u00f5u, kirjutage meile. Vestlus asub ekraani paremas alanurgas.<\/span><\/p>\n<p>&nbsp;<\/p>\n<p>&nbsp;<\/p>\n<p><a title=\"TARNETINGIMUSED\" href=\"https:\/\/liluilu.ee\/et\/kohaletoimetamine\/\" target=\"_blank\" rel=\"noopener\">TARNETINGIMUSED<\/a><\/p>","protected":false},"excerpt":{"rendered":"<p>\u041b\u0438\u0444\u0442\u0438\u043d\u0433-\u043f\u0430\u0442\u0447\u0438 numbuzin No.9 NAD+ Collagen Under Eye Patches \u0443\u043a\u0440\u0435\u043f\u043b\u044f\u044e\u0442, \u0440\u0430\u0437\u0433\u043b\u0430\u0436\u0438\u0432\u0430\u044e\u0442 \u0438 \u043f\u043e\u0434\u0442\u044f\u0433\u0438\u0432\u0430\u044e\u0442 \u043a\u043e\u0436\u0443 \u043f\u043e\u0434 \u0433\u043b\u0430\u0437\u0430\u043c\u0438, \u043f\u043e\u0432\u044b\u0448\u0430\u044e\u0442 \u0435\u0435 \u0442\u043e\u043d\u0443\u0441, \u044d\u043b\u0430\u0441\u0442\u0438\u0447\u043d\u043e\u0441\u0442\u044c \u0438 \u0443\u043f\u0440\u0443\u0433\u043e\u0441\u0442\u044c. \u041f\u0440\u0438\u044f\u0442\u043d\u043e \u043e\u0445\u043b\u0430\u0436\u0434\u0430\u044e\u0442, \u0443\u043c\u0435\u043d\u044c\u0448\u0430\u044e\u0442 \u043f\u0440\u0438\u043f\u0443\u0445\u043b\u043e\u0441\u0442\u044c \u0438 \u043e\u0442\u0435\u0447\u043d\u043e\u0441\u0442\u044c, \u043e\u0431\u043b\u0430\u0434\u0430\u044e\u0442 \u043c\u044f\u0433\u043a\u0438\u043c \u043e\u0441\u0432\u0435\u0442\u043b\u044f\u044e\u0449\u0438\u043c \u044d\u0444\u0444\u0435\u043a\u0442\u043e\u043c, \u043e\u0441\u0432\u0435\u0436\u0430\u044e\u0442 \u0438 \u0443\u0432\u043b\u0430\u0436\u043d\u044f\u044e\u0442 \u043a\u043e\u0436\u0443 \u0432\u043e\u043a\u0440\u0443\u0433 \u0433\u043b\u0430\u0437. &nbsp; \u0424\u043e\u0440\u043c\u0443\u043b\u0430 \u0441 NAD\u207a, \u043a\u043e\u043c\u043f\u043b\u0435\u043a\u0441\u043e\u043c \u0438\u0437 50 \u043f\u0435\u043f\u0442\u0438\u0434\u043e\u0432, \u043a\u043e\u0444\u0435\u0438\u043d\u043e\u043c, \u0433\u0438\u0434\u0440\u043e\u043b\u0438\u0437\u043e\u0432\u0430\u043d\u043d\u044b\u043c \u043a\u043e\u043b\u043b\u0430\u0433\u0435\u043d\u043e\u043c, \u043d\u0438\u0430\u0446\u0438\u043d\u0430\u043c\u0438\u0434\u043e\u043c, \u0432\u0438\u0442\u0430\u043c\u0438\u043d\u043e\u043c C \u0438 3 \u0442\u0438\u043f\u0430\u043c\u0438 \u0433\u0438\u0430\u043b\u0443\u0440\u043e\u043d\u043e\u0432\u043e\u0439 [&hellip;]<\/p>","protected":false},"featured_media":17042,"comment_status":"open","ping_status":"closed","template":"","meta":{"_eb_attr":"","jetpack_post_was_ever_published":false,"_joinchat":[]},"product_brand":[885],"product_cat":[843,221],"product_tag":[846,850,847,734,838,860,762,859,465,644,824,239,883,487,573,792,489],"class_list":{"0":"post-17041","1":"product","2":"type-product","3":"status-publish","4":"has-post-thumbnail","6":"product_brand-numbuzin","7":"product_cat-numbuzin","8":"product_cat-patchi-dlya-glaz","9":"product_tag-nad","10":"product_tag-nmn","11":"product_tag-numbuzin-no-9","12":"product_tag-slow-aging","13":"product_tag-dlya-gladkoj-tekstury-kozhi","14":"product_tag-dlya-glaz","15":"product_tag-kollagen","16":"product_tag-kofein","17":"product_tag-lifting","18":"product_tag-novinki","19":"product_tag-omolozhenie","20":"product_tag-peptidy","21":"product_tag-protiv-meshkov-pod-glazami","22":"product_tag-protiv-morshhin","23":"product_tag-protiv-otechnosti","24":"product_tag-razglazhivanie-kozhi","25":"product_tag-elastichnost-i-uprugost","27":"first","28":"instock","29":"shipping-taxable","30":"purchasable","31":"product-type-simple"},"jetpack_sharing_enabled":true,"_links":{"self":[{"href":"https:\/\/liluilu.ee\/et\/wp-json\/wp\/v2\/product\/17041","targetHints":{"allow":["GET"]}}],"collection":[{"href":"https:\/\/liluilu.ee\/et\/wp-json\/wp\/v2\/product"}],"about":[{"href":"https:\/\/liluilu.ee\/et\/wp-json\/wp\/v2\/types\/product"}],"replies":[{"embeddable":true,"href":"https:\/\/liluilu.ee\/et\/wp-json\/wp\/v2\/comments?post=17041"}],"version-history":[{"count":8,"href":"https:\/\/liluilu.ee\/et\/wp-json\/wp\/v2\/product\/17041\/revisions"}],"predecessor-version":[{"id":17080,"href":"https:\/\/liluilu.ee\/et\/wp-json\/wp\/v2\/product\/17041\/revisions\/17080"}],"wp:featuredmedia":[{"embeddable":true,"href":"https:\/\/liluilu.ee\/et\/wp-json\/wp\/v2\/media\/17042"}],"wp:attachment":[{"href":"https:\/\/liluilu.ee\/et\/wp-json\/wp\/v2\/media?parent=17041"}],"wp:term":[{"taxonomy":"product_brand","embeddable":true,"href":"https:\/\/liluilu.ee\/et\/wp-json\/wp\/v2\/product_brand?post=17041"},{"taxonomy":"product_cat","embeddable":true,"href":"https:\/\/liluilu.ee\/et\/wp-json\/wp\/v2\/product_cat?post=17041"},{"taxonomy":"product_tag","embeddable":true,"href":"https:\/\/liluilu.ee\/et\/wp-json\/wp\/v2\/product_tag?post=17041"}],"curies":[{"name":"t\u00f6\u00f6leht","href":"https:\/\/api.w.org\/{rel}","templated":true}]}}