{"id":17022,"date":"2026-01-28T14:22:52","date_gmt":"2026-01-28T11:22:52","guid":{"rendered":"https:\/\/liluilu.ee\/?post_type=product&#038;p=17022"},"modified":"2026-05-09T10:07:13","modified_gmt":"2026-05-09T07:07:13","slug":"numbuzin-no-9-nad-retinol-volumetox-eye-cream","status":"publish","type":"product","link":"https:\/\/liluilu.ee\/et\/numbuzin-no-9-nad-retinol-volumetox-eye-cream\/","title":{"rendered":"Silma\u00fcmbruse lifting-kreem NAD, retinooli ja peptiididega \u2014 numbuzin No.9 NAD+ Retinol Volumetox Eye Cream (10 ml)"},"content":{"rendered":"<p><span style=\"font-weight: 400;\">Silma\u00fcmbruse pinguldav kreem <\/span><b>numbuzin No.9 NAD+ Retinol Volumetox Eye Cream<\/b> <span style=\"font-weight: 400;\">silub ja pinguldab n\u00e4htavalt nahka, aitab v\u00f5idelda tursete ja tumedate silmaalustega, v\u00e4rskendab ja avab ilmet.<\/span><\/p>\n<p>&nbsp;<\/p>\n<p><span style=\"font-weight: 400;\">Valem sisaldab v\u00f5imast taastavate koostisosade kombinatsiooni: NAD\u207a, 50 peptiidi, liposomaalset retinooli, 4% niatsiinamiidi, keramiide ja adenosiini.<\/span><\/p>\n<p>&nbsp;<\/p>\n<p><span style=\"font-weight: 400;\">See muljetavaldav koostis avaldab intensiivset m\u00f5ju, omab kogunemisefekti ja regulaarsel kasutamisel parandab see oluliselt \u00f5rna naha seisundit.<\/span><\/p>\n<p>&nbsp;<\/p>\n<p><b>numbuzin No.9 NAD+ Retinol Volumetox Eye Cream:<\/b><\/p>\n<ul>\n<li style=\"font-weight: 400;\" aria-level=\"1\"><span style=\"font-weight: 400;\">V\u00e4hendab kortsude pindala ja s\u00fcgavust selles piirkonnas <\/span><span style=\"font-weight: 400;\">varese jalad \u00fclemisel ja alumisel silmalaugul, kulmude ja nasolabiaalsete voldide vahelisel alal;<\/span><\/li>\n<li style=\"font-weight: 400;\" aria-level=\"1\"><span style=\"font-weight: 400;\">Tugevdab, pinguldab ja t\u00f5stab nahka silmade \u00fcmber;<\/span><\/li>\n<li style=\"font-weight: 400;\" aria-level=\"1\"><span style=\"font-weight: 400;\">Aitab taastada silmade all olevate sissevajunud alade vol\u00fc\u00fcmi;<\/span><\/li>\n<li style=\"font-weight: 400;\" aria-level=\"1\"><span style=\"font-weight: 400;\">Aitab leevendada kerget turset;<\/span><\/li>\n<li style=\"font-weight: 400;\" aria-level=\"1\"><span style=\"font-weight: 400;\">Heledab j\u00e4rk-j\u00e4rgult tumedaid ringe, pigmentatsiooni ja tedret\u00e4hne.<\/span><\/li>\n<\/ul>\n<p>&nbsp;<\/p>\n<p><span style=\"font-weight: 400;\">Mugav, keskmise tihedusega tekstuur jaotub nahale kergesti, pehmendab koheselt ja k\u00f5rvaldab kuivuse.<\/span><\/p>\n<p>&nbsp;<\/p>\n<p><span style=\"font-weight: 400;\">Kreemi piimjas, p\u00e4rlmutterjas toon hajutab \u00f5rnalt valgust ja loob &quot;p\u00e4rlmutterl\u00e4ike&quot; efekti: see heledab ja silub nahka visuaalselt, andes sellele v\u00e4rske ja puhanud v\u00e4limuse.<\/span><\/p>\n<p>&nbsp;<\/p>\n<p><span style=\"font-weight: 400;\">Ei sisalda kunstlikke l\u00f5hna- ega v\u00e4rvaineid.\u00a0<\/span><\/p>\n<p><span style=\"font-weight: 400;\">Toode ei p\u00f5hjusta \u00e4rritust.<\/span><\/p>\n<p><span style=\"font-weight: 400;\">Sobib igap\u00e4evaseks kasutamiseks, hommikul ja\/v\u00f5i \u00f5htul.<\/span><\/p>\n<p>&nbsp;<\/p>\n<p>&nbsp;<\/p>\n<h2><i>numbuzin No.9 NAD+ Retinol Volumetox Eye Cream peamised toimeained:<\/i><\/h2>\n<p><b>NAD\u207a <\/b><span style=\"font-weight: 400;\">\u2014 v\u00f5imas vahend, mis toetab mitokondrite funktsiooni, suurendab rakkude energiataset ja kiirendab ainevahetust, aeglustades seel\u00e4bi vanusega seotud muutusi ja parandades naha \u00fcldist seisundit.<\/span><span style=\"font-weight: 400;\">Stimuleerib valgus\u00fcnteesi, suurendab elastsust ja pinguldust, k\u00f5rvaldab tuhmuse ning annab nahale terve s\u00e4ra.<\/span><\/p>\n<p>&nbsp;<\/p>\n<p><b>Liposomaalne retinool <\/b><span style=\"font-weight: 400;\">\u2014 silub kortse ja ebatasasusi, heledab \u00f5rnalt, stimuleerib uuenemist ja j\u00e4tab naha siledaks. Samuti minimeerib see \u00e4rrituse ohtu t\u00e4nu liposomaalsele koostisele.<\/span><\/p>\n<p>&nbsp;<\/p>\n<p><b>Niatsiinamiid 4%<\/b><span style=\"font-weight: 400;\"> \u2014 j\u00e4rk-j\u00e4rgult v\u00e4hendab tumedaid silmaaluseid, pigmentatsiooni ja tedret\u00e4hti. Eemaldab tuhmuse ja \u00fchtlustab nahatooni.<\/span><\/p>\n<p>&nbsp;<\/p>\n<p><b>50 peptiidi <\/b><span style=\"font-weight: 400;\">\u2014 silub, tagab aktiivse pinguldava efekti ja aitab taastada kaotatud vol\u00fc\u00fcmi: parandab toonust, elastsust ning tugevdab silma\u00fcmbrusnahka.<\/span><\/p>\n<p>&nbsp;<\/p>\n<p><b>Keramiidid <\/b><span style=\"font-weight: 400;\">\u2014 kaitseb v\u00e4liste \u00e4rritajate eest ja s\u00e4ilitab niiskuse, muutes naha pehmeks ja elastseks.<\/span><\/p>\n<p>&nbsp;<\/p>\n<p><b>Adenosiin <\/b><span style=\"font-weight: 400;\">- silub nahka, v\u00e4hendab kortsude n\u00e4htavust, annab nahale hoolitsetud ja v\u00e4rske v\u00e4limuse.<\/span><\/p>\n<p>&nbsp;<\/p>\n<p>&nbsp;<\/p>\n<h2><i>Soovitame numbuzin No.9 NAD+ Retinol Volumetox Eye Cream j\u00e4rgmistel juhtudel:<\/i><\/h2>\n<ul>\n<li style=\"font-weight: 400;\" aria-level=\"1\"><span style=\"font-weight: 400;\">kortsud, peened jooned ja varesejalad;<\/span><\/li>\n<li style=\"font-weight: 400;\" aria-level=\"1\"><span style=\"font-weight: 400;\">v\u00e4henenud elastsus ja tugevus;<\/span><\/li>\n<li style=\"font-weight: 400;\" aria-level=\"1\"><span style=\"font-weight: 400;\">mahu kaotus silmade all;<\/span><\/li>\n<li style=\"font-weight: 400;\" aria-level=\"1\"><span style=\"font-weight: 400;\">pigmentatsioon ja tedret\u00e4hnid;<\/span><\/li>\n<li style=\"font-weight: 400;\" aria-level=\"1\"><span style=\"font-weight: 400;\">tumedad ringid silmade all;<\/span><\/li>\n<li style=\"font-weight: 400;\" aria-level=\"1\"><span style=\"font-weight: 400;\">turse ja kotid;<\/span><\/li>\n<li style=\"font-weight: 400;\" aria-level=\"1\"><span style=\"font-weight: 400;\">v\u00e4sinud silmad;<\/span><\/li>\n<\/ul>\n<p>&nbsp;<\/p>\n<p><span style=\"font-weight: 400;\">Maksimaalse efekti saavutamiseks kasutage <\/span><span style=\"color: #0000ff;\"><a style=\"color: #0000ff;\" href=\"https:\/\/liluilu.ee\/et\/numbuzin-no-9-nad-collagen-under-eye-patches\/\" target=\"_blank\" rel=\"noopener\"><span style=\"font-weight: 400;\">pinguldavad silmahooldusplaastrid<\/span><\/a><\/span><span style=\"font-weight: 400;\"> p\u00e4rast kreemi pealekandmist silmade \u00fcmbrusele.<\/span><\/p>\n<p>&nbsp;<\/p>\n<p>&nbsp;<\/p>\n<p><b>Kuidas kasutada:<\/b><\/p>\n<ul>\n<li style=\"font-weight: 400;\" aria-level=\"1\"><span style=\"font-weight: 400;\">Eemaldage s\u00fcstla \u00fclaosast ots.<\/span><\/li>\n<li style=\"font-weight: 400;\" aria-level=\"1\"><span style=\"font-weight: 400;\">Keerake s\u00fcstla kolbi paremale, et see avada.<\/span><\/li>\n<li style=\"font-weight: 400;\" aria-level=\"1\"><span style=\"font-weight: 400;\">Vajutage \u00f5rnalt kolbi ja pigistage v\u00e4lja vajalik kogus kreemi.<\/span><\/li>\n<li style=\"font-weight: 400;\" aria-level=\"1\"><span style=\"font-weight: 400;\">Kanna kreemi silma\u00fcmbruspiirkonnale, hajutades seda silma sisenurgast v\u00e4lisnurga poole.<\/span><\/li>\n<li style=\"font-weight: 400;\" aria-level=\"1\"><span style=\"font-weight: 400;\">Vajadusel kandke kreemi ka kulmudevahelisele piirkonnale ja nasolabiaalsetele voltidele.<\/span><\/li>\n<li style=\"font-weight: 400;\" aria-level=\"1\"><span style=\"font-weight: 400;\">P\u00e4rast kreemi kasutamist v\u00f5i transportimist keerake s\u00fcstla kolbi vasakule, et see lukustada.<\/span><\/li>\n<\/ul>\n<p>&nbsp;<\/p>\n<p>&nbsp;<\/p>\n<p><b>Netokogus:<\/b><span style=\"font-weight: 400;\"> 10 ml<\/span><\/p>\n<p>&nbsp;<\/p>\n<p>&nbsp;<\/p>\n<p><span style=\"font-weight: 400;\">Kui teil on lisak\u00fcsimusi v\u00f5i vajate toote valimisel n\u00f5u, kirjutage meile. Vestlus asub ekraani paremas alanurgas.<\/span><\/p>\n<p>&nbsp;<\/p>\n<p>&nbsp;<\/p>\n<p><a title=\"TARNETINGIMUSED\" href=\"https:\/\/liluilu.ee\/et\/kohaletoimetamine\/\" target=\"_blank\" rel=\"noopener\">TARNETINGIMUSED<\/a><\/p>","protected":false},"excerpt":{"rendered":"<p>\u041b\u0438\u0444\u0442\u0438\u043d\u0433-\u043a\u0440\u0435\u043c \u0434\u043b\u044f \u043e\u0431\u043b\u0430\u0441\u0442\u0438 \u0432\u043e\u043a\u0440\u0443\u0433 \u0433\u043b\u0430\u0437 numbuzin No.9 NAD+ Retinol Volumetox Eye Cream \u0440\u0430\u0437\u0433\u043b\u0430\u0436\u0438\u0432\u0430\u0435\u0442 \u0438 \u0437\u0430\u043c\u0435\u0442\u043d\u043e \u043f\u043e\u0434\u0442\u044f\u0433\u0438\u0432\u0430\u0435\u0442 \u043a\u043e\u0436\u0443, \u043f\u043e\u043c\u043e\u0433\u0430\u0435\u0442 \u0432 \u0431\u043e\u0440\u044c\u0431\u0435 \u0441 \u043e\u0442\u0435\u0447\u043d\u043e\u0441\u0442\u044c\u044e \u0438 \u0442\u0435\u043c\u043d\u044b\u043c\u0438 \u043a\u0440\u0443\u0433\u0430\u043c\u0438, \u043e\u0441\u0432\u0435\u0436\u0430\u0435\u0442 \u0438 \u0440\u0430\u0441\u043f\u0430\u0445\u0438\u0432\u0430\u0435\u0442 \u0432\u0437\u0433\u043b\u044f\u0434. &nbsp; \u0424\u043e\u0440\u043c\u0443\u043b\u0430 \u0432\u043a\u043b\u044e\u0447\u0430\u0435\u0442 \u043c\u043e\u0449\u043d\u0443\u044e \u043a\u043e\u043c\u0431\u0438\u043d\u0430\u0446\u0438\u044e \u0432\u043e\u0441\u0441\u0442\u0430\u043d\u0430\u0432\u043b\u0438\u0432\u0430\u044e\u0449\u0438\u0445 \u043a\u043e\u043c\u043f\u043e\u043d\u0435\u043d\u0442\u043e\u0432: NAD\u207a, 50 \u043f\u0435\u043f\u0442\u0438\u0434\u043e\u0432, \u043b\u0438\u043f\u043e\u0441\u043e\u043c\u0430\u043b\u044c\u043d\u044b\u0439 \u0440\u0435\u0442\u0438\u043d\u043e\u043b, 4% \u043d\u0438\u0430\u0446\u0438\u043d\u0430\u043c\u0438\u0434, \u0446\u0435\u0440\u0430\u043c\u0438\u0434\u044b \u0438 \u0430\u0434\u0435\u043d\u043e\u0437\u0438\u043d. &nbsp; \u0422\u0430\u043a\u043e\u0439 \u0432\u043d\u0443\u0448\u0438\u0442\u0435\u043b\u044c\u043d\u044b\u0439 \u0441\u043e\u0441\u0442\u0430\u0432 \u043e\u043a\u0430\u0437\u044b\u0432\u0430\u0435\u0442 \u0438\u043d\u0442\u0435\u043d\u0441\u0438\u0432\u043d\u043e\u0435 \u0432\u043e\u0437\u0434\u0435\u0439\u0441\u0442\u0432\u0438\u0435, \u043e\u0431\u043b\u0430\u0434\u0430\u0435\u0442 \u043d\u0430\u043a\u043e\u043f\u0438\u0442\u0435\u043b\u044c\u043d\u044b\u043c [&hellip;]<\/p>","protected":false},"featured_media":17040,"comment_status":"open","ping_status":"closed","template":"","meta":{"_eb_attr":"","jetpack_post_was_ever_published":false,"_joinchat":[]},"product_brand":[885],"product_cat":[843,305],"product_tag":[846,850,847,734,445,637,884,860,465,574,253,644,824,239,883,487,792,732,861,489],"class_list":{"0":"post-17022","1":"product","2":"type-product","3":"status-publish","4":"has-post-thumbnail","6":"product_brand-numbuzin","7":"product_cat-numbuzin","8":"product_cat-kremy-dlya-oblasti-vokrug-glaz","9":"product_tag-nad","10":"product_tag-nmn","11":"product_tag-numbuzin-no-9","12":"product_tag-slow-aging","13":"product_tag-antivozrastnoj-uhod","14":"product_tag-antivozrastnye-kremy-dlya-glaz","15":"product_tag-vosstanovlenie-obema","16":"product_tag-dlya-glaz","17":"product_tag-lifting","18":"product_tag-navisshee-veko","19":"product_tag-niacinamid","20":"product_tag-novinki","21":"product_tag-omolozhenie","22":"product_tag-peptidy","23":"product_tag-protiv-meshkov-pod-glazami","24":"product_tag-protiv-morshhin","25":"product_tag-razglazhivanie-kozhi","26":"product_tag-retinol","27":"product_tag-temnye-krugi-vokrug-glaz","28":"product_tag-elastichnost-i-uprugost","30":"first","31":"instock","32":"shipping-taxable","33":"purchasable","34":"product-type-simple"},"jetpack_sharing_enabled":true,"_links":{"self":[{"href":"https:\/\/liluilu.ee\/et\/wp-json\/wp\/v2\/product\/17022","targetHints":{"allow":["GET"]}}],"collection":[{"href":"https:\/\/liluilu.ee\/et\/wp-json\/wp\/v2\/product"}],"about":[{"href":"https:\/\/liluilu.ee\/et\/wp-json\/wp\/v2\/types\/product"}],"replies":[{"embeddable":true,"href":"https:\/\/liluilu.ee\/et\/wp-json\/wp\/v2\/comments?post=17022"}],"version-history":[{"count":16,"href":"https:\/\/liluilu.ee\/et\/wp-json\/wp\/v2\/product\/17022\/revisions"}],"predecessor-version":[{"id":17058,"href":"https:\/\/liluilu.ee\/et\/wp-json\/wp\/v2\/product\/17022\/revisions\/17058"}],"wp:featuredmedia":[{"embeddable":true,"href":"https:\/\/liluilu.ee\/et\/wp-json\/wp\/v2\/media\/17040"}],"wp:attachment":[{"href":"https:\/\/liluilu.ee\/et\/wp-json\/wp\/v2\/media?parent=17022"}],"wp:term":[{"taxonomy":"product_brand","embeddable":true,"href":"https:\/\/liluilu.ee\/et\/wp-json\/wp\/v2\/product_brand?post=17022"},{"taxonomy":"product_cat","embeddable":true,"href":"https:\/\/liluilu.ee\/et\/wp-json\/wp\/v2\/product_cat?post=17022"},{"taxonomy":"product_tag","embeddable":true,"href":"https:\/\/liluilu.ee\/et\/wp-json\/wp\/v2\/product_tag?post=17022"}],"curies":[{"name":"t\u00f6\u00f6leht","href":"https:\/\/api.w.org\/{rel}","templated":true}]}}