{"id":16996,"date":"2026-01-27T16:18:17","date_gmt":"2026-01-27T13:18:17","guid":{"rendered":"https:\/\/liluilu.ee\/?post_type=product&#038;p=16996"},"modified":"2026-03-24T22:12:51","modified_gmt":"2026-03-24T19:12:51","slug":"medicube-pdrn-pink-collagen-capsule-cream","status":"publish","type":"product","link":"https:\/\/liluilu.ee\/et\/medicube-pdrn-pink-collagen-capsule-cream\/","title":{"rendered":"Pinguldav ja nahatooni \u00fchtlustav kapslikreem PDRN-iga \u2014 medicube PDRN Pink Collagen Capsule Cream (55\u202fg)"},"content":{"rendered":"<p><span style=\"font-weight: 400;\">Pinguldav kreem <\/span><b>medicube PDRN Pink Collagen Capsule Cream<\/b><span style=\"font-weight: 400;\"> loob sileda, pringi ja s\u00e4rava naha selge ja \u00fchtlase tooniga, nagu Korea kuulsustel.<\/span><\/p>\n<p>&nbsp;<\/p>\n<p><span style=\"font-weight: 400;\">Nutikas kahekordse tekstuuriga koostis sisaldab PDRN-i, 5% niatsiinamiidi, madalmolekulaarset kollageeni, peptiide, glutatiooni ja 8 h\u00fcaluroonhappe vormi.\u00a0<\/span><\/p>\n<p>&nbsp;<\/p>\n<p><span style=\"font-weight: 400;\">Kapseldustehnoloogia mitte ainult ei s\u00e4ilita toimeainete v\u00e4rskust kuni nahale kandmiseni, vaid v\u00f5imaldab teil ka oma nahahooldusrutiini kohandada: geeli ja roosasid kapsleid \u00f5iges vahekorras segades saate kreemi oma naha ainulaadsetele vajadustele vastavaks kohandada.<\/span><\/p>\n<p>&nbsp;<\/p>\n<p><b>medicube PDRN Pink Collagen Capsule Cream tagab:<\/b><\/p>\n<ul>\n<li style=\"font-weight: 400;\" aria-level=\"1\"><b>Intensiivne niisutus:<\/b><span style=\"font-weight: 400;\"> niisutab nahka s\u00fcgavuti ja kauakestvalt, hoides seda pehme ja toidetuna 24 tundi;<\/span><\/li>\n<li style=\"font-weight: 400;\" aria-level=\"1\"><b>\u00dchtlane toon ja s\u00e4ra:<\/b><span style=\"font-weight: 400;\"> heledab aknej\u00e4rgseid j\u00e4lgi ja pigmentatsiooni, k\u00f5rvaldab tuhmuse, annab n\u00e4ole v\u00e4rske ja tervisliku v\u00e4rvuse;<\/span><\/li>\n<li style=\"font-weight: 400;\" aria-level=\"1\"><b>Elastsus ja pinguldav efekt:<\/b><span style=\"font-weight: 400;\"> nahk muutub n\u00e4htavalt tugevamaks ja pringimaks, taastub elastsus ning s\u00e4ilib selge kontuur;<\/span><\/li>\n<li style=\"font-weight: 400;\" aria-level=\"1\"><b>V\u00f5imas taastumine:<\/b><span style=\"font-weight: 400;\"> aktiveerib rakkude uuenemist, v\u00e4hendab \u00fclitundlikkust ja tugevdab loomulikku kaitsebarj\u00e4\u00e4ri.<\/span><\/li>\n<\/ul>\n<p>&nbsp;<\/p>\n<p><span style=\"font-weight: 400;\">Kreem ei sisalda kunstlikke l\u00f5hna- ega v\u00e4rvaineid. Kapslite pehme roosa v\u00e4rvus saavutatakse t\u00e4nu looduslikule B12-vitamiinile.<\/span><\/p>\n<p>&nbsp;<\/p>\n<p><span style=\"font-weight: 400;\">Toode ei p\u00f5hjusta \u00e4rritust, ei provotseeri komedoonide teket ning sobib isegi nahale, millel on kalduvus suurenenud tundlikkusele ja aknele.<\/span><\/p>\n<p>&nbsp;<\/p>\n<p><span style=\"font-weight: 400;\">Dermatoloogiliselt testitud \u00fcle 25 korra. Sobib k\u00f5ikidele nahat\u00fc\u00fcpidele.<\/span><\/p>\n<p>&nbsp;<\/p>\n<p>&nbsp;<\/p>\n<h2><i>medicube PDRN Pink Collagen Capsule Cream peamised toimeained:<\/i><\/h2>\n<p><b>PDRN <\/b><span style=\"font-weight: 400;\">\u2014 l\u00f5he DNA-st saadud regenereeriv komponent, mis toimib taastajana:<\/span><\/p>\n<ul>\n<li style=\"font-weight: 400;\" aria-level=\"1\"><span style=\"font-weight: 400;\">K\u00e4ivitab rakkude eneseregeneratsiooni protsessi, stimuleerib kollageeni, elastiini ja h\u00fcaluroonhappe s\u00fcnteesi;<\/span><\/li>\n<li style=\"font-weight: 400;\" aria-level=\"1\"><span style=\"font-weight: 400;\">Parandab mikrotsirkulatsiooni ja kudede toitumist, tugevdades naha struktuuri seestpoolt;<\/span><\/li>\n<li style=\"font-weight: 400;\" aria-level=\"1\"><span style=\"font-weight: 400;\">Taastab foto- ja kronovananemise ning agressiivsete keskkonnam\u00f5jude poolt tekitatud kahjustusi.<\/span><\/li>\n<\/ul>\n<p><span style=\"font-weight: 400;\">Selle tulemusena muutub nahk m\u00e4rgatavalt tihedamaks ja elastsemaks, tundlikkus v\u00e4heneb ja loomulik barj\u00e4\u00e4r taastub.<\/span><\/p>\n<p>&nbsp;<\/p>\n<p><b>Niatsiinamiid 5% <\/b><span style=\"font-weight: 400;\">\u2014 on k\u00f5rge kontsentratsiooniga B3-vitamiin, mis:<\/span><\/p>\n<ul>\n<li style=\"font-weight: 400;\" aria-level=\"1\"><span style=\"font-weight: 400;\">Heledab aknej\u00e4rgseid j\u00e4lgi ja h\u00fcperpigmentatsiooni;<\/span><\/li>\n<li style=\"font-weight: 400;\" aria-level=\"1\"><span style=\"font-weight: 400;\">\u00dchtlustab tooni ja k\u00f5rvaldab tuhmuse;<\/span><\/li>\n<li style=\"font-weight: 400;\" aria-level=\"1\"><span style=\"font-weight: 400;\">Tugevdab keramiidide ja lipiidide s\u00fcnteesi, tugevdades loomulikku barj\u00e4\u00e4ri;<\/span><\/li>\n<li style=\"font-weight: 400;\" aria-level=\"1\"><span style=\"font-weight: 400;\">V\u00e4hendab tundlikkust ja \u00e4rritust;<\/span><\/li>\n<li style=\"font-weight: 400;\" aria-level=\"1\"><span style=\"font-weight: 400;\">Parandab niiskuse s\u00e4ilitamist, muutes naha pringiks ja niisutatumaks.<\/span><\/li>\n<\/ul>\n<p>&nbsp;<\/p>\n<p><b>\u00dclimadala molekulmassiga kollageen 300 DA <\/b><span style=\"font-weight: 400;\">\u2014 niisutab intensiivselt ja ennetab niiskuskaotust, silub kuivusest tingitud kortse, \u00fchtlustab visuaalselt naha tekstuuri ja loob elastse naha efekti.<\/span><\/p>\n<p>&nbsp;<\/p>\n<p><b>4 peptiidi kompleks<\/b><span style=\"font-weight: 400;\"> \u2014 stimuleerib kollageeni s\u00fcnteesi, tugevdab ja pinguldab nahka, v\u00e4hendab kortsude s\u00fcgavust ja ennetab nende teket.<\/span><\/p>\n<p>&nbsp;<\/p>\n<p>&nbsp;<\/p>\n<h2><i>m<\/i><i>edicube PDRN Pink Collagen Capsule Cream t\u00e4iendavad toimeained:<\/i><\/h2>\n<p><b>Glutatioon<\/b><span style=\"font-weight: 400;\"> \u2014 v\u00f5imas antioks\u00fcdant terve ja s\u00e4rava naha jaoks:<\/span><\/p>\n<ul>\n<li style=\"font-weight: 400;\" aria-level=\"1\"><span style=\"font-weight: 400;\">Heledab aknej\u00e4rgseid j\u00e4lgi ja pigmentatsiooni;<\/span><\/li>\n<li style=\"font-weight: 400;\" aria-level=\"1\"><span style=\"font-weight: 400;\">\u00dchtlustab tooni;<\/span><\/li>\n<li style=\"font-weight: 400;\" aria-level=\"1\"><span style=\"font-weight: 400;\">Eemaldab tuhmuse ja annab v\u00e4rske jume;<\/span><\/li>\n<li style=\"font-weight: 400;\" aria-level=\"1\"><span style=\"font-weight: 400;\">Aeglustab vanusega seotud muutusi;\u00a0<\/span><\/li>\n<li style=\"font-weight: 400;\" aria-level=\"1\"><span style=\"font-weight: 400;\">S\u00e4ilitab sileduse ja elastsuse.<\/span><\/li>\n<\/ul>\n<p>&nbsp;<\/p>\n<p><b>L\u00f5he kaaviari ekstrakt <\/b><span style=\"font-weight: 400;\">\u2014 toidab intensiivselt, toetab taastumist ja parandab naha \u00fcldist seisundit.\u00a0<\/span><\/p>\n<p>&nbsp;<\/p>\n<p><b>8 h\u00fcaluroonhappe vormi s\u00fcnergia <\/b><span style=\"font-weight: 400;\">\u2014 pakub intensiivset, s\u00fcgavat ja kauakestvat niisutust. See pehmendab, silub peeneid jooni ja taastab elastsuse, muutes naha seestpoolt s\u00e4ravaks ja pringiks.<\/span><\/p>\n<p>&nbsp;<\/p>\n<p><b>Keramiid NP<\/b><span style=\"font-weight: 400;\"> \u2014 rakkudevahelise lipiidbarj\u00e4\u00e4ri peamine komponent, taastab naha tiheduse ja s\u00e4ilitab niiskuse.<\/span><\/p>\n<p>&nbsp;<\/p>\n<p><b>Tiokthape (alfa-lipohape) <\/b><span style=\"font-weight: 400;\">\u2014 v\u00e4hendab oks\u00fcdatiivset stressi ja aeglustab vananemisilminguid. V\u00e4hendab p\u00f5letikku, ahendab poore, parandab elastsust ja jumet.<\/span><\/p>\n<p><b>\u00a0<\/b><\/p>\n<p>&nbsp;<\/p>\n<h2><i>Soovitame medicube PDRN Pink Collagen Capsule Cream:<\/i><\/h2>\n<ul>\n<li style=\"font-weight: 400;\" aria-level=\"1\"><span style=\"font-weight: 400;\">Igale nahat\u00fc\u00fcbile, millel puudub toonus, pringus ja elastsus;<\/span><\/li>\n<li style=\"font-weight: 400;\" aria-level=\"1\"><span style=\"font-weight: 400;\">Eba\u00fchtlase tooniga nahale ja aknej\u00e4rgsetele m\u00e4rkidele;<\/span><\/li>\n<li style=\"font-weight: 400;\" aria-level=\"1\"><span style=\"font-weight: 400;\">Tuhmi ja v\u00e4sinud naha jaoks, mis vajab taastamist;<\/span><\/li>\n<li style=\"font-weight: 400;\" aria-level=\"1\"><span style=\"font-weight: 400;\">N\u00f5rgenenud ja kahjustatud barj\u00e4\u00e4riga nahale;<\/span><\/li>\n<li style=\"font-weight: 400;\" aria-level=\"1\"><span style=\"font-weight: 400;\">Vanusega seotud nahamuutuste n\u00e4htude ennetamiseks ja korrigeerimiseks.<\/span><\/li>\n<\/ul>\n<p>&nbsp;<\/p>\n<p><span style=\"font-weight: 400;\">Maksimaalse efekti saavutamiseks kasutage kreemi koos <\/span><span style=\"color: #0000ff;\"><a style=\"color: #0000ff;\" href=\"https:\/\/liluilu.ee\/et\/medicube-pdrn-pink-peptide-serum\/\" target=\"_blank\" rel=\"noopener\"><span style=\"font-weight: 400;\">medicube PDRN Pink Peptide Serumiga<\/span><\/a><\/span><span style=\"font-weight: 400;\">.\u00a0<\/span><\/p>\n<p>&nbsp;<\/p>\n<p><b>Kuidas kasutada:<\/b><\/p>\n<p><span style=\"font-weight: 400;\">Hommikul ja\/v\u00f5i \u00f5htul, nahahooldusrutiini viimase sammuna, sega roosad kapslid ja geel soovitud vahekorras k\u00e4eseljal. Seej\u00e4rel kanna saadud kreem \u00f5rnalt n\u00e4ole ja kaelale. Masseeri \u00f5rnalt.<\/span><\/p>\n<p><span style=\"font-weight: 400;\">Kui soovid kergemat kreemjat tekstuuri, kasuta rohkem geeli. Kui vajad rohkem toitmist ja elastsust, lisa rohkem kapsleid.<\/span><\/p>\n<p>&nbsp;<\/p>\n<p>&nbsp;<\/p>\n<p><b>Netokogus:<\/b><span style=\"font-weight: 400;\"> 55 g<\/span><\/p>\n<p>&nbsp;<\/p>\n<p>&nbsp;<\/p>\n<p><span style=\"font-weight: 400;\">Kui teil on lisak\u00fcsimusi v\u00f5i vajate toote valimisel n\u00f5u, kirjutage meile. Vestlus asub ekraani paremas alanurgas.<\/span><\/p>\n<p>&nbsp;<\/p>\n<p>&nbsp;<\/p>\n<p><a title=\"TARNETINGIMUSED\" href=\"https:\/\/liluilu.ee\/et\/kohaletoimetamine\/\" target=\"_blank\" rel=\"noopener\">TARNETINGIMUSED<\/a><\/p>","protected":false},"excerpt":{"rendered":"<p>\u0423\u043a\u0440\u0435\u043f\u043b\u044f\u044e\u0449\u0438\u0439 \u043a\u0440\u0435\u043c medicube PDRN Pink Collagen Capsule Cream \u0441\u043e\u0437\u0434\u0430\u0435\u0442 \u0433\u043b\u0430\u0434\u043a\u0443\u044e, \u0443\u043f\u0440\u0443\u0433\u0443\u044e \u0438 \u0441\u0438\u044f\u044e\u0449\u0443\u044e \u043a\u043e\u0436\u0443 \u0441 \u0447\u0438\u0441\u0442\u044b\u043c \u0438 \u0440\u0430\u0432\u043d\u043e\u043c\u0435\u0440\u043d\u044b\u043c \u0442\u043e\u043d\u043e\u043c, \u043a\u0430\u043a \u0443 \u043a\u043e\u0440\u0435\u0439\u0441\u043a\u0438\u0445 \u0437\u0432\u0435\u0437\u0434. &nbsp; \u0418\u043d\u0442\u0435\u043b\u043b\u0435\u043a\u0442\u0443\u0430\u043b\u044c\u043d\u0430\u044f \u0444\u043e\u0440\u043c\u0443\u043b\u0430 \u0441 \u0434\u0432\u043e\u0439\u043d\u043e\u0439 \u0442\u0435\u043a\u0441\u0442\u0443\u0440\u043e\u0439 \u0432\u043a\u043b\u044e\u0447\u0430\u0435\u0442 PDRN, 5% \u043d\u0438\u0430\u0446\u0438\u043d\u0430\u043c\u0438\u0434\u0430, \u043d\u0438\u0437\u043a\u043e\u043c\u043e\u043b\u0435\u043a\u0443\u043b\u044f\u0440\u043d\u044b\u0439 \u043a\u043e\u043b\u043b\u0430\u0433\u0435\u043d, \u043f\u0435\u043f\u0442\u0438\u0434\u044b, \u0433\u043b\u0443\u0442\u0430\u0442\u0438\u043e\u043d \u0438 8 \u0444\u043e\u0440\u043c \u0433\u0438\u0430\u043b\u0443\u0440\u043e\u043d\u043e\u0432\u043e\u0439 \u043a\u0438\u0441\u043b\u043e\u0442\u044b.\u00a0 &nbsp; \u0422\u0435\u0445\u043d\u043e\u043b\u043e\u0433\u0438\u044f \u0438\u043d\u043a\u0430\u043f\u0441\u0443\u043b\u044f\u0446\u0438\u0438 \u043d\u0435 \u0442\u043e\u043b\u044c\u043a\u043e \u0441\u043e\u0445\u0440\u0430\u043d\u044f\u0435\u0442 \u0441\u0432\u0435\u0436\u0435\u0441\u0442\u044c \u0430\u043a\u0442\u0438\u0432\u043d\u044b\u0445 \u043a\u043e\u043c\u043f\u043e\u043d\u0435\u043d\u0442\u043e\u0432 \u0434\u043e \u043c\u043e\u043c\u0435\u043d\u0442\u0430 \u0438\u0445 \u043d\u0430\u043d\u0435\u0441\u0435\u043d\u0438\u044f [&hellip;]<\/p>","protected":false},"featured_media":16998,"comment_status":"open","ping_status":"closed","template":"","meta":{"_eb_attr":"","jetpack_post_was_ever_published":true,"_joinchat":[]},"product_brand":[853],"product_cat":[852,95],"product_tag":[766,734,445,620,838,882,575,765,622,465,433,253,644,824,239,429,437,487,881,489],"class_list":{"0":"post-16996","1":"product","2":"type-product","3":"status-publish","4":"has-post-thumbnail","6":"product_brand-medicube","7":"product_cat-medicube","8":"product_cat-kremy-emulsii-i-losony-dlya-lica","9":"product_tag-pdrn","10":"product_tag-slow-aging","11":"product_tag-antivozrastnoj-uhod","12":"product_tag-antivozrastnye-kremy-dlya-lica","13":"product_tag-dlya-gladkoj-tekstury-kozhi","14":"product_tag-dlya-osvetleniya-pigmentacii-i-postakne","15":"product_tag-ikra-lososya","16":"product_tag-kosmetika-s-pdrn","17":"product_tag-kosmetika-s-peptidami","18":"product_tag-lifting","19":"product_tag-nerovnyj-ton-kozhi","20":"product_tag-niacinamid","21":"product_tag-novinki","22":"product_tag-omolozhenie","23":"product_tag-peptidy","24":"product_tag-pigmentaciya","25":"product_tag-postakne","26":"product_tag-protiv-morshhin","27":"product_tag-syvorotki-dlya-lica-s-pdrn","28":"product_tag-elastichnost-i-uprugost","30":"first","31":"instock","32":"shipping-taxable","33":"purchasable","34":"product-type-simple"},"jetpack_sharing_enabled":true,"_links":{"self":[{"href":"https:\/\/liluilu.ee\/et\/wp-json\/wp\/v2\/product\/16996","targetHints":{"allow":["GET"]}}],"collection":[{"href":"https:\/\/liluilu.ee\/et\/wp-json\/wp\/v2\/product"}],"about":[{"href":"https:\/\/liluilu.ee\/et\/wp-json\/wp\/v2\/types\/product"}],"replies":[{"embeddable":true,"href":"https:\/\/liluilu.ee\/et\/wp-json\/wp\/v2\/comments?post=16996"}],"version-history":[{"count":11,"href":"https:\/\/liluilu.ee\/et\/wp-json\/wp\/v2\/product\/16996\/revisions"}],"predecessor-version":[{"id":17014,"href":"https:\/\/liluilu.ee\/et\/wp-json\/wp\/v2\/product\/16996\/revisions\/17014"}],"wp:featuredmedia":[{"embeddable":true,"href":"https:\/\/liluilu.ee\/et\/wp-json\/wp\/v2\/media\/16998"}],"wp:attachment":[{"href":"https:\/\/liluilu.ee\/et\/wp-json\/wp\/v2\/media?parent=16996"}],"wp:term":[{"taxonomy":"product_brand","embeddable":true,"href":"https:\/\/liluilu.ee\/et\/wp-json\/wp\/v2\/product_brand?post=16996"},{"taxonomy":"product_cat","embeddable":true,"href":"https:\/\/liluilu.ee\/et\/wp-json\/wp\/v2\/product_cat?post=16996"},{"taxonomy":"product_tag","embeddable":true,"href":"https:\/\/liluilu.ee\/et\/wp-json\/wp\/v2\/product_tag?post=16996"}],"curies":[{"name":"t\u00f6\u00f6leht","href":"https:\/\/api.w.org\/{rel}","templated":true}]}}