{"id":16963,"date":"2026-01-26T21:13:53","date_gmt":"2026-01-26T18:13:53","guid":{"rendered":"https:\/\/liluilu.ee\/?post_type=product&#038;p=16963"},"modified":"2026-04-01T09:58:16","modified_gmt":"2026-04-01T06:58:16","slug":"medicube-pdrn-pink-peptide-serum","status":"publish","type":"product","link":"https:\/\/liluilu.ee\/et\/medicube-pdrn-pink-peptide-serum\/","title":{"rendered":"Pinguldav ja nahatooni \u00fchtlustav seerum PDRN-i ja peptiididega \u2014 medicube PDRN Pink Peptide Serum (30 ml)"},"content":{"rendered":"<p><span style=\"font-weight: 400;\">Pinguldav n\u00e4oseerum <\/span><b>medicube PDRN Pink Peptide Serum\u2019il <\/b><span style=\"font-weight: 400;\">mis taastab naha elastsuse, parandab tooni ja tekstuuri.<\/span><\/p>\n<p>&nbsp;<\/p>\n<p><span style=\"font-weight: 400;\">Valem sisaldab PDRN-i, kollageeni ja peptiidikompleksi, vitamiine ja antioks\u00fcdante, l\u00f5he kaaviari ekstrakti ja niatsiinamiidi.<\/span><\/p>\n<p>&nbsp;<\/p>\n<p><span style=\"font-weight: 400;\">Seerum toidab, niisutab ja pinguldab aktiivselt nahka, muutes selle pringiks ja elastseks. See heledab j\u00e4rk-j\u00e4rgult aknej\u00e4rgseid arme ja pigmentatsiooni, \u00fchtlustab nahatooni ning parandab jumet. See k\u00f5rvaldab tuhmuse, taastab v\u00e4rskuse ja s\u00e4ra. Silub tekstuuri ja reljefi, v\u00e4hendab kortsude n\u00e4htavust ja ennetab nende teket.<\/span><\/p>\n<p>&nbsp;<\/p>\n<p><span style=\"font-weight: 400;\">See toode m\u00f5jub soodsalt tundlikule ja probleemsele nahale, mis on altid \u00e4rritustele ja aknele. See tugevdab naha loomulikku kaitsebarj\u00e4\u00e4ri ja toetab selle kaitsefunktsioone.<\/span><\/p>\n<p>&nbsp;<\/p>\n<p><span style=\"font-weight: 400;\">\u0423 <b>medicube PDRN Pink Peptide Serum\u2019il<\/b> on pehme roosa toon t\u00e4nu B12-vitamiinile, v\u00e4rske l\u00f5hn ja niisutav, kerge tekstuur. Toode imendub nahka vaid minutitega, j\u00e4ttes naha pehmeks, elastseks ja s\u00e4ravaks tundideks.\u00a0<\/span><\/p>\n<p>&nbsp;<\/p>\n<p><span style=\"font-weight: 400;\">Sobib igale nahat\u00fc\u00fcbile.<\/span><\/p>\n<p>&nbsp;<\/p>\n<p>&nbsp;<\/p>\n<h2><i>medicube PDRN Pink Peptide Serum peamised toimeained:<\/i><\/h2>\n<p><b>PDRN (10 000 ppm) <\/b><span style=\"font-weight: 400;\">\u2014 l\u00f5hepiima DNA-st saadud regenereeriv komponent, mis toimib taastajana:<\/span><\/p>\n<ul>\n<li style=\"font-weight: 400;\" aria-level=\"1\"><span style=\"font-weight: 400;\">k\u00e4ivitab rakkude enesetervendamise protsessi, stimuleerib kollageeni, elastiini ja h\u00fcaluroonhappe s\u00fcnteesi;<\/span><\/li>\n<li style=\"font-weight: 400;\" aria-level=\"1\"><span style=\"font-weight: 400;\">Parandab mikrotsirkulatsiooni ja kudede toitumist, tugevdades naha struktuuri seestpoolt;<\/span><\/li>\n<li style=\"font-weight: 400;\" aria-level=\"1\"><span style=\"font-weight: 400;\">Taastab foto- ja kronovananemise ning agressiivsete keskkonnam\u00f5jude poolt tekitatud kahjustusi.<\/span><\/li>\n<\/ul>\n<p><span style=\"font-weight: 400;\">Selle tulemusena muutub nahk m\u00e4rgatavalt tihedamaks ja elastsemaks, tundlikkus v\u00e4heneb ja loomulik barj\u00e4\u00e4r taastub.<\/span><\/p>\n<p>&nbsp;<\/p>\n<p><b>5 peptiidi kompleks<\/b><span style=\"font-weight: 400;\"> \u2014 stimuleerib kollageeni s\u00fcnteesi, tugevdab ja pinguldab nahka, v\u00e4hendab kortsude s\u00fcgavust ja ennetab nende teket.<\/span><\/p>\n<p>&nbsp;<\/p>\n<p><b>Niatsiinamiid <\/b><span style=\"font-weight: 400;\">\u2014 \u00fchtlustab nahatooni, heledab aknej\u00e4rgseid arme ja pigmentatsiooni, reguleerib rasueritust ning tugevdab naha loomulikku kaitsekihti. J\u00e4tab naha siledaks ja s\u00e4ravaks.<\/span><\/p>\n<p>&nbsp;<\/p>\n<p><b>P\u00fcha basiiliku ekstrakt <\/b><span style=\"font-weight: 400;\">\u2014 rahustab, leevendab \u00e4rritust ja kaitseb epidermist v\u00e4liste m\u00f5jude eest.<\/span><\/p>\n<p>&nbsp;<\/p>\n<p><b>H\u00fcaluroonhape <\/b><span style=\"font-weight: 400;\">\u2014 niisutab ja s\u00e4ilitab niiskust, muudab naha pehmeks, elastseks ja pringiks.<\/span><\/p>\n<p>&nbsp;<\/p>\n<p><b>Kollageeni kompleks <\/b><span style=\"font-weight: 400;\">\u2014 s\u00e4ilitab niiskuse, tugevdab ja silub naha tekstuuri, andes elastsuse ja sileduse tunde.<\/span><\/p>\n<p>&nbsp;<\/p>\n<p><b>L\u00f5he kaaviari ekstrakt <\/b><span style=\"font-weight: 400;\">\u2014 toidab intensiivselt ja toetab naha taastumist, parandab selle \u00fcldist seisundit ja lisab s\u00e4ra.<\/span><\/p>\n<p>&nbsp;<\/p>\n<p><b>Koens\u00fc\u00fcm Q10 <\/b><span style=\"font-weight: 400;\">\u2014 aeglustab vanusega seotud muutusi, v\u00e4hendab oks\u00fcdatiivset stressi ja kaitseb fotovananemise eest.<\/span><\/p>\n<p>&nbsp;<\/p>\n<p><b>Vitamiin B12 <\/b><span style=\"font-weight: 400;\">\u2014 toetab naha uuenemist, v\u00e4hendab tundlikkust ja p\u00e4rsib p\u00f5letikku. Tugevdab kapillaare ja avaldab soodsat m\u00f5ju aknele kalduvale nahale.<\/span><\/p>\n<p>&nbsp;<\/p>\n<p><b>Adenosiin<\/b><span style=\"font-weight: 400;\"> \u2014 silub peeneid kortse, toetab ja tugevdab naha struktuuri, aidates hoida seda pringina ja toonuses.<\/span><\/p>\n<p>&nbsp;<\/p>\n<p>&nbsp;<\/p>\n<h2><i>Soovitame medicube PDRN roosa peptiidi seerumit:<\/i><\/h2>\n<ul>\n<li style=\"font-weight: 400;\" aria-level=\"1\"><span style=\"font-weight: 400;\">Igale nahat\u00fc\u00fcbile, millel puudub toonus, pringus ja elastsus;<\/span><\/li>\n<li style=\"font-weight: 400;\" aria-level=\"1\"><span style=\"font-weight: 400;\">Eba\u00fchtlase tooniga nahale ja aknej\u00e4rgsetele m\u00e4rkidele;<\/span><\/li>\n<li style=\"font-weight: 400;\" aria-level=\"1\"><span style=\"font-weight: 400;\">Tuhmi ja v\u00e4sinud naha jaoks, mis vajab taastamist;<\/span><\/li>\n<li style=\"font-weight: 400;\" aria-level=\"1\"><span style=\"font-weight: 400;\">N\u00f5rgenenud ja kahjustatud barj\u00e4\u00e4riga nahale;<\/span><\/li>\n<li style=\"font-weight: 400;\" aria-level=\"1\"><span style=\"font-weight: 400;\">Vanusega seotud nahamuutuste n\u00e4htude ennetamiseks ja korrigeerimiseks.<\/span><\/li>\n<\/ul>\n<p>&nbsp;<\/p>\n<p>&nbsp;<\/p>\n<p><b>Kuidas kasutada:<\/b><\/p>\n<p><span style=\"font-weight: 400;\">Hommikul ja\/v\u00f5i \u00f5htul kanna vajalik kogus <b>medicube PDRN Pink Peptide Serum\u2019il<\/b>\u00a0eelnevalt puhastatud ja toniseeritud n\u00e4o- ja kaelanahale. Masseeri \u00f5rnalt sisse ja l\u00f5peta hooldus kreemiga.<\/span><\/p>\n<p>&nbsp;<\/p>\n<p>&nbsp;<\/p>\n<p><b>Netokogus:<\/b><span style=\"font-weight: 400;\"> 30 ml<\/span><\/p>\n<p>&nbsp;<\/p>\n<p>&nbsp;<\/p>\n<p><span style=\"font-weight: 400;\">Kui teil on lisak\u00fcsimusi v\u00f5i vajate toote valimisel n\u00f5u, kirjutage meile. Vestlus asub ekraani paremas alanurgas.<\/span><\/p>\n<p>&nbsp;<\/p>\n<p>&nbsp;<\/p>\n<p><a title=\"TARNETINGIMUSED\" href=\"https:\/\/liluilu.ee\/et\/kohaletoimetamine\/\" target=\"_blank\" rel=\"noopener\">TARNETINGIMUSED<\/a><\/p>","protected":false},"excerpt":{"rendered":"<p>\u041b\u0438\u0444\u0442\u0438\u043d\u0433-\u0441\u044b\u0432\u043e\u0440\u043e\u0442\u043a\u0430 medicube PDRN Pink Peptide Serum \u043d\u0430\u043f\u0440\u0430\u0432\u043b\u0435\u043d\u0430 \u043d\u0430 \u0432\u043e\u0441\u0441\u0442\u0430\u043d\u043e\u0432\u043b\u0435\u043d\u0438\u0435 \u044d\u043b\u0430\u0441\u0442\u0438\u0447\u043d\u043e\u0441\u0442\u0438, \u0443\u043b\u0443\u0447\u0448\u0435\u043d\u0438\u0435 \u0442\u043e\u043d\u0430 \u0438 \u0442\u0435\u043a\u0441\u0442\u0443\u0440\u044b \u043a\u043e\u0436\u0438. &nbsp; \u0424\u043e\u0440\u043c\u0443\u043b\u0430 \u0432\u043a\u043b\u044e\u0447\u0430\u0435\u0442 PDRN, \u043a\u043e\u043c\u043f\u043b\u0435\u043a\u0441 \u043a\u043e\u043b\u043b\u0430\u0433\u0435\u043d\u0430 \u0438 \u043f\u0435\u043f\u0442\u0438\u0434\u043e\u0432, \u0432\u0438\u0442\u0430\u043c\u0438\u043d\u044b \u0438 \u0430\u043d\u0442\u0438\u043e\u043a\u0441\u0438\u0434\u0430\u043d\u0442\u044b, \u044d\u043a\u0441\u0442\u0440\u0430\u043a\u0442 \u0438\u043a\u0440\u044b \u043b\u043e\u0441\u043e\u0441\u044f \u0438 \u043d\u0438\u0430\u0446\u0438\u043d\u0430\u043c\u0438\u0434. &nbsp; \u0421\u044b\u0432\u043e\u0440\u043e\u0442\u043a\u0430 \u043f\u0438\u0442\u0430\u0435\u0442, \u0443\u0432\u043b\u0430\u0436\u043d\u044f\u0435\u0442 \u0438 \u0430\u043a\u0442\u0438\u0432\u043d\u043e \u0443\u043a\u0440\u0435\u043f\u043b\u044f\u0435\u0442 \u043a\u043e\u0436\u0443, \u0434\u0435\u043b\u0430\u0435\u0442 \u0435\u0435 \u043f\u043e\u0434\u0442\u044f\u043d\u0443\u0442\u043e\u0439, \u043f\u043b\u043e\u0442\u043d\u043e\u0439 \u0438 \u0443\u043f\u0440\u0443\u0433\u043e\u0439. \u041f\u043e\u0441\u0442\u0435\u043f\u0435\u043d\u043d\u043e \u043e\u0441\u0432\u0435\u0442\u043b\u044f\u0435\u0442 \u0441\u043b\u0435\u0434\u044b \u043f\u043e\u0441\u0442\u0430\u043a\u043d\u0435 \u0438 \u043f\u0438\u0433\u043c\u0435\u043d\u0442\u0430\u0446\u0438\u044e, \u0432\u044b\u0440\u0430\u0432\u043d\u0438\u0432\u0430\u0435\u0442 \u0442\u043e\u043d \u0438 \u0443\u043b\u0443\u0447\u0448\u0430\u0435\u0442 [&hellip;]<\/p>","protected":false},"featured_media":16972,"comment_status":"open","ping_status":"closed","template":"","meta":{"_eb_attr":"","jetpack_post_was_ever_published":true,"_joinchat":[]},"product_brand":[853],"product_cat":[852,226],"product_tag":[766,734,445,731,838,575,765,622,465,433,644,824,239,487,881,489],"class_list":{"0":"post-16963","1":"product","2":"type-product","3":"status-publish","4":"has-post-thumbnail","6":"product_brand-medicube","7":"product_cat-medicube","8":"product_cat-serumy","9":"product_tag-pdrn","10":"product_tag-slow-aging","11":"product_tag-antivozrastnoj-uhod","12":"product_tag-antivozrastnye-syvorotki","13":"product_tag-dlya-gladkoj-tekstury-kozhi","14":"product_tag-ikra-lososya","15":"product_tag-kosmetika-s-pdrn","16":"product_tag-kosmetika-s-peptidami","17":"product_tag-lifting","18":"product_tag-nerovnyj-ton-kozhi","19":"product_tag-novinki","20":"product_tag-omolozhenie","21":"product_tag-peptidy","22":"product_tag-protiv-morshhin","23":"product_tag-syvorotki-dlya-lica-s-pdrn","24":"product_tag-elastichnost-i-uprugost","26":"first","27":"instock","28":"shipping-taxable","29":"purchasable","30":"product-type-simple"},"jetpack_sharing_enabled":true,"_links":{"self":[{"href":"https:\/\/liluilu.ee\/et\/wp-json\/wp\/v2\/product\/16963","targetHints":{"allow":["GET"]}}],"collection":[{"href":"https:\/\/liluilu.ee\/et\/wp-json\/wp\/v2\/product"}],"about":[{"href":"https:\/\/liluilu.ee\/et\/wp-json\/wp\/v2\/types\/product"}],"replies":[{"embeddable":true,"href":"https:\/\/liluilu.ee\/et\/wp-json\/wp\/v2\/comments?post=16963"}],"version-history":[{"count":3,"href":"https:\/\/liluilu.ee\/et\/wp-json\/wp\/v2\/product\/16963\/revisions"}],"predecessor-version":[{"id":16980,"href":"https:\/\/liluilu.ee\/et\/wp-json\/wp\/v2\/product\/16963\/revisions\/16980"}],"wp:featuredmedia":[{"embeddable":true,"href":"https:\/\/liluilu.ee\/et\/wp-json\/wp\/v2\/media\/16972"}],"wp:attachment":[{"href":"https:\/\/liluilu.ee\/et\/wp-json\/wp\/v2\/media?parent=16963"}],"wp:term":[{"taxonomy":"product_brand","embeddable":true,"href":"https:\/\/liluilu.ee\/et\/wp-json\/wp\/v2\/product_brand?post=16963"},{"taxonomy":"product_cat","embeddable":true,"href":"https:\/\/liluilu.ee\/et\/wp-json\/wp\/v2\/product_cat?post=16963"},{"taxonomy":"product_tag","embeddable":true,"href":"https:\/\/liluilu.ee\/et\/wp-json\/wp\/v2\/product_tag?post=16963"}],"curies":[{"name":"t\u00f6\u00f6leht","href":"https:\/\/api.w.org\/{rel}","templated":true}]}}