{"id":16923,"date":"2026-01-23T21:55:16","date_gmt":"2026-01-23T18:55:16","guid":{"rendered":"https:\/\/liluilu.ee\/?post_type=product&#038;p=16923"},"modified":"2026-04-04T13:49:45","modified_gmt":"2026-04-04T10:49:45","slug":"vt-cosmetics-reedle-shot-lip-plumper-rose-berry","status":"publish","type":"product","link":"https:\/\/liluilu.ee\/et\/vt-cosmetics-reedle-shot-lip-plumper-rose-berry\/","title":{"rendered":"Tooniv huuleplumper mikron\u00f5eltega \u2014 VT Cosmetics Reedle Shot Lip Plumper Rose Berry (4,6 g)"},"content":{"rendered":"<p><span style=\"font-weight: 400;\">Tooniv huuleplumper mikron\u00f5eltega <\/span><b>VT Cosmetics Reedle Shot Lip Plumper Rose Berry <\/b><span style=\"font-weight: 400;\">annab huultele pehmuse, l\u00e4ikiva l\u00e4ike ja sensuaalse vol\u00fc\u00fcmi.<\/span><\/p>\n<p>&nbsp;<\/p>\n<p><span style=\"font-weight: 400;\">See toode stimuleerib \u00f5rnalt huulte tundlikku nahka, parandab mikrotsirkulatsiooni ja soodustab aktiivsete koostisosade imendumist. Selle tulemusena n\u00e4evad huuled t\u00e4idlasemad, mahlasemad ja elavamad v\u00e4lja.<\/span><\/p>\n<p>&nbsp;<\/p>\n<p><span style=\"font-weight: 400;\">Taime\u00f5lide ja ekstraktidega rikastatud koostis hooldab nahka \u00f5rnalt, toites, niisutades ja pehmendades huuli. See k\u00f5rvaldab kuivuse, ketenduse ja ebamugavustunde, j\u00e4ttes pinna siledaks ja toidetuks.<\/span><\/p>\n<p>&nbsp;<\/p>\n<p><span style=\"font-weight: 400;\">Toode on algse intensiivsusega (30\/100), mis tekitab pealekandmisel kerget kipitustunnet.\u00a0<\/span><\/p>\n<p>&nbsp;<\/p>\n<p><span style=\"font-weight: 400;\">Pisarakujuline silikoonaplikaator tagab t\u00e4pse ja \u00fchtlase pealekandmise, sealhulgas raskesti ligip\u00e4\u00e4setavatele huulenurkadele.<\/span><\/p>\n<p>&nbsp;<\/p>\n<p><b>VT Cosmetics Reedle Shot Lip Plumper Rose Berry<\/b>\u00a0<span style=\"font-weight: 400;\">\u2014 see on huuleplumper marja-roosa tooniga, mis annab samal ajal huultele vol\u00fc\u00fcmi ja loomuliku marjatooni, mis n\u00e4eb huultel v\u00e4ga naturaalne v\u00e4lja. Sobib kasutamiseks nii iseseisvalt kui ka huulepulga peal. <\/span><span style=\"font-weight: 400;\">Loodud igap\u00e4evaseks kasutamiseks ja sobib igale nahat\u00fc\u00fcbile.<\/span><\/p>\n<p>&nbsp;<\/p>\n<p>&nbsp;<\/p>\n<h2><i>VT Cosmetics Reedle Shot Lip Plumper Rose Berry peamised toimeained:<\/i><\/h2>\n<p><b>Cica Reedle\u2122<\/b><span style=\"font-weight: 400;\"> \u2014 ohutud r\u00e4nimikron\u00f5elad Centella Asiatica ekstraktiga. Nende v\u00e4ike suurus v\u00f5imaldab mikron\u00f5eltel \u00f5rnalt nahka tungida, lastes aktiivsetel koostisosadel s\u00fcgavamale toimida, stimuleerides uuenemisprotsesse ja aidates huuletekstuuri siluda.<\/span><\/p>\n<p>&nbsp;<\/p>\n<p><b>CicaHyalon\u2122<\/b><span style=\"font-weight: 400;\"> \u2014 patenteeritud kompleks, mis niisutab, rahustab ja pehmendab huuli intensiivselt.\u00a0<\/span><\/p>\n<p>&nbsp;<\/p>\n<p><b>Voljufilin<\/b><span style=\"font-weight: 400;\"> \u2014 soodustab rasvarakkude kogunemist naha \u00fclemistesse kihtidesse, taastades huulte t\u00e4iuse, elastsuse ja vol\u00fc\u00fcmi. See muudab need pringimaks ja ilmekamaks.<\/span><\/p>\n<p>&nbsp;<\/p>\n<p><b>Jojoba\u00f5li <\/b><span style=\"font-weight: 400;\">\u2014 toidab ja pehmendab, hoiab \u00e4ra ketenduse ja kuivuse, annab huultele loomuliku l\u00e4ike.<\/span><\/p>\n<p>&nbsp;<\/p>\n<p><b>Tokoferool (E-vitamiin)<\/b><span style=\"font-weight: 400;\"> \u2014 kaitseb huuli v\u00e4liste \u00e4rritajate eest, annab terve s\u00e4ra, soodustab paranemist ja s\u00e4ilitab huulte naha nooruslikkuse.<\/span><\/p>\n<p>&nbsp;<\/p>\n<p><b>H\u00fcaluroonhape<\/b><span style=\"font-weight: 400;\"> \u2014 niisutab intensiivselt ja s\u00e4ilitab niiskust, silub nahka, muudab huuled elastseks ja siledaks.<\/span><\/p>\n<p>&nbsp;<\/p>\n<p>&nbsp;<\/p>\n<p><b>Kuidas kasutada:<\/b><\/p>\n<p><span style=\"font-weight: 400;\">Kanna huultele t\u00e4idlasem toode aplikaatori abil ja hajuta laiali.<\/span><\/p>\n<p><span style=\"font-weight: 400;\">Su huuled muutuvad kergelt punaseks ja kipitavad. See on normaalne reaktsioon toote aktiivainetele; kipitustunne kaob peagi. \u00c4ra kasuta katkisel nahal.\u00a0<\/span><\/p>\n<p>&nbsp;<\/p>\n<p>&nbsp;<\/p>\n<p><b>Netokogus:<\/b><span style=\"font-weight: 400;\"> 4,6 g<\/span><\/p>\n<p>&nbsp;<\/p>\n<p>&nbsp;<\/p>\n<p><span style=\"font-weight: 400;\">Kui teil on lisak\u00fcsimusi v\u00f5i vajate toote valimisel n\u00f5u, kirjutage meile. Vestlus asub ekraani paremas alanurgas.<\/span><\/p>\n<p>&nbsp;<\/p>\n<p>&nbsp;<\/p>\n<p>&nbsp;<\/p>\n<p><a title=\"TARNETINGIMUSED\" href=\"https:\/\/liluilu.ee\/et\/kohaletoimetamine\/\" target=\"_blank\" rel=\"noopener\">TARNETINGIMUSED<\/a><\/p>","protected":false},"excerpt":{"rendered":"<p>\u041e\u0442\u0442\u0435\u043d\u043e\u0447\u043d\u044b\u0439 \u043f\u043b\u0430\u043c\u043f\u0435\u0440 \u0434\u043b\u044f \u0433\u0443\u0431 \u0441 \u043c\u0438\u043a\u0440\u043e\u0438\u0433\u043b\u0430\u043c\u0438 VT Cosmetics Reedle Shot Lip Plumper Rose Berry \u043f\u0440\u0438\u0434\u0430\u0435\u0442 \u0433\u0443\u0431\u0430\u043c \u043c\u044f\u0433\u043a\u043e\u0441\u0442\u044c, \u0433\u043b\u044f\u043d\u0446\u0435\u0432\u044b\u0439 \u0431\u043b\u0435\u0441\u043a \u0438 \u0447\u0443\u0432\u0441\u0442\u0432\u0435\u043d\u043d\u044b\u0439 \u043e\u0431\u044a\u0435\u043c. &nbsp; \u0421\u0440\u0435\u0434\u0441\u0442\u0432\u043e \u0434\u0435\u043b\u0438\u043a\u0430\u0442\u043d\u043e \u0441\u0442\u0438\u043c\u0443\u043b\u0438\u0440\u0443\u0435\u0442 \u043d\u0435\u0436\u043d\u0443\u044e \u043a\u043e\u0436\u0443, \u0443\u043b\u0443\u0447\u0448\u0430\u0435\u0442 \u043c\u0438\u043a\u0440\u043e\u0446\u0438\u0440\u043a\u0443\u043b\u044f\u0446\u0438\u044e \u0438 \u0443\u0441\u0438\u043b\u0438\u0432\u0430\u0435\u0442 \u043f\u0440\u043e\u043d\u0438\u043a\u043d\u043e\u0432\u0435\u043d\u0438\u0435 \u0430\u043a\u0442\u0438\u0432\u043d\u044b\u0445 \u043a\u043e\u043c\u043f\u043e\u043d\u0435\u043d\u0442\u043e\u0432. \u0412 \u0440\u0435\u0437\u0443\u043b\u044c\u0442\u0430\u0442\u0435 \u0433\u0443\u0431\u044b \u0432\u044b\u0433\u043b\u044f\u0434\u044f\u0442 \u0431\u043e\u043b\u0435\u0435 \u043d\u0430\u043f\u043e\u043b\u043d\u0435\u043d\u043d\u044b\u043c\u0438, \u0441\u043e\u0447\u043d\u044b\u043c\u0438 \u0438 \u044f\u0440\u043a\u0438\u043c\u0438. &nbsp; \u0424\u043e\u0440\u043c\u0443\u043b\u0430 \u0441 \u0440\u0430\u0441\u0442\u0438\u0442\u0435\u043b\u044c\u043d\u044b\u043c\u0438 \u043c\u0430\u0441\u043b\u0430\u043c\u0438 \u0438 \u044d\u043a\u0441\u0442\u0440\u0430\u043a\u0442\u0430\u043c\u0438 \u0431\u0435\u0440\u0435\u0436\u043d\u043e \u0437\u0430\u0431\u043e\u0442\u0438\u0442\u0441\u044f \u043e \u043a\u043e\u0436\u0435, [&hellip;]<\/p>","protected":false},"featured_media":16925,"comment_status":"open","ping_status":"closed","template":"","meta":{"_eb_attr":"","jetpack_post_was_ever_published":true,"_joinchat":[]},"product_brand":[851],"product_cat":[779,606],"product_tag":[781,782,785,835,567,857,855,858,856,819,880,780,836,644,879,878,834],"class_list":{"0":"post-16923","1":"product","2":"type-product","3":"status-publish","4":"has-post-thumbnail","6":"product_brand-vt-cosmetics","7":"product_cat-vt-cosmetics","8":"product_cat-uhod-za-gubami","9":"product_tag-cica-reedle","10":"product_tag-cicahyalon","11":"product_tag-plump-effekt","12":"product_tag-blesk-dlya-gub","13":"product_tag-voljufilin","14":"product_tag-guby-bez-shelushenij","15":"product_tag-dlya-gub","16":"product_tag-dlya-krasivyh-i-uhozhennyh-gub","17":"product_tag-dlya-obemnyh-gub","18":"product_tag-kosmetika-s-mikroiglami","19":"product_tag-liniya-vt-cosmetics-reedle-shot-lip-plumper","20":"product_tag-mikroigly","21":"product_tag-myagkie-guby","22":"product_tag-novinki","23":"product_tag-ottenochnyj-blesk-dlya-gub","24":"product_tag-ottenochnyj-plamper-dlya-gub","25":"product_tag-plamper-dlya-gub","27":"first","28":"instock","29":"shipping-taxable","30":"purchasable","31":"product-type-simple"},"jetpack_sharing_enabled":true,"_links":{"self":[{"href":"https:\/\/liluilu.ee\/et\/wp-json\/wp\/v2\/product\/16923","targetHints":{"allow":["GET"]}}],"collection":[{"href":"https:\/\/liluilu.ee\/et\/wp-json\/wp\/v2\/product"}],"about":[{"href":"https:\/\/liluilu.ee\/et\/wp-json\/wp\/v2\/types\/product"}],"replies":[{"embeddable":true,"href":"https:\/\/liluilu.ee\/et\/wp-json\/wp\/v2\/comments?post=16923"}],"version-history":[{"count":3,"href":"https:\/\/liluilu.ee\/et\/wp-json\/wp\/v2\/product\/16923\/revisions"}],"predecessor-version":[{"id":16933,"href":"https:\/\/liluilu.ee\/et\/wp-json\/wp\/v2\/product\/16923\/revisions\/16933"}],"wp:featuredmedia":[{"embeddable":true,"href":"https:\/\/liluilu.ee\/et\/wp-json\/wp\/v2\/media\/16925"}],"wp:attachment":[{"href":"https:\/\/liluilu.ee\/et\/wp-json\/wp\/v2\/media?parent=16923"}],"wp:term":[{"taxonomy":"product_brand","embeddable":true,"href":"https:\/\/liluilu.ee\/et\/wp-json\/wp\/v2\/product_brand?post=16923"},{"taxonomy":"product_cat","embeddable":true,"href":"https:\/\/liluilu.ee\/et\/wp-json\/wp\/v2\/product_cat?post=16923"},{"taxonomy":"product_tag","embeddable":true,"href":"https:\/\/liluilu.ee\/et\/wp-json\/wp\/v2\/product_tag?post=16923"}],"curies":[{"name":"t\u00f6\u00f6leht","href":"https:\/\/api.w.org\/{rel}","templated":true}]}}