{"id":16742,"date":"2026-01-16T20:00:51","date_gmt":"2026-01-16T17:00:51","guid":{"rendered":"https:\/\/liluilu.ee\/?post_type=product&#038;p=16742"},"modified":"2026-05-13T15:02:39","modified_gmt":"2026-05-13T12:02:39","slug":"centellian24-360-shot-pdrn-active-serum","status":"publish","type":"product","link":"https:\/\/liluilu.ee\/et\/centellian24-360-shot-pdrn-active-serum\/","title":{"rendered":"Intensiivne pinguldav lifting-seerum PDRN-i ja kollageeniga \u2014 Centellian24 360\u00ba Shot PDRN Active Serum (50 ml)"},"content":{"rendered":"<p><span style=\"font-weight: 400;\">Intensiivne n\u00e4oseerum <\/span><b>Centellian24 360\u00ba Shot PDRN Active Serum <\/b><span style=\"font-weight: 400;\">mille eesm\u00e4rk on aktiivne lifting ja gravitatsioonilise ptoosi vastane hooldus.\u00a0<\/span><\/p>\n<p>&nbsp;<\/p>\n<p><span style=\"font-weight: 400;\">See toode t\u00f5stab ja pinguldab kuut n\u00e4opiirkonda, mis on vanusega seotud muutuste suhtes k\u00f5ige vastuv\u00f5tlikumad: otsmik, silma\u00fcmbrus, p\u00f5sed, suu piirkond, nasolabiaalvoldid ja l\u00f5uaalune piirkond. See hoiab \u00e4ra naha l\u00f5tvumise ja rippumise, toetab naha struktuuri ja aitab s\u00e4ilitada n\u00e4okontuure.<\/span><\/p>\n<p>&nbsp;<\/p>\n<p><span style=\"font-weight: 400;\">Patenteeritud kohaletoimetamise tehnoloogia <\/span><span style=\"font-weight: 400;\">Coin-Shot\u2122 soodustab aktiivsete koostisosade s\u00fcgavat ja kiiret imendumist. Spetsiaalsete koostisosade v\u00f5imas s\u00fcnergia aeglustab vanusega seotud muutusi, v\u00e4hendab kortsude n\u00e4htavust ja annab v\u00e4ljendunud 3D-lifting.<\/span><\/p>\n<p>&nbsp;<\/p>\n<p><span style=\"font-weight: 400;\">Toode imendub kiiresti, j\u00e4tmata kleepuvat v\u00f5i ebamugavat tunnet, parandades koheselt naha niisutust, pinguldust ja elastsust. Sellel on kumulatiivne toime kogu hoolduskuuri jooksul.<\/span><\/p>\n<p>&nbsp;<\/p>\n<p><span style=\"font-weight: 400;\">Sobib igale nahat\u00fc\u00fcbile.<\/span><\/p>\n<p>&nbsp;<\/p>\n<h2><i>Peamised toimeained <\/i><i>Centellian24 360\u00ba Shot PDRN Active Serum:<\/i><\/h2>\n<p><b>Hyper PDRN\u2122 <\/b><span style=\"font-weight: 400;\">\u2014 l\u00f5hepiima DNA-st ekstraheeritud PDRN-i k\u00f5rge kontsentratsiooniga vorm. Aktiveerib naha enda taastumisprotsessi, k\u00e4ivitades v\u00f5imsa regeneratsiooni ja kollageeni s\u00fcnteesi. Selle tulemusena muutub nahk m\u00e4rgatavalt tihedamaks ja elastsemaks, kortsude v\u00e4limus ja s\u00fcgavus v\u00e4henevad ning loomulik kaitsebarj\u00e4\u00e4r taastub.<\/span><\/p>\n<p>&nbsp;<\/p>\n<p><b>Ribbon Collagen\u2122 <\/b><span style=\"font-weight: 400;\">\u2014 annab n\u00e4htava naha pinguldamise ja aitab visuaalselt &quot;t\u00f5mbata&quot; n\u00e4okontuure. Koos PDRN-iga v\u00f5imendab see liftinguefekti ning s\u00e4ilitab naha sileduse ja elastsuse.<\/span><\/p>\n<p>&nbsp;<\/p>\n<p><b>PURPLOWER\u2122 <\/b><span style=\"font-weight: 400;\">\u00a0\u2014<\/span> <span style=\"font-weight: 400;\">See on v\u00f5imas noorendav kokteil, mis p\u00f5hineb p\u00e4\u00e4sukesepesal, gynostemma ekstraktidel ja \u017een\u0161enni marjadel:<\/span><\/p>\n<ul>\n<li style=\"font-weight: 400;\" aria-level=\"1\"><span style=\"font-weight: 400;\">Suurendab naha tihedust ja elastsust;<\/span><\/li>\n<li style=\"font-weight: 400;\" aria-level=\"1\"><span style=\"font-weight: 400;\">V\u00e4hendab kortsude n\u00e4htavust;<\/span><\/li>\n<li style=\"font-weight: 400;\" aria-level=\"1\"><span style=\"font-weight: 400;\">Annab s\u00fcgavat niisutust ja tugevdab loomulikku kaitsebarj\u00e4\u00e4ri.<\/span><\/li>\n<\/ul>\n<p>&nbsp;<\/p>\n<p><b>Palmitoyl Tripeptide-5 <\/b><b>\u00a0<\/b><b>\u2014 <\/b><span style=\"font-weight: 400;\">stimuleerib kollageeni s\u00fcnteesi, tugevdab rakuv\u00e4list maatriksit, silub kortse, parandab tekstuuri ja leevendust.<\/span><\/p>\n<p>&nbsp;<\/p>\n<p><b>\u00d5una t\u00fcvirakud<\/b> <b>\u2014 <\/b><span style=\"font-weight: 400;\">S\u00e4ilitada rakkude eluj\u00f5ulisust ja aeglustada vananemisprotsessi.\u00a0<\/span><\/p>\n<p>&nbsp;<\/p>\n<p><b>Elastiini tugikompleks <\/b><b>\u00a0<\/b><span style=\"font-weight: 400;\">\u2014 aitab nahal deformatsioonile vastu panna, s\u00e4ilitab elastsuse ja toonuse, \u00fcldiselt tugevdades pinguldavat efekti.\u00a0<\/span><\/p>\n<p>&nbsp;<\/p>\n<p>&nbsp;<\/p>\n<p><span style=\"font-weight: 400;\">Centellian24 360\u00ba Shot PDRN Active Serum sobib igale nahat\u00fc\u00fcbile. Nii p\u00e4evaseks kui ka \u00f6iseks kasutamiseks.\u00a0<\/span><\/p>\n<p>&nbsp;<\/p>\n<p><b>Kuidas kasutada:<\/b><\/p>\n<p><span style=\"font-weight: 400;\">Kanna v\u00e4ike kogus Centellian24 360\u00ba Shot PDRN Active Serum hommikul ja\/v\u00f5i \u00f5htul puhastatud n\u00e4ole ja kaelale. Masseeri \u00f5rnalt kuni t\u00e4ieliku imendumiseni. Soovitatav kasutada enne kreemi pealekandmist.<\/span><\/p>\n<p>&nbsp;<\/p>\n<p><b>Netokogus:<\/b><span style=\"font-weight: 400;\"> 50 ml<\/span><\/p>\n<p>&nbsp;<\/p>\n<p><span style=\"font-weight: 400;\">Kui teil on lisak\u00fcsimusi v\u00f5i vajate toote valimisel n\u00f5u, kirjutage meile. Vestlus asub ekraani paremas alanurgas.<\/span><\/p>\n<p>&nbsp;<\/p>\n<p>&nbsp;<\/p>\n<p><a title=\"TARNETINGIMUSED\" href=\"https:\/\/liluilu.ee\/et\/kohaletoimetamine\/\" target=\"_blank\" rel=\"noopener\">TARNETINGIMUSED<\/a><\/p>","protected":false},"excerpt":{"rendered":"<p>\u0418\u043d\u0442\u0435\u043d\u0441\u0438\u0432\u043d\u0430\u044f \u0441\u044b\u0432\u043e\u0440\u043e\u0442\u043a\u0430 \u0434\u043b\u044f \u043b\u0438\u0446\u0430 Centellian24 360\u00ba Shot PDRN Active Serum \u043d\u0430\u043f\u0440\u0430\u0432\u043b\u0435\u043d\u0430 \u043d\u0430 \u0430\u043a\u0442\u0438\u0432\u043d\u044b\u0439 \u043b\u0438\u0444\u0442\u0438\u043d\u0433 \u0438 \u0431\u043e\u0440\u044c\u0431\u0443 \u0441 \u0433\u0440\u0430\u0432\u0438\u0442\u0430\u0446\u0438\u043e\u043d\u043d\u044b\u043c \u043f\u0442\u043e\u0437\u043e\u043c.\u00a0 &nbsp; \u0421\u0440\u0435\u0434\u0441\u0442\u0432\u043e \u043f\u043e\u0434\u0442\u044f\u0433\u0438\u0432\u0430\u0435\u0442 \u0438 \u0443\u043a\u0440\u0435\u043f\u043b\u044f\u0435\u0442 6 \u043a\u043b\u044e\u0447\u0435\u0432\u044b\u0445 \u0437\u043e\u043d \u043b\u0438\u0446\u0430, \u043d\u0430\u0438\u0431\u043e\u043b\u0435\u0435 \u043f\u043e\u0434\u0432\u0435\u0440\u0436\u0435\u043d\u043d\u044b\u0445 \u0432\u043e\u0437\u0440\u0430\u0441\u0442\u043d\u044b\u043c \u0438\u0437\u043c\u0435\u043d\u0435\u043d\u0438\u044f\u043c: \u043b\u043e\u0431, \u043e\u0431\u043b\u0430\u0441\u0442\u044c \u0432\u043e\u043a\u0440\u0443\u0433 \u0433\u043b\u0430\u0437, \u0449\u0435\u043a\u0438, \u0437\u043e\u043d\u0443 \u0432\u043e\u043a\u0440\u0443\u0433 \u0440\u0442\u0430, \u043d\u043e\u0441\u043e\u0433\u0443\u0431\u043d\u044b\u0435 \u0441\u043a\u043b\u0430\u0434\u043a\u0438 \u0438 \u043e\u0431\u043b\u0430\u0441\u0442\u044c \u043f\u043e\u0434 \u043f\u043e\u0434\u0431\u043e\u0440\u043e\u0434\u043a\u043e\u043c. \u041f\u0440\u0435\u043f\u044f\u0442\u0441\u0442\u0432\u0443\u0435\u0442 \u0434\u0440\u044f\u0431\u043b\u043e\u0441\u0442\u0438 \u0438 \u043e\u0431\u0432\u0438\u0441\u0430\u043d\u0438\u044e, \u043f\u043e\u0434\u0434\u0435\u0440\u0436\u0438\u0432\u0430\u0435\u0442 \u043a\u043e\u0436\u043d\u044b\u0439 \u043a\u0430\u0440\u043a\u0430\u0441 \u0438 \u043f\u043e\u043c\u043e\u0433\u0430\u0435\u0442 [&hellip;]<\/p>","protected":false},"featured_media":17628,"comment_status":"open","ping_status":"closed","template":"","meta":{"_eb_attr":"","jetpack_post_was_ever_published":true,"_joinchat":[]},"product_brand":[863],"product_cat":[862,226],"product_tag":[871,868,766,870,869,734,445,731,265,838,762,465,644,824,239,487,371,489],"class_list":{"0":"post-16742","1":"product","2":"type-product","3":"status-publish","4":"has-post-thumbnail","6":"product_brand-centellian24","7":"product_cat-centellian24","8":"product_cat-serumy","9":"product_tag-centellian24-pdrn-line","10":"product_tag-hyper-pdrn","11":"product_tag-pdrn","12":"product_tag-purplower","13":"product_tag-ribbon-collagen","14":"product_tag-slow-aging","15":"product_tag-antivozrastnoj-uhod","16":"product_tag-antivozrastnye-syvorotki","17":"product_tag-gidrolizovannyj-elastin","18":"product_tag-dlya-gladkoj-tekstury-kozhi","19":"product_tag-kollagen","20":"product_tag-lifting","21":"product_tag-novinki","22":"product_tag-omolozhenie","23":"product_tag-peptidy","24":"product_tag-protiv-morshhin","25":"product_tag-stvolovye-kletki","26":"product_tag-elastichnost-i-uprugost","28":"first","29":"instock","30":"sale","31":"shipping-taxable","32":"purchasable","33":"product-type-simple"},"jetpack_sharing_enabled":true,"_links":{"self":[{"href":"https:\/\/liluilu.ee\/et\/wp-json\/wp\/v2\/product\/16742","targetHints":{"allow":["GET"]}}],"collection":[{"href":"https:\/\/liluilu.ee\/et\/wp-json\/wp\/v2\/product"}],"about":[{"href":"https:\/\/liluilu.ee\/et\/wp-json\/wp\/v2\/types\/product"}],"replies":[{"embeddable":true,"href":"https:\/\/liluilu.ee\/et\/wp-json\/wp\/v2\/comments?post=16742"}],"version-history":[{"count":3,"href":"https:\/\/liluilu.ee\/et\/wp-json\/wp\/v2\/product\/16742\/revisions"}],"predecessor-version":[{"id":16750,"href":"https:\/\/liluilu.ee\/et\/wp-json\/wp\/v2\/product\/16742\/revisions\/16750"}],"wp:featuredmedia":[{"embeddable":true,"href":"https:\/\/liluilu.ee\/et\/wp-json\/wp\/v2\/media\/17628"}],"wp:attachment":[{"href":"https:\/\/liluilu.ee\/et\/wp-json\/wp\/v2\/media?parent=16742"}],"wp:term":[{"taxonomy":"product_brand","embeddable":true,"href":"https:\/\/liluilu.ee\/et\/wp-json\/wp\/v2\/product_brand?post=16742"},{"taxonomy":"product_cat","embeddable":true,"href":"https:\/\/liluilu.ee\/et\/wp-json\/wp\/v2\/product_cat?post=16742"},{"taxonomy":"product_tag","embeddable":true,"href":"https:\/\/liluilu.ee\/et\/wp-json\/wp\/v2\/product_tag?post=16742"}],"curies":[{"name":"t\u00f6\u00f6leht","href":"https:\/\/api.w.org\/{rel}","templated":true}]}}