{"id":16722,"date":"2026-01-14T18:00:02","date_gmt":"2026-01-14T15:00:02","guid":{"rendered":"https:\/\/liluilu.ee\/?post_type=product&#038;p=16722"},"modified":"2026-05-13T15:02:55","modified_gmt":"2026-05-13T12:02:55","slug":"centellian24-madeca-cream-time-reverse-zero","status":"publish","type":"product","link":"https:\/\/liluilu.ee\/et\/centellian24-madeca-cream-time-reverse-zero\/","title":{"rendered":"Noorendav ja rahustav kerge tekstuuriga n\u00e4okreem \u2014 Centellian24 Madeca Cream Time Reverse Zero (80 ml)"},"content":{"rendered":"<p><b>Centellian24 Madeca Cream Time Reverse Zero<\/b><span style=\"font-weight: 400;\"> \u2014 on legendaarse vananemisvastase kreemi kergem versioon, mis on v\u00e4lja t\u00f6\u00f6tatud kapriissele ja tundlikule nahale, mis ei talu tihedaid ja rikkalikke tekstuure.\u00a0<\/span><\/p>\n<p>&nbsp;<\/p>\n<p><span style=\"font-weight: 400;\">Kreemil on v\u00e4ljendunud noorendav ja rahustav toime, aeglustades stressi, v\u00e4liste tegurite ja t\u00e4nap\u00e4evase elutempoga seotud vananemisprotsesse.<\/span><\/p>\n<p>&nbsp;<\/p>\n<p><b>Centellian24 Madeca Cream Time Reverse Zero:<\/b><\/p>\n<ul>\n<li style=\"font-weight: 400;\" aria-level=\"1\"><span style=\"font-weight: 400;\">Niisutab nahka intensiivselt, k\u00f5rvaldab kuivuse ja ebamugavustunde;<\/span><\/li>\n<li style=\"font-weight: 400;\" aria-level=\"1\"><span style=\"font-weight: 400;\">Jahutab, rahustab ja v\u00e4hendab punetust;<\/span><\/li>\n<li style=\"font-weight: 400;\" aria-level=\"1\"><span style=\"font-weight: 400;\">Taastab ja tugevdab loomulikku kaitsebarj\u00e4\u00e4ri, v\u00e4hendab reaktsiooniv\u00f5imet ja muudab naha vastupidavamaks keskkonnam\u00f5judele;<\/span><\/li>\n<li style=\"font-weight: 400;\" aria-level=\"1\"><span style=\"font-weight: 400;\">Suurendab toonust, elastsust ja tugevust;<\/span><\/li>\n<li style=\"font-weight: 400;\" aria-level=\"1\"><span style=\"font-weight: 400;\">Silendab v\u00e4ikseid kortse;<\/span><\/li>\n<li style=\"font-weight: 400;\" aria-level=\"1\"><span style=\"font-weight: 400;\">Annab nahale v\u00e4rske, hoolitsetud ja puhanud v\u00e4limuse.<\/span><\/li>\n<\/ul>\n<p>&nbsp;<\/p>\n<p><span style=\"font-weight: 400;\">Toode toimib <\/span><b>Triple Zero kontseptsiooni j\u00e4rgi<\/b><span style=\"font-weight: 400;\">: ei kleepu, ei \u00e4rrita ega p\u00f5hjusta liigset h\u00f5\u00f5rdumist pealekandmisel.\u00a0<\/span><\/p>\n<p>&nbsp;<\/p>\n<p><span style=\"font-weight: 400;\">Libisev tekstuur on loodud tundlikku nahka arvestades: kreem hajub kergesti, imendub kiiresti ja j\u00e4tab meeldivalt jahutava tunde. See niisutab ja pehmendab koheselt, muutes naha n\u00e4htavalt pringimaks ja siledamaks.<\/span><\/p>\n<p>&nbsp;<\/p>\n<p><span style=\"font-weight: 400;\">Sobib normaalsele, kombineeritud ja rasusele nahale. Samuti sobib see k\u00f5ikidele nahat\u00fc\u00fcpidele kuumas kliimas v\u00f5i suvel, kui kerge tekstuur ja mugavus on eriti olulised.<\/span><\/p>\n<p>&nbsp;<\/p>\n<p>&nbsp;<\/p>\n<h2><i>Peamised toimeained <\/i><i>Centellian24 <\/i><i>Madeca Cream Time Reverse Zero:<\/i><\/h2>\n<p><b>Centella asiatica kompleks TECA<\/b><span style=\"font-weight: 400;\"> - rahustab, v\u00e4hendab punetust, k\u00f5rvaldab pinguloleku ja s\u00fcgeluse tunde, kiirendab naha taastumist p\u00e4rast stressi ja v\u00e4liseid \u00e4rritajaid.<\/span><\/p>\n<p>&nbsp;<\/p>\n<p><b>Blue Active TECA\u2122 3-kihilise liposoomis\u00fcsteemiga (30 000 ppm) \u2014 <\/b><span style=\"font-weight: 400;\">farmaatsiahiiglase Dongkooki patenteeritud arendus Blue Active TECA\u2122 \u00fchendab TECA h\u00fcaluroonhappe ja liposoomidega. Blue Active TECA\u2122 niisutab nahka, luues veemahu efekti. See rahustab koheselt, v\u00e4hendab punetust ja kuumust ning pinguldab nahka, parandades n\u00e4htavalt selle elastsust ja tihedust.<\/span><\/p>\n<p>&nbsp;<\/p>\n<p><b>12 super aktiivset komponenti, mis on saadud Centella asiatica\u2019st<\/b><span style=\"font-weight: 400;\"> \u2014 parandavad k\u00fcpse naha \u00fcldist seisundit. Need pakuvad t\u00e4iendavat niisutust, aitavad v\u00f5idelda l\u00f5tvumise vastu ning muudavad naha pringimaks ja siledamaks.\u00a0<\/span><\/p>\n<p>&nbsp;<\/p>\n<p><b>3 naha barj\u00e4\u00e4ri komponenti (keramiidid, f\u00fctosteroolid ja steariinhape)<\/b><span style=\"font-weight: 400;\"> \u2014 tugevdavad kaitsekihti, v\u00e4hendavad tundlikkust ja suurendavad naha vastupanuv\u00f5imet stressile ja v\u00e4listeguritele.<\/span><\/p>\n<p>&nbsp;<\/p>\n<p><b>Aquaxyl\u2122<\/b><span style=\"font-weight: 400;\"> \u2014 patenteeritud niisutav koostisosa, mis toimib rakulisel tasandil ja pakub kahekordset toimet: igak\u00fclgset niisutust ja naha barj\u00e4\u00e4rifunktsiooni tugevdamist.\u00a0<\/span><\/p>\n<p><span style=\"font-weight: 400;\">Aquaxyl\u2122 stimuleerib h\u00fcaluroonhappe, NMF-i, keramiidide ja kolesterooli s\u00fcnteesi, suurendab niisutust ja hoiab \u00e4ra liigse niiskuskaotuse. See leevendab kuivust ja ketendust, taastab elastsuse, silub ja \u00fchtlustab naha mikroreljeefi.<\/span><\/p>\n<p>&nbsp;<\/p>\n<p>&nbsp;<\/p>\n<h2><i>T\u00e4iendavad toimeained <\/i><i>Centellian24 <\/i><i>Madeca Cream Time Reverse Zero:<\/i><\/h2>\n<p><b>Niatsiinamiid<\/b><span style=\"font-weight: 400;\"> \u2014 \u00fchtlustab nahatooni ja tekstuuri, tugevdab nahabarj\u00e4\u00e4ri ja k\u00f5rvaldab tuhmuse.<\/span><\/p>\n<p>&nbsp;<\/p>\n<p><b>Retinool, adenosiin ja resveratrool<\/b><span style=\"font-weight: 400;\"> \u2014 ajaproovile vastu pidanud vananemisvastane trio kortsude silumiseks, naha uuendamiseks ja kaitsmiseks; \u00f5rn aluskiht muudab need tundlikule nahale ohutuks.<\/span><\/p>\n<p>&nbsp;<\/p>\n<p><b>Pantenool, allantoiin ja 5 taimeekstrakti<\/b><span style=\"font-weight: 400;\"> (Aloe Vera, Artemisia Absinthium, Portulaca Oleracea, Scutellaria Baicalensis Root, Pajukoor) - rahustavad, leevendavad \u00e4rritust ja s\u00e4ilitavad naha mugavuse.<\/span><\/p>\n<p>&nbsp;<\/p>\n<p><b>Kofeiin ja tauriin<\/b><span style=\"font-weight: 400;\"> \u2014 parandavad mikrotsirkulatsiooni, aitavad v\u00e4hendada turseid, t\u00f5stavad toonust ja annavad nahale v\u00e4rske, puhanud v\u00e4limuse.<\/span><\/p>\n<p>&nbsp;<\/p>\n<p><b>\u00a0<\/b><\/p>\n<h2><i>Soovitame Centellian24 <\/i><i>Madeca Cream Time Reverse Zero:<\/i><\/h2>\n<ul>\n<li style=\"font-weight: 400;\" aria-level=\"1\"><span style=\"font-weight: 400;\">Normaalsele, kombineeritud ja rasusele nahale;<\/span><\/li>\n<li style=\"font-weight: 400;\" aria-level=\"1\"><span style=\"font-weight: 400;\">Tundlikule ja reaktiivsele nahale, mis on altid punetusele ja \u00e4rritusele;<\/span><\/li>\n<li style=\"font-weight: 400;\" aria-level=\"1\"><span style=\"font-weight: 400;\">Igale nahat\u00fc\u00fcbile, kui otsid noorendavat kreemi niisutava ja kerge tekstuuriga;<\/span><\/li>\n<li style=\"font-weight: 400;\" aria-level=\"1\"><span style=\"font-weight: 400;\">Nahale, millel puudub elastsus, tugevus ja tihedus;<\/span><\/li>\n<li style=\"font-weight: 400;\" aria-level=\"1\"><span style=\"font-weight: 400;\">Nahale, mille barj\u00e4\u00e4r on kahjustatud;<\/span><\/li>\n<li style=\"font-weight: 400;\" aria-level=\"1\"><span style=\"font-weight: 400;\">Deh\u00fcdreeritud, tuhmi ja v\u00e4sinud naha jaoks, mis on kaotanud s\u00e4ra ja v\u00e4rskuse;<\/span><\/li>\n<li style=\"font-weight: 400;\" aria-level=\"1\"><span style=\"font-weight: 400;\">Vananemisvastaseks hoolduseks kuumas kliimas v\u00f5i suvehooajal.<\/span><\/li>\n<\/ul>\n<p>&nbsp;<\/p>\n<p>&nbsp;<\/p>\n<p><b>Kuidas kasutada:<\/b><\/p>\n<p><span style=\"font-weight: 400;\">Hommikul ja\/v\u00f5i \u00f5htul, nahahooldusrutiini viimase sammuna, kanna n\u00e4ole ja kaelale soovitud kogus kreemi. Masseeri \u00f5rnalt sisse.<\/span><\/p>\n<p>&nbsp;<\/p>\n<p>&nbsp;<\/p>\n<p><b>Netokogus:<\/b><span style=\"font-weight: 400;\"> 80 ml<\/span><\/p>\n<p>&nbsp;<\/p>\n<p><span style=\"font-weight: 400;\">Kui teil on lisak\u00fcsimusi v\u00f5i vajate toote valimisel n\u00f5u, kirjutage meile. Vestlus asub ekraani paremas alanurgas.<\/span><\/p>\n<p>&nbsp;<\/p>\n<p>&nbsp;<\/p>\n<p>&nbsp;<\/p>\n<p><a title=\"TARNETINGIMUSED\" href=\"https:\/\/liluilu.ee\/et\/kohaletoimetamine\/\" target=\"_blank\" rel=\"noopener\">TARNETINGIMUSED<\/a><\/p>","protected":false},"excerpt":{"rendered":"<p>Centellian24 Madeca Cream Time Reverse Zero \u2014 \u044d\u0442\u043e \u043e\u0431\u043b\u0435\u0433\u0447\u0435\u043d\u043d\u0430\u044f \u0432\u0435\u0440\u0441\u0438\u044f \u043b\u0435\u0433\u0435\u043d\u0434\u0430\u0440\u043d\u043e\u0433\u043e \u0430\u043d\u0442\u0438\u0432\u043e\u0437\u0440\u0430\u0441\u0442\u043d\u043e\u0433\u043e \u043a\u0440\u0435\u043c\u0430, \u0440\u0430\u0437\u0440\u0430\u0431\u043e\u0442\u0430\u043d\u043d\u0430\u044f \u0434\u043b\u044f \u0447\u0443\u0432\u0441\u0442\u0432\u0438\u0442\u0435\u043b\u044c\u043d\u043e\u0439 \u0438 \u043a\u0430\u043f\u0440\u0438\u0437\u043d\u043e\u0439 \u043a\u043e\u0436\u0438, \u043a\u043e\u0442\u043e\u0440\u0430\u044f \u043d\u0435 \u043f\u0435\u0440\u0435\u043d\u043e\u0441\u0438\u0442 \u043f\u043b\u043e\u0442\u043d\u044b\u0445 \u0438 \u043d\u0430\u0441\u044b\u0449\u0435\u043d\u043d\u044b\u0445 \u0442\u0435\u043a\u0441\u0442\u0443\u0440.\u00a0 &nbsp; \u041a\u0440\u0435\u043c \u043e\u043a\u0430\u0437\u044b\u0432\u0430\u0435\u0442 \u0432\u044b\u0440\u0430\u0436\u0435\u043d\u043d\u043e\u0435 \u043e\u043c\u043e\u043b\u0430\u0436\u0438\u0432\u0430\u044e\u0449\u0435\u0435 \u0438 \u0443\u0441\u043f\u043e\u043a\u0430\u0438\u0432\u0430\u044e\u0449\u0435\u0435 \u0434\u0435\u0439\u0441\u0442\u0432\u0438\u0435, \u0437\u0430\u043c\u0435\u0434\u043b\u044f\u044f \u0432\u043e\u0437\u0440\u0430\u0441\u0442\u043d\u044b\u0435 \u0438\u0437\u043c\u0435\u043d\u0435\u043d\u0438\u044f, \u0441\u0432\u044f\u0437\u0430\u043d\u043d\u044b\u0435 \u0441\u043e \u0441\u0442\u0440\u0435\u0441\u0441\u043e\u043c, \u0432\u043d\u0435\u0448\u043d\u0438\u043c\u0438 \u0444\u0430\u043a\u0442\u043e\u0440\u0430\u043c\u0438 \u0438 \u0441\u043e\u0432\u0440\u0435\u043c\u0435\u043d\u043d\u044b\u043c \u0440\u0438\u0442\u043c\u043e\u043c \u0436\u0438\u0437\u043d\u0438. &nbsp; Centellian24 Madeca Cream Time Reverse Zero: \u0418\u043d\u0442\u0435\u043d\u0441\u0438\u0432\u043d\u043e \u043d\u0430\u043f\u043e\u043b\u043d\u044f\u0435\u0442 [&hellip;]<\/p>","protected":false},"featured_media":16734,"comment_status":"open","ping_status":"closed","template":"","meta":{"_eb_attr":"","jetpack_post_was_ever_published":true,"_joinchat":[]},"product_brand":[863],"product_cat":[862,95],"product_tag":[337,877,865,864,734,866,445,620,439,838,694,465,644,824,487,778,247,489],"class_list":{"0":"post-16722","1":"product","2":"type-product","3":"status-publish","4":"has-post-thumbnail","6":"product_brand-centellian24","7":"product_cat-centellian24","8":"product_cat-kremy-emulsii-i-losony-dlya-lica","9":"product_tag-aquaxyl","10":"product_tag-blue-active-teca","11":"product_tag-centellian24-time-reverse","12":"product_tag-madeca-cream","13":"product_tag-slow-aging","14":"product_tag-teca","15":"product_tag-antivozrastnoj-uhod","16":"product_tag-antivozrastnye-kremy-dlya-lica","17":"product_tag-vosstanovlenie-barera","18":"product_tag-dlya-gladkoj-tekstury-kozhi","19":"product_tag-kosmetika-s-ohlazhdajushhim-effektom","20":"product_tag-lifting","21":"product_tag-novinki","22":"product_tag-omolozhenie","23":"product_tag-protiv-morshhin","24":"product_tag-protiv-pokrasnenij","25":"product_tag-centella","26":"product_tag-elastichnost-i-uprugost","28":"first","29":"instock","30":"sale","31":"shipping-taxable","32":"purchasable","33":"product-type-simple"},"jetpack_sharing_enabled":true,"_links":{"self":[{"href":"https:\/\/liluilu.ee\/et\/wp-json\/wp\/v2\/product\/16722","targetHints":{"allow":["GET"]}}],"collection":[{"href":"https:\/\/liluilu.ee\/et\/wp-json\/wp\/v2\/product"}],"about":[{"href":"https:\/\/liluilu.ee\/et\/wp-json\/wp\/v2\/types\/product"}],"replies":[{"embeddable":true,"href":"https:\/\/liluilu.ee\/et\/wp-json\/wp\/v2\/comments?post=16722"}],"version-history":[{"count":5,"href":"https:\/\/liluilu.ee\/et\/wp-json\/wp\/v2\/product\/16722\/revisions"}],"predecessor-version":[{"id":16864,"href":"https:\/\/liluilu.ee\/et\/wp-json\/wp\/v2\/product\/16722\/revisions\/16864"}],"wp:featuredmedia":[{"embeddable":true,"href":"https:\/\/liluilu.ee\/et\/wp-json\/wp\/v2\/media\/16734"}],"wp:attachment":[{"href":"https:\/\/liluilu.ee\/et\/wp-json\/wp\/v2\/media?parent=16722"}],"wp:term":[{"taxonomy":"product_brand","embeddable":true,"href":"https:\/\/liluilu.ee\/et\/wp-json\/wp\/v2\/product_brand?post=16722"},{"taxonomy":"product_cat","embeddable":true,"href":"https:\/\/liluilu.ee\/et\/wp-json\/wp\/v2\/product_cat?post=16722"},{"taxonomy":"product_tag","embeddable":true,"href":"https:\/\/liluilu.ee\/et\/wp-json\/wp\/v2\/product_tag?post=16722"}],"curies":[{"name":"t\u00f6\u00f6leht","href":"https:\/\/api.w.org\/{rel}","templated":true}]}}