{"id":16708,"date":"2026-01-14T16:04:03","date_gmt":"2026-01-14T13:04:03","guid":{"rendered":"https:\/\/liluilu.ee\/?post_type=product&#038;p=16708"},"modified":"2026-05-13T15:03:15","modified_gmt":"2026-05-13T12:03:15","slug":"miniatjura-centellian24-madeca-cream-time-reverse-season-7-15-ml","status":"publish","type":"product","link":"https:\/\/liluilu.ee\/et\/miniatjura-centellian24-madeca-cream-time-reverse-season-7-15-ml\/","title":{"rendered":"Miniatuur taastav noorendav n\u00e4okreem \u2014 Centellian24 Madeca Cream Time Reverse Season 7 (15 ml)"},"content":{"rendered":"<p><span style=\"font-weight: 400;\">Legendaarse Korea n\u00e4okreemi kompaktne versioon <\/span><span style=\"font-weight: 400;\">\u2014<\/span> <b>Centellian24 Madeca Cream Time Reverse Season 7<\/b><span style=\"font-weight: 400;\">.<\/span><\/p>\n<p>&nbsp;<\/p>\n<p><span style=\"font-weight: 400;\">See \u00fclit\u00f5hus kreem on loodud naha taastamiseks, tugevdamiseks ja igak\u00fclgseks noorendamiseks. See toidab, niisutab intensiivselt, aitab v\u00f5idelda kortsude vastu ja pinguldab nahka. See \u00fchtlustab nahatooni ja k\u00f5rvaldab tuhmuse, j\u00e4ttes jume v\u00e4rskeks ja puhanuks. See rahustab nahka t\u00f5husalt, v\u00e4hendab reaktsiooniv\u00f5imet ning tugevdab ja s\u00e4ilitab naha loomulikku kaitsekihti.<\/span><\/p>\n<p>&nbsp;<\/p>\n<p><span style=\"font-weight: 400;\">Valem sisaldab <\/span><span style=\"font-weight: 400;\">uut aktiivset New Active TECA\u2122 kompleksi (30 000 ppm), <\/span><span style=\"font-weight: 400;\">Aquaxyl\u2122-i, <\/span><span style=\"font-weight: 400;\">12 spetsiaalset aktiivset komponenti, h\u00fcdrol\u00fc\u00fcsitud kollageeni ja elastiini, PDRN-i, antioks\u00fcdante, keramiide ning retinooli.<\/span><\/p>\n<p>&nbsp;<\/p>\n<p><span style=\"font-weight: 400;\">Sobib igale nahat\u00fc\u00fcbile, sealhulgas tundlikule nahale.<\/span><\/p>\n<p>&nbsp;<\/p>\n<p><span style=\"font-weight: 400;\">Kaheksa aasta jooksul on L\u00f5una-Koreas m\u00fc\u00fcdud \u00fcle 51 miljoni eksemplari. <\/span><span style=\"font-weight: 400;\">See on vaieldamatu m\u00fc\u00fcgiliider n\u00e4okreemide seas.<\/span><\/p>\n<p>&nbsp;<\/p>\n<p><span style=\"font-weight: 400;\">Loe l\u00e4hemalt <\/span><span style=\"color: #0000ff;\"><a style=\"color: #0000ff;\" href=\"https:\/\/liluilu.ee\/et\/centellian24-madeca-cream-time-reverse-season-7\/\" target=\"_blank\" rel=\"noopener\"><span style=\"font-weight: 400;\">siit<\/span><\/a><\/span><span style=\"font-weight: 400;\">.<\/span><\/p>\n<p>&nbsp;<\/p>\n<p>&nbsp;<\/p>\n<p><b>Kuidas kasutada:<\/b><\/p>\n<p><span style=\"font-weight: 400;\">Hommikul ja\/v\u00f5i \u00f5htul, nahahooldusrutiini viimase sammuna, kandke n\u00e4ole ja kaelale sobiv kogus kreemi, masseerides \u00f5rnalt. Parima tulemuse saavutamiseks kasutage<\/span> <span style=\"font-weight: 400;\">iga p\u00e4ev.<\/span><\/p>\n<p>&nbsp;<\/p>\n<p>&nbsp;<\/p>\n<p><b>Netokogus:<\/b><span style=\"font-weight: 400;\"> 15 ml<\/span><\/p>\n<p>&nbsp;<\/p>\n<p>&nbsp;<\/p>\n<p><span style=\"font-weight: 400;\">Kui teil on lisak\u00fcsimusi v\u00f5i vajate toote valimisel n\u00f5u, kirjutage meile. Vestlus asub ekraani paremas alanurgas.<\/span><\/p>\n<p>&nbsp;<\/p>\n<p>&nbsp;<\/p>\n<p>&nbsp;<\/p>\n<p><a title=\"TARNETINGIMUSED\" href=\"https:\/\/liluilu.ee\/et\/kohaletoimetamine\/\" target=\"_blank\" rel=\"noopener\">TARNETINGIMUSED<\/a><\/p>","protected":false},"excerpt":{"rendered":"<p>\u041a\u043e\u043c\u043f\u0430\u043a\u0442\u043d\u0430\u044f \u0432\u0435\u0440\u0441\u0438\u044f \u043b\u0435\u0433\u0435\u043d\u0434\u0430\u0440\u043d\u043e\u0433\u043e \u043a\u043e\u0440\u0435\u0439\u0441\u043a\u043e\u0433\u043e \u043a\u0440\u0435\u043c\u0430 \u2014 Centellian24 Madeca Cream Time Reverse Season 7. &nbsp; \u042d\u0442\u043e\u0442 \u0432\u044b\u0441\u043e\u043a\u043e\u044d\u0444\u0444\u0435\u043a\u0442\u0438\u0432\u043d\u044b\u0439 \u043a\u0440\u0435\u043c \u043d\u0430\u043f\u0440\u0430\u0432\u043b\u0435\u043d \u043d\u0430 \u0432\u043e\u0441\u0441\u0442\u0430\u043d\u043e\u0432\u043b\u0435\u043d\u0438\u0435, \u0443\u043a\u0440\u0435\u043f\u043b\u0435\u043d\u0438\u0435 \u0438 \u043a\u043e\u043c\u043f\u043b\u0435\u043a\u0441\u043d\u043e\u0435 \u043e\u043c\u043e\u043b\u043e\u0436\u0435\u043d\u0438\u0435 \u043a\u043e\u0436\u0438. \u0421\u0440\u0435\u0434\u0441\u0442\u0432\u043e \u0438\u043d\u0442\u0435\u043d\u0441\u0438\u0432\u043d\u043e \u043f\u0438\u0442\u0430\u0435\u0442, \u0443\u0432\u043b\u0430\u0436\u043d\u044f\u0435\u0442, \u043f\u043e\u043c\u043e\u0433\u0430\u0435\u0442 \u0432 \u0431\u043e\u0440\u044c\u0431\u0435 \u0441 \u043c\u043e\u0440\u0449\u0438\u043d\u0430\u043c\u0438, \u0443\u043a\u0440\u0435\u043f\u043b\u044f\u0435\u0442 \u0438 \u043f\u043e\u0434\u0442\u044f\u0433\u0438\u0432\u0430\u0435\u0442 \u043a\u043e\u0436\u0443. \u0412\u044b\u0440\u0430\u0432\u043d\u0438\u0432\u0430\u0435\u0442 \u0442\u043e\u043d \u0438 \u0443\u0441\u0442\u0440\u0430\u043d\u044f\u0435\u0442 \u0442\u0443\u0441\u043a\u043b\u043e\u0441\u0442\u044c, \u043f\u0440\u0438\u0434\u0430\u0435\u0442 \u043b\u0438\u0446\u0443 \u0441\u0432\u0435\u0436\u0438\u0439 \u0438 \u043e\u0442\u0434\u043e\u0445\u043d\u0443\u0432\u0448\u0438\u0439 \u0432\u0438\u0434. \u041f\u0440\u0435\u043a\u0440\u0430\u0441\u043d\u043e \u0443\u0441\u043f\u043e\u043a\u0430\u0438\u0432\u0430\u0435\u0442, \u0441\u043d\u0438\u0436\u0430\u0435\u0442 \u0440\u0435\u0430\u043a\u0442\u0438\u0432\u043d\u043e\u0441\u0442\u044c, \u0443\u043a\u0440\u0435\u043f\u043b\u044f\u0435\u0442 \u0438 [&hellip;]<\/p>","protected":false},"featured_media":16713,"comment_status":"open","ping_status":"closed","template":"","meta":{"_eb_attr":"","jetpack_post_was_ever_published":true,"_joinchat":[]},"product_brand":[863],"product_cat":[862],"product_tag":[865,864,867,766,734,866,445,620,767,439,838,687,465,644,824,497,487,778,247,489],"class_list":{"0":"post-16708","1":"product","2":"type-product","3":"status-publish","4":"has-post-thumbnail","6":"product_brand-centellian24","7":"product_cat-centellian24","8":"product_tag-centellian24-time-reverse","9":"product_tag-madeca-cream","10":"product_tag-new-active-teca","11":"product_tag-pdrn","12":"product_tag-slow-aging","13":"product_tag-teca","14":"product_tag-antivozrastnoj-uhod","15":"product_tag-antivozrastnye-kremy-dlya-lica","16":"product_tag-veganskij-pdrn","17":"product_tag-vosstanovlenie-barera","18":"product_tag-dlya-gladkoj-tekstury-kozhi","19":"product_tag-dlya-siyaniya-kozhi","20":"product_tag-lifting","21":"product_tag-novinki","22":"product_tag-omolozhenie","23":"product_tag-probniki-i-miniatjury","24":"product_tag-protiv-morshhin","25":"product_tag-protiv-pokrasnenij","26":"product_tag-centella","27":"product_tag-elastichnost-i-uprugost","29":"first","30":"instock","31":"sale","32":"shipping-taxable","33":"purchasable","34":"product-type-simple"},"jetpack_sharing_enabled":true,"_links":{"self":[{"href":"https:\/\/liluilu.ee\/et\/wp-json\/wp\/v2\/product\/16708","targetHints":{"allow":["GET"]}}],"collection":[{"href":"https:\/\/liluilu.ee\/et\/wp-json\/wp\/v2\/product"}],"about":[{"href":"https:\/\/liluilu.ee\/et\/wp-json\/wp\/v2\/types\/product"}],"replies":[{"embeddable":true,"href":"https:\/\/liluilu.ee\/et\/wp-json\/wp\/v2\/comments?post=16708"}],"version-history":[{"count":4,"href":"https:\/\/liluilu.ee\/et\/wp-json\/wp\/v2\/product\/16708\/revisions"}],"predecessor-version":[{"id":16715,"href":"https:\/\/liluilu.ee\/et\/wp-json\/wp\/v2\/product\/16708\/revisions\/16715"}],"wp:featuredmedia":[{"embeddable":true,"href":"https:\/\/liluilu.ee\/et\/wp-json\/wp\/v2\/media\/16713"}],"wp:attachment":[{"href":"https:\/\/liluilu.ee\/et\/wp-json\/wp\/v2\/media?parent=16708"}],"wp:term":[{"taxonomy":"product_brand","embeddable":true,"href":"https:\/\/liluilu.ee\/et\/wp-json\/wp\/v2\/product_brand?post=16708"},{"taxonomy":"product_cat","embeddable":true,"href":"https:\/\/liluilu.ee\/et\/wp-json\/wp\/v2\/product_cat?post=16708"},{"taxonomy":"product_tag","embeddable":true,"href":"https:\/\/liluilu.ee\/et\/wp-json\/wp\/v2\/product_tag?post=16708"}],"curies":[{"name":"t\u00f6\u00f6leht","href":"https:\/\/api.w.org\/{rel}","templated":true}]}}