{"id":16676,"date":"2026-01-12T14:05:59","date_gmt":"2026-01-12T11:05:59","guid":{"rendered":"https:\/\/liluilu.ee\/?post_type=product&#038;p=16676"},"modified":"2026-05-13T21:42:16","modified_gmt":"2026-05-13T18:42:16","slug":"centellian24-madeca-cream-time-reverse-season-7","status":"publish","type":"product","link":"https:\/\/liluilu.ee\/et\/centellian24-madeca-cream-time-reverse-season-7\/","title":{"rendered":"Pinguldav ja taastav noorendav n\u00e4okreem \u2014 Centellian24 Madeca Cream Time Reverse Season 7 (50 ml)"},"content":{"rendered":"<p><span style=\"font-weight: 400;\">Noorendav kreem <\/span><b>Centellian24 Madeca Cream Time Reverse Season 7<\/b> <span style=\"font-weight: 400;\">\u2014<\/span><span style=\"font-weight: 400;\"> see on v\u00e4ga t\u00f5hus toode, mis on suunatud 10 peamise vanusega seotud nahamuutuse tunnust.<\/span><\/p>\n<p>&nbsp;<\/p>\n<p><span style=\"font-weight: 400;\">Valem p\u00f5hineb teadusuuringutel, mille on l\u00e4bi viinud Dongguk Pharmaceutical, dermatoloogias 55 aastat tegutsenud farmaatsiaettev\u00f5te. See sisaldab mitmeid patenteeritud tehnoloogiaid ja ainulaadseid koostisosi, mis annavad n\u00e4htavaid tulemusi.\u00a0<\/span><\/p>\n<p>&nbsp;<\/p>\n<p><span style=\"font-weight: 400;\">8 aasta jooksul on Koreas m\u00fc\u00fcdud \u00fcle 51 miljoni eksemplari, mis teeb kreemist vaieldamatu m\u00fc\u00fcgiliidri.<\/span><\/p>\n<p>&nbsp;<\/p>\n<p><b>Centellian24 Madeca Cream Time Reverse Season 7:<\/b><\/p>\n<ul>\n<li style=\"font-weight: 400;\" aria-level=\"1\"><span style=\"font-weight: 400;\">Niisutab ja toidab s\u00fcgavuti;<\/span><\/li>\n<li style=\"font-weight: 400;\" aria-level=\"1\"><span style=\"font-weight: 400;\">Hoolitseb mikrobioomi eest, taastab ja s\u00e4ilitab loomuliku barj\u00e4\u00e4ri;<\/span><\/li>\n<li style=\"font-weight: 400;\" aria-level=\"1\"><span style=\"font-weight: 400;\">Pinguldab ja tugevdab nahka, silub tekstuuri ja v\u00e4hendab kortsude n\u00e4htavust;<\/span><\/li>\n<li style=\"font-weight: 400;\" aria-level=\"1\"><span style=\"font-weight: 400;\">T\u00e4nu suurele centella asiatica sisaldusele rahustab see suurep\u00e4raselt ja v\u00e4hendab punetust;<\/span><\/li>\n<li style=\"font-weight: 400;\" aria-level=\"1\"><span style=\"font-weight: 400;\">\u00dchtlustab nahatooni, k\u00f5rvaldab tuhmuse, lisab s\u00e4ra ja v\u00e4rskust.<\/span><\/li>\n<\/ul>\n<p>&nbsp;<\/p>\n<p><span style=\"font-weight: 400;\">Kolmekihiline liposoomis\u00fcsteem toimetab toimeained s\u00fcgavale nahka ning t\u00e4nu spetsiaalsele tehnoloogiale imendub kreem vaid m\u00f5ne minutiga, j\u00e4ttes naha siledaks ja s\u00e4ravaks.<\/span><\/p>\n<p>&nbsp;<\/p>\n<p><span style=\"font-weight: 400;\">See toode on l\u00e4binud \u00fcle 100 kliinilise testi ja saanud Saksa Dermatestilt hinnangu &quot;Suurep\u00e4rane&quot;. See ei \u00e4rrita nahka, ei ummista poore ega tekita aknet.\u00a0<\/span><\/p>\n<p>&nbsp;<\/p>\n<p><span style=\"font-weight: 400;\">Sobib k\u00f5ikidele nahat\u00fc\u00fcpidele, sealhulgas tundlikule nahale.<\/span><\/p>\n<p>&nbsp;<\/p>\n<p>&nbsp;<\/p>\n<h2><i>Peamised toimeained <\/i><i>Centellian24 Madeca Cream Time Reverse Season 7:<\/i><\/h2>\n<p><b>Uus aktiivne TECA\u2122 (30 000 ppm)\u00a0 <\/b><span style=\"font-weight: 400;\">\u2014 ainulaadne kompleks, mis p\u00f5hineb tiitritud vesinabav\u00e4\u00e4dil kolmekihilistes aktiveeritud liposoomides.<\/span><\/p>\n<p><span style=\"font-weight: 400;\">Kompleks stimuleerib kollageeni s\u00fcnteesi, kiirendab kudede uuenemist ja tugevdab nahamaatriksit. Selle m\u00f5ju kestab 72 tundi, v\u00e4hendades t\u00f5husalt kortsude n\u00e4htavust ning suurendades naha tihedust ja elastsust.<\/span><\/p>\n<p>&nbsp;<\/p>\n<p><b>12 super aktiivset komponenti, mis on saadud Centella asiatica\u2019st <\/b><span style=\"font-weight: 400;\">\u2014 parandavad k\u00fcpse naha \u00fcldist seisundit, niisutavad s\u00fcgavuti <\/span><span style=\"font-weight: 400;\">ja aitavad v\u00f5idelda l\u00f5tvuse vastu, muutes naha pringiks ja siledaks.\u00a0<\/span><\/p>\n<p>&nbsp;<\/p>\n<p><b>PDRN\u00a0 <\/b><span style=\"font-weight: 400;\">\u2014 stimuleerib regeneratsiooni, kiirendab paranemist, parandab tihedust ja elastsust ning soodustab nahamaatriksi taastumist.<\/span><\/p>\n<p>&nbsp;<\/p>\n<p><b>H\u00fcdrol\u00fc\u00fcsitud kollageen<\/b><span style=\"font-weight: 400;\"> \u2014 niisutab intensiivselt, loob tiheda ja elastse naha efekti, \u00fchtlustab visuaalselt naha tekstuuri, lisab pehmust ja s\u00e4ra.<\/span><\/p>\n<p>&nbsp;<\/p>\n<p><b>H\u00fcdrol\u00fc\u00fcsitud elastiin<\/b><span style=\"font-weight: 400;\"> \u2014 toimib koos kollageeniga, aidates nahal vastu panna l\u00f5tvumisele ja taastada selle elastse struktuuri. See on eriti oluline vananemisilmingute ja toonuse kadumise korral.<\/span><\/p>\n<p>&nbsp;<\/p>\n<p><b>Aquaxyl\u2122 <\/b><span style=\"font-weight: 400;\">\u2014 patenteeritud niisutav koostisosa, mis toimib rakulisel tasandil ja pakub kahekordset toimet: igak\u00fclgset niisutust ja naha barj\u00e4\u00e4rifunktsiooni tugevdamist.\u00a0<\/span><\/p>\n<p><span style=\"font-weight: 400;\">Aquaxyl\u2122 stimuleerib h\u00fcaluroonhappe, NMF-i, keramiidide ja kolesterooli s\u00fcnteesi, suurendab niisutust ja hoiab \u00e4ra liigse niiskuskaotuse. See leevendab kuivust ja ketendust, taastab elastsuse, silub ja \u00fchtlustab naha mikroreljeefi.<\/span><\/p>\n<p>&nbsp;<\/p>\n<p><b>Ektoiin <\/b><span style=\"font-weight: 400;\">\u2014 kaitseb v\u00e4liste tegurite ja UV-kiirte eest. Sellel on p\u00f5letikuvastased omadused, see rahustab, ravib ja v\u00e4hendab naha reaktsiooniv\u00f5imet.\u00a0<\/span><\/p>\n<p>&nbsp;<\/p>\n<p><b>Gl\u00fckogeen<\/b><span style=\"font-weight: 400;\"> \u2014 niisutaja ja energiaallikas naharakkudele. Aitab s\u00e4ilitada niiskust ja parandab nahatooni.<\/span><\/p>\n<h2><\/h2>\n<p>&nbsp;<\/p>\n<h2><i>T\u00e4iendavad toimeained <\/i><i>Centellian24 Madeca Cream Time Reverse Season 7:<\/i><\/h2>\n<p><b>Niatsiinamiid<\/b><span style=\"font-weight: 400;\"> \u2014 tugevdab kaitsebarj\u00e4\u00e4ri, k\u00f5rvaldab tuhmuse, parandab nahatooni ja tekstuuri.<\/span><\/p>\n<p>&nbsp;<\/p>\n<p><b>Retinool (kerges s\u00e4ilituskontsentratsioonis) ja adenosiin<\/b><span style=\"font-weight: 400;\"> \u2014 soodustavad naha uuenemist, suurendavad selle tihedust ja v\u00e4hendavad kortsude n\u00e4htavust.<\/span><\/p>\n<p>&nbsp;<\/p>\n<p><b>Keramiidid (keramiid NP) ja f\u00fctosfingosiin<\/b><span style=\"font-weight: 400;\"> \u2014 taastavad lipiidbarj\u00e4\u00e4ri, v\u00e4hendavad tundlikkust ja s\u00e4ilitavad optimaalset niiskustaset.<\/span><\/p>\n<p>&nbsp;<\/p>\n<p><b>H\u00fcaluroonhape (mitmes vormis)<\/b><span style=\"font-weight: 400;\"> \u2014 tagab mitmetasandilise niisutuse ja parandab naha turgorit.<\/span><\/p>\n<p>&nbsp;<\/p>\n<p><b>Antioks\u00fcdantide kompleks (resveratrool, E-vitamiin)<\/b><span style=\"font-weight: 400;\"> \u2014 kaitseb nahka oks\u00fcdatiivse stressi ja enneaegse vananemise eest.<\/span><\/p>\n<p>&nbsp;<\/p>\n<p><b>Pantenool ja allantoiin<\/b><span style=\"font-weight: 400;\"> \u2014 rahustab, ravib ja pehmendab nahka. K\u00f5rvaldab pinguloleku ja ebamugavustunde.<\/span><\/p>\n<p>&nbsp;<\/p>\n<p><b>Kofeiin ja tauriin<\/b><span style=\"font-weight: 400;\"> \u2014 parandavad mikrotsirkulatsiooni, aitavad leevendada turseid, t\u00f5stavad nahatooni ning annavad sellele v\u00e4rske ja puhanud v\u00e4limuse.<\/span><\/p>\n<p>&nbsp;<\/p>\n<p><b>\u00a0<\/b><\/p>\n<h2><i>Soovitame <\/i><i>Centellian24 Madeca Cream Time Reverse Season 7:<\/i><\/h2>\n<ul>\n<li style=\"font-weight: 400;\" aria-level=\"1\"><span style=\"font-weight: 400;\">Igale nahat\u00fc\u00fcbile, millel on vanusega seotud muutuste tunnused: kortsud, elastsuse ja tiheduse v\u00e4henemine;<\/span><\/li>\n<li style=\"font-weight: 400;\" aria-level=\"1\"><span style=\"font-weight: 400;\">Tuhmi ja v\u00e4sinud naha jaoks, mis on kaotanud s\u00e4ra ja v\u00e4rske v\u00e4limuse;<\/span><\/li>\n<li style=\"font-weight: 400;\" aria-level=\"1\"><span style=\"font-weight: 400;\">Deh\u00fcdreeritud nahale, mis on altid kuivusele, pingulolekule ja toonuse kaotamisele;<\/span><\/li>\n<li style=\"font-weight: 400;\" aria-level=\"1\"><span style=\"font-weight: 400;\">Nahale, mille barj\u00e4\u00e4r on kahjustatud;<\/span><\/li>\n<li style=\"font-weight: 400;\" aria-level=\"1\"><span style=\"font-weight: 400;\">\u00dclitundlikule, punetusele ja reaktsioonidele kalduvale nahale;<\/span><\/li>\n<li style=\"font-weight: 400;\" aria-level=\"1\"><span style=\"font-weight: 400;\">P\u00f5hjalikuks noorendavaks hoolduseks ja vanusega seotud muutuste ennetamiseks.<\/span><\/li>\n<\/ul>\n<p>&nbsp;<\/p>\n<p>&nbsp;<\/p>\n<p><b>Kuidas kasutada:<\/b><\/p>\n<p><span style=\"font-weight: 400;\">Hommikul ja\/v\u00f5i \u00f5htul, nahahooldusrutiini viimase sammuna, kandke n\u00e4ole ja kaelale sobiv kogus kreemi, masseerides \u00f5rnalt. Parima tulemuse saavutamiseks kasutage <\/span><b>Centellian24 Madeca Cream Time Reverse Season 7<\/b> <span style=\"font-weight: 400;\">iga p\u00e4ev.<\/span><\/p>\n<p>&nbsp;<\/p>\n<p>&nbsp;<\/p>\n<p><b>Toode on esitatud kahes mahus:<\/b><\/p>\n<ul>\n<li aria-level=\"1\"><b>50 ml<\/b><\/li>\n<\/ul>\n<ul>\n<li style=\"font-weight: 400;\" aria-level=\"1\"><span style=\"color: #0000ff;\"><a style=\"color: #0000ff;\" href=\"https:\/\/liluilu.ee\/et\/miniatjura-centellian24-madeca-cream-time-reverse-season-7-15-ml\/\" target=\"_blank\" rel=\"noopener\"><span style=\"font-weight: 400;\">Miniatuurne 15 ml<\/span><\/a><\/span><\/li>\n<\/ul>\n<p>&nbsp;<\/p>\n<p>&nbsp;<\/p>\n<p><span style=\"font-weight: 400;\">Kui teil on lisak\u00fcsimusi v\u00f5i vajate toote valimisel n\u00f5u, kirjutage meile. Vestlus asub ekraani paremas alanurgas.<\/span><\/p>\n<p>&nbsp;<\/p>\n<p>&nbsp;<\/p>\n<p>&nbsp;<\/p>\n<p><a title=\"TARNETINGIMUSED\" href=\"https:\/\/liluilu.ee\/et\/kohaletoimetamine\/\" target=\"_blank\" rel=\"noopener\">TARNETINGIMUSED<\/a><\/p>","protected":false},"excerpt":{"rendered":"<p>\u041e\u043c\u043e\u043b\u0430\u0436\u0438\u0432\u0430\u044e\u0449\u0438\u0439 \u043a\u0440\u0435\u043c Centellian24 Madeca Cream Time Reverse Season 7 \u2014 \u044d\u0442\u043e \u0432\u044b\u0441\u043e\u043a\u043e\u044d\u0444\u0444\u0435\u043a\u0442\u0438\u0432\u043d\u043e\u0435 \u0441\u0440\u0435\u0434\u0441\u0442\u0432\u043e, \u043d\u0430\u043f\u0440\u0430\u0432\u043b\u0435\u043d\u043d\u043e\u0435 \u043d\u0430 \u0431\u043e\u0440\u044c\u0431\u0443 \u0441 10 \u043e\u0441\u043d\u043e\u0432\u043d\u044b\u043c\u0438 \u043f\u0440\u0438\u0437\u043d\u0430\u043a\u0430\u043c\u0438 \u0432\u043e\u0437\u0440\u0430\u0441\u0442\u043d\u044b\u0445 \u0438\u0437\u043c\u0435\u043d\u0435\u043d\u0438\u0439 \u043a\u043e\u0436\u0438. &nbsp; \u0424\u043e\u0440\u043c\u0443\u043b\u0430 \u0441\u043e\u0437\u0434\u0430\u043d\u0430 \u043d\u0430 \u043e\u0441\u043d\u043e\u0432\u0435 \u043d\u0430\u0443\u0447\u043d\u044b\u0445 \u0440\u0430\u0437\u0440\u0430\u0431\u043e\u0442\u043e\u043a \u0444\u0430\u0440\u043c\u0430\u0446\u0435\u0432\u0442\u0438\u0447\u0435\u0441\u043a\u043e\u0439 \u043a\u043e\u043c\u043f\u0430\u043d\u0438\u0438 Dongguk Pharmaceutical, \u0438\u043c\u0435\u044e\u0449\u0435\u0439 55-\u043b\u0435\u0442\u043d\u0438\u0439 \u043e\u043f\u044b\u0442 \u0432 \u0434\u0435\u0440\u043c\u0430\u0442\u043e\u043b\u043e\u0433\u0438\u0438. \u041e\u043d\u0430 \u0432\u043a\u043b\u044e\u0447\u0430\u0435\u0442 \u0440\u044f\u0434 \u0437\u0430\u043f\u0430\u0442\u0435\u043d\u0442\u043e\u0432\u0430\u043d\u043d\u044b\u0445 \u0442\u0435\u0445\u043d\u043e\u043b\u043e\u0433\u0438\u0439 \u0438 \u0443\u043d\u0438\u043a\u0430\u043b\u044c\u043d\u044b\u0445 \u043a\u043e\u043c\u043f\u043e\u043d\u0435\u043d\u0442\u043e\u0432, \u043e\u0431\u0435\u0441\u043f\u0435\u0447\u0438\u0432\u0430\u044e\u0449\u0438\u0445 \u0432\u0438\u0434\u0438\u043c\u044b\u0439 \u0440\u0435\u0437\u0443\u043b\u044c\u0442\u0430\u0442.\u00a0 &nbsp; \u0417\u0430 8 \u043b\u0435\u0442 \u0432 [&hellip;]<\/p>","protected":false},"featured_media":16681,"comment_status":"open","ping_status":"closed","template":"","meta":{"_eb_attr":"","jetpack_post_was_ever_published":true,"_joinchat":[]},"product_brand":[863],"product_cat":[862,95],"product_tag":[865,864,867,766,734,866,445,620,767,439,838,687,465,644,824,487,778,247,489],"class_list":{"0":"post-16676","1":"product","2":"type-product","3":"status-publish","4":"has-post-thumbnail","6":"product_brand-centellian24","7":"product_cat-centellian24","8":"product_cat-kremy-emulsii-i-losony-dlya-lica","9":"product_tag-centellian24-time-reverse","10":"product_tag-madeca-cream","11":"product_tag-new-active-teca","12":"product_tag-pdrn","13":"product_tag-slow-aging","14":"product_tag-teca","15":"product_tag-antivozrastnoj-uhod","16":"product_tag-antivozrastnye-kremy-dlya-lica","17":"product_tag-veganskij-pdrn","18":"product_tag-vosstanovlenie-barera","19":"product_tag-dlya-gladkoj-tekstury-kozhi","20":"product_tag-dlya-siyaniya-kozhi","21":"product_tag-lifting","22":"product_tag-novinki","23":"product_tag-omolozhenie","24":"product_tag-protiv-morshhin","25":"product_tag-protiv-pokrasnenij","26":"product_tag-centella","27":"product_tag-elastichnost-i-uprugost","29":"first","30":"instock","31":"sale","32":"shipping-taxable","33":"purchasable","34":"product-type-simple"},"jetpack_sharing_enabled":true,"_links":{"self":[{"href":"https:\/\/liluilu.ee\/et\/wp-json\/wp\/v2\/product\/16676","targetHints":{"allow":["GET"]}}],"collection":[{"href":"https:\/\/liluilu.ee\/et\/wp-json\/wp\/v2\/product"}],"about":[{"href":"https:\/\/liluilu.ee\/et\/wp-json\/wp\/v2\/types\/product"}],"replies":[{"embeddable":true,"href":"https:\/\/liluilu.ee\/et\/wp-json\/wp\/v2\/comments?post=16676"}],"version-history":[{"count":9,"href":"https:\/\/liluilu.ee\/et\/wp-json\/wp\/v2\/product\/16676\/revisions"}],"predecessor-version":[{"id":16720,"href":"https:\/\/liluilu.ee\/et\/wp-json\/wp\/v2\/product\/16676\/revisions\/16720"}],"wp:featuredmedia":[{"embeddable":true,"href":"https:\/\/liluilu.ee\/et\/wp-json\/wp\/v2\/media\/16681"}],"wp:attachment":[{"href":"https:\/\/liluilu.ee\/et\/wp-json\/wp\/v2\/media?parent=16676"}],"wp:term":[{"taxonomy":"product_brand","embeddable":true,"href":"https:\/\/liluilu.ee\/et\/wp-json\/wp\/v2\/product_brand?post=16676"},{"taxonomy":"product_cat","embeddable":true,"href":"https:\/\/liluilu.ee\/et\/wp-json\/wp\/v2\/product_cat?post=16676"},{"taxonomy":"product_tag","embeddable":true,"href":"https:\/\/liluilu.ee\/et\/wp-json\/wp\/v2\/product_tag?post=16676"}],"curies":[{"name":"t\u00f6\u00f6leht","href":"https:\/\/api.w.org\/{rel}","templated":true}]}}