{"id":16577,"date":"2026-01-07T16:32:58","date_gmt":"2026-01-07T13:32:58","guid":{"rendered":"https:\/\/liluilu.ee\/?post_type=product&#038;p=16577"},"modified":"2026-04-06T12:39:24","modified_gmt":"2026-04-06T09:39:24","slug":"medicube-retinol-nmn-boosting-serum","status":"publish","type":"product","link":"https:\/\/liluilu.ee\/et\/medicube-retinol-nmn-boosting-serum\/","title":{"rendered":"Retinooli, NMN-i ja peptiididega seerum-booster \u2014 medicube Retinol NMN Boosting Serum (30 ml)"},"content":{"rendered":"<p><span style=\"font-weight: 400;\">V\u00f5imendav seerum<\/span><b> medicube Retinol NMN Boosting Serum <\/b><span style=\"font-weight: 400;\">parandab naha loomulikku elastsust ja pinguldust, ahendab poore ning \u00fchtlustab naha tekstuuri. J\u00e4tab naha siledamaks, pringimaks ja elastsemaks.\u00a0<\/span><\/p>\n<p>&nbsp;<\/p>\n<p><span style=\"font-weight: 400;\">Sisaldab liposomaalset retinooli, NMN-i ja peptiidikompleksi, mis tagab v\u00e4ljendunud vananemisvastase toime: v\u00e4hendab kortsude n\u00e4htavust ja s\u00fcgavust, v\u00e4hendab tuhmi jume, \u00fchtlustab jumet ja parandab naha toonust.<\/span><\/p>\n<p>&nbsp;<\/p>\n<p><span style=\"font-weight: 400;\">\u00c4rritust v\u00e4hendavad koostisosad ja j\u00e4rkj\u00e4rgulise vabanemise tehnoloogia v\u00f5imaldavad nahal retinooliga mugavalt kohaneda. Valem on alkoholi- ja l\u00f5hnavaba, mittekomedogeenne ega ummista poore.<\/span><\/p>\n<p>&nbsp;<\/p>\n<p><span style=\"font-weight: 400;\">Seerum on m\u00f5eldud \u00f5htuseks hoolduseks.<\/span><\/p>\n<p>&nbsp;<\/p>\n<p><span style=\"font-weight: 400;\">Sobib igale nahat\u00fc\u00fcbile.<\/span><\/p>\n<p><span style=\"font-weight: 400;\">\u00a0<\/span><\/p>\n<p>&nbsp;<\/p>\n<h2><i>Peamised toimeained <\/i><i>medicube Retinol NMN Boosting Serum<\/i><\/h2>\n<p><b>Liposomaalne retinool (retinool-some 1,9%) <\/b><span style=\"font-weight: 400;\">\u2014 stimuleerib naha uuenemist ning kollageeni, elastiini ja h\u00fcaluroonhappe s\u00fcnteesi. V\u00e4hendab kortsude n\u00e4htavust ning parandab naha tihedust ja tekstuuri.\u00a0<\/span><\/p>\n<p>&nbsp;<\/p>\n<p><b>NMN <\/b><span style=\"font-weight: 400;\">(<\/span><span style=\"font-weight: 400;\">Nikotiinamiidmononukleotiid)<\/span> <span style=\"font-weight: 400;\">\u2014 kiirendab rakkude ainevahetust, soodustab noorendamist ja suurendab rakkude energiat. See stimuleerib valkude s\u00fcnteesi, suurendab elastsust ja pinguldust, aeglustab vanusega seotud muutusi ning parandab naha \u00fcldist seisundit.<\/span><\/p>\n<p>&nbsp;<\/p>\n<p><b>Peptiidikompleks <\/b><span style=\"font-weight: 400;\">(<\/span><span style=\"font-weight: 400;\">Atset\u00fc\u00fclheksapeptiid-8, atset\u00fc\u00fcltetrapeptiid-5, palmito\u00fc\u00fcltetrapeptiid-7, palmito\u00fc\u00fcltripeptiid-5)<\/span> <span style=\"font-weight: 400;\">\u2014 tugevdab ja s\u00e4ilitab naha struktuuri, silub peeneid kortse ja ennetab uute teket. Peptiidid aitavad nahal tunduda pringim, elastsem ja siledam, v\u00f5imendades retinooli ja NMN noorendavat toimet.<\/span><\/p>\n<p><span style=\"font-weight: 400;\">\u00a0<\/span><\/p>\n<p>&nbsp;<\/p>\n<h2><em>medicube Retinol NMN Boosting Serum t\u00e4iendavad toimeained<\/em><\/h2>\n<p><b>Niatsiinamiid<\/b> <span style=\"font-weight: 400;\">- \u00fchtlustab nahatooni, k\u00f5rvaldab tuhmuse ja parandab jumet.<\/span><\/p>\n<p><span style=\"font-weight: 400;\">\u00a0<\/span><\/p>\n<p><b>C- ja E-vitamiin ning feruulhape<\/b><span style=\"font-weight: 400;\"> \u2014 v\u00e4hendavad oks\u00fcdatiivset stressi, aeglustavad fotovananemist ja ennetavad naha enda kollageeni h\u00e4vimist.<\/span><\/p>\n<p><span style=\"font-weight: 400;\">\u00a0<\/span><\/p>\n<p><b>Probiootikumid<\/b><span style=\"font-weight: 400;\"> \u2014 tugevdavad loomulikku barj\u00e4\u00e4ri ja toetavad mikrobioomi.<\/span><\/p>\n<p><span style=\"font-weight: 400;\">\u00a0<\/span><\/p>\n<p><b>Keramiidid, skvalaan, pantenool, Centella ja allantoiin<\/b><span style=\"font-weight: 400;\"> \u2014 rahustavad, leevendavad \u00e4rritust, parandavad mikrokahjustusi ja taastavad h\u00fcdrolipiidbarj\u00e4\u00e4ri.\u00a0\u00a0<\/span><\/p>\n<p><span style=\"font-weight: 400;\">\u00a0<\/span><\/p>\n<p>&nbsp;<\/p>\n<p><b>Soovitame medicube Retinol NMN Boosting Serum:<\/b><\/p>\n<ul>\n<li style=\"font-weight: 400;\" aria-level=\"1\"><span style=\"font-weight: 400;\">Igale nahat\u00fc\u00fcbile (seerumi \u00f5ige kasutamise korral);<\/span><\/li>\n<li style=\"font-weight: 400;\" aria-level=\"1\"><span style=\"font-weight: 400;\">N\u00f5rgenenud naha tugevdamiseks, mis kaotab elastsust ja tihedust;<\/span><\/li>\n<li style=\"font-weight: 400;\" aria-level=\"1\"><span style=\"font-weight: 400;\">Peente kortsudega nahale;<\/span><\/li>\n<li style=\"font-weight: 400;\" aria-level=\"1\"><span style=\"font-weight: 400;\">Suurenenud pooride ja eba\u00fchtlase tooniga nahale;<\/span><\/li>\n<li style=\"font-weight: 400;\" aria-level=\"1\"><span style=\"font-weight: 400;\">Tuhmile ja v\u00e4sinud nahale;<\/span><\/li>\n<li style=\"font-weight: 400;\" aria-level=\"1\"><span style=\"font-weight: 400;\">Vananemise esimeste m\u00e4rkide ilmnemisel;<\/span><\/li>\n<li style=\"font-weight: 400;\" aria-level=\"1\"><span style=\"font-weight: 400;\">K\u00fcpsele nahale osana terviklikust vananemisvastasest hooldusest, mille eesm\u00e4rk on pinguldada, v\u00f5idelda kortsudega ja \u00fchtlustada nahatooni.<\/span><\/li>\n<\/ul>\n<p>&nbsp;<\/p>\n<p>&nbsp;<\/p>\n<h2><i>Mida veel on oluline teada <\/i><i>medicube Retinol NMN Boosting Serum<\/i><\/h2>\n<ul>\n<li style=\"font-weight: 400;\" aria-level=\"1\"><span style=\"font-weight: 400;\">Seerum on m\u00f5eldud \u00f5htuseks hoolduseks;<\/span><\/li>\n<li style=\"font-weight: 400;\" aria-level=\"1\"><span style=\"font-weight: 400;\">Lisa seerum oma nahahooldusrutiini j\u00e4rk-j\u00e4rgult;<\/span><\/li>\n<li style=\"font-weight: 400;\" aria-level=\"1\"><span style=\"font-weight: 400;\">Seerumit ei tohi kasutada raseduse ja imetamise ajal;<\/span><\/li>\n<li style=\"font-weight: 400;\" aria-level=\"1\"><span style=\"font-weight: 400;\">\u00c4rge kasutage toodet samaaegselt koorijate ja puhastusvahenditega;<\/span><\/li>\n<li style=\"font-weight: 400;\" aria-level=\"1\"><span style=\"font-weight: 400;\">\u00c4rge kasutage seerumit koos toodetega, milles on k\u00f5rge C-vitamiini, AHA- ja BHA-hapete kontsentratsioon;<\/span><\/li>\n<li style=\"font-weight: 400;\" aria-level=\"1\"><span style=\"font-weight: 400;\">\u00c4rge kasutage seerumit p\u00e4rast s\u00fcste, riistvarakosmeetikat ja muid agressiivseid dermatoloogilisi protseduure;<\/span><\/li>\n<li style=\"font-weight: 400;\" aria-level=\"1\"><span style=\"font-weight: 400;\">Kandke kindlasti peale p\u00e4evasel ajal <\/span><span style=\"color: #0000ff;\"><a style=\"color: #0000ff;\" href=\"https:\/\/liluilu.ee\/et\/paikesekaitsekreemid\/\" target=\"_blank\" rel=\"noopener\"><span style=\"font-weight: 400;\">k\u00f5rge SPF-iga p\u00e4ikesekaitsekreem<\/span><\/a><\/span><span style=\"font-weight: 400;\">.<\/span><\/li>\n<\/ul>\n<p>&nbsp;<\/p>\n<p>&nbsp;<\/p>\n<p>&nbsp;<\/p>\n<p><b><i>Kui kasutate retinoolitooteid esimest korda:<\/i><\/b><\/p>\n<p><span style=\"font-weight: 400;\">Kui kasutate retinooli sisaldavaid tooteid esimest korda v\u00f5i p\u00e4rast pausi, on oluline anda nahale aega koostisosaga kohanemiseks. Kohanemisperiood v\u00f5tab tavaliselt 2<\/span><span style=\"font-weight: 400;\">\u2014<\/span><span style=\"font-weight: 400;\">4 n\u00e4dalat ja selle aja jooksul v\u00f5ivad esineda ajutised reaktsioonid, nagu kipitus, punetus ja koorumine.\u00a0<\/span><\/p>\n<p><span style=\"font-weight: 400;\">\u00a0<\/span><\/p>\n<p><b>Oluline on j\u00e4rgida m\u00f5nda reeglit:<\/b><\/p>\n<p><span style=\"font-weight: 400;\">Kasutage toodet vastavalt j\u00e4rgmisele skeemile, isegi kui teie nahk on retinoolile h\u00e4sti reageerinud ja esimesel kasutamisel ei esinenud k\u00f5rvaltoimeid:<\/span><\/p>\n<ul>\n<li style=\"font-weight: 400;\" aria-level=\"1\"><span style=\"font-weight: 400;\">1. n\u00e4dal: 1 <\/span><span style=\"font-weight: 400;\">\u2014 <\/span><span style=\"font-weight: 400;\">2 korda<\/span><\/li>\n<li style=\"font-weight: 400;\" aria-level=\"1\"><span style=\"font-weight: 400;\">2. n\u00e4dal: 2 <\/span><span style=\"font-weight: 400;\">\u2014 <\/span><span style=\"font-weight: 400;\">3 korda<\/span><\/li>\n<li style=\"font-weight: 400;\" aria-level=\"1\"><span style=\"font-weight: 400;\">3. n\u00e4dal: 3 <\/span><span style=\"font-weight: 400;\">\u2014 <\/span><span style=\"font-weight: 400;\">4 korda<\/span><\/li>\n<li style=\"font-weight: 400;\" aria-level=\"1\"><span style=\"font-weight: 400;\">4. n\u00e4dal: 4 <\/span><span style=\"font-weight: 400;\">\u2014 <\/span><span style=\"font-weight: 400;\">5 korda<\/span><\/li>\n<\/ul>\n<p><span style=\"font-weight: 400;\">Kui nahk on kohanenud, v\u00f5ib seerumit kasutada iga p\u00e4ev.<\/span><\/p>\n<p>&nbsp;<\/p>\n<p><span style=\"font-weight: 400;\">Kasutage retinooli seerumit ainult oma \u00f5htuse rutiini osana.<\/span><\/p>\n<p>&nbsp;<\/p>\n<p><span style=\"font-weight: 400;\">Alusta v\u00e4ikese koguse seerumiga pealekandmise kohta (hernesuurune) ja suurenda j\u00e4rk-j\u00e4rgult pealekantava toote kogust, kui nahk kohaneb.<\/span><\/p>\n<p>&nbsp;<\/p>\n<p><span style=\"font-weight: 400;\">Kasutage enne seerumit <\/span><span style=\"font-weight: 400;\">toonikut<\/span><span style=\"font-weight: 400;\">, peale seerumi kasutamist kandke peale kreem. See aitab v\u00e4hendada tundlikkust.<\/span><\/p>\n<p><span style=\"font-weight: 400;\">\u00a0<\/span><\/p>\n<p>&nbsp;<\/p>\n<p><b>Kuidas kasutada medicube Retinol NMN Boosting Serum:<\/b><\/p>\n<p><span style=\"font-weight: 400;\">\u00d5htul, p\u00e4rast puhastamist ja toonikut, kanna n\u00e4ole v\u00e4ike kogus seerumit ja h\u00f5\u00f5ru see \u00fchtlaselt sisse. L\u00f5peta kreemiga. P\u00e4eval kasuta SPF 50+ p\u00e4ikesekaitsekreemi.<\/span><\/p>\n<p>&nbsp;<\/p>\n<p>&nbsp;<\/p>\n<p><b>Netokogus:<\/b><span style=\"font-weight: 400;\"> 30 ml<\/span><\/p>\n<p><span style=\"font-weight: 400;\">\u00a0<\/span><\/p>\n<p>&nbsp;<\/p>\n<p><span style=\"font-weight: 400;\">Kui teil on lisak\u00fcsimusi v\u00f5i vajate toote valimisel n\u00f5u, kirjutage meile. Vestlus asub ekraani paremas alanurgas.<\/span><\/p>\n<p>&nbsp;<\/p>\n<p>&nbsp;<\/p>\n<p><a title=\"TARNETINGIMUSED\" href=\"https:\/\/liluilu.ee\/et\/kohaletoimetamine\/\" target=\"_blank\" rel=\"noopener\">TARNETINGIMUSED<\/a><\/p>","protected":false},"excerpt":{"rendered":"<p>\u0421\u044b\u0432\u043e\u0440\u043e\u0442\u043a\u0430-\u0431\u0443\u0441\u0442\u0435\u0440 medicube Retinol NMN Boosting Serum \u0443\u043b\u0443\u0447\u0448\u0430\u0435\u0442 \u0435\u0441\u0442\u0435\u0441\u0442\u0432\u0435\u043d\u043d\u0443\u044e \u044d\u043b\u0430\u0441\u0442\u0438\u0447\u043d\u043e\u0441\u0442\u044c \u0438 \u0443\u043f\u0440\u0443\u0433\u043e\u0441\u0442\u044c, \u0441\u0443\u0436\u0430\u0435\u0442 \u043f\u043e\u0440\u044b, \u0432\u044b\u0440\u0430\u0432\u043d\u0438\u0432\u0430\u0435\u0442 \u0442\u0435\u043a\u0441\u0442\u0443\u0440\u0443 \u0438 \u0440\u0435\u043b\u044c\u0435\u0444. \u0414\u0435\u043b\u0430\u0435\u0442 \u043a\u043e\u0436\u0443 \u0431\u043e\u043b\u0435\u0435 \u0433\u043b\u0430\u0434\u043a\u043e\u0439, \u043f\u043e\u0434\u0442\u044f\u043d\u0443\u0442\u043e\u0439 \u0438 \u043f\u043b\u043e\u0442\u043d\u043e\u0439.\u00a0 &nbsp; \u0421\u043e\u0434\u0435\u0440\u0436\u0438\u0442 \u043b\u0438\u043f\u043e\u0441\u043e\u043c\u0430\u043b\u044c\u043d\u044b\u0439 \u0440\u0435\u0442\u0438\u043d\u043e\u043b, NMN \u0438 \u043f\u0435\u043f\u0442\u0438\u0434\u043d\u044b\u0439 \u043a\u043e\u043c\u043f\u043b\u0435\u043a\u0441, \u0431\u043b\u0430\u0433\u043e\u0434\u0430\u0440\u044f \u0447\u0435\u043c\u0443 \u043e\u043a\u0430\u0437\u044b\u0432\u0430\u0435\u0442 \u0432\u044b\u0440\u0430\u0436\u0435\u043d\u043d\u043e\u0435 \u043e\u043c\u043e\u043b\u0430\u0436\u0438\u0432\u0430\u044e\u0449\u0435\u0435 \u0434\u0435\u0439\u0441\u0442\u0432\u0438\u0435: \u0443\u043c\u0435\u043d\u044c\u0448\u0430\u0435\u0442 \u043f\u043b\u043e\u0449\u0430\u0434\u044c \u0438 \u0433\u043b\u0443\u0431\u0438\u043d\u0443 \u043c\u043e\u0440\u0449\u0438\u043d, \u0443\u0441\u0442\u0440\u0430\u043d\u044f\u0435\u0442 \u0442\u0443\u0441\u043a\u043b\u043e\u0441\u0442\u044c, \u0432\u044b\u0440\u0430\u0432\u043d\u0438\u0432\u0430\u0435\u0442 \u0442\u043e\u043d \u0438 \u0443\u043b\u0443\u0447\u0448\u0430\u0435\u0442 \u0446\u0432\u0435\u0442 \u043b\u0438\u0446\u0430. &nbsp; \u041a\u043e\u043c\u043f\u043e\u043d\u0435\u043d\u0442\u044b, \u0441\u043d\u0438\u0436\u0430\u044e\u0449\u0438\u0435 \u0440\u0438\u0441\u043a [&hellip;]<\/p>","protected":false},"featured_media":16579,"comment_status":"open","ping_status":"closed","template":"","meta":{"_eb_attr":"","jetpack_post_was_ever_published":true,"_joinchat":[]},"product_brand":[853],"product_cat":[852,226],"product_tag":[846,850,445,731,783,838,465,433,644,824,239,804,487,792,431,732,459,489],"class_list":{"0":"post-16577","1":"product","2":"type-product","3":"status-publish","4":"has-post-thumbnail","6":"product_brand-medicube","7":"product_cat-medicube","8":"product_cat-serumy","9":"product_tag-nad","10":"product_tag-nmn","11":"product_tag-antivozrastnoj-uhod","12":"product_tag-antivozrastnye-syvorotki","13":"product_tag-bustery","14":"product_tag-dlya-gladkoj-tekstury-kozhi","15":"product_tag-lifting","16":"product_tag-nerovnyj-ton-kozhi","17":"product_tag-novinki","18":"product_tag-omolozhenie","19":"product_tag-peptidy","20":"product_tag-podtyagivajushhaya-syvorotka","21":"product_tag-protiv-morshhin","22":"product_tag-razglazhivanie-kozhi","23":"product_tag-rasshirennye-pory","24":"product_tag-retinol","25":"product_tag-tusklyj-cvet-lica","26":"product_tag-elastichnost-i-uprugost","28":"first","29":"instock","30":"shipping-taxable","31":"purchasable","32":"product-type-simple"},"jetpack_sharing_enabled":true,"_links":{"self":[{"href":"https:\/\/liluilu.ee\/et\/wp-json\/wp\/v2\/product\/16577","targetHints":{"allow":["GET"]}}],"collection":[{"href":"https:\/\/liluilu.ee\/et\/wp-json\/wp\/v2\/product"}],"about":[{"href":"https:\/\/liluilu.ee\/et\/wp-json\/wp\/v2\/types\/product"}],"replies":[{"embeddable":true,"href":"https:\/\/liluilu.ee\/et\/wp-json\/wp\/v2\/comments?post=16577"}],"version-history":[{"count":8,"href":"https:\/\/liluilu.ee\/et\/wp-json\/wp\/v2\/product\/16577\/revisions"}],"predecessor-version":[{"id":16590,"href":"https:\/\/liluilu.ee\/et\/wp-json\/wp\/v2\/product\/16577\/revisions\/16590"}],"wp:featuredmedia":[{"embeddable":true,"href":"https:\/\/liluilu.ee\/et\/wp-json\/wp\/v2\/media\/16579"}],"wp:attachment":[{"href":"https:\/\/liluilu.ee\/et\/wp-json\/wp\/v2\/media?parent=16577"}],"wp:term":[{"taxonomy":"product_brand","embeddable":true,"href":"https:\/\/liluilu.ee\/et\/wp-json\/wp\/v2\/product_brand?post=16577"},{"taxonomy":"product_cat","embeddable":true,"href":"https:\/\/liluilu.ee\/et\/wp-json\/wp\/v2\/product_cat?post=16577"},{"taxonomy":"product_tag","embeddable":true,"href":"https:\/\/liluilu.ee\/et\/wp-json\/wp\/v2\/product_tag?post=16577"}],"curies":[{"name":"t\u00f6\u00f6leht","href":"https:\/\/api.w.org\/{rel}","templated":true}]}}