{"id":16054,"date":"2025-11-13T14:19:34","date_gmt":"2025-11-13T11:19:34","guid":{"rendered":"https:\/\/liluilu.ee\/?post_type=product&#038;p=16054"},"modified":"2026-04-14T16:44:13","modified_gmt":"2026-04-14T13:44:13","slug":"vt-cosmetics-pdrn-essence-stick-balm","status":"publish","type":"product","link":"https:\/\/liluilu.ee\/et\/vt-cosmetics-pdrn-essence-stick-balm\/","title":{"rendered":"Kontsentreeritud essents PDRN-i ja peptiididega pulk-palsami kujul - VT Cosmetics PDRN Essence Stick Balm"},"content":{"rendered":"<p><span style=\"font-weight: 400;\">Aktiivne taastav essents pulk-palsami kujul -<\/span><b> VT Cosmetics PDRN Essence Stick Balm<\/b><span style=\"font-weight: 400;\">.\u00a0<\/span><\/p>\n<p>&nbsp;<\/p>\n<p><span style=\"font-weight: 400;\">See mitmek\u00fclgne vananemisvastane toode v\u00f5ib asendada seerumit, silmakreemi, n\u00e4o- ja kaelakreemi, toimides k\u00f5ik-\u00fches p\u00f5him\u00f5ttel.<\/span><\/p>\n<p>&nbsp;<\/p>\n<p><span style=\"font-weight: 400;\">Toode stimuleerib regeneratsiooni ja taastumist, silub peeneid kortse ja aeglustab uute kortsude teket.\u00a0<\/span><\/p>\n<p>&nbsp;<\/p>\n<p><span style=\"font-weight: 400;\">Suurendab elastsust, tugevdab ja pinguldab nahka, eriti \u00f5rnades piirkondades nagu kael, silma\u00fcmbrus ja suu.<\/span><\/p>\n<p>&nbsp;<\/p>\n<p><span style=\"font-weight: 400;\">Essents hajub kergesti ja sulab kiiresti. See toidab, silub ja pehmendab nahka, j\u00e4ttes sellele pooll\u00e4bipaistva s\u00e4ra ja sileda, niisutatud ja &quot;klaasja&quot; naha efekti.<\/span><\/p>\n<p>&nbsp;<\/p>\n<p><span style=\"font-weight: 400;\">Toodet saab kasutada nii osana teie p\u00f5hilisest nahahooldusrutiinist kui ka kogu p\u00e4eva jooksul, isegi meigi peal. Selle kompaktne vorm ja mitmek\u00fclgne koostis muudavad selle ideaalseks nahahoolduseks liikvel olles: t\u00f6\u00f6l ja reisil  \u2014 <\/span><b>igal ajal, igal pool<\/b><span style=\"font-weight: 400;\">.<\/span><\/p>\n<p>&nbsp;<\/p>\n<p><span style=\"font-weight: 400;\">Ei sisalda kunstlikke l\u00f5hna- ega v\u00e4rvaineid.<\/span><\/p>\n<p>&nbsp;<\/p>\n<p><span style=\"font-weight: 400;\">Sobib normaalsele ja kuivale nahat\u00fc\u00fcbile.<\/span><\/p>\n<p>&nbsp;<\/p>\n<p>&nbsp;<\/p>\n<h2><i>VT Cosmetics PDRN Essence Stick Balmi peamised toimeained<\/i><\/h2>\n<p><b>Phyto PDRN\u00ae Panax<\/b><span style=\"font-weight: 400;\"> \u2014 taimne PDRN, mis on saadud \u017een\u0161enni juurest ja toimib \u201etaastajana\u201c ning k\u00e4ivitab noorendamisprotsessi seestpoolt:\u00a0<\/span><\/p>\n<p>&nbsp;<\/p>\n<ul>\n<li style=\"font-weight: 400;\" aria-level=\"1\"><span style=\"font-weight: 400;\">Stimuleerib rakkude uuenemist;\u00a0<\/span><\/li>\n<li style=\"font-weight: 400;\" aria-level=\"1\"><span style=\"font-weight: 400;\">Silub ja tugevdab nahka;\u00a0<\/span><\/li>\n<li style=\"font-weight: 400;\" aria-level=\"1\"><span style=\"font-weight: 400;\">Suurendab tihedust ja elastsust;\u00a0<\/span><\/li>\n<li style=\"font-weight: 400;\" aria-level=\"1\"><span style=\"font-weight: 400;\">Hoiab \u00e4ra kortsude teket;<\/span><\/li>\n<li style=\"font-weight: 400;\" aria-level=\"1\"><span style=\"font-weight: 400;\">Aitab s\u00e4ilitada selgeid n\u00e4okontuure.<\/span><\/li>\n<\/ul>\n<p>&nbsp;<\/p>\n<p><b>Peptiidikompleks<\/b><span style=\"font-weight: 400;\"> (Copper Tripeptide-1, Hexapeptide-9, Acetyl Hexapeptide-8, Palmitoyl Pentapeptide-4, Tripeptide-1) \u2014 toetab ja tugevdab naha struktuuri, parandab elastsust ja pinguldust. Silub peeneid kortse ja ennetab uute teket.<\/span><\/p>\n<p>&nbsp;<\/p>\n<p><b>Keramiid NP<\/b><span style=\"font-weight: 400;\"> \u2014 S\u00e4ilitab naha kaitsebarj\u00e4\u00e4ri, v\u00e4hendab tundlikkust ja hoiab \u00e4ra niiskuskaotuse. Aitab nahal j\u00e4\u00e4da pehmeks, siledaks ja vastupidavaks v\u00e4listele \u00e4rritajatele.<\/span><\/p>\n<p>&nbsp;<\/p>\n<p><b>Viinamarjaseemne ekstrakt<\/b><span style=\"font-weight: 400;\"> - kaitseb oks\u00fcdatiivse stressi eest, omab antioks\u00fcdantset toimet.<\/span><\/p>\n<p>&nbsp;<\/p>\n<p><b>Skvalaan ja h\u00fcaluroonhape<\/b><span style=\"font-weight: 400;\"> - niisutab s\u00fcgavuti, s\u00e4ilitab elastsuse ja prinkuse.\u00a0<\/span><\/p>\n<p>&nbsp;<\/p>\n<p><b>Shea- ja p\u00e4evalille\u00f5li<\/b><span style=\"font-weight: 400;\"> \u2014 kaitsevad niiskusekaotuse eest, k\u00f5rvaldavad \u00e4rrituse, toidavad ja pehmendavad ideaalselt.<\/span><\/p>\n<p>&nbsp;<\/p>\n<p><b>VT Cosmetics PDRN Essence Stick Balm <\/b>sobib<span style=\"font-weight: 400;\">\u00a0normaalsele ja kuivale nahat\u00fc\u00fcbile ning lokaalse vahendina igale nahat\u00fc\u00fcbile.<\/span><\/p>\n<p>&nbsp;<\/p>\n<p>&nbsp;<\/p>\n<p>&nbsp;<\/p>\n<p><b>Kuidas kasutada:<\/b><\/p>\n<p><span style=\"font-weight: 400;\">Keera pulga alumist osa ja kanna toodet n\u00e4o, kaela v\u00f5i dekoltee kuivadele ja probleemsetele piirkondadele (sh silmade, suu ja nasolaabiaalvoltide \u00fcmbrus). Kanna pulka nahahooldusrutiini viimase sammuna v\u00f5i meigi peale.<\/span><\/p>\n<p>&nbsp;<\/p>\n<p>&nbsp;<\/p>\n<p><b>Netokogus: 9,5 g<\/b><span style=\"font-weight: 400;\">\u00a0<\/span><\/p>\n<p>&nbsp;<\/p>\n<p>&nbsp;<\/p>\n<p><span style=\"font-weight: 400;\">Kui teil on lisak\u00fcsimusi v\u00f5i vajate toote valimisel n\u00f5u, kirjutage meile. Vestlus asub ekraani paremas alanurgas.<\/span><\/p>\n<p>&nbsp;<\/p>\n<p>&nbsp;<\/p>\n<p>&nbsp;<\/p>\n<p><a title=\"TARNETINGIMUSED\" href=\"https:\/\/liluilu.ee\/et\/kohaletoimetamine\/\" target=\"_blank\" rel=\"noopener\">TARNETINGIMUSED<\/a><\/p>","protected":false},"excerpt":{"rendered":"<p>\u0410\u043a\u0442\u0438\u0432\u043d\u0430\u044f \u0432\u043e\u0441\u0441\u0442\u0430\u043d\u0430\u0432\u043b\u0438\u0432\u0430\u044e\u0449\u0430\u044f \u044d\u0441\u0441\u0435\u043d\u0446\u0438\u044f \u0432 \u0444\u043e\u0440\u043c\u0430\u0442\u0435 \u0441\u0442\u0438\u043a-\u0431\u0430\u043b\u044c\u0437\u0430\u043c\u0430 \u2014 VT Cosmetics PDRN Essence Stick Balm.\u00a0 &nbsp; \u042d\u0442\u043e\u0442 \u0443\u043d\u0438\u0432\u0435\u0440\u0441\u0430\u043b\u044c\u043d\u044b\u0439 \u0430\u043d\u0442\u0438\u0432\u043e\u0437\u0440\u0430\u0441\u0442\u043d\u043e\u0439 \u043f\u0440\u043e\u0434\u0443\u043a\u0442 \u043c\u043e\u0436\u0435\u0442 \u0437\u0430\u043c\u0435\u043d\u0438\u0442\u044c \u0441\u044b\u0432\u043e\u0440\u043e\u0442\u043a\u0443, \u043a\u0440\u0435\u043c \u0434\u043b\u044f \u0432\u0435\u043a, \u043b\u0438\u0446\u0430 \u0438 \u0448\u0435\u0438, \u0440\u0430\u0431\u043e\u0442\u0430\u044f \u043f\u043e \u043f\u0440\u0438\u043d\u0446\u0438\u043f\u0443 \u00ab\u0432\u0441\u0451 \u0432 \u043e\u0434\u043d\u043e\u043c\u00bb. &nbsp; \u0421\u0440\u0435\u0434\u0441\u0442\u0432\u043e \u0441\u0442\u0438\u043c\u0443\u043b\u0438\u0440\u0443\u0435\u0442 \u0440\u0435\u0433\u0435\u043d\u0435\u0440\u0430\u0446\u0438\u044e \u0438 \u0432\u043e\u0441\u0441\u0442\u0430\u043d\u043e\u0432\u043b\u0435\u043d\u0438\u0435, \u0440\u0430\u0437\u0433\u043b\u0430\u0436\u0438\u0432\u0430\u0435\u0442 \u043c\u0435\u043b\u043a\u0438\u0435 \u043c\u043e\u0440\u0449\u0438\u043d\u043a\u0438, \u0437\u0430\u043c\u0435\u0434\u043b\u044f\u0435\u0442 \u043e\u0431\u0440\u0430\u0437\u043e\u0432\u0430\u043d\u0438\u0435 \u043d\u043e\u0432\u044b\u0445 \u043c\u043e\u0440\u0449\u0438\u043d.\u00a0 &nbsp; \u041f\u043e\u0432\u044b\u0448\u0430\u0435\u0442 \u044d\u043b\u0430\u0441\u0442\u0438\u0447\u043d\u043e\u0441\u0442\u044c, \u0443\u043a\u0440\u0435\u043f\u043b\u044f\u0435\u0442 \u0438 \u043f\u043e\u0434\u0442\u044f\u0433\u0438\u0432\u0430\u0435\u0442 \u043a\u043e\u0436\u0443, \u043e\u0441\u043e\u0431\u0435\u043d\u043d\u043e \u0432 [&hellip;]<\/p>","protected":false},"featured_media":16058,"comment_status":"open","ping_status":"closed","template":"","meta":{"_eb_attr":"","jetpack_post_was_ever_published":true,"_joinchat":[]},"product_brand":[851],"product_cat":[779,226],"product_tag":[833,766,831,445,731,641,767,543,765,622,827,644,824,239,557,487,792,489],"class_list":{"0":"post-16054","1":"product","2":"type-product","3":"status-publish","4":"has-post-thumbnail","6":"product_brand-vt-cosmetics","7":"product_cat-vt-cosmetics","8":"product_cat-serumy","9":"product_tag-glow-skin","10":"product_tag-pdrn","11":"product_tag-phyto-pdrn-panax","12":"product_tag-antivozrastnoj-uhod","13":"product_tag-antivozrastnye-syvorotki","14":"product_tag-argirelin","15":"product_tag-veganskij-pdrn","16":"product_tag-vse-v-odnom","17":"product_tag-kosmetika-s-pdrn","18":"product_tag-kosmetika-s-peptidami","19":"product_tag-liniya-vt-cosmetics-pdrn","20":"product_tag-novinki","21":"product_tag-omolozhenie","22":"product_tag-peptidy","23":"product_tag-pitanie","24":"product_tag-protiv-morshhin","25":"product_tag-razglazhivanie-kozhi","26":"product_tag-elastichnost-i-uprugost","28":"first","29":"instock","30":"shipping-taxable","31":"purchasable","32":"product-type-simple"},"jetpack_sharing_enabled":true,"_links":{"self":[{"href":"https:\/\/liluilu.ee\/et\/wp-json\/wp\/v2\/product\/16054","targetHints":{"allow":["GET"]}}],"collection":[{"href":"https:\/\/liluilu.ee\/et\/wp-json\/wp\/v2\/product"}],"about":[{"href":"https:\/\/liluilu.ee\/et\/wp-json\/wp\/v2\/types\/product"}],"replies":[{"embeddable":true,"href":"https:\/\/liluilu.ee\/et\/wp-json\/wp\/v2\/comments?post=16054"}],"version-history":[{"count":10,"href":"https:\/\/liluilu.ee\/et\/wp-json\/wp\/v2\/product\/16054\/revisions"}],"predecessor-version":[{"id":16557,"href":"https:\/\/liluilu.ee\/et\/wp-json\/wp\/v2\/product\/16054\/revisions\/16557"}],"wp:featuredmedia":[{"embeddable":true,"href":"https:\/\/liluilu.ee\/et\/wp-json\/wp\/v2\/media\/16058"}],"wp:attachment":[{"href":"https:\/\/liluilu.ee\/et\/wp-json\/wp\/v2\/media?parent=16054"}],"wp:term":[{"taxonomy":"product_brand","embeddable":true,"href":"https:\/\/liluilu.ee\/et\/wp-json\/wp\/v2\/product_brand?post=16054"},{"taxonomy":"product_cat","embeddable":true,"href":"https:\/\/liluilu.ee\/et\/wp-json\/wp\/v2\/product_cat?post=16054"},{"taxonomy":"product_tag","embeddable":true,"href":"https:\/\/liluilu.ee\/et\/wp-json\/wp\/v2\/product_tag?post=16054"}],"curies":[{"name":"t\u00f6\u00f6leht","href":"https:\/\/api.w.org\/{rel}","templated":true}]}}