{"id":15931,"date":"2025-10-30T16:21:00","date_gmt":"2025-10-30T13:21:00","guid":{"rendered":"https:\/\/liluilu.ee\/?post_type=product&#038;p=15931"},"modified":"2026-04-16T18:28:16","modified_gmt":"2026-04-16T15:28:16","slug":"numbuzin-no-9-nmn-bio-lifting-sil-essence","status":"publish","type":"product","link":"https:\/\/liluilu.ee\/et\/numbuzin-no-9-nmn-bio-lifting-sil-essence\/","title":{"rendered":"Peptiididega lifting-essents numbuzin No. 9 NMN+ BIO Lifting-sil Essence (50 ml) + pinguldav 3D n\u00e4omask ja b\u00e4nd kingituseks."},"content":{"rendered":"<p><span style=\"font-weight: 400;\">Pinguldav ja siluv essents <\/span><b>numbuzin No. 9 NMN+ BIO Lifting-sil Essence <\/b><span style=\"font-weight: 400;\">suunatud <\/span><span style=\"font-weight: 400;\">intensiivseks pinguldamiseks, vanusega seotud muutuste vastu v\u00f5itlemiseks ja naha noorendamiseks.\u00a0<\/span><\/p>\n<p>&nbsp;<\/p>\n<p><span style=\"font-weight: 400;\">Toode sisaldab enam kui 50 peptiidi, v\u00f5imsaid uuendavaid koens\u00fc\u00fcme NMN, NAD, ATP ja antioks\u00fcdantide kompleksi, pakkudes t\u00f5husat ja igak\u00fclgset hooldust.<\/span><\/p>\n<p>&nbsp;<\/p>\n<p><b>numbuzin nr 9 NMN+ BIO Lifting-sil essents:<\/b><\/p>\n<ul>\n<li style=\"font-weight: 400;\" aria-level=\"1\"><span style=\"font-weight: 400;\">Hoiab \u00e4ra l\u00f5tvuse ja ptoosi, taastades kudede tugevuse ja elastsuse;<\/span><\/li>\n<li style=\"font-weight: 400;\" aria-level=\"1\"><span style=\"font-weight: 400;\">Aitab s\u00e4ilitada n\u00e4o selgeid jooni ja ovaali;<\/span><\/li>\n<li style=\"font-weight: 400;\" aria-level=\"1\"><span style=\"font-weight: 400;\">Silub kortse ja v\u00e4hendab kortsude s\u00fcgavust, sh otsmikul, kulmude vahel, silmade ja suu \u00fcmbruses;\u00a0<\/span><\/li>\n<li style=\"font-weight: 400;\" aria-level=\"1\"><span style=\"font-weight: 400;\">Ahendab laienenud poore ja muudab need v\u00e4hem n\u00e4htavaks;<\/span><\/li>\n<li style=\"font-weight: 400;\" aria-level=\"1\"><span style=\"font-weight: 400;\">Sellel on antioks\u00fcdantne toime ja see aeglustab foto- ja kronovananemise protsesse.<\/span><\/li>\n<\/ul>\n<p>&nbsp;<\/p>\n<p><span style=\"font-weight: 400;\">Ei sisalda l\u00f5hna- ega kunstlikke v\u00e4rvaineid. Rikkalik ja veniv tekstuur loob tunde tihedast niisutavast kihist, j\u00e4ttes naha pehmeks, siledaks ja s\u00e4ravaks.\u00a0<\/span><\/p>\n<p>&nbsp;<\/p>\n<p><span style=\"font-weight: 400;\">Essents sobib igap\u00e4evaseks kasutamiseks (hommikul ja\/v\u00f5i \u00f5htul) ja igat t\u00fc\u00fcpi k\u00fcpsele nahale.<\/span><\/p>\n<p>&nbsp;<\/p>\n<p><b>Komplekt <\/b><span style=\"font-weight: 400;\">Sisaldab t\u00e4issuuruses essentsi ja lifting-maski + sidet, mis v\u00f5imendavad lifting-efekti ja pakuvad t\u00e4iendavat hooldust. Loe maski kohta l\u00e4hemalt. <\/span><a href=\"https:\/\/liluilu.ee\/et\/numbuzin-no-9-nad-bio-lifting-sil-full-cover-facial-mask\/\"><span style=\"font-weight: 400;\">siit<\/span><\/a><span style=\"font-weight: 400;\">.<\/span><\/p>\n<p>&nbsp;<\/p>\n<p>&nbsp;<\/p>\n<h2><i>Peamised toimeained <\/i><i>numbuzin No. 9 NMN+ BIO Lifting-sil Essence<\/i><\/h2>\n<p><b>NMN\u207a <\/b><span style=\"font-weight: 400;\">\u2014<\/span> <span style=\"font-weight: 400;\">V\u00f5imas energiapuhang, mis toetab mitokondrite funktsiooni ja aktiveerib valke, mis stimuleerivad regeneratsiooni ja rakkude ainevahetust.\u00a0<\/span><\/p>\n<p><span style=\"font-weight: 400;\">NMN\u207a suurendab naha tihedust ja pinguldust, ahendab ja pinguldab poore, v\u00e4hendab kortsude s\u00fcgavust ning muudab tuhmi naha terveks s\u00e4ravaks.<\/span><\/p>\n<p>&nbsp;<\/p>\n<p><b>ATP <\/b><span style=\"font-weight: 400;\">\u2014<\/span> <span style=\"font-weight: 400;\">Rakkude energiaallikas. See varustab neid k\u00fctusega uuenemiseks, oluliste valkude tootmiseks ja naha barj\u00e4\u00e4rifunktsioonide s\u00e4ilitamiseks.<\/span><\/p>\n<p>&nbsp;<\/p>\n<p><b>50+ peptiidi kompleks - <\/b><span style=\"font-weight: 400;\">\u00e4ratab loomulikke noorendamise mehhanisme:<\/span><\/p>\n<ul>\n<li style=\"font-weight: 400;\" aria-level=\"1\"><span style=\"font-weight: 400;\">Tugevdab kollageeniv\u00f5rgustikku, suurendab elastsust ja tugevust;<\/span><\/li>\n<li style=\"font-weight: 400;\" aria-level=\"1\"><span style=\"font-weight: 400;\">Hoiab \u00e4ra kudede l\u00f5tvumise ja aitab s\u00e4ilitada n\u00e4o ovaali;<\/span><\/li>\n<li style=\"font-weight: 400;\" aria-level=\"1\"><span style=\"font-weight: 400;\">V\u00e4hendab kortsude pindala ja s\u00fcgavust;<\/span><\/li>\n<li style=\"font-weight: 400;\" aria-level=\"1\"><span style=\"font-weight: 400;\">K\u00f5rvaldab tuhmuse ja \u00fchtlustab tooni;<\/span><\/li>\n<li style=\"font-weight: 400;\" aria-level=\"1\"><span style=\"font-weight: 400;\">Suurendab niiskustaset ja tugevdab loomulikku kaitsebarj\u00e4\u00e4ri.<\/span><\/li>\n<\/ul>\n<p>&nbsp;<\/p>\n<p><b>Antioks\u00fcdantide kompleks <\/b><span style=\"font-weight: 400;\">Sisaldab resveratrooli, astaksantiini, koens\u00fc\u00fcm Q10 (ubikinoon), glutatiooni, E- ja C-vitamiini ning tiokthapet.\u00a0<\/span><\/p>\n<p><span style=\"font-weight: 400;\">See kompleks kaitseb rakke usaldusv\u00e4\u00e4rselt oks\u00fcdatiivse stressi eest, aeglustab fotovananemist ja kronovananemist, v\u00e4hendab p\u00f5letikku ja soodustab naha uuenemist. See parandab naha toonust ja s\u00e4ra, andes sellele terve ja noorusliku v\u00e4limuse.<\/span><\/p>\n<p>&nbsp;<\/p>\n<p><b>Niatsiinamiid<\/b><span style=\"font-weight: 400;\"> \u2014 reguleerib rasueritust, v\u00e4hendab rasu l\u00e4iget, ahendab poore ja \u00fchtlustab nahatooni.\u00a0<\/span><\/p>\n<p>&nbsp;<\/p>\n<p><b>\u00a0<\/b><\/p>\n<h2><i>Soovitame numbuzin nr 9 NMN+ BIO Lifting-sil Essence&#039;i:<\/i><\/h2>\n<ul>\n<li style=\"font-weight: 400;\" aria-level=\"1\"><span style=\"font-weight: 400;\">Igat t\u00fc\u00fcpi k\u00fcpsele nahale;<\/span><\/li>\n<li style=\"font-weight: 400;\" aria-level=\"1\"><span style=\"font-weight: 400;\">Toonust, elastsust ja tugevust kaotava naha jaoks;<\/span><\/li>\n<li style=\"font-weight: 400;\" aria-level=\"1\"><span style=\"font-weight: 400;\">L\u00f5tvumise ja kortsude v\u00e4ltimiseks;<\/span><\/li>\n<li style=\"font-weight: 400;\" aria-level=\"1\"><span style=\"font-weight: 400;\">Tuhmi, v\u00e4sinud ja s\u00e4rava naha jaoks;<\/span><\/li>\n<li style=\"font-weight: 400;\" aria-level=\"1\"><span style=\"font-weight: 400;\">P\u00f5hjaliku noorendava hoolduse jaoks.<\/span><\/li>\n<\/ul>\n<p>&nbsp;<\/p>\n<p><span style=\"font-weight: 400;\"><strong>Maksimaalse efekti saavutamiseks<\/strong> kasutage essentsi koos<\/span> <span style=\"color: #0000ff;\"><a style=\"color: #0000ff;\" href=\"https:\/\/liluilu.ee\/et\/numbuzin-no-9-nad-pdrn-glow-boosting-toner\/\" target=\"_blank\" rel=\"noopener\"><span style=\"font-weight: 400;\">toonikut<\/span><\/a><\/span><span style=\"font-weight: 400;\">Ja 2-3 korda n\u00e4dalas t\u00e4ienda oma hooldust<\/span> <span style=\"color: #0000ff;\"><a style=\"color: #0000ff;\" href=\"https:\/\/liluilu.ee\/et\/numbuzin-no-9-nad-bio-lifting-sil-full-cover-facial-mask\/\" target=\"_blank\" rel=\"noopener\"><span style=\"font-weight: 400;\">t\u00f5stev 3D n\u00e4omask<\/span><\/a><\/span><span style=\"font-weight: 400;\">.<\/span><\/p>\n<p>&nbsp;<\/p>\n<p>&nbsp;<\/p>\n<p><b>Kuidas kasutada:<\/b><\/p>\n<p><span style=\"font-weight: 400;\">Hommikul ja\/v\u00f5i \u00f5htul kandke soovitud kogus essentsi puhastatud ja toniseeritud n\u00e4o ja kaela nahale. Laiustage laiali.\u00a0<\/span><\/p>\n<p>&nbsp;<\/p>\n<p>&nbsp;<\/p>\n<p><b>Essentsi maht:<\/b><span style=\"font-weight: 400;\"> 50 ml.\u00a0<\/span><\/p>\n<p><b>Varustus:<\/b><span style=\"font-weight: 400;\"> essents + mask + b\u00e4nd.<\/span><\/p>\n<p>&nbsp;<\/p>\n<p>&nbsp;<\/p>\n<p><span style=\"font-weight: 400;\">Kui teil on lisak\u00fcsimusi v\u00f5i vajate toote valimisel n\u00f5u, kirjutage meile. Vestlus asub ekraani paremas alanurgas.<\/span><\/p>\n<p>&nbsp;<\/p>\n<p>&nbsp;<\/p>\n<p><a title=\"TARNETINGIMUSED\" href=\"https:\/\/liluilu.ee\/et\/kohaletoimetamine\/\" target=\"_blank\" rel=\"noopener\">TARNETINGIMUSED<\/a><\/p>","protected":false},"excerpt":{"rendered":"<p>\u041f\u043e\u0434\u0442\u044f\u0433\u0438\u0432\u0430\u044e\u0449\u0430\u044f \u0438 \u0440\u0430\u0437\u0433\u043b\u0430\u0436\u0438\u0432\u0430\u044e\u0449\u0430\u044f \u044d\u0441\u0441\u0435\u043d\u0446\u0438\u044f numbuzin No. 9 NMN+ BIO Lifting-sil Essence \u043d\u0430\u043f\u0440\u0430\u0432\u043b\u0435\u043d\u0430 \u043d\u0430 \u0438\u043d\u0442\u0435\u043d\u0441\u0438\u0432\u043d\u044b\u0439 \u043b\u0438\u0444\u0442\u0438\u043d\u0433, \u0431\u043e\u0440\u044c\u0431\u0443 \u0441 \u0432\u043e\u0437\u0440\u0430\u0441\u0442\u043d\u044b\u043c\u0438 \u0438\u0437\u043c\u0435\u043d\u0435\u043d\u0438\u044f\u043c\u0438 \u0438 \u043e\u043c\u043e\u043b\u043e\u0436\u0435\u043d\u0438\u0435 \u043a\u043e\u0436\u0438.\u00a0 &nbsp; \u0421\u0440\u0435\u0434\u0441\u0442\u0432\u043e \u0441\u043e\u0434\u0435\u0440\u0436\u0438\u0442 \u0431\u043e\u043b\u0435\u0435 50 \u043f\u0435\u043f\u0442\u0438\u0434\u043e\u0432, \u043c\u043e\u0449\u043d\u044b\u0435 \u043e\u0431\u043d\u043e\u0432\u043b\u044f\u044e\u0449\u0438\u0435 \u043a\u043e\u0444\u0435\u0440\u043c\u0435\u043d\u0442\u044b NMN, NAD, ATP \u0438 \u0430\u043d\u0442\u0438\u043e\u043a\u0441\u0438\u0434\u0430\u043d\u0442\u043d\u044b\u0439 \u043a\u043e\u043c\u043f\u043b\u0435\u043a\u0441, \u043e\u0431\u0435\u0441\u043f\u0435\u0447\u0438\u0432\u0430\u044f \u044d\u0444\u0444\u0435\u043a\u0442\u0438\u0432\u043d\u044b\u0439 \u0438 \u043a\u043e\u043c\u043f\u043b\u0435\u043a\u0441\u043d\u044b\u0439 \u0443\u0445\u043e\u0434. &nbsp; numbuzin No. 9 NMN+ BIO Lifting-sil Essence: \u041f\u0440\u0435\u043f\u044f\u0442\u0441\u0442\u0432\u0443\u0435\u0442 \u0434\u0440\u044f\u0431\u043b\u043e\u0441\u0442\u0438 \u0438 \u043f\u0442\u043e\u0437\u0443, \u0432\u043e\u0441\u0441\u0442\u0430\u043d\u0430\u0432\u043b\u0438\u0432\u0430\u044f [&hellip;]<\/p>","protected":false},"featured_media":16031,"comment_status":"open","ping_status":"closed","template":"","meta":{"_eb_attr":"","jetpack_post_was_ever_published":false,"_joinchat":[]},"product_brand":[],"product_cat":[843,226],"product_tag":[848,833,846,850,847,734,445,731,838,622,465,644,824,239,487,431,489],"class_list":{"0":"post-15931","1":"product","2":"type-product","3":"status-publish","4":"has-post-thumbnail","6":"product_cat-numbuzin","7":"product_cat-serumy","8":"product_tag-atp","9":"product_tag-glow-skin","10":"product_tag-nad","11":"product_tag-nmn","12":"product_tag-numbuzin-no-9","13":"product_tag-slow-aging","14":"product_tag-antivozrastnoj-uhod","15":"product_tag-antivozrastnye-syvorotki","16":"product_tag-dlya-gladkoj-tekstury-kozhi","17":"product_tag-kosmetika-s-peptidami","18":"product_tag-lifting","19":"product_tag-novinki","20":"product_tag-omolozhenie","21":"product_tag-peptidy","22":"product_tag-protiv-morshhin","23":"product_tag-rasshirennye-pory","24":"product_tag-elastichnost-i-uprugost","26":"first","27":"instock","28":"sale","29":"shipping-taxable","30":"purchasable","31":"product-type-simple"},"jetpack_sharing_enabled":true,"_links":{"self":[{"href":"https:\/\/liluilu.ee\/et\/wp-json\/wp\/v2\/product\/15931","targetHints":{"allow":["GET"]}}],"collection":[{"href":"https:\/\/liluilu.ee\/et\/wp-json\/wp\/v2\/product"}],"about":[{"href":"https:\/\/liluilu.ee\/et\/wp-json\/wp\/v2\/types\/product"}],"replies":[{"embeddable":true,"href":"https:\/\/liluilu.ee\/et\/wp-json\/wp\/v2\/comments?post=15931"}],"version-history":[{"count":7,"href":"https:\/\/liluilu.ee\/et\/wp-json\/wp\/v2\/product\/15931\/revisions"}],"predecessor-version":[{"id":16037,"href":"https:\/\/liluilu.ee\/et\/wp-json\/wp\/v2\/product\/15931\/revisions\/16037"}],"wp:featuredmedia":[{"embeddable":true,"href":"https:\/\/liluilu.ee\/et\/wp-json\/wp\/v2\/media\/16031"}],"wp:attachment":[{"href":"https:\/\/liluilu.ee\/et\/wp-json\/wp\/v2\/media?parent=15931"}],"wp:term":[{"taxonomy":"product_brand","embeddable":true,"href":"https:\/\/liluilu.ee\/et\/wp-json\/wp\/v2\/product_brand?post=15931"},{"taxonomy":"product_cat","embeddable":true,"href":"https:\/\/liluilu.ee\/et\/wp-json\/wp\/v2\/product_cat?post=15931"},{"taxonomy":"product_tag","embeddable":true,"href":"https:\/\/liluilu.ee\/et\/wp-json\/wp\/v2\/product_tag?post=15931"}],"curies":[{"name":"t\u00f6\u00f6leht","href":"https:\/\/api.w.org\/{rel}","templated":true}]}}