{"id":15917,"date":"2025-10-29T19:45:42","date_gmt":"2025-10-29T16:45:42","guid":{"rendered":"https:\/\/liluilu.ee\/?post_type=product&#038;p=15917"},"modified":"2026-04-07T13:43:00","modified_gmt":"2026-04-07T10:43:00","slug":"numbuzin-no-9-nad-bio-lifting-sil-full-cover-facial-mask","status":"publish","type":"product","link":"https:\/\/liluilu.ee\/et\/numbuzin-no-9-nad-bio-lifting-sil-full-cover-facial-mask\/","title":{"rendered":"N\u00e4o t\u00f5stmiseks m\u00f5eldud 3D-kangamaskide komplekt \u2014 numbuzin No.9 NAD+ Bio Lifting-Sil Full Cover Facial Mask (4 tk + pinguldav b\u00e4nd)"},"content":{"rendered":"<p><span style=\"font-weight: 400;\">3D kangast maskide komplekt n\u00e4o t\u00f5stmiseks <\/span><span style=\"font-weight: 400;\">\u2014<\/span><b> numbuzin No.9 NAD+ Bio Lifting-Sil Full Cover Facial Mask <\/b><span style=\"font-weight: 400;\">mille eesm\u00e4rk on aktiivsel n\u00e4o t\u00f5stmisel, topeltl\u00f5ua vastu v\u00f5itlemisel ja selgete n\u00e4okontuuride s\u00e4ilitamisel.<\/span><\/p>\n<p>&nbsp;<\/p>\n<p><span style=\"font-weight: 400;\">See toode stimuleerib uuenemisprotsesse, tugevdab kollageeniv\u00f5rgustikku, ennetab kudede l\u00f5tvumist ja pinguldab n\u00e4htavalt nahka. See silub mikroreljeefi ja v\u00e4hendab kortsude n\u00e4htavust. J\u00e4tab naha pringiks, siledaks ja pinguldatuks.<\/span><\/p>\n<p>&nbsp;<\/p>\n<p><span style=\"font-weight: 400;\">Kaheosaline mask katab osaliselt kaela, mist\u00f5ttu on see eriti t\u00f5hus selle piirkonna vanusega seotud muutuste ennetamisel ja korrigeerimisel. T\u00f5stev side loob lisar\u00f5hu ja v\u00f5imendab t\u00f5stvat efekti.<\/span><\/p>\n<p>&nbsp;<\/p>\n<p><span style=\"font-weight: 400;\">Sobib igale t\u00e4iskasvanud nahat\u00fc\u00fcbile.<\/span><\/p>\n<h2><\/h2>\n<p>&nbsp;<\/p>\n<h2><i>Peamised toimeained <\/i><i>numbuzin No.9 NAD+ Bio Lifting-Sil Full Cover Facial Mask<\/i><\/h2>\n<p><b>NAD\u207a <\/b><span style=\"font-weight: 400;\">\u2014<\/span> <span style=\"font-weight: 400;\">V\u00f5imas energiapuhang, mis toetab mitokondrite funktsiooni ja aktiveerib valke, mis stimuleerivad regeneratsiooni ja rakkude ainevahetust.\u00a0<\/span><\/p>\n<p><span style=\"font-weight: 400;\">NAD\u207a suurendab naha tihedust ja pinguldust, ahendab ja pinguldab poore, v\u00e4hendab kortsude s\u00fcgavust ning muudab tuhmi naha terveks s\u00e4ravaks.<\/span><\/p>\n<p>&nbsp;<\/p>\n<p><b>ATP <\/b><span style=\"font-weight: 400;\">\u2014<\/span> <span style=\"font-weight: 400;\">Rakkude energiaallikas. See varustab neid k\u00fctusega uuenemiseks, oluliste valkude tootmiseks ja naha barj\u00e4\u00e4rifunktsioonide s\u00e4ilitamiseks.<\/span><\/p>\n<p>&nbsp;<\/p>\n<p><b>50+ peptiidi kompleks - <\/b><span style=\"font-weight: 400;\">\u00e4ratab loomulikke noorendamise mehhanisme:<\/span><\/p>\n<ul>\n<li style=\"font-weight: 400;\" aria-level=\"1\"><span style=\"font-weight: 400;\">Tugevdab kollageeniv\u00f5rgustikku, suurendab elastsust ja tugevust;<\/span><\/li>\n<li style=\"font-weight: 400;\" aria-level=\"1\"><span style=\"font-weight: 400;\">Hoiab \u00e4ra kudede l\u00f5tvumise ja aitab s\u00e4ilitada n\u00e4o ovaali;<\/span><\/li>\n<li style=\"font-weight: 400;\" aria-level=\"1\"><span style=\"font-weight: 400;\">V\u00e4hendab kortsude pindala ja s\u00fcgavust;<\/span><\/li>\n<li style=\"font-weight: 400;\" aria-level=\"1\"><span style=\"font-weight: 400;\">K\u00f5rvaldab tuhmuse ja \u00fchtlustab tooni;<\/span><\/li>\n<li style=\"font-weight: 400;\" aria-level=\"1\"><span style=\"font-weight: 400;\">Suurendab niiskustaset ja tugevdab loomulikku kaitsebarj\u00e4\u00e4ri.<\/span><\/li>\n<\/ul>\n<p>&nbsp;<\/p>\n<p><b>Lahustuvad PLA-filamendid <\/b><span style=\"font-weight: 400;\">(pol\u00fcpiimhape) - moodustab pinnale tugiraamistiku, tugevdab ja pinguldab nahka, k\u00f5rvaldab l\u00f5tvuse ja pinguldab n\u00e4okontuure.\u00a0<\/span><\/p>\n<p>&nbsp;<\/p>\n<p>&nbsp;<\/p>\n<h2><i>T\u00e4iendavad toimeained <\/i><i>numbuzin No.9 NAD+ Bio Lifting-Sil Full Cover Facial Mask<\/i><\/h2>\n<p><b>Niatsiinamiid<\/b><span style=\"font-weight: 400;\"> \u2014 reguleerib rasueritust, v\u00e4hendab rasu l\u00e4iget, ahendab poore ja \u00fchtlustab nahatooni.\u00a0<\/span><\/p>\n<p>&nbsp;<\/p>\n<p><b>Resveratrool, koens\u00fc\u00fcm Q10 ja astaksantiin<\/b><span style=\"font-weight: 400;\"> \u2014 v\u00e4hendavad oks\u00fcdatiivset stressi ja kaitsevad keskkonnaagressorite eest. Aeglustavad fotovananemist ja kortsude teket.<\/span><\/p>\n<p>&nbsp;<\/p>\n<p><b>Saccharomyces <\/b><span style=\"font-weight: 400;\">\u2014 rikastavad nahka mineraalide, vitamiinide ja aminohapetega, hoolitsevad nahabarj\u00e4\u00e4ri tervise eest ja toetavad mikrobioomi.<\/span><\/p>\n<p>&nbsp;<\/p>\n<p>&nbsp;<\/p>\n<h2><i>Soovitame numbuzin No.9 NAD+ Bio Lifting-Sil Full Cover Facial Mask<\/i><\/h2>\n<ul>\n<li style=\"font-weight: 400;\" aria-level=\"1\"><span style=\"font-weight: 400;\">Igat t\u00fc\u00fcpi k\u00fcpsele nahale;<\/span><\/li>\n<li style=\"font-weight: 400;\" aria-level=\"1\"><span style=\"font-weight: 400;\">Toonust, elastsust ja tugevust kaotava naha jaoks;<\/span><\/li>\n<li style=\"font-weight: 400;\" aria-level=\"1\"><span style=\"font-weight: 400;\">Topeltl\u00f5ua vastu v\u00f5itlemiseks;<\/span><\/li>\n<li style=\"font-weight: 400;\" aria-level=\"1\"><span style=\"font-weight: 400;\">L\u00f5tvumise ja kortsude v\u00e4ltimiseks;<\/span><\/li>\n<li style=\"font-weight: 400;\" aria-level=\"1\"><span style=\"font-weight: 400;\">V-tsooni intensiivhoolduseks ja selge n\u00e4okontuuri s\u00e4ilitamiseks.<\/span><\/li>\n<\/ul>\n<p>&nbsp;<\/p>\n<p><span style=\"font-weight: 400;\">Parima tulemuse saavutamiseks kasutage maski 2-3 korda n\u00e4dalas.<\/span><\/p>\n<p>&nbsp;<\/p>\n<p>&nbsp;<\/p>\n<p><b>Kuidas kasutada:<\/b><\/p>\n<ol>\n<li style=\"font-weight: 400;\" aria-level=\"1\"><span style=\"font-weight: 400;\">Kasutage maski hommikul v\u00f5i \u00f5htul.<\/span><\/li>\n<li style=\"font-weight: 400;\" aria-level=\"1\"><span style=\"font-weight: 400;\">Puhasta n\u00e4gu ja kael ning kanna peale toonikut.<\/span><\/li>\n<li style=\"font-weight: 400;\" aria-level=\"1\"><span style=\"font-weight: 400;\">Ava maski pakend m\u00f6\u00f6da rebimisjoont (k\u00fcljel).\u00a0<\/span><\/li>\n<li style=\"font-weight: 400;\" aria-level=\"1\"><span style=\"font-weight: 400;\">Kanna esmalt peale maski pealmine kiht, seej\u00e4rel alumine.<\/span><\/li>\n<li style=\"font-weight: 400;\" aria-level=\"1\"><span style=\"font-weight: 400;\">Sirgenda ja joonda silma-, suu- ja l\u00f5uaavad, et need vastaksid teie n\u00e4o anatoomiale.\u00a0<\/span><\/li>\n<li style=\"font-weight: 400;\" aria-level=\"1\"><span style=\"font-weight: 400;\">Kinnitage alumise osa otsad k\u00f5rvade taha.<\/span><\/li>\n<li style=\"font-weight: 400;\" aria-level=\"1\"><span style=\"font-weight: 400;\">Efekti suurendamiseks kasutage t\u00f5stesidet: asetage teip l\u00f5ua alla ja kinnitage see pealaele, otste kattudes.<\/span><\/li>\n<li style=\"font-weight: 400;\" aria-level=\"1\"><span style=\"font-weight: 400;\">J\u00e4ta mask 20\u201350 minutiks nahale, seej\u00e4rel eemalda ja patsuta \u00f5rnalt nahka, et essents imenduks paremini.<\/span><\/li>\n<li style=\"font-weight: 400;\" aria-level=\"1\"><span style=\"font-weight: 400;\">Vajadusel l\u00f5peta protseduur seerumi v\u00f5i kreemi pealekandmisega.<\/span><\/li>\n<\/ol>\n<p>&nbsp;<\/p>\n<p>&nbsp;<\/p>\n<p><b>1 maski maht: <\/b><span style=\"font-weight: 400;\">20 ml (\u00fclemine osa) + 28 ml (alumine osa).<\/span><\/p>\n<p><b>Varustus: <\/b><span style=\"font-weight: 400;\">4 maski ja pinguldav b\u00e4nd.<\/span><\/p>\n<p>&nbsp;<\/p>\n<p>&nbsp;<\/p>\n<p>&nbsp;<\/p>\n<p><span style=\"font-weight: 400;\">Kui teil on lisak\u00fcsimusi v\u00f5i vajate toote valimisel n\u00f5u, kirjutage meile. Vestlus asub ekraani paremas alanurgas.<\/span><\/p>\n<p>&nbsp;<\/p>\n<p>&nbsp;<\/p>\n<p>&nbsp;<\/p>\n<p><a title=\"TARNETINGIMUSED\" href=\"https:\/\/liluilu.ee\/et\/kohaletoimetamine\/\" target=\"_blank\" rel=\"noopener\">TARNETINGIMUSED<\/a><\/p>","protected":false},"excerpt":{"rendered":"<p>\u041a\u043e\u043c\u043f\u043b\u0435\u043a\u0442 \u0442\u043a\u0430\u043d\u0435\u0432\u044b\u0445 3D-\u043c\u0430\u0441\u043e\u043a \u0434\u043b\u044f \u043f\u043e\u0434\u0442\u044f\u0436\u043a\u0438 \u043b\u0438\u0446\u0430 \u2014 numbuzin No.9 NAD+ Bio Lifting-Sil Full Cover Facial Mask \u043d\u0430\u043f\u0440\u0430\u0432\u043b\u0435\u043d \u043d\u0430 \u0430\u043a\u0442\u0438\u0432\u043d\u044b\u0439 \u043b\u0438\u0444\u0442\u0438\u043d\u0433, \u0431\u043e\u0440\u044c\u0431\u0443 \u0441\u043e \u0432\u0442\u043e\u0440\u044b\u043c \u043f\u043e\u0434\u0431\u043e\u0440\u043e\u0434\u043a\u043e\u043c \u0438 \u0441\u043e\u0445\u0440\u0430\u043d\u0435\u043d\u0438\u0435 \u0447\u0435\u0442\u043a\u0438\u0445 \u043a\u043e\u043d\u0442\u0443\u0440\u043e\u0432 \u043b\u0438\u0446\u0430. &nbsp; \u0421\u0440\u0435\u0434\u0441\u0442\u0432\u043e \u0441\u0442\u0438\u043c\u0443\u043b\u0438\u0440\u0443\u0435\u0442 \u043f\u0440\u043e\u0446\u0435\u0441\u0441\u044b \u043e\u0431\u043d\u043e\u0432\u043b\u0435\u043d\u0438\u044f, \u0443\u043a\u0440\u0435\u043f\u043b\u044f\u0435\u0442 \u043a\u043e\u043b\u043b\u0430\u0433\u0435\u043d\u043e\u0432\u0443\u044e \u0441\u0435\u0442\u044c, \u043f\u0440\u0435\u043f\u044f\u0442\u0441\u0442\u0432\u0443\u0435\u0442 \u043e\u0441\u043b\u0430\u0431\u043b\u0435\u043d\u0438\u044e \u0442\u043a\u0430\u043d\u0435\u0439 \u0438 \u0432\u0438\u0437\u0443\u0430\u043b\u044c\u043d\u043e \u043f\u043e\u0434\u0442\u044f\u0433\u0438\u0432\u0430\u0435\u0442 \u043a\u043e\u0436\u0443. \u0420\u0430\u0437\u0433\u043b\u0430\u0436\u0438\u0432\u0430\u0435\u0442 \u043c\u0438\u043a\u0440\u043e\u0440\u0435\u043b\u044c\u0435\u0444 \u0438 \u0443\u043c\u0435\u043d\u044c\u0448\u0430\u0435\u0442 \u0432\u0438\u0434\u0438\u043c\u043e\u0441\u0442\u044c \u043c\u043e\u0440\u0449\u0438\u043d. \u0414\u0435\u043b\u0430\u0435\u0442 \u043a\u043e\u0436\u0443 \u043d\u0430\u043f\u043e\u043b\u043d\u0435\u043d\u043d\u043e\u0439, \u0433\u043b\u0430\u0434\u043a\u043e\u0439 \u0438 [&hellip;]<\/p>","protected":false},"featured_media":15950,"comment_status":"open","ping_status":"closed","template":"","meta":{"_eb_attr":"","jetpack_post_was_ever_published":false,"_joinchat":[]},"product_brand":[],"product_cat":[843,103],"product_tag":[848,833,846,847,734,445,572,838,849,622,658,465,644,824,239,645,487,489],"class_list":{"0":"post-15917","1":"product","2":"type-product","3":"status-publish","4":"has-post-thumbnail","6":"product_cat-numbuzin","7":"product_cat-maski-dlya-lica","8":"product_tag-atp","9":"product_tag-glow-skin","10":"product_tag-nad","11":"product_tag-numbuzin-no-9","12":"product_tag-slow-aging","13":"product_tag-antivozrastnoj-uhod","14":"product_tag-antivozrastnye-maski-dlya-lica","15":"product_tag-dlya-gladkoj-tekstury-kozhi","16":"product_tag-dlya-chetkogo-ovala-lica","17":"product_tag-kosmetika-s-peptidami","18":"product_tag-liposomalnaya-tehnologiya-dostavki-aktivov","19":"product_tag-lifting","20":"product_tag-novinki","21":"product_tag-omolozhenie","22":"product_tag-peptidy","23":"product_tag-polimolochnaya-kislota","24":"product_tag-protiv-morshhin","25":"product_tag-elastichnost-i-uprugost","27":"first","28":"instock","29":"shipping-taxable","30":"purchasable","31":"product-type-simple"},"jetpack_sharing_enabled":true,"_links":{"self":[{"href":"https:\/\/liluilu.ee\/et\/wp-json\/wp\/v2\/product\/15917","targetHints":{"allow":["GET"]}}],"collection":[{"href":"https:\/\/liluilu.ee\/et\/wp-json\/wp\/v2\/product"}],"about":[{"href":"https:\/\/liluilu.ee\/et\/wp-json\/wp\/v2\/types\/product"}],"replies":[{"embeddable":true,"href":"https:\/\/liluilu.ee\/et\/wp-json\/wp\/v2\/comments?post=15917"}],"version-history":[{"count":5,"href":"https:\/\/liluilu.ee\/et\/wp-json\/wp\/v2\/product\/15917\/revisions"}],"predecessor-version":[{"id":16010,"href":"https:\/\/liluilu.ee\/et\/wp-json\/wp\/v2\/product\/15917\/revisions\/16010"}],"wp:featuredmedia":[{"embeddable":true,"href":"https:\/\/liluilu.ee\/et\/wp-json\/wp\/v2\/media\/15950"}],"wp:attachment":[{"href":"https:\/\/liluilu.ee\/et\/wp-json\/wp\/v2\/media?parent=15917"}],"wp:term":[{"taxonomy":"product_brand","embeddable":true,"href":"https:\/\/liluilu.ee\/et\/wp-json\/wp\/v2\/product_brand?post=15917"},{"taxonomy":"product_cat","embeddable":true,"href":"https:\/\/liluilu.ee\/et\/wp-json\/wp\/v2\/product_cat?post=15917"},{"taxonomy":"product_tag","embeddable":true,"href":"https:\/\/liluilu.ee\/et\/wp-json\/wp\/v2\/product_tag?post=15917"}],"curies":[{"name":"t\u00f6\u00f6leht","href":"https:\/\/api.w.org\/{rel}","templated":true}]}}