{"id":15863,"date":"2025-10-24T15:54:49","date_gmt":"2025-10-24T12:54:49","guid":{"rendered":"https:\/\/liluilu.ee\/?post_type=product&#038;p=15863"},"modified":"2026-04-13T13:31:52","modified_gmt":"2026-04-13T10:31:52","slug":"numbuzin-no-9-nad-pdrn-glow-boosting-toner","status":"publish","type":"product","link":"https:\/\/liluilu.ee\/et\/numbuzin-no-9-nad-pdrn-glow-boosting-toner\/","title":{"rendered":"Peptiididega toonik NAD\u207a ja PDRN-iga s\u00e4rava ja elastse naha jaoks \u2014 numbuzin No.\u202f9\u202fNAD+\u202fPDRN Glow Boosting Toner (150 ml)"},"content":{"rendered":"<p><span style=\"font-weight: 400;\">Intensiivne toonik<\/span> <b>numbuzin No.\u202f9\u202fNAD+\u202fPDRN Glow Boosting Toner <\/b><span style=\"font-weight: 400;\">taastab naha elastsuse, tiheduse ja s\u00e4ra, toetades seda seestpoolt.<\/span><\/p>\n<p>&nbsp;<\/p>\n<p><span style=\"font-weight: 400;\">See toode \u00fchendab endas essentsi ja v\u00f5imendaja omadused, stimuleerides regeneratsiooni ja rakkude ainevahetust, aeglustades vanusega seotud muutusi ja soodustades s\u00fcgavat kudede taastumist.<\/span><\/p>\n<p>&nbsp;<\/p>\n<p><span style=\"font-weight: 400;\">Toner t\u00e4idab<\/span><span style=\"font-weight: 400;\">naha elut\u00e4htsa energia ja niiskusega. See ahendab poore, v\u00e4hendab kortsude n\u00e4htavust, silub tekstuuri ning \u00fchtlustab jumet.<\/span><\/p>\n<p>&nbsp;<\/p>\n<p><span style=\"font-weight: 400;\">Liposomaalse kapsli tehnoloogia abil imenduvad toimeained naha s\u00fcgavatesse kihtidesse, kus need j\u00e4rk-j\u00e4rgult oma potentsiaali avaldavad, suurendades toote biosaadavust ja efektiivsust.<\/span><\/p>\n<p>&nbsp;<\/p>\n<p><span style=\"font-weight: 400;\">Tooneril on kerge seerumilaadne tekstuur. See imendub ilma raskust v\u00f5i kleepuvust tekitamata, j\u00e4ttes naha niisutatuks, pehmeks ja s\u00e4ravaks.<\/span><\/p>\n<p>&nbsp;<\/p>\n<p><span style=\"font-weight: 400;\">Ei sisalda kunstlikke l\u00f5hna- ega v\u00e4rvaineid. P\u00e4rlmutterjas, \u00f5rn lavendlitoon saavutatakse t\u00e4nu keramiididele ja B12-vitamiinile.<\/span><\/p>\n<p>&nbsp;<\/p>\n<p><span style=\"font-weight: 400;\">Sobib igale t\u00e4iskasvanud nahat\u00fc\u00fcbile.<\/span><\/p>\n<h2><\/h2>\n<p>&nbsp;<\/p>\n<h2><i>Numbuzin No. 9 NAD+ PDRN Glow Boosting Toneri peamised toimeained<\/i><\/h2>\n<p><b>NAD\u207a <\/b><span style=\"font-weight: 400;\">\u2014 v\u00f5imas energiaallikas ja elut\u00e4htis koens\u00fc\u00fcm, mis kaitseb mitokondreid ja aktiveerib rakkude ainevahetust stimuleerivaid valke.<\/span><\/p>\n<p>&nbsp;<\/p>\n<p><span style=\"font-weight: 400;\">NAD\u207a parandab naha toonust, tihedust ja elastsust, ahendab poore, v\u00e4hendab kortsude s\u00fcgavust ja muudab tuhmi jume terveks s\u00e4ravaks.<\/span><\/p>\n<p>&nbsp;<\/p>\n<p><b>PDRN<\/b><span style=\"font-weight: 400;\"> \u2014 l\u00f5hepiima DNA-st saadud regenereeriv komponent, mis toimib taastajana:<\/span><\/p>\n<ul>\n<li style=\"font-weight: 400;\" aria-level=\"1\"><span style=\"font-weight: 400;\">Stimuleerib kollageeni, elastiini ja h\u00fcaluroonhappe s\u00fcnteesi;<\/span><\/li>\n<li style=\"font-weight: 400;\" aria-level=\"1\"><span style=\"font-weight: 400;\">Taastab foto- ja kronovananemise ning agressiivsete keskkonnam\u00f5jude poolt tekitatud kahjustusi;<\/span><\/li>\n<li style=\"font-weight: 400;\" aria-level=\"1\"><span style=\"font-weight: 400;\">Parandab mikrotsirkulatsiooni ja kudede toitumist;<\/span><\/li>\n<li style=\"font-weight: 400;\" aria-level=\"1\"><span style=\"font-weight: 400;\">Tugevdab naha struktuuri seestpoolt.<\/span><\/li>\n<\/ul>\n<p>&nbsp;<\/p>\n<p><b>50 peptiidi kompleks <\/b><span style=\"font-weight: 400;\">\u2014<\/span> <span style=\"font-weight: 400;\">\u00e4ratab loomulikke noorendamise mehhanisme:<\/span><\/p>\n<ul>\n<li style=\"font-weight: 400;\" aria-level=\"1\">Signaalpeptiidid tugevdavad kollageeniv\u00f5rgustikku ja pinguldavad nahka;<\/li>\n<li style=\"font-weight: 400;\" aria-level=\"1\">Lihasrelaksandid v\u00e4hendavad kortsude n\u00e4htavust;<\/li>\n<li style=\"font-weight: 400;\" aria-level=\"1\">Heledust tekitavad ained k\u00f5rvaldavad tuhmuse ja \u00fchtlustavad tooni;<\/li>\n<li style=\"font-weight: 400;\" aria-level=\"1\">P\u00f5letikuvastased ja taastavad koostisosad leevendavad \u00e4rritust, v\u00e4hendavad punetust, suurendavad niisutustaset ja tugevdavad loomulikku kaitsebarj\u00e4\u00e4ri.<\/li>\n<\/ul>\n<p><span style=\"font-weight: 400;\">Tulemuseks on niisutatud, sile ja toonuses nahk, millel on loomulik s\u00e4ra ja \u00fchtlane toon.<\/span><\/p>\n<p>&nbsp;<\/p>\n<p><b>Keramiidid <\/b><span style=\"font-weight: 400;\">\u2014 taastavad ja s\u00e4ilitavad naha kaitsekihti, ennetavad deh\u00fcdratsiooni ning k\u00f5rvaldavad ketendust ja kuivust.<\/span><\/p>\n<p>&nbsp;<\/p>\n<p>&nbsp;<\/p>\n<h2><i>T\u00e4iendavad toimeained: numbuzin No.\u202f9\u202fNAD+\u202fPDRN Glow Boosting Toner<\/i><\/h2>\n<p><b>Niatsiinamiid <\/b><span style=\"font-weight: 400;\">\u2014 reguleerib rasueritust, v\u00e4hendab rasu l\u00e4iget, ahendab poore ja \u00fchtlustab nahatooni.\u00a0<\/span><\/p>\n<p>&nbsp;<\/p>\n<p><b>Resveratrool<\/b><span style=\"font-weight: 400;\"> \u2014 v\u00e4hendab oks\u00fcdatiivset stressi ja aeglustab fotovananemise protsessi.<\/span><\/p>\n<p>&nbsp;<\/p>\n<p><b>H\u00fcdrol\u00fc\u00fcsitud kollageen ja elastiin<\/b><span style=\"font-weight: 400;\"> \u2014 niisutab ja toetab naha struktuuri.<\/span><\/p>\n<p>&nbsp;<\/p>\n<p><b>Taimeekstraktid (saialill, aaloe, melia, kurkum, solanum)<\/b><span style=\"font-weight: 400;\"> - rahustab, toidab ja toniseerib nahka.<\/span><\/p>\n<p>&nbsp;<\/p>\n<p>&nbsp;<\/p>\n<h2><i>Kellele sobib <\/i><i>numbuzin No.\u202f9\u202fNAD+\u202fPDRN Glow Boosting Toner<\/i><\/h2>\n<p><span style=\"font-weight: 400;\">See toode sobib igat t\u00fc\u00fcpi k\u00fcpsele nahale, eriti nahale:\u00a0<\/span><\/p>\n<ul>\n<li style=\"font-weight: 400;\" aria-level=\"1\"><span style=\"font-weight: 400;\">Kuivusele ja tuhmusele kalduvale nahale;<\/span><\/li>\n<li style=\"font-weight: 400;\" aria-level=\"1\"><span style=\"font-weight: 400;\">Nahale, mis kaotab toonust, elastsust ja tugevust;<\/span><\/li>\n<li style=\"font-weight: 400;\" aria-level=\"1\"><span style=\"font-weight: 400;\">Peene kortsuv\u00f5rguga;<\/span><\/li>\n<li style=\"font-weight: 400;\" aria-level=\"1\"><span style=\"font-weight: 400;\">Laienenud pooridega;<\/span><\/li>\n<li style=\"font-weight: 400;\" aria-level=\"1\"><span style=\"font-weight: 400;\">L\u00f5tvumise ja kortsude ennetamiseks osana terviklikust vananemisvastasest ravist.<\/span><\/li>\n<\/ul>\n<p>&nbsp;<\/p>\n<p><span style=\"font-weight: 400;\">Maksimaalsete tulemuste saavutamiseks kasutage toonikut koos essentsiga. Ja 2-3 korda n\u00e4dalas t\u00e4iendage oma rutiini pinguldava 3D-n\u00e4omaskiga.<\/span><\/p>\n<p>&nbsp;<\/p>\n<p>&nbsp;<\/p>\n<p><b>Kuidas kasutada:<\/b><\/p>\n<ol>\n<li style=\"font-weight: 400;\" aria-level=\"1\"><span style=\"font-weight: 400;\">Kanna soovitud kogus toonikut puhastatud n\u00e4ole ja kaelale vatipadjaga v\u00f5i otse peopesalt. Kanna toode laiali ja patsuta \u00f5rnalt nahka.\u00a0<\/span><\/li>\n<li style=\"font-weight: 400;\" aria-level=\"1\"><span style=\"font-weight: 400;\">J\u00e4tka hooldust seerumi, maski v\u00f5i kreemiga.<\/span><\/li>\n<li style=\"font-weight: 400;\" aria-level=\"1\"><span style=\"font-weight: 400;\">Tugevama niisutuse ja s\u00e4ravama efekti saavutamiseks kandke toonikut 2-3 kihina.\u00a0<\/span><\/li>\n<li style=\"font-weight: 400;\" aria-level=\"1\"><span style=\"font-weight: 400;\">Toonerit saab kasutada ka paikseks maskiks. Selleks leota vatipadjad toonikus ja kanna need nahale 5-10 minutiks.<\/span><\/li>\n<\/ol>\n<p>&nbsp;<\/p>\n<p>&nbsp;<\/p>\n<p><b>Netokogus:<\/b><span style=\"font-weight: 400;\"> 150 ml.<\/span><\/p>\n<p>&nbsp;<\/p>\n<p>&nbsp;<\/p>\n<p><span style=\"font-weight: 400;\">Kui teil on lisak\u00fcsimusi v\u00f5i vajate toote valimisel n\u00f5u, kirjutage meile. Vestlus asub ekraani paremas alanurgas.<\/span><\/p>\n<p>&nbsp;<\/p>\n<p>&nbsp;<\/p>\n<p><a title=\"TARNETINGIMUSED\" href=\"https:\/\/liluilu.ee\/et\/kohaletoimetamine\/\" target=\"_blank\" rel=\"noopener\">TARNETINGIMUSED<\/a><\/p>","protected":false},"excerpt":{"rendered":"<p>\u0412\u044b\u0441\u043e\u043a\u043e\u0430\u043a\u0442\u0438\u0432\u043d\u044b\u0439 \u0442\u043e\u043d\u0435\u0440 numbuzin No.\u202f9\u202fNAD+\u202fPDRN Glow Boosting Toner \u0432\u043e\u0437\u0432\u0440\u0430\u0449\u0430\u0435\u0442 \u0437\u0440\u0435\u043b\u043e\u0439 \u043a\u043e\u0436\u0435 \u044d\u043b\u0430\u0441\u0442\u0438\u0447\u043d\u043e\u0441\u0442\u044c, \u043f\u043b\u043e\u0442\u043d\u043e\u0441\u0442\u044c \u0438 \u0441\u0438\u044f\u043d\u0438\u0435, \u0440\u0430\u0431\u043e\u0442\u0430\u044f \u043d\u0435 \u043f\u043e\u0432\u0435\u0440\u0445\u043d\u043e\u0441\u0442\u043d\u043e, \u0430 \u0438\u0437\u043d\u0443\u0442\u0440\u0438. &nbsp; \u0421\u0440\u0435\u0434\u0441\u0442\u0432\u043e \u043e\u0431\u044a\u0435\u0434\u0438\u043d\u044f\u0435\u0442 \u0441\u0432\u043e\u0439\u0441\u0442\u0432\u0430 \u044d\u0441\u0441\u0435\u043d\u0446\u0438\u0438 \u0438 \u0431\u0443\u0441\u0442\u0435\u0440\u0430, \u0441\u0442\u0438\u043c\u0443\u043b\u0438\u0440\u0443\u0435\u0442 \u0440\u0435\u0433\u0435\u043d\u0435\u0440\u0430\u0446\u0438\u044e \u0438 \u043a\u043b\u0435\u0442\u043e\u0447\u043d\u044b\u0439 \u043c\u0435\u0442\u0430\u0431\u043e\u043b\u0438\u0437\u043c, \u0437\u0430\u043c\u0435\u0434\u043b\u044f\u0435\u0442 \u0432\u043e\u0437\u0440\u0430\u0441\u0442\u043d\u044b\u0435 \u0438\u0437\u043c\u0435\u043d\u0435\u043d\u0438\u044f \u0438 \u0441\u043f\u043e\u0441\u043e\u0431\u0441\u0442\u0432\u0443\u0435\u0442 \u0433\u043b\u0443\u0431\u043e\u043a\u043e\u043c\u0443 \u0432\u043e\u0441\u0441\u0442\u0430\u043d\u043e\u0432\u043b\u0435\u043d\u0438\u044e \u0442\u043a\u0430\u043d\u0435\u0439. &nbsp; \u0422\u043e\u043d\u0435\u0440 \u043d\u0430\u043f\u043e\u043b\u043d\u044f\u0435\u0442 \u043a\u043e\u0436\u0443 \u0436\u0438\u0437\u043d\u0435\u043d\u043d\u043e\u0439 \u044d\u043d\u0435\u0440\u0433\u0438\u0435\u0439 \u0438 \u0432\u043b\u0430\u0433\u043e\u0439. \u0421\u0443\u0436\u0430\u0435\u0442 \u0438 \u043f\u043e\u0434\u0442\u044f\u0433\u0438\u0432\u0430\u0435\u0442 \u043f\u043e\u0440\u044b, \u0443\u043c\u0435\u043d\u044c\u0448\u0430\u0435\u0442 \u0432\u0438\u0434\u0438\u043c\u043e\u0441\u0442\u044c \u043c\u043e\u0440\u0449\u0438\u043d, \u0440\u0430\u0437\u0433\u043b\u0430\u0436\u0438\u0432\u0430\u0435\u0442 [&hellip;]<\/p>","protected":false},"featured_media":15924,"comment_status":"open","ping_status":"closed","template":"","meta":{"_eb_attr":"","jetpack_post_was_ever_published":false,"_joinchat":[]},"product_brand":[],"product_cat":[843,217],"product_tag":[833,846,847,766,734,445,571,838,687,765,622,658,465,644,824,239,487,431],"class_list":{"0":"post-15863","1":"product","2":"type-product","3":"status-publish","4":"has-post-thumbnail","6":"product_cat-numbuzin","7":"product_cat-tonery","8":"product_tag-glow-skin","9":"product_tag-nad","10":"product_tag-numbuzin-no-9","11":"product_tag-pdrn","12":"product_tag-slow-aging","13":"product_tag-antivozrastnoj-uhod","14":"product_tag-antivozrastnye-tonery","15":"product_tag-dlya-gladkoj-tekstury-kozhi","16":"product_tag-dlya-siyaniya-kozhi","17":"product_tag-kosmetika-s-pdrn","18":"product_tag-kosmetika-s-peptidami","19":"product_tag-liposomalnaya-tehnologiya-dostavki-aktivov","20":"product_tag-lifting","21":"product_tag-novinki","22":"product_tag-omolozhenie","23":"product_tag-peptidy","24":"product_tag-protiv-morshhin","25":"product_tag-rasshirennye-pory","27":"first","28":"instock","29":"sale","30":"shipping-taxable","31":"purchasable","32":"product-type-simple"},"jetpack_sharing_enabled":true,"_links":{"self":[{"href":"https:\/\/liluilu.ee\/et\/wp-json\/wp\/v2\/product\/15863","targetHints":{"allow":["GET"]}}],"collection":[{"href":"https:\/\/liluilu.ee\/et\/wp-json\/wp\/v2\/product"}],"about":[{"href":"https:\/\/liluilu.ee\/et\/wp-json\/wp\/v2\/types\/product"}],"replies":[{"embeddable":true,"href":"https:\/\/liluilu.ee\/et\/wp-json\/wp\/v2\/comments?post=15863"}],"version-history":[{"count":14,"href":"https:\/\/liluilu.ee\/et\/wp-json\/wp\/v2\/product\/15863\/revisions"}],"predecessor-version":[{"id":15949,"href":"https:\/\/liluilu.ee\/et\/wp-json\/wp\/v2\/product\/15863\/revisions\/15949"}],"wp:featuredmedia":[{"embeddable":true,"href":"https:\/\/liluilu.ee\/et\/wp-json\/wp\/v2\/media\/15924"}],"wp:attachment":[{"href":"https:\/\/liluilu.ee\/et\/wp-json\/wp\/v2\/media?parent=15863"}],"wp:term":[{"taxonomy":"product_brand","embeddable":true,"href":"https:\/\/liluilu.ee\/et\/wp-json\/wp\/v2\/product_brand?post=15863"},{"taxonomy":"product_cat","embeddable":true,"href":"https:\/\/liluilu.ee\/et\/wp-json\/wp\/v2\/product_cat?post=15863"},{"taxonomy":"product_tag","embeddable":true,"href":"https:\/\/liluilu.ee\/et\/wp-json\/wp\/v2\/product_tag?post=15863"}],"curies":[{"name":"t\u00f6\u00f6leht","href":"https:\/\/api.w.org\/{rel}","templated":true}]}}