{"id":15849,"date":"2025-10-22T18:35:52","date_gmt":"2025-10-22T15:35:52","guid":{"rendered":"https:\/\/liluilu.ee\/?post_type=product&#038;p=15849"},"modified":"2026-04-07T08:30:15","modified_gmt":"2026-04-07T05:30:15","slug":"round-lab-camellia-deep-collagen-firming-cream","status":"publish","type":"product","link":"https:\/\/liluilu.ee\/et\/round-lab-camellia-deep-collagen-firming-cream\/","title":{"rendered":"Pinguldav kollageenkreem kamellia ja retinooliga \u2014 Round Lab Camellia Deep Collagen Firming Cream (50ml)"},"content":{"rendered":"<p><span style=\"font-weight: 400;\">Kollageenikreem kameelia ja retinooliga <\/span><b>Round Lab Camellia Deep Collagen Firming Cream<\/b><span style=\"font-weight: 400;\"> parandab nahatooni, elastsust ja pinguldust, annab liftinguefekti ning aitab s\u00e4ilitada n\u00e4oovaali.<\/span><\/p>\n<p>&nbsp;<\/p>\n<p><span style=\"font-weight: 400;\">Toode tugevdab ja pinguldab intensiivselt nahka, ahendab poore, \u00fchtlustab tekstuuri ja reljeefi, silub peeneid kortse ning v\u00e4hendab staatiliste kortsude s\u00fcgavust ja n\u00e4htavust.<\/span><\/p>\n<p>&nbsp;<\/p>\n<p><span style=\"font-weight: 400;\">Kreem niisutab, toidab ja pehmendab nahka ideaalselt. See k\u00f5rvaldab ketenduse ja kuivuse, toetades naha loomuliku kaitsebarj\u00e4\u00e4ri ja niiskustasakaalu.\u00a0<\/span><\/p>\n<p>&nbsp;<\/p>\n<p><span style=\"font-weight: 400;\">Ei sisalda kunstlikke l\u00f5hna- ega v\u00e4rvaineid. \u00d5rn koostis ei \u00e4rrita nahka ja sobib isegi tundlikule nahale. Kreemjas geeljas tekstuur imendub kiiresti, j\u00e4ttes loomuliku viimistluse.<\/span><\/p>\n<p>&nbsp;<\/p>\n<p><span style=\"font-weight: 400;\">Sobib igale t\u00e4iskasvanud nahat\u00fc\u00fcbile.<\/span><\/p>\n<p>&nbsp;<\/p>\n<p>&nbsp;<\/p>\n<h2><i>Peamised toimeained <\/i><i>Round Lab Camellia Deep Collagen Firming Cream<\/i><\/h2>\n<p><b>H\u00fcdrol\u00fc\u00fcsitud ja lahustuv kollageen <\/b><span style=\"font-weight: 400;\">\u2014 niisutab intensiivselt, loob tiheda ja elastse naha efekti, \u00fchtlustab visuaalselt naha tekstuuri, lisab pehmust ja s\u00e4ra.<\/span><\/p>\n<p>&nbsp;<\/p>\n<p><b>H\u00fcdroks\u00fcpinakooni retinoaat (HPR)<\/b><span style=\"font-weight: 400;\"> \u2014 \u00f5rn, j\u00e4rgmise p\u00f5lvkonna retinoid, mis toimib kiiremini ega \u00e4rrita isegi tundlikku nahka. HPR stimuleerib rakkude uuenemist ning kollageeni, elastiini ja h\u00fcaluroonhappe s\u00fcnteesi. See ahendab poore, pinguldab nahka ja v\u00e4hendab kortsude n\u00e4htavust. Sellel on \u00f5rn heledamaks muutev toime, see \u00fchtlustab nahatooni ja parandab jumet.<\/span><\/p>\n<p>&nbsp;<\/p>\n<p><b>Camellia Collagenol\u2122<\/b><span style=\"font-weight: 400;\"> \u2014 patenteeritud kompleks, mis \u00fchendab kameeliaekstrakti, kvertsetiini ja inositooli:<\/span><\/p>\n<ul>\n<li style=\"font-weight: 400;\" aria-level=\"1\"><b>Kameelia ekstrakt<\/b><span style=\"font-weight: 400;\"> \u2014 looduslik antioks\u00fcdantide ja vitamiinide allikas. See niisutab epidermist, parandab nahatooni, ennetab ptoosi ja aitab s\u00e4ilitada n\u00e4okontuure;<\/span><\/li>\n<li style=\"font-weight: 400;\" aria-level=\"1\"><b>Kvertsetiin<\/b><span style=\"font-weight: 400;\"> - rahustab ja kaitseb nahka \u00f5rnalt, p\u00e4rsib bakterite kasvu ja s\u00e4ilitab terve mikrobioomi;<\/span><\/li>\n<li style=\"font-weight: 400;\" aria-level=\"1\"><b>Inositool<\/b><span style=\"font-weight: 400;\"> \u2014 tugevdab naha loomulikku kaitsebarj\u00e4\u00e4ri, \u00fchtlustab tekstuuri ning muudab nahatooni \u00fchtlasemaks ja s\u00e4ravamaks.<\/span><\/li>\n<\/ul>\n<p>&nbsp;<\/p>\n<p><b>Niiduvahu \u00f5li<\/b><span style=\"font-weight: 400;\"> \u2014 \u00fcks kergemaid, stabiilsemaid ja mittekomedogeensemaid taime\u00f5lisid. See muudab naha pehmeks ja elastseks, s\u00e4ilitab niiskuse ja leevendab \u00e4rritust.\u00a0<\/span><\/p>\n<p>&nbsp;<\/p>\n<p>&nbsp;<\/p>\n<h2><i>Lisateave<\/i><i>toimeained <\/i><i>Round Lab Camellia Deep Collagen Firming Cream<\/i><\/h2>\n<p><b>Niatsiinamiid <\/b><span style=\"font-weight: 400;\">\u2014 \u00fchtlustab nahatooni ja parandab jumet, reguleerib rasueritust, v\u00e4hendab rasu l\u00e4iget ja ahendab visuaalselt poore.<\/span><\/p>\n<p>&nbsp;<\/p>\n<p><b>Vitamiin B12<\/b><span style=\"font-weight: 400;\"> - parandab naha ainevahetusprotsesse ja soodustab selle taastumist.<\/span><span style=\"font-weight: 400;\"><br \/>\n<\/span><span style=\"font-weight: 400;\"><br \/>\n<\/span><b><\/b><\/p>\n<p><b>Allantoiin ja lagritsajuure ekstrakt<\/b><span style=\"font-weight: 400;\"> - rahustab \u00e4rritunud nahka, v\u00e4hendab punetust ja ennetab p\u00f5letikku.<\/span><\/p>\n<p>&nbsp;<\/p>\n<p><b>Adenosiin<\/b><span style=\"font-weight: 400;\"> \u2014 stimuleerib kollageeni ja elastiini s\u00fcnteesi, silub peeneid kortse ja v\u00f5imendab liftinguefekti.<\/span><\/p>\n<p><b>\u00a0<\/b><\/p>\n<p>&nbsp;<\/p>\n<p><b>Round Lab Camellia Deep Collagen Firming Cream sobib igale t\u00e4iskasvanud nahat\u00fc\u00fcbile.<\/b><\/p>\n<p><span style=\"font-weight: 400;\">Maksimaalse efekti saavutamiseks soovitame seda kasutada koos<\/span><span style=\"color: #0000ff;\"> <a style=\"color: #0000ff;\" href=\"https:\/\/liluilu.ee\/et\/round-lab-camellia-deep-collagen-firming-ampoule\/\" target=\"_blank\" rel=\"noopener\"><span style=\"font-weight: 400;\">ampull n\u00e4ole.<\/span><\/a><\/span><\/p>\n<p>&nbsp;<\/p>\n<p>&nbsp;<\/p>\n<p><b>Kuidas kasutada:<\/b><\/p>\n<p><span style=\"font-weight: 400;\">Nahahoolduse viimases etapis, p\u00e4rast tooniku ja seerumi kasutamist, kandke n\u00e4ole ja kaelale vajalik kogus kreemi, jaotades seda \u00f5rnade masseerivate liigutustega.<\/span><\/p>\n<p>&nbsp;<\/p>\n<p>&nbsp;<\/p>\n<p class=\"translation-block\">Netokogus: 50 ml.<\/p>\n<p>&nbsp;<\/p>\n<p>&nbsp;<\/p>\n<p><span style=\"font-weight: 400;\">Kui teil on lisak\u00fcsimusi v\u00f5i vajate toote valimisel n\u00f5u, kirjutage meile. Vestlus asub ekraani paremas alanurgas.<\/span><\/p>\n<p>&nbsp;<\/p>\n<p>&nbsp;<\/p>\n<p><a title=\"TARNETINGIMUSED\" href=\"https:\/\/liluilu.ee\/et\/kohaletoimetamine\/\" target=\"_blank\" rel=\"noopener\">TARNETINGIMUSED<\/a><\/p>","protected":false},"excerpt":{"rendered":"<p>\u041a\u043e\u043b\u043b\u0430\u0433\u0435\u043d\u043e\u0432\u044b\u0439 \u043a\u0440\u0435\u043c \u0441 \u043a\u0430\u043c\u0435\u043b\u0438\u0435\u0439 \u0438 \u0440\u0435\u0442\u0438\u043d\u043e\u043b\u043e\u043c Round Lab Camellia Deep Collagen Firming Cream \u043f\u043e\u0432\u044b\u0448\u0430\u0435\u0442 \u0442\u043e\u043d\u0443\u0441, \u044d\u043b\u0430\u0441\u0442\u0438\u0447\u043d\u043e\u0441\u0442\u044c \u0438 \u0443\u043f\u0440\u0443\u0433\u043e\u0441\u0442\u044c \u043a\u043e\u0436\u0438, \u043e\u0431\u0435\u0441\u043f\u0435\u0447\u0438\u0432\u0430\u0435\u0442 \u043b\u0438\u0444\u0442\u0438\u043d\u0433 \u0438 \u043f\u043e\u043c\u043e\u0433\u0430\u0435\u0442 \u0441\u043e\u0445\u0440\u0430\u043d\u0438\u0442\u044c \u043e\u0432\u0430\u043b \u043b\u0438\u0446\u0430. &nbsp; \u0421\u0440\u0435\u0434\u0441\u0442\u0432\u043e \u0438\u043d\u0442\u0435\u043d\u0441\u0438\u0432\u043d\u043e \u0443\u043a\u0440\u0435\u043f\u043b\u044f\u0435\u0442 \u0438 \u043f\u043e\u0434\u0442\u044f\u0433\u0438\u0432\u0430\u0435\u0442 \u043a\u043e\u0436\u0443, \u0441\u0443\u0436\u0430\u0435\u0442 \u043f\u043e\u0440\u044b, \u0432\u044b\u0440\u0430\u0432\u043d\u0438\u0432\u0430\u0435\u0442 \u0442\u0435\u043a\u0441\u0442\u0443\u0440\u0443 \u0438 \u0440\u0435\u043b\u044c\u0435\u0444, \u0440\u0430\u0437\u0433\u043b\u0430\u0436\u0438\u0432\u0430\u0435\u0442 \u043c\u0435\u043b\u043a\u0438\u0435 \u043c\u043e\u0440\u0449\u0438\u043d\u043a\u0438, \u0443\u043c\u0435\u043d\u044c\u0448\u0430\u0435\u0442 \u0433\u043b\u0443\u0431\u0438\u043d\u0443 \u0438 \u0432\u0438\u0434\u0438\u043c\u043e\u0441\u0442\u044c \u0441\u0442\u0430\u0442\u0438\u0447\u0435\u0441\u043a\u0438\u0445 \u043c\u043e\u0440\u0449\u0438\u043d. &nbsp; \u041a\u0440\u0435\u043c \u043f\u0440\u0435\u043a\u0440\u0430\u0441\u043d\u043e \u0443\u0432\u043b\u0430\u0436\u043d\u044f\u0435\u0442, \u043f\u0438\u0442\u0430\u0435\u0442 \u0438 \u0441\u043c\u044f\u0433\u0447\u0430\u0435\u0442.\u00a0 [&hellip;]<\/p>","protected":false},"featured_media":15900,"comment_status":"open","ping_status":"closed","template":"","meta":{"_eb_attr":"","jetpack_post_was_ever_published":false,"_joinchat":[]},"product_brand":[],"product_cat":[659,95],"product_tag":[845,445,620,787,263,838,762,837,844,465,644,487,431,732,489],"class_list":{"0":"post-15849","1":"product","2":"type-product","3":"status-publish","4":"has-post-thumbnail","6":"product_cat-round-lab","7":"product_cat-kremy-emulsii-i-losony-dlya-lica","8":"product_tag-camellia-collagenol","9":"product_tag-antivozrastnoj-uhod","10":"product_tag-antivozrastnye-kremy-dlya-lica","11":"product_tag-gidroksipinakolon-retinoat-hpr","12":"product_tag-gidrolizovannyj-kollagen","13":"product_tag-dlya-gladkoj-tekstury-kozhi","14":"product_tag-kollagen","15":"product_tag-kosmetika-s-retinolom","16":"product_tag-liniya-round-lab-camellia-deep-collagen-firming","17":"product_tag-lifting","18":"product_tag-novinki","19":"product_tag-protiv-morshhin","20":"product_tag-rasshirennye-pory","21":"product_tag-retinol","22":"product_tag-elastichnost-i-uprugost","24":"first","25":"instock","26":"sale","27":"shipping-taxable","28":"purchasable","29":"product-type-simple"},"jetpack_sharing_enabled":true,"_links":{"self":[{"href":"https:\/\/liluilu.ee\/et\/wp-json\/wp\/v2\/product\/15849","targetHints":{"allow":["GET"]}}],"collection":[{"href":"https:\/\/liluilu.ee\/et\/wp-json\/wp\/v2\/product"}],"about":[{"href":"https:\/\/liluilu.ee\/et\/wp-json\/wp\/v2\/types\/product"}],"replies":[{"embeddable":true,"href":"https:\/\/liluilu.ee\/et\/wp-json\/wp\/v2\/comments?post=15849"}],"version-history":[{"count":7,"href":"https:\/\/liluilu.ee\/et\/wp-json\/wp\/v2\/product\/15849\/revisions"}],"predecessor-version":[{"id":15914,"href":"https:\/\/liluilu.ee\/et\/wp-json\/wp\/v2\/product\/15849\/revisions\/15914"}],"wp:featuredmedia":[{"embeddable":true,"href":"https:\/\/liluilu.ee\/et\/wp-json\/wp\/v2\/media\/15900"}],"wp:attachment":[{"href":"https:\/\/liluilu.ee\/et\/wp-json\/wp\/v2\/media?parent=15849"}],"wp:term":[{"taxonomy":"product_brand","embeddable":true,"href":"https:\/\/liluilu.ee\/et\/wp-json\/wp\/v2\/product_brand?post=15849"},{"taxonomy":"product_cat","embeddable":true,"href":"https:\/\/liluilu.ee\/et\/wp-json\/wp\/v2\/product_cat?post=15849"},{"taxonomy":"product_tag","embeddable":true,"href":"https:\/\/liluilu.ee\/et\/wp-json\/wp\/v2\/product_tag?post=15849"}],"curies":[{"name":"t\u00f6\u00f6leht","href":"https:\/\/api.w.org\/{rel}","templated":true}]}}