{"id":15839,"date":"2025-10-22T18:23:30","date_gmt":"2025-10-22T15:23:30","guid":{"rendered":"https:\/\/liluilu.ee\/?post_type=product&#038;p=15839"},"modified":"2026-04-06T20:15:31","modified_gmt":"2026-04-06T17:15:31","slug":"round-lab-camellia-deep-collagen-firming-ampoule","status":"publish","type":"product","link":"https:\/\/liluilu.ee\/et\/round-lab-camellia-deep-collagen-firming-ampoule\/","title":{"rendered":"Pinguldav kollageeniampull kamellia ja retinooliga \u2014 Round Lab Camellia Deep Collagen Firming Ampoule (30 ml)"},"content":{"rendered":"<p><span style=\"font-weight: 400;\">Kollageeni ampull kameelia ja pehme retinooliga<\/span><b> Round Lab Camellia Deep Collagen Firming Ampoule,<\/b><span style=\"font-weight: 400;\"> mille eesm\u00e4rk on naha pinguldamine, naha raamistiku tugevdamine ja tekstuuri parandamine.<\/span><\/p>\n<p>&nbsp;<\/p>\n<p><span style=\"font-weight: 400;\">See toode parandab intensiivselt naha tihedust, elastsust ja pinguldust, taastades ja tugevdades selle struktuuri seestpoolt. See \u00fchtlustab naha tekstuuri, ahendab ja pinguldab poore, ennetab kudede l\u00f5tvumist ja v\u00e4hendab kortsude teket. See s\u00e4ilitab sisemise niiskuse ja naha loomuliku kaitsebarj\u00e4\u00e4ri.<\/span><\/p>\n<p>&nbsp;<\/p>\n<p><span style=\"font-weight: 400;\">Ei sisalda l\u00f5hna- ega kunstlikke v\u00e4rvaineid. \u00d5rn koostis ei \u00e4rrita nahka, pakkudes mugavust isegi tundlikule nahale. Ampullil on rasvavaba ja siidine tekstuur. Sobib k\u00f5ikidele k\u00fcpsele nahat\u00fc\u00fcpidele.<\/span><\/p>\n<p>&nbsp;<\/p>\n<p>&nbsp;<\/p>\n<h2><i>Peamised toimeained<\/i> <i>Round Lab Camellia Deep Collagen Firming Ampoule,<\/i><\/h2>\n<p><b>H\u00fcdrol\u00fc\u00fcsitud ja lahustuv kollageen <\/b><span style=\"font-weight: 400;\">\u2014 niisutab intensiivselt, loob tiheda ja elastse naha efekti, \u00fchtlustab visuaalselt naha tekstuuri, lisab pehmust ja s\u00e4ra.<\/span><\/p>\n<p>&nbsp;<\/p>\n<p><b>H\u00fcdroks\u00fcpinakooni retinoaat (HPR)<\/b><span style=\"font-weight: 400;\"> \u2014 \u00f5rn, j\u00e4rgmise p\u00f5lvkonna retinoid, mis toimib kiiremini ega \u00e4rrita isegi tundlikku nahka. HPR stimuleerib rakkude uuenemist ning kollageeni, elastiini ja h\u00fcaluroonhappe s\u00fcnteesi. See ahendab poore, pinguldab nahka ja v\u00e4hendab kortsude n\u00e4htavust. Sellel on \u00f5rn heledamaks muutev toime, see \u00fchtlustab nahatooni ja parandab jumet.<\/span><\/p>\n<p>&nbsp;<\/p>\n<p><b>Camellia Collagenol\u2122<\/b><span style=\"font-weight: 400;\"> \u2014 patenteeritud kompleks, mis \u00fchendab kameeliaekstrakti, kvertsetiini ja inositooli:<\/span><\/p>\n<ul>\n<li style=\"font-weight: 400;\" aria-level=\"1\"><b>Kameelia ekstrakt<\/b><span style=\"font-weight: 400;\"> \u2014 looduslik antioks\u00fcdantide ja vitamiinide allikas. See niisutab epidermist, parandab nahatooni, ennetab ptoosi ja aitab s\u00e4ilitada n\u00e4okontuure;<\/span><\/li>\n<li style=\"font-weight: 400;\" aria-level=\"1\"><b>Kvertsetiin<\/b><span style=\"font-weight: 400;\"> - rahustab ja kaitseb nahka \u00f5rnalt, p\u00e4rsib bakterite kasvu ja s\u00e4ilitab terve mikrobioomi;<\/span><\/li>\n<li style=\"font-weight: 400;\" aria-level=\"1\"><b>Inositool<\/b><span style=\"font-weight: 400;\"> \u2014 tugevdab naha loomulikku kaitsebarj\u00e4\u00e4ri, \u00fchtlustab tekstuuri ning muudab nahatooni \u00fchtlasemaks ja s\u00e4ravamaks.<\/span><\/li>\n<\/ul>\n<p>&nbsp;<\/p>\n<p>&nbsp;<\/p>\n<h2><i>T\u00e4iendavad toimeained <\/i><i>Round Lab Camellia Deep Collagen Firming Ampoule,<\/i><\/h2>\n<p><b>Beeta-gl\u00fckaan<\/b><span style=\"font-weight: 400;\"> \u2014 niisutab ja pehmendab nahka s\u00fcgavuti, rahustab \u00e4rritusi ja toetab loomulikku uuenemist.<\/span><\/p>\n<p>&nbsp;<\/p>\n<p><b>Keramiid NP<\/b><span style=\"font-weight: 400;\"> \u2014 tugevdab kaitsebarj\u00e4\u00e4ri, aitab s\u00e4ilitada niiskust, hoiab \u00e4ra deh\u00fcdratsiooni ja s\u00e4ilitab elastsuse.<\/span><\/p>\n<p>&nbsp;<\/p>\n<p><b>Pantenool<\/b><span style=\"font-weight: 400;\"> - pehmendab ja rahustab, soodustab tundlike ja kahjustatud nahapiirkondade kiiret taastumist.<\/span><\/p>\n<p>&nbsp;<\/p>\n<p><b>Skvalaan<\/b><span style=\"font-weight: 400;\"> - kerge ja rasvavaba niisutaja, niisutab nahka, muudab tekstuuri pehmemaks ja siidisemaks.<\/span><\/p>\n<p>&nbsp;<\/p>\n<p><b>Adenosiin<\/b><span style=\"font-weight: 400;\"> \u2014 stimuleerib kollageeni ja elastiini s\u00fcnteesi, silub peeneid kortse ja v\u00f5imendab liftinguefekti.<\/span><\/p>\n<p>&nbsp;<\/p>\n<p>&nbsp;<\/p>\n<p><b>Round Lab Camellia Deep Collagen Firming Ampoule sobib igale nahat\u00fc\u00fcbile.<\/b><\/p>\n<p>Maksimaalse efekti saavutamiseks soovitame seda kasutada koos\u00a0<a href=\"https:\/\/liluilu.ee\/et\/round-lab-camellia-deep-collagen-firming-cream\/\" target=\"_blank\" rel=\"noopener\"><span style=\"color: #0000ff;\">n\u00e4okreem<\/span>.<\/a><\/p>\n<p>&nbsp;<\/p>\n<p><b>Kuidas kasutada:<\/b><\/p>\n<p><span style=\"font-weight: 400;\">Kanna soovitud kogus puhastatud ja toniseeritud n\u00e4o ja kaela nahale. Masseeri \u00f5rnalt sisse. L\u00f5peta kreemiga.<\/span><\/p>\n<p>&nbsp;<\/p>\n<p>&nbsp;<\/p>\n<p><b>Netokogus:<\/b><span style=\"font-weight: 400;\"> 30 ml<\/span><\/p>\n<p>&nbsp;<\/p>\n<p><span style=\"font-weight: 400;\">Kui teil on lisak\u00fcsimusi v\u00f5i vajate toote valimisel n\u00f5u, kirjutage meile. Vestlus asub ekraani paremas alanurgas.<\/span><\/p>\n<p>&nbsp;<\/p>\n<p>&nbsp;<\/p>\n<p><a title=\"TARNETINGIMUSED\" href=\"https:\/\/liluilu.ee\/et\/kohaletoimetamine\/\" target=\"_blank\" rel=\"noopener\">TARNETINGIMUSED<\/a><\/p>","protected":false},"excerpt":{"rendered":"<p>\u041a\u043e\u043b\u043b\u0430\u0433\u0435\u043d\u043e\u0432\u0430\u044f \u0430\u043c\u043f\u0443\u043b\u0430 \u0441 \u043a\u0430\u043c\u0435\u043b\u0438\u0435\u0439 \u0438 \u043c\u044f\u0433\u043a\u0438\u043c \u0440\u0435\u0442\u0438\u043d\u043e\u043b\u043e\u043c Round Lab Camellia Deep Collagen Firming Ampoule \u043d\u0430\u043f\u0440\u0430\u0432\u043b\u0435\u043d\u0430 \u043d\u0430 \u0430\u043a\u0442\u0438\u0432\u043d\u044b\u0439 \u043b\u0438\u0444\u0442\u0438\u043d\u0433, \u0443\u043a\u0440\u0435\u043f\u043b\u0435\u043d\u0438\u0435 \u043a\u043e\u0436\u043d\u043e\u0433\u043e \u043a\u0430\u0440\u043a\u0430\u0441\u0430 \u0438 \u0443\u043b\u0443\u0447\u0448\u0435\u043d\u0438\u0435 \u0442\u0435\u043a\u0441\u0442\u0443\u0440\u044b \u043a\u043e\u0436\u0438. &nbsp; \u0421\u0440\u0435\u0434\u0441\u0442\u0432\u043e \u0438\u043d\u0442\u0435\u043d\u0441\u0438\u0432\u043d\u043e \u043f\u043e\u0432\u044b\u0448\u0430\u0435\u0442 \u043f\u043b\u043e\u0442\u043d\u043e\u0441\u0442\u044c, \u044d\u043b\u0430\u0441\u0442\u0438\u0447\u043d\u043e\u0441\u0442\u044c \u0438 \u0443\u043f\u0440\u0443\u0433\u043e\u0441\u0442\u044c, \u0432\u043e\u0441\u0441\u0442\u0430\u043d\u0430\u0432\u043b\u0438\u0432\u0430\u0435\u0442 \u0438 \u0443\u043a\u0440\u0435\u043f\u043b\u044f\u0435\u0442 \u0441\u0442\u0440\u0443\u043a\u0442\u0443\u0440\u0443 \u043a\u043e\u0436\u0438 \u0438\u0437\u043d\u0443\u0442\u0440\u0438. \u0412\u044b\u0440\u0430\u0432\u043d\u0438\u0432\u0430\u0435\u0442 \u0440\u0435\u043b\u044c\u0435\u0444, \u0441\u0443\u0436\u0430\u0435\u0442 \u0438 \u043f\u043e\u0434\u0442\u044f\u0433\u0438\u0432\u0430\u0435\u0442 \u043f\u043e\u0440\u044b. \u041f\u0440\u0435\u043f\u044f\u0442\u0441\u0442\u0432\u0443\u0435\u0442 \u043f\u0440\u043e\u0432\u0438\u0441\u0430\u043d\u0438\u044e \u0442\u043a\u0430\u043d\u0435\u0439 \u0438 \u0443\u043c\u0435\u043d\u044c\u0448\u0430\u0435\u0442 \u0432\u0438\u0434\u0438\u043c\u043e\u0441\u0442\u044c \u043c\u043e\u0440\u0449\u0438\u043d. \u041f\u043e\u0434\u0434\u0435\u0440\u0436\u0438\u0432\u0430\u0435\u0442 \u0432\u043d\u0443\u0442\u0440\u0435\u043d\u043d\u0435\u0435 \u0443\u0432\u043b\u0430\u0436\u043d\u0435\u043d\u0438\u0435 [&hellip;]<\/p>","protected":false},"featured_media":15841,"comment_status":"open","ping_status":"closed","template":"","meta":{"_eb_attr":"","jetpack_post_was_ever_published":false,"_joinchat":[]},"product_brand":[],"product_cat":[659,226],"product_tag":[845,445,731,787,263,838,762,837,844,465,644,824,487,431,732,842,489],"class_list":{"0":"post-15839","1":"product","2":"type-product","3":"status-publish","4":"has-post-thumbnail","6":"product_cat-round-lab","7":"product_cat-serumy","8":"product_tag-camellia-collagenol","9":"product_tag-antivozrastnoj-uhod","10":"product_tag-antivozrastnye-syvorotki","11":"product_tag-gidroksipinakolon-retinoat-hpr","12":"product_tag-gidrolizovannyj-kollagen","13":"product_tag-dlya-gladkoj-tekstury-kozhi","14":"product_tag-kollagen","15":"product_tag-kosmetika-s-retinolom","16":"product_tag-liniya-round-lab-camellia-deep-collagen-firming","17":"product_tag-lifting","18":"product_tag-novinki","19":"product_tag-omolozhenie","20":"product_tag-protiv-morshhin","21":"product_tag-rasshirennye-pory","22":"product_tag-retinol","23":"product_tag-ekstrakt-kamelii","24":"product_tag-elastichnost-i-uprugost","26":"first","27":"instock","28":"sale","29":"shipping-taxable","30":"purchasable","31":"product-type-simple"},"jetpack_sharing_enabled":true,"_links":{"self":[{"href":"https:\/\/liluilu.ee\/et\/wp-json\/wp\/v2\/product\/15839","targetHints":{"allow":["GET"]}}],"collection":[{"href":"https:\/\/liluilu.ee\/et\/wp-json\/wp\/v2\/product"}],"about":[{"href":"https:\/\/liluilu.ee\/et\/wp-json\/wp\/v2\/types\/product"}],"replies":[{"embeddable":true,"href":"https:\/\/liluilu.ee\/et\/wp-json\/wp\/v2\/comments?post=15839"}],"version-history":[{"count":7,"href":"https:\/\/liluilu.ee\/et\/wp-json\/wp\/v2\/product\/15839\/revisions"}],"predecessor-version":[{"id":15915,"href":"https:\/\/liluilu.ee\/et\/wp-json\/wp\/v2\/product\/15839\/revisions\/15915"}],"wp:featuredmedia":[{"embeddable":true,"href":"https:\/\/liluilu.ee\/et\/wp-json\/wp\/v2\/media\/15841"}],"wp:attachment":[{"href":"https:\/\/liluilu.ee\/et\/wp-json\/wp\/v2\/media?parent=15839"}],"wp:term":[{"taxonomy":"product_brand","embeddable":true,"href":"https:\/\/liluilu.ee\/et\/wp-json\/wp\/v2\/product_brand?post=15839"},{"taxonomy":"product_cat","embeddable":true,"href":"https:\/\/liluilu.ee\/et\/wp-json\/wp\/v2\/product_cat?post=15839"},{"taxonomy":"product_tag","embeddable":true,"href":"https:\/\/liluilu.ee\/et\/wp-json\/wp\/v2\/product_tag?post=15839"}],"curies":[{"name":"t\u00f6\u00f6leht","href":"https:\/\/api.w.org\/{rel}","templated":true}]}}