{"id":15820,"date":"2025-10-21T19:41:54","date_gmt":"2025-10-21T16:41:54","guid":{"rendered":"https:\/\/liluilu.ee\/?post_type=product&#038;p=15820"},"modified":"2026-04-06T11:41:11","modified_gmt":"2026-04-06T08:41:11","slug":"anua-heartleaf-pore-control-cleansing-oil-mild","status":"publish","type":"product","link":"https:\/\/liluilu.ee\/et\/anua-heartleaf-pore-control-cleansing-oil-mild\/","title":{"rendered":"H\u00fcdrofiilne \u00f5li tundlikule nahale \u2014 Anua Heartleaf Pore Control Cleansing Oil Mild (200 ml)"},"content":{"rendered":"<p><span style=\"font-weight: 400;\">H\u00fcdrofiilne puhastus\u00f5li <\/span><b>Anua Heartleaf Pore Control Cleansing Oil Mild <\/b><span style=\"font-weight: 400;\">on loodud tundliku ja atoopilise naha vajadusi silmas pidades.\u00a0<\/span><\/p>\n<p>&nbsp;<\/p>\n<p><span style=\"font-weight: 400;\">Toode puhastab poorid t\u00f5husalt liigse rasu ja mustuse eest, lahustades p\u00e4ikesekaitsekreemi j\u00e4\u00e4ke ja kangekaelset meiki. See toimib \u00f5rnalt ja s\u00e4ilitab naha loomuliku kaitsekihi, j\u00e4ttes naha p\u00e4rast puhastamist pehmeks, v\u00e4rskeks ja niisutatuks.<\/span><\/p>\n<p>&nbsp;<\/p>\n<p><span style=\"font-weight: 400;\">\u00d5li sobib ka silmameigi eemaldamiseks \u2013 selle \u00f5rn koostis ei tekita p\u00f5letustunnet ja tagab mugavuse isegi selle \u00f5rna piirkonna puhastamisel.<\/span><\/p>\n<p>&nbsp;<\/p>\n<p><span style=\"font-weight: 400;\">T\u00e4nu patenteeritud Non-Comed\u2122 komponendile ei ummista toode poore.\u00a0<\/span><\/p>\n<p>&nbsp;<\/p>\n<p><span style=\"font-weight: 400;\">Lisaks on \u00f5lil rahustav ja p\u00f5letikuvastane toime, see aitab v\u00e4hendada punetust ning avaldab soodsat m\u00f5ju tundlikule ja \u00e4rritustele kalduvale nahale.<\/span><\/p>\n<p>&nbsp;<\/p>\n<h2><i>Peamised toimeained <\/i><i>Anua Heartleaf Pore Control Cleansing Oil Mild<\/i><\/h2>\n<p><b>Houttuynia cordata ekstrakt<\/b><span style=\"font-weight: 400;\"> \u2014<\/span><span style=\"font-weight: 400;\"> leevendab \u00e4rritust, rahustab ning kiirendab naha paranemist ja taastumist. See aitab hoida poorid puhtana ja v\u00e4hendab nende ummistumise riski. V\u00e4hendab tundlikkust v\u00e4liste \u00e4rritajate suhtes, j\u00e4ttes naha siledaks, puhtaks ja rahulikuks.<\/span><\/p>\n<p>&nbsp;<\/p>\n<p><b>Rosmariini lehe\u00f5li<\/b><span style=\"font-weight: 400;\"> \u2014 reguleerib \u00f5rnalt rasun\u00e4\u00e4rmete t\u00f6\u00f6d ja aitab s\u00e4ilitada vee-\u00f5li tasakaalu. Edendab naha uuenemist, stimuleerib mikrotsirkulatsiooni, toniseerib ja v\u00e4rskendab.<\/span><\/p>\n<p>&nbsp;<\/p>\n<p><b>Tokoferool (E-vitamiin)<\/b><span style=\"font-weight: 400;\"> - antioks\u00fcdant, mis aitab hoida nahka pehme ja niisutatuna, toetab loomulikku kaitsebarj\u00e4\u00e4ri ja kaitseb negatiivsete keskkonnam\u00f5jude eest.<\/span><\/p>\n<p>&nbsp;<\/p>\n<p><b>P\u00e4evalilleseemne\u00f5li<\/b><span style=\"font-weight: 400;\"> \u2014 <\/span><span style=\"font-weight: 400;\">Toidab s\u00fcgavuti, niisutab ja s\u00e4ilitab elastsuse ning siledus. Soodustab kahjustatud naha paranemist, pakkudes pehmust ja mugavustunnet.<\/span><\/p>\n<p>&nbsp;<\/p>\n<p><b>Anua Heartleaf Pore Control Cleansing Oil Mild sobib igale nahat\u00fc\u00fcbile.\u00a0<\/b><\/p>\n<p>&nbsp;<\/p>\n<p><b>Kuidas kasutada:<\/b><\/p>\n<p><span style=\"font-weight: 400;\">Kanna kuivale nahale rikkalik kogus toodet ja masseeri \u00f5rnalt 30\u201360 sekundit, lahustades lisandid ja meigi. Seej\u00e4rel niisuta k\u00e4ed sooja veega ja j\u00e4tka masseerimist veel 30 sekundit. Kokkupuutel veega emulgeerub \u00f5li ja muutub \u00f5rnaks piimjaks puhastusvahendiks. Loputa hoolikalt ja j\u00e4tka puhastamist vahu v\u00f5i geeliga.<\/span><\/p>\n<p>&nbsp;<\/p>\n<p><b>Maht: 200 ml.<\/b><span style=\"font-weight: 400;\">\u00a0<\/span><\/p>\n<p>&nbsp;<\/p>\n<p><span style=\"font-weight: 400;\">Kui teil on lisak\u00fcsimusi v\u00f5i vajate toote valimisel n\u00f5u, kirjutage meile. Vestlus asub ekraani paremas alanurgas.<\/span><\/p>\n<p>&nbsp;<\/p>\n<p>&nbsp;<\/p>\n<p><a title=\"TARNETINGIMUSED\" href=\"https:\/\/liluilu.ee\/et\/kohaletoimetamine\/\" target=\"_blank\" rel=\"noopener\">TARNETINGIMUSED<\/a><\/p>","protected":false},"excerpt":{"rendered":"<p>\u0413\u0438\u0434\u0440\u043e\u0444\u0438\u043b\u044c\u043d\u043e\u0435 \u043e\u0447\u0438\u0449\u0430\u044e\u0449\u0435\u0435 \u043c\u0430\u0441\u043b\u043e Anua Heartleaf Pore Control Cleansing Oil Mild \u0441\u043e\u0437\u0434\u0430\u043d\u043e \u0441 \u0437\u0430\u0431\u043e\u0442\u043e\u0439 \u043e \u043f\u043e\u0442\u0440\u0435\u0431\u043d\u043e\u0441\u0442\u044f\u0445 \u0447\u0443\u0432\u0441\u0442\u0432\u0438\u0442\u0435\u043b\u044c\u043d\u043e\u0439 \u0438 \u0430\u0442\u043e\u043f\u0438\u0447\u043d\u043e\u0439 \u043a\u043e\u0436\u0438.\u00a0 &nbsp; \u041f\u0440\u043e\u0434\u0443\u043a\u0442 \u044d\u0444\u0444\u0435\u043a\u0442\u0438\u0432\u043d\u043e \u043e\u0447\u0438\u0449\u0430\u0435\u0442 \u043f\u043e\u0440\u044b \u043e\u0442 \u0441\u0435\u0431\u0443\u043c\u0430 \u0438 \u0437\u0430\u0433\u0440\u044f\u0437\u043d\u0435\u043d\u0438\u0439, \u0440\u0430\u0441\u0442\u0432\u043e\u0440\u044f\u0435\u0442 \u043e\u0441\u0442\u0430\u0442\u043a\u0438 SPF \u0438 \u0441\u0442\u043e\u0439\u043a\u0438\u0439 \u043c\u0430\u043a\u0438\u044f\u0436. \u041f\u0440\u0438 \u044d\u0442\u043e\u043c \u0434\u0435\u0439\u0441\u0442\u0432\u0443\u0435\u0442 \u0431\u0435\u0440\u0435\u0436\u043d\u043e \u0438 \u043d\u0435 \u043d\u0430\u0440\u0443\u0448\u0430\u0435\u0442 \u0435\u0441\u0442\u0435\u0441\u0442\u0432\u0435\u043d\u043d\u044b\u0439 \u0431\u0430\u0440\u044c\u0435\u0440, \u043e\u0441\u0442\u0430\u0432\u043b\u044f\u044f \u043a\u043e\u0436\u0443 \u043c\u044f\u0433\u043a\u043e\u0439, \u0441\u0432\u0435\u0436\u0435\u0439 \u0438 \u0443\u0432\u043b\u0430\u0436\u043d\u0435\u043d\u043d\u043e\u0439 \u043f\u043e\u0441\u043b\u0435 \u0443\u043c\u044b\u0432\u0430\u043d\u0438\u044f. &nbsp; \u041c\u0430\u0441\u043b\u043e \u043f\u043e\u0434\u0445\u043e\u0434\u0438\u0442 \u0438 [&hellip;]<\/p>","protected":false},"featured_media":15823,"comment_status":"open","ping_status":"closed","template":"","meta":{"_eb_attr":"","jetpack_post_was_ever_published":false,"_joinchat":[]},"product_brand":[811],"product_cat":[646,299],"product_tag":[427,841,721,473,840,644,722,830,615,839,431,605,720,295,413],"class_list":{"0":"post-15820","1":"product","2":"type-product","3":"status-publish","4":"has-post-thumbnail","6":"product_brand-anua","7":"product_cat-anua","8":"product_cat-sredstva-dlya-snyatiya-makiyazha","9":"product_tag-houttuynia-cordata","10":"product_tag-non-comed-oil","11":"product_tag-gidrofilnoe-maslo","12":"product_tag-zabitye-pory","13":"product_tag-maslo-listev-rozmarina","14":"product_tag-novinki","15":"product_tag-ochishhajushhie-masla-dlya-lica","16":"product_tag-ochishhenie-bez-peresushivaniya-kozhi","17":"product_tag-ochishhenie-kozhi","18":"product_tag-ochishhenie-chuvstvitelnoj-kozhi","19":"product_tag-rasshirennye-pory","20":"product_tag-sklonnaya-k-atopii-kozha","21":"product_tag-sredstva-dlya-snyatiya-makiyazha","22":"product_tag-hauttjujniya","23":"product_tag-chuvstvitelnaya-kozha","25":"first","26":"instock","27":"sale","28":"shipping-taxable","29":"purchasable","30":"product-type-simple"},"jetpack_sharing_enabled":true,"_links":{"self":[{"href":"https:\/\/liluilu.ee\/et\/wp-json\/wp\/v2\/product\/15820","targetHints":{"allow":["GET"]}}],"collection":[{"href":"https:\/\/liluilu.ee\/et\/wp-json\/wp\/v2\/product"}],"about":[{"href":"https:\/\/liluilu.ee\/et\/wp-json\/wp\/v2\/types\/product"}],"replies":[{"embeddable":true,"href":"https:\/\/liluilu.ee\/et\/wp-json\/wp\/v2\/comments?post=15820"}],"version-history":[{"count":4,"href":"https:\/\/liluilu.ee\/et\/wp-json\/wp\/v2\/product\/15820\/revisions"}],"predecessor-version":[{"id":15837,"href":"https:\/\/liluilu.ee\/et\/wp-json\/wp\/v2\/product\/15820\/revisions\/15837"}],"wp:featuredmedia":[{"embeddable":true,"href":"https:\/\/liluilu.ee\/et\/wp-json\/wp\/v2\/media\/15823"}],"wp:attachment":[{"href":"https:\/\/liluilu.ee\/et\/wp-json\/wp\/v2\/media?parent=15820"}],"wp:term":[{"taxonomy":"product_brand","embeddable":true,"href":"https:\/\/liluilu.ee\/et\/wp-json\/wp\/v2\/product_brand?post=15820"},{"taxonomy":"product_cat","embeddable":true,"href":"https:\/\/liluilu.ee\/et\/wp-json\/wp\/v2\/product_cat?post=15820"},{"taxonomy":"product_tag","embeddable":true,"href":"https:\/\/liluilu.ee\/et\/wp-json\/wp\/v2\/product_tag?post=15820"}],"curies":[{"name":"t\u00f6\u00f6leht","href":"https:\/\/api.w.org\/{rel}","templated":true}]}}