{"id":15601,"date":"2025-09-26T11:36:02","date_gmt":"2025-09-26T08:36:02","guid":{"rendered":"https:\/\/liluilu.ee\/?post_type=product&#038;p=15601"},"modified":"2026-03-24T21:24:51","modified_gmt":"2026-03-24T18:24:51","slug":"vt-cosmetics-az-care-cleansing-oil","status":"publish","type":"product","link":"https:\/\/liluilu.ee\/et\/vt-cosmetics-az-care-cleansing-oil\/","title":{"rendered":"H\u00fcdrofiilne \u00f5li aselaiinhappega - VT Cosmetics Az Care Cleansing Oil (200 ml)"},"content":{"rendered":"<p><span style=\"font-weight: 400;\">H\u00fcdrofiilne \u00f5li<\/span><b> VT Cosmetics Az Care Cleansing Oil<\/b><span style=\"font-weight: 400;\"> Loodud laienenud pooride, mustpeade ja rasuse l\u00e4ike, p\u00f5letikule kalduva, akne ja aknej\u00e4rgse naha s\u00fcgavpuhastamiseks.\u00a0<\/span><\/p>\n<p>&nbsp;<\/p>\n<p><span style=\"font-weight: 400;\">Toode lahustab liigse rasu ja lisandid, p\u00e4ikesekaitsefaktori ja isegi veekindla meigi, h\u00e4irimata naha loomulikku kaitsebarj\u00e4\u00e4ri, j\u00e4ttes naha p\u00e4rast pesemist pehmeks, v\u00e4rskeks ja mugavaks.<\/span><\/p>\n<p>&nbsp;<\/p>\n<p><b>VT Cosmetics Az Care Cleansing Oil:<\/b><\/p>\n<ul>\n<li style=\"font-weight: 400;\" aria-level=\"1\"><span style=\"font-weight: 400;\">Puhastab poore \u00f5rnalt, kuid t\u00f5husalt;<\/span><\/li>\n<li style=\"font-weight: 400;\" aria-level=\"1\"><span style=\"font-weight: 400;\">Aitab v\u00f5idelda mustpeade vastu ja v\u00e4hendab p\u00f5letiku riski;<\/span><\/li>\n<li style=\"font-weight: 400;\" aria-level=\"1\"><span style=\"font-weight: 400;\">\u00dchtlustab tekstuuri, koorib ja poleerib nahka \u00f5rnalt;<\/span><\/li>\n<li style=\"font-weight: 400;\" aria-level=\"1\"><span style=\"font-weight: 400;\">Reguleerib rasun\u00e4\u00e4rmeid ja v\u00e4hendab \u00f5list l\u00e4iget;<\/span><\/li>\n<li style=\"font-weight: 400;\" aria-level=\"1\"><span style=\"font-weight: 400;\">Leevendab \u00e4rritusi ja toetab naha uuenemist;<\/span><\/li>\n<li style=\"font-weight: 400;\" aria-level=\"1\"><span style=\"font-weight: 400;\">Ei kuivata ega p\u00f5hjusta \u00e4rritust.<\/span><\/li>\n<\/ul>\n<p>&nbsp;<\/p>\n<p><span style=\"font-weight: 400;\">Veega kokkupuutel muutub see \u00f5rnaks piimaks, on kergesti mahapestav ega j\u00e4ta kihti.<\/span><\/p>\n<p>&nbsp;<\/p>\n<p><span style=\"font-weight: 400;\">Sobib probleemsele, rasusele ja kombineeritud nahale.<\/span><\/p>\n<p>&nbsp;<\/p>\n<p>&nbsp;<\/p>\n<h2><i>VT Cosmetics Az Care Cleansing Oil peamised toimeained<\/i><\/h2>\n<p><b>Valemi alus <\/b><b>aselaiinhape<\/b><span style=\"font-weight: 400;\">millel on nahale keeruline m\u00f5ju:<\/span><\/p>\n<ul>\n<li style=\"font-weight: 400;\" aria-level=\"1\"><span style=\"font-weight: 400;\">P\u00e4rsib bakterite kasvu, v\u00e4hendades p\u00f5letiku, akne ja postakne tekkeriski;<\/span><\/li>\n<li style=\"font-weight: 400;\" aria-level=\"1\"><span style=\"font-weight: 400;\">Hoiab \u00e4ra ummistunud pooride ja komedoonide tekkimise;<\/span><\/li>\n<li style=\"font-weight: 400;\" aria-level=\"1\"><span style=\"font-weight: 400;\">Reguleerib rasun\u00e4\u00e4rmeid ja v\u00e4hendab \u00f5list l\u00e4iget;<\/span><\/li>\n<li style=\"font-weight: 400;\" aria-level=\"1\"><span style=\"font-weight: 400;\">Aitab v\u00f5idelda punetuse vastu, rahustab nahka ja \u00fchtlustab tooni.<\/span><\/li>\n<\/ul>\n<p><span style=\"font-weight: 400;\"><br \/>\n<\/span><b>Happekompleks (AHA, BHA, PHA ja LHA)<\/b> <span style=\"font-weight: 400;\"><b>\u2014 <\/b>Koorib, poleerib ja uuendab nahka \u00f5rnalt. See puhastab poore s\u00fcgavuti rasust ja lisanditest, k\u00f5rvaldab tuhmuse ning \u00fchtlustab nahatooni. J\u00e4tab naha siledaks, pringiks ja s\u00e4ravaks.<\/span><\/p>\n<p>&nbsp;<\/p>\n<p><b>Centella asiatica eksosoomid -<\/b><span style=\"font-weight: 400;\">\u00a0p\u00e4rsib p\u00f5letikku, leevendab \u00e4rritust ja s\u00fcgelust, kiirendab taastumist ja tugevdab naha kaitsefunktsioone.<\/span><\/p>\n<p>&nbsp;<\/p>\n<p><b>Retinool ja skvalaan<\/b><span style=\"font-weight: 400;\"> <b>\u2014<\/b>\u00a0stimuleerib rakkude uuenemist, v\u00e4hendab aknej\u00e4rgsete armide n\u00e4htavust ja hoiab naha pehmena, j\u00e4tmata rasvast l\u00e4iget.<\/span><\/p>\n<p>&nbsp;<\/p>\n<p><b>19 taime\u00f5li kompleks<\/b><span style=\"font-weight: 400;\"> (argaania, jojoba, riisikliid, sheav\u00f5i, granaat\u00f5un, avokaado, mandel, teepuu, kameelia, safloor jne) <b>\u2014<\/b> Toidab, niisutab ja pehmendab nahka s\u00fcgavuti. Taastab naha niiskustasakaalu, toetab selle loomulikku kaitsekihti ja j\u00e4tab p\u00e4rast pesemist mugavustunde.<\/span><\/p>\n<p>&nbsp;<\/p>\n<p><b>Probleemsele, rasusele ja kombineeritud nahale soovitame VT Cosmetics Az Care Cleansing Oil.<\/b><\/p>\n<p>&nbsp;<\/p>\n<p><b>Kuidas kasutada:<\/b><\/p>\n<p><span style=\"font-weight: 400;\">Kanna kuivale nahale rikkalik kogus toodet ja masseeri \u00f5rnalt 30\u201360 sekundit, lahustades lisandid ja meigi. Seej\u00e4rel niisuta k\u00e4ed sooja veega ja j\u00e4tka masseerimist veel 30 sekundit. Kokkupuutel veega emulgeerub \u00f5li ja muutub \u00f5rnaks piimjaks puhastusvahendiks. Loputa hoolikalt ja j\u00e4tka puhastamist vahu v\u00f5i geeliga.<\/span><\/p>\n<p>&nbsp;<\/p>\n<p><b>Netokogus:<\/b><span style=\"font-weight: 400;\"> 200 ml.<\/span><\/p>\n<p>&nbsp;<\/p>\n<p><span style=\"font-weight: 400;\">Kui teil on lisak\u00fcsimusi v\u00f5i vajate toote valimisel n\u00f5u, kirjutage meile. Vestlus asub ekraani paremas alanurgas.<\/span><\/p>\n<p>&nbsp;<\/p>\n<p><a title=\"TARNETINGIMUSED\" href=\"https:\/\/liluilu.ee\/et\/kohaletoimetamine\/\" target=\"_blank\" rel=\"noopener\">TARNETINGIMUSED<\/a><\/p>","protected":false},"excerpt":{"rendered":"<p>\u0413\u0438\u0434\u0440\u043e\u0444\u0438\u043b\u044c\u043d\u043e\u0435 \u043c\u0430\u0441\u043b\u043e VT Cosmetics Az Care Cleansing Oil \u0441\u043e\u0437\u0434\u0430\u043d\u043e \u0434\u043b\u044f \u0433\u043b\u0443\u0431\u043e\u043a\u043e\u0433\u043e \u043e\u0447\u0438\u0449\u0435\u043d\u0438\u044f \u043a\u043e\u0436\u0438 \u0441 \u0440\u0430\u0441\u0448\u0438\u0440\u0435\u043d\u043d\u044b\u043c\u0438 \u043f\u043e\u0440\u0430\u043c\u0438, \u0447\u0435\u0440\u043d\u044b\u043c\u0438 \u0442\u043e\u0447\u043a\u0430\u043c\u0438 \u0438 \u0436\u0438\u0440\u043d\u044b\u043c \u0431\u043b\u0435\u0441\u043a\u043e\u043c, \u0441\u043a\u043b\u043e\u043d\u043d\u043e\u0439 \u043a \u0432\u043e\u0441\u043f\u0430\u043b\u0435\u043d\u0438\u044f\u043c, \u0430\u043a\u043d\u0435 \u0438 \u043f\u043e\u0441\u0442\u0430\u043a\u043d\u0435.\u00a0 &nbsp; \u0421\u0440\u0435\u0434\u0441\u0442\u0432\u043e \u0440\u0430\u0441\u0442\u0432\u043e\u0440\u044f\u0435\u0442 \u0438\u0437\u043b\u0438\u0448\u043a\u0438 \u0441\u0435\u0431\u0443\u043c\u0430 \u0438 \u0437\u0430\u0433\u0440\u044f\u0437\u043d\u0435\u043d\u0438\u0439, SPF \u0438 \u0434\u0430\u0436\u0435 \u0432\u043e\u0434\u043e\u0441\u0442\u043e\u0439\u043a\u0438\u0439 \u043c\u0430\u043a\u0438\u044f\u0436, \u043d\u0435 \u043d\u0430\u0440\u0443\u0448\u0430\u044f \u0435\u0441\u0442\u0435\u0441\u0442\u0432\u0435\u043d\u043d\u044b\u0439 \u0431\u0430\u0440\u044c\u0435\u0440 \u0438 \u043e\u0441\u0442\u0430\u0432\u043b\u044f\u044f \u043a\u043e\u0436\u0443 \u043c\u044f\u0433\u043a\u043e\u0439, \u0441\u0432\u0435\u0436\u0435\u0439 \u0438 \u043a\u043e\u043c\u0444\u043e\u0440\u0442\u043d\u043e\u0439 \u043f\u043e\u0441\u043b\u0435 \u0443\u043c\u044b\u0432\u0430\u043d\u0438\u044f. &nbsp; VT Cosmetics [&hellip;]<\/p>","protected":false},"featured_media":15787,"comment_status":"open","ping_status":"closed","template":"","meta":{"_eb_attr":"","jetpack_post_was_ever_published":false,"_joinchat":[]},"product_brand":[],"product_cat":[779,299],"product_tag":[279,237,654,455,777,721,415,579,473,644,722,830,615,451,431,720,247,768],"class_list":{"0":"post-15601","1":"product","2":"type-product","3":"status-publish","4":"has-post-thumbnail","6":"product_cat-vt-cosmetics","7":"product_cat-sredstva-dlya-snyatiya-makiyazha","8":"product_tag-aha","9":"product_tag-bha","10":"product_tag-lha","11":"product_tag-pha","12":"product_tag-azelainovaya-kislota","13":"product_tag-gidrofilnoe-maslo","14":"product_tag-zhirnaya-kozha","15":"product_tag-zhirnyj-blesk-lica","16":"product_tag-zabitye-pory","17":"product_tag-novinki","18":"product_tag-ochishhajushhie-masla-dlya-lica","19":"product_tag-ochishhenie-bez-peresushivaniya-kozhi","20":"product_tag-ochishhenie-kozhi","21":"product_tag-problemnaya-kozha","22":"product_tag-rasshirennye-pory","23":"product_tag-sredstva-dlya-snyatiya-makiyazha","24":"product_tag-centella","25":"product_tag-ekzosomy","27":"first","28":"instock","29":"shipping-taxable","30":"purchasable","31":"product-type-simple"},"jetpack_sharing_enabled":true,"_links":{"self":[{"href":"https:\/\/liluilu.ee\/et\/wp-json\/wp\/v2\/product\/15601","targetHints":{"allow":["GET"]}}],"collection":[{"href":"https:\/\/liluilu.ee\/et\/wp-json\/wp\/v2\/product"}],"about":[{"href":"https:\/\/liluilu.ee\/et\/wp-json\/wp\/v2\/types\/product"}],"replies":[{"embeddable":true,"href":"https:\/\/liluilu.ee\/et\/wp-json\/wp\/v2\/comments?post=15601"}],"version-history":[{"count":7,"href":"https:\/\/liluilu.ee\/et\/wp-json\/wp\/v2\/product\/15601\/revisions"}],"predecessor-version":[{"id":15798,"href":"https:\/\/liluilu.ee\/et\/wp-json\/wp\/v2\/product\/15601\/revisions\/15798"}],"wp:featuredmedia":[{"embeddable":true,"href":"https:\/\/liluilu.ee\/et\/wp-json\/wp\/v2\/media\/15787"}],"wp:attachment":[{"href":"https:\/\/liluilu.ee\/et\/wp-json\/wp\/v2\/media?parent=15601"}],"wp:term":[{"taxonomy":"product_brand","embeddable":true,"href":"https:\/\/liluilu.ee\/et\/wp-json\/wp\/v2\/product_brand?post=15601"},{"taxonomy":"product_cat","embeddable":true,"href":"https:\/\/liluilu.ee\/et\/wp-json\/wp\/v2\/product_cat?post=15601"},{"taxonomy":"product_tag","embeddable":true,"href":"https:\/\/liluilu.ee\/et\/wp-json\/wp\/v2\/product_tag?post=15601"}],"curies":[{"name":"t\u00f6\u00f6leht","href":"https:\/\/api.w.org\/{rel}","templated":true}]}}