{"id":15597,"date":"2025-09-26T11:23:59","date_gmt":"2025-09-26T08:23:59","guid":{"rendered":"https:\/\/liluilu.ee\/?post_type=product&#038;p=15597"},"modified":"2026-03-18T08:43:44","modified_gmt":"2026-03-18T05:43:44","slug":"vt-cosmetics-reti-a-reedle-shot-100","status":"publish","type":"product","link":"https:\/\/liluilu.ee\/et\/vt-cosmetics-reti-a-reedle-shot-100\/","title":{"rendered":"Booster-seerum mikron\u00f5elte ja retinooliga \u2014 VT Cosmetics Reti-A Reedle Shot 100 (50ml)"},"content":{"rendered":"<p><span style=\"font-weight: 400;\">Booster-seerum<\/span><b> VT Cosmetics Reti-A Reedle Shot 100<\/b><span style=\"font-weight: 400;\"> m\u00f5jub t\u00f5husalt pooridele ja naha tekstuurile, muutes naha siledaks, pringiks ja s\u00e4ravaks.<\/span><\/p>\n<p>&nbsp;<\/p>\n<p><span style=\"font-weight: 400;\">Toode silub mikroreljeefi, v\u00e4hendab kortsude n\u00e4htavust ja ahendab poore. Samuti heledab aknej\u00e4rgseid j\u00e4lgi, k\u00f5rvaldab tuhmuse ja \u00fchtlustab nahatooni.\u00a0<\/span><\/p>\n<p>&nbsp;<\/p>\n<p><span style=\"font-weight: 400;\">Retinoidide ja mikron\u00f5elte s\u00fcnergia uuendab ja noorendab nahka t\u00f5husalt: see aktiveerib kollageeni, elastiini ja h\u00fcaluroonhappe s\u00fcnteesi, aitab v\u00f5idelda l\u00f5tvumise vastu ning tugevdab ja pinguldab naha struktuuri.<\/span><\/p>\n<p>&nbsp;<\/p>\n<p><span style=\"font-weight: 400;\">Toimeainete t\u00e4pseks ja s\u00fcgavale manustamiseks kasutatakse tehnoloogiat <\/span><b>CicaReedle\u2122<\/b><span style=\"font-weight: 400;\">, mis parandab seerumi tungimist s\u00fcgavatesse kihtidesse ja suurendab edasise hoolduse efektiivsust.<\/span><\/p>\n<p>&nbsp;<\/p>\n<p><span style=\"font-weight: 400;\">Sellel on emulsiooni tekstuur.<\/span><\/p>\n<p>&nbsp;<\/p>\n<p><span style=\"font-weight: 400;\">Sobib normaalsele, kombineeritud, rasusele ja probleemsele nahale.<\/span><\/p>\n<h2><\/h2>\n<p>&nbsp;<\/p>\n<h2><i>Peamised toimeained <\/i><i>VT Cosmetics Reti-A Reedle Shot 100<\/i><\/h2>\n<p><b>Reti-A kompleks (retinool + <\/b><b>h\u00fcdroks\u00fcpinakolooni retinoaat<\/b><b>)<\/b><span style=\"font-weight: 400;\"> \u2014 retinoidide duo, mis v\u00f5imendavad teineteise toimet ja toimivad noorendava katal\u00fcsaatorina:<\/span><\/p>\n<ul>\n<li style=\"font-weight: 400;\" aria-level=\"1\"><span style=\"font-weight: 400;\">Kiirendada rakkude uuenemist;<\/span><\/li>\n<li style=\"font-weight: 400;\" aria-level=\"1\"><span style=\"font-weight: 400;\">Normaliseerib rasueritust ja ahendab poore;<\/span><\/li>\n<li style=\"font-weight: 400;\" aria-level=\"1\"><span style=\"font-weight: 400;\">Mikroreljeefi poleeritakse ja tasandatakse j\u00e4rk-j\u00e4rgult;<\/span><\/li>\n<li style=\"font-weight: 400;\" aria-level=\"1\"><span style=\"font-weight: 400;\">Suurenda tihedust ja elastsust;<\/span><\/li>\n<li style=\"font-weight: 400;\" aria-level=\"1\"><span style=\"font-weight: 400;\">V\u00e4hendab kortsude n\u00e4htavust.<\/span><\/li>\n<\/ul>\n<p>&nbsp;<\/p>\n<p><b>Bakuchiol<\/b><span style=\"font-weight: 400;\"> Tugevdab retinooli vananemisvastast toimet, kuid toimib palju \u00f5rnemalt, v\u00e4hendades \u00e4rrituse ohtu. See aitab parandada naha tekstuuri ja siluda peeneid kortse.<\/span><\/p>\n<p>&nbsp;<\/p>\n<p><b>Cicahyalon\u2122<\/b><span style=\"font-weight: 400;\"> \u2014 patenteeritud kompleks vesinaba, rohelise taruvaiku ja kolmekordse h\u00fcaluroonhappega. See niisutab, rahustab ja taastab nahka. See v\u00e4hendab punetust, leevendab \u00e4rritust ja s\u00fcgelust, aitab s\u00e4ilitada \u00f5iget niiskustasakaalu ning toetab naha loomulikku kaitsekihti.<\/span><\/p>\n<p>&nbsp;<\/p>\n<p><b>Tanniinide kompleks (<\/b><b>kohvi, rohelise tee ja viinamarjaekstraktid<\/b><b>)<\/b><span style=\"font-weight: 400;\"> \u2014 v\u00f5imsad antioks\u00fcdandid, mis kaitsevad vabade radikaalide eest, tugevdavad veresoonte seinu ja v\u00e4hendavad p\u00f5letikku.<\/span><\/p>\n<p>&nbsp;<\/p>\n<p><b>Beetakaroteen<\/b><span style=\"font-weight: 400;\"> \u2014 A-vitamiini allikas, mis s\u00e4ilitab naha elastsuse ja tervise, aidates v\u00f5idelda tuhmuse ja kuivuse vastu.<\/span><\/p>\n<p>&nbsp;<\/p>\n<p>&nbsp;<\/p>\n<h2><i>Ise\u00e4rasused <\/i><i>VT Cosmetics Reti-A Reedle Shot 100<\/i><\/h2>\n<ul>\n<li style=\"font-weight: 400;\" aria-level=\"1\"><span style=\"font-weight: 400;\">Seerum on m\u00f5eldud \u00f5htuseks hoolduseks;<\/span><\/li>\n<li style=\"font-weight: 400;\" aria-level=\"1\"><span style=\"font-weight: 400;\">V\u00f5ib kasutada iga p\u00e4ev;<\/span><\/li>\n<li style=\"font-weight: 400;\" aria-level=\"1\"><span style=\"font-weight: 400;\">Kanna nahale  P\u00c4RAST puhastamist,  ENNE p\u00f5hihooldust.<\/span><\/li>\n<li style=\"font-weight: 400;\" aria-level=\"1\"><span style=\"font-weight: 400;\">Kipitustunne pealekandmise ajal on mikron\u00f5eltele loomulik reaktsioon ja selle intensiivsus v\u00e4heneb aja jooksul.\u00a0<\/span><\/li>\n<li style=\"font-weight: 400;\" aria-level=\"1\"><span style=\"font-weight: 400;\">Kasutage hommikul<\/span> <a href=\"https:\/\/liluilu.ee\/et\/paikesekaitsekreemid\/\"><span style=\"font-weight: 400;\">p\u00e4ikesekaitse<\/span><\/a><span style=\"font-weight: 400;\">.\u00a0<\/span><\/li>\n<li style=\"font-weight: 400;\" aria-level=\"1\"><span style=\"font-weight: 400;\">Tundlikule nahale on soovitatav kasutada p\u00e4rast eelproovi ja piisava niiskusega.<\/span><\/li>\n<\/ul>\n<p><span style=\"font-weight: 400;\">\u00a0<\/span><\/p>\n<p><b>VT Cosmetics Reti-A Reedle Shot 100 sobib normaalsele, kombineeritud, rasusele ja probleemsele nahale.<\/b><\/p>\n<p>&nbsp;<\/p>\n<p>&nbsp;<\/p>\n<p><b>Kuidas kasutada:<\/b><\/p>\n<ol>\n<li style=\"font-weight: 400;\" aria-level=\"1\"><span style=\"font-weight: 400;\">\u00d5htul, p\u00e4rast n\u00e4o pesemist, kanna seerum puhtale ja kuivale nahale oma nahahooldusrutiini esimese sammuna.<\/span><\/li>\n<li style=\"font-weight: 400;\" aria-level=\"1\"><span style=\"font-weight: 400;\">P\u00e4rast kerget massaa\u017ei patsutage \u00f5rnalt ja seej\u00e4rel suruge peopesad nahka, et toode t\u00e4ielikult imenduks.<\/span><\/li>\n<li style=\"font-weight: 400;\" aria-level=\"1\"><span style=\"font-weight: 400;\">Kohanda kogust vastavalt oma naha vajadustele ja erip\u00e4radele.\u00a0<\/span><\/li>\n<li style=\"font-weight: 400;\" aria-level=\"1\"><span style=\"font-weight: 400;\">Kasutage p\u00e4evasel ajal <\/span><a href=\"https:\/\/liluilu.ee\/et\/paikesekaitsekreemid\/\"><span style=\"font-weight: 400;\">p\u00e4ikesekaitsekreemi<\/span><\/a><span style=\"font-weight: 400;\">.<\/span><\/li>\n<\/ol>\n<p>&nbsp;<\/p>\n<p><b>Mida veel on oluline teada <\/b><b>VT Cosmetics Reti-A Reedle Shot 100<\/b><b>:<\/b><\/p>\n<ul>\n<li style=\"font-weight: 400;\" aria-level=\"1\"><span style=\"font-weight: 400;\">\u00c4rge kasutage Reedle Shot\u2122 (100\/300\/700) erinevaid versioone korraga.<\/span><\/li>\n<li style=\"font-weight: 400;\" aria-level=\"1\"><span style=\"font-weight: 400;\">\u00c4rge kasutage seerumit koos seadmetega (LED-maskid, dermarullid jne)<\/span><\/li>\n<li style=\"font-weight: 400;\" aria-level=\"1\"><span style=\"font-weight: 400;\">Mitte kasutada kohe p\u00e4rast koorimist, riistvarakosmeetikat ja muid nahka vigastavaid protseduure.<\/span><\/li>\n<li style=\"font-weight: 400;\" aria-level=\"1\"><span style=\"font-weight: 400;\">\u00c4rge kasutage koos retinooli, C-vitamiini, AHA ja BHA hapetega, kui need on k\u00f5rge kontsentratsiooniga.\u00a0<\/span><\/li>\n<li style=\"font-weight: 400;\" aria-level=\"1\"><span style=\"font-weight: 400;\">\u00c4rge kasutage, kui teil on viiruslikud nahahaigused (nt herpes).<\/span><\/li>\n<li style=\"font-weight: 400;\" aria-level=\"1\"><span style=\"font-weight: 400;\">V\u00e4ltida kokkupuudet silmade ja huultega.<\/span><\/li>\n<li style=\"font-weight: 400;\" aria-level=\"1\"><span style=\"font-weight: 400;\">L\u00f5petage kasutamine, kui nahk muutub liigselt ketendavaks.<\/span><\/li>\n<li style=\"font-weight: 400;\" aria-level=\"1\"><span style=\"font-weight: 400;\">Pikaajalise pideva kasutamise korral (\u00fcle 6 kuu) tehke paus.<\/span><\/li>\n<\/ul>\n<p>&nbsp;<\/p>\n<p class=\"translation-block\">Netokogus: 50 ml.<\/p>\n<p>&nbsp;<\/p>\n<p>&nbsp;<\/p>\n<p><span style=\"font-weight: 400;\">Kui teil on lisak\u00fcsimusi v\u00f5i vajate toote valimisel n\u00f5u, kirjutage meile. Vestlus asub ekraani paremas alanurgas.<\/span><\/p>\n<p>&nbsp;<\/p>\n<p>&nbsp;<\/p>\n<p><a title=\"TARNETINGIMUSED\" href=\"https:\/\/liluilu.ee\/et\/kohaletoimetamine\/\" target=\"_blank\" rel=\"noopener\">TARNETINGIMUSED<\/a><\/p>","protected":false},"excerpt":{"rendered":"<p>\u0411\u0443\u0441\u0442\u0435\u0440-\u0441\u044b\u0432\u043e\u0440\u043e\u0442\u043a\u0430 VT Cosmetics Reti-A Reedle Shot 100 \u044d\u0444\u0444\u0435\u043a\u0442\u0438\u0432\u043d\u043e \u0440\u0430\u0431\u043e\u0442\u0430\u0435\u0442 \u0441 \u043f\u043e\u0440\u0430\u043c\u0438 \u0438 \u0442\u0435\u043a\u0441\u0442\u0443\u0440\u043e\u0439, \u0441\u043e\u0437\u0434\u0430\u0432\u0430\u044f \u0433\u043b\u0430\u0434\u043a\u0443\u044e, \u0443\u043f\u0440\u0443\u0433\u0443\u044e \u0438 \u0441\u0438\u044f\u044e\u0449\u0443\u044e \u043a\u043e\u0436\u0443. &nbsp; \u0421\u0440\u0435\u0434\u0441\u0442\u0432\u043e \u0440\u0430\u0437\u0433\u043b\u0430\u0436\u0438\u0432\u0430\u0435\u0442 \u043c\u0438\u043a\u0440\u043e\u0440\u0435\u043b\u044c\u0435\u0444, \u0443\u043c\u0435\u043d\u044c\u0448\u0430\u0435\u0442 \u0432\u0438\u0434\u0438\u043c\u043e\u0441\u0442\u044c \u043c\u043e\u0440\u0449\u0438\u043d \u0438 \u0441\u0443\u0436\u0430\u0435\u0442 \u043f\u043e\u0440\u044b. \u041e\u0441\u0432\u0435\u0442\u043b\u044f\u0435\u0442 \u043f\u043e\u0441\u0442\u0430\u043a\u043d\u0435, \u0443\u0441\u0442\u0440\u0430\u043d\u044f\u0435\u0442 \u0442\u0443\u0441\u043a\u043b\u043e\u0441\u0442\u044c \u0438 \u0432\u044b\u0440\u0430\u0432\u043d\u0438\u0432\u0430\u0435\u0442 \u0442\u043e\u043d.\u00a0 &nbsp; \u0421\u0438\u043d\u0435\u0440\u0433\u0438\u044f \u0440\u0435\u0442\u0438\u043d\u043e\u0438\u0434\u043e\u0432 \u0438 \u043c\u0438\u043a\u0440\u043e\u0438\u0433\u043b \u044d\u0444\u0444\u0435\u043a\u0442\u0438\u0432\u043d\u043e \u043e\u0431\u043d\u043e\u0432\u043b\u044f\u0435\u0442 \u0438 \u043e\u043c\u043e\u043b\u0430\u0436\u0438\u0432\u0430\u0435\u0442 \u043a\u043e\u0436\u0443: \u0430\u043a\u0442\u0438\u0432\u0438\u0437\u0438\u0440\u0443\u0435\u0442 \u0441\u0438\u043d\u0442\u0435\u0437 \u043a\u043e\u043b\u043b\u0430\u0433\u0435\u043d\u0430, \u044d\u043b\u0430\u0441\u0442\u0438\u043d\u0430 \u0438 \u0433\u0438\u0430\u043b\u0443\u0440\u043e\u043d\u043e\u0432\u043e\u0439 \u043a\u0438\u0441\u043b\u043e\u0442\u044b, \u043f\u043e\u043c\u043e\u0433\u0430\u0435\u0442 \u0431\u043e\u0440\u043e\u0442\u044c\u0441\u044f [&hellip;]<\/p>","protected":false},"featured_media":15646,"comment_status":"open","ping_status":"closed","template":"","meta":{"_eb_attr":"","jetpack_post_was_ever_published":false,"_joinchat":[]},"product_brand":[],"product_cat":[779,226],"product_tag":[781,782,784,731,335,783,787,838,819,837,465,780,644,824,804,487,792,431,732,489],"class_list":{"0":"post-15597","1":"product","2":"type-product","3":"status-publish","4":"has-post-thumbnail","6":"product_cat-vt-cosmetics","7":"product_cat-serumy","8":"product_tag-cica-reedle","9":"product_tag-cicahyalon","10":"product_tag-vt-reedle-shot","11":"product_tag-antivozrastnye-syvorotki","12":"product_tag-bakuchiol","13":"product_tag-bustery","14":"product_tag-gidroksipinakolon-retinoat-hpr","15":"product_tag-dlya-gladkoj-tekstury-kozhi","16":"product_tag-kosmetika-s-mikroiglami","17":"product_tag-kosmetika-s-retinolom","18":"product_tag-lifting","19":"product_tag-mikroigly","20":"product_tag-novinki","21":"product_tag-omolozhenie","22":"product_tag-podtyagivajushhaya-syvorotka","23":"product_tag-protiv-morshhin","24":"product_tag-razglazhivanie-kozhi","25":"product_tag-rasshirennye-pory","26":"product_tag-retinol","27":"product_tag-elastichnost-i-uprugost","29":"first","30":"instock","31":"sale","32":"shipping-taxable","33":"purchasable","34":"product-type-simple"},"jetpack_sharing_enabled":true,"_links":{"self":[{"href":"https:\/\/liluilu.ee\/et\/wp-json\/wp\/v2\/product\/15597","targetHints":{"allow":["GET"]}}],"collection":[{"href":"https:\/\/liluilu.ee\/et\/wp-json\/wp\/v2\/product"}],"about":[{"href":"https:\/\/liluilu.ee\/et\/wp-json\/wp\/v2\/types\/product"}],"replies":[{"embeddable":true,"href":"https:\/\/liluilu.ee\/et\/wp-json\/wp\/v2\/comments?post=15597"}],"version-history":[{"count":4,"href":"https:\/\/liluilu.ee\/et\/wp-json\/wp\/v2\/product\/15597\/revisions"}],"predecessor-version":[{"id":15763,"href":"https:\/\/liluilu.ee\/et\/wp-json\/wp\/v2\/product\/15597\/revisions\/15763"}],"wp:featuredmedia":[{"embeddable":true,"href":"https:\/\/liluilu.ee\/et\/wp-json\/wp\/v2\/media\/15646"}],"wp:attachment":[{"href":"https:\/\/liluilu.ee\/et\/wp-json\/wp\/v2\/media?parent=15597"}],"wp:term":[{"taxonomy":"product_brand","embeddable":true,"href":"https:\/\/liluilu.ee\/et\/wp-json\/wp\/v2\/product_brand?post=15597"},{"taxonomy":"product_cat","embeddable":true,"href":"https:\/\/liluilu.ee\/et\/wp-json\/wp\/v2\/product_cat?post=15597"},{"taxonomy":"product_tag","embeddable":true,"href":"https:\/\/liluilu.ee\/et\/wp-json\/wp\/v2\/product_tag?post=15597"}],"curies":[{"name":"t\u00f6\u00f6leht","href":"https:\/\/api.w.org\/{rel}","templated":true}]}}