{"id":15590,"date":"2025-09-26T11:18:38","date_gmt":"2025-09-26T08:18:38","guid":{"rendered":"https:\/\/liluilu.ee\/?post_type=product&#038;p=15590"},"modified":"2026-03-18T23:59:08","modified_gmt":"2026-03-18T20:59:08","slug":"vt-cosmetics-reedle-shot-lip-plumper-beginner","status":"publish","type":"product","link":"https:\/\/liluilu.ee\/et\/vt-cosmetics-reedle-shot-lip-plumper-beginner\/","title":{"rendered":"Huuleplumper mikron\u00f5elte ja volufiliniga \u2014 VT Cosmetics Reedle Shot Lip Plumper Beginner (4,3 g)"},"content":{"rendered":"<p><span style=\"font-weight: 400;\">Huuleplumper mikron\u00f5elte ja volufiliniga<\/span><b> VT Cosmetics Reedle Shot Lip Plumper Beginner<\/b><span style=\"font-weight: 400;\"> annab huultele pehmuse, l\u00e4ikiva l\u00e4ike ja sensuaalse, v\u00f5rgutava vol\u00fc\u00fcmi.<\/span><\/p>\n<p>&nbsp;<\/p>\n<p><span style=\"font-weight: 400;\">See toode stimuleerib \u00f5rnalt huulte nahka, parandab mikrotsirkulatsiooni ja soodustab aktiivsete koostisosade imendumist. Selle tulemusena muutuvad huuled t\u00e4idlasemaks, mahlasemaks ja s\u00e4ravamaks.<\/span><\/p>\n<p>&nbsp;<\/p>\n<p><span style=\"font-weight: 400;\">Taime\u00f5lide ja ekstraktidega rikastatud koostis hooldab nahka \u00f5rnalt, toites, niisutades ja pehmendades huuli. See k\u00f5rvaldab kuivuse, ketenduse ja ebamugavustunde, j\u00e4ttes pinna siledaks ja toidetuks.<\/span><\/p>\n<p>&nbsp;<\/p>\n<p><b>VT Cosmetics Reedle Shot Lip Plumper Beginner <\/b><span style=\"font-weight: 400;\">on keskmise intensiivsusega toime, see tekitab meeldiva kerge kipitustunde ja sobib ideaalselt tundliku nahaga inimestele v\u00f5i neile, kes proovivad esimest korda t\u00e4idlasemaid tooteid.<\/span><\/p>\n<p>&nbsp;<\/p>\n<p><span style=\"font-weight: 400;\">Pisarakujuline silikoonaplikaator tagab t\u00e4pse ja \u00fchtlase pealekandmise, sealhulgas raskesti ligip\u00e4\u00e4setavatele huulenurkadele, et saavutada veatu ja s\u00e4rav tulemus.\u00a0<\/span><\/p>\n<p>&nbsp;<\/p>\n<p>&nbsp;<\/p>\n<h2><i>Peamised toimeained <\/i><i>VT Cosmetics Reedle Shot Lip Plumper Beginner<\/i><i>\u00a0<\/i><\/h2>\n<p><b>Cica Reedle\u2122<\/b><span style=\"font-weight: 400;\"> \u2014 ohutud r\u00e4nimikron\u00f5elad Centella Asiatica ekstraktiga. Nende v\u00e4ike suurus v\u00f5imaldab mikron\u00f5eltel \u00f5rnalt nahka tungida, lastes aktiivsetel koostisosadel s\u00fcgavamale toimida, stimuleerides uuenemisprotsesse ja aidates huuletekstuuri siluda.<\/span><\/p>\n<p>&nbsp;<\/p>\n<p><b>Voljufilin<\/b><span style=\"font-weight: 400;\"> \u2014 aktiivne koostisosa, mis stimuleerib rasvarakkude kogunemist naha \u00fclemistesse kihtidesse, taastades huulte t\u00e4iuse, elastsuse ja vol\u00fc\u00fcmi. See muudab need pringiks ja ilmekaks.<\/span><\/p>\n<p>&nbsp;<\/p>\n<p><b>Jojoba\u00f5li<\/b><span style=\"font-weight: 400;\"> \u2014 toidab ja pehmendab huulte \u00f5rna nahka, hoiab \u00e4ra kuivuse ja ketenduse, s\u00e4ilitab loomuliku kaitsebarj\u00e4\u00e4ri.<\/span><\/p>\n<p>&nbsp;<\/p>\n<p><b>H\u00fcaluroonhape<\/b><span style=\"font-weight: 400;\"> \u2014 niisutab intensiivselt ja s\u00e4ilitab niiskust, muudab huuled siledamaks ja elastsemaks.<\/span><\/p>\n<p>&nbsp;<\/p>\n<p><b>Tokoferool (E-vitamiin)<\/b><span style=\"font-weight: 400;\"> \u2014 v\u00f5imas antioks\u00fcdant, kaitseb vabade radikaalide eest, soodustab paranemist ja s\u00e4ilitab huulte naha noorusliku v\u00e4limuse.<\/span><\/p>\n<p>&nbsp;<\/p>\n<p><b>Ment\u00fc\u00fcllaktaat ja vanill\u00fc\u00fclbut\u00fc\u00fcleeter<\/b><span style=\"font-weight: 400;\"> \u2014 tekitavad kerge kipitus- ja jahutava tunde, ergutavad vereringet ning muudavad huuled t\u00e4idlasemaks ja vol\u00fc\u00fcmikamaks.<\/span><\/p>\n<p>&nbsp;<\/p>\n<p>&nbsp;<\/p>\n<p><b>Kuidas kasutada <\/b><b>VT Cosmetics Reedle Shot Lip Plumper Beginner<\/b><b>:<\/b><\/p>\n<p><span style=\"font-weight: 400;\">Kanna v\u00e4ike kogus huuleplumperit puhastele huultele. Intensiivsema efekti saavutamiseks kasuta enne huulepulga v\u00f5i huulel\u00e4ike pealekandmist. Kerge kipitustunne p\u00e4rast pealekandmist on loomulik reaktsioon, mis kinnitab toimeainete toimet.<\/span><\/p>\n<p><span style=\"font-weight: 400;\">P\u00fchkige aplikaator p\u00e4rast iga kasutamist.<\/span><\/p>\n<p>&nbsp;<\/p>\n<p><b>T\u00e4helepanu!<\/b><span style=\"font-weight: 400;\"> \u00c4rge kasutage toodet kahjustatud nahal ega p\u00e4rast dermatoloogilisi protseduure, koorimisi, s\u00fcste v\u00f5i riistvaralisi kosmeetilisi protseduure, mis kahjustavad sarvkihti.<\/span><\/p>\n<p>&nbsp;<\/p>\n<p>&nbsp;<\/p>\n<p><b>Netokogus:<\/b><span style=\"font-weight: 400;\"> 4,3 g.<\/span><\/p>\n<p>&nbsp;<\/p>\n<p>&nbsp;<\/p>\n<p><span style=\"font-weight: 400;\">Kui teil on lisak\u00fcsimusi v\u00f5i vajate toote valimisel n\u00f5u, kirjutage meile. Vestlus asub ekraani paremas alanurgas.<\/span><\/p>\n<p>&nbsp;<\/p>\n<p>&nbsp;<\/p>\n<p><a title=\"TARNETINGIMUSED\" href=\"https:\/\/liluilu.ee\/et\/kohaletoimetamine\/\" target=\"_blank\" rel=\"noopener\">TARNETINGIMUSED<\/a><\/p>","protected":false},"excerpt":{"rendered":"<p>\u041f\u043b\u0430\u043c\u043f\u0435\u0440 \u0434\u043b\u044f \u0433\u0443\u0431 \u0441 \u043c\u0438\u043a\u0440\u043e\u0438\u0433\u043b\u0430\u043c\u0438 \u0438 \u0432\u043e\u043b\u044e\u0444\u0438\u043b\u0438\u043d\u043e\u043c VT Cosmetics Reedle Shot Lip Plumper Beginner \u043f\u0440\u0438\u0434\u0430\u0451\u0442 \u0433\u0443\u0431\u0430\u043c \u043c\u044f\u0433\u043a\u043e\u0441\u0442\u044c, \u0433\u043b\u044f\u043d\u0446\u0435\u0432\u044b\u0439 \u0431\u043b\u0435\u0441\u043a \u0438 \u0447\u0443\u0432\u0441\u0442\u0432\u0435\u043d\u043d\u044b\u0439, \u0441\u043e\u0431\u043b\u0430\u0437\u043d\u0438\u0442\u0435\u043b\u044c\u043d\u044b\u0439 \u043e\u0431\u044a\u0451\u043c. &nbsp; \u0421\u0440\u0435\u0434\u0441\u0442\u0432\u043e \u0434\u0435\u043b\u0438\u043a\u0430\u0442\u043d\u043e \u0441\u0442\u0438\u043c\u0443\u043b\u0438\u0440\u0443\u0435\u0442 \u043d\u0435\u0436\u043d\u0443\u044e \u043a\u043e\u0436\u0443, \u0443\u043b\u0443\u0447\u0448\u0430\u0435\u0442 \u043c\u0438\u043a\u0440\u043e\u0446\u0438\u0440\u043a\u0443\u043b\u044f\u0446\u0438\u044e \u0438 \u0443\u0441\u0438\u043b\u0438\u0432\u0430\u0435\u0442 \u043f\u0440\u043e\u043d\u0438\u043a\u043d\u043e\u0432\u0435\u043d\u0438\u0435 \u0430\u043a\u0442\u0438\u0432\u043d\u044b\u0445 \u043a\u043e\u043c\u043f\u043e\u043d\u0435\u043d\u0442\u043e\u0432. \u0412 \u0440\u0435\u0437\u0443\u043b\u044c\u0442\u0430\u0442\u0435 \u0433\u0443\u0431\u044b \u0441\u0442\u0430\u043d\u043e\u0432\u044f\u0442\u0441\u044f \u043d\u0430\u043f\u043e\u043b\u043d\u0435\u043d\u043d\u044b\u043c\u0438, \u0441\u043e\u0447\u043d\u044b\u043c\u0438 \u0438 \u044f\u0440\u043a\u0438\u043c\u0438. &nbsp; \u0424\u043e\u0440\u043c\u0443\u043b\u0430 \u0441 \u0440\u0430\u0441\u0442\u0438\u0442\u0435\u043b\u044c\u043d\u044b\u043c\u0438 \u043c\u0430\u0441\u043b\u0430\u043c\u0438 \u0438 \u044d\u043a\u0441\u0442\u0440\u0430\u043a\u0442\u0430\u043c\u0438 \u0431\u0435\u0440\u0435\u0436\u043d\u043e \u0437\u0430\u0431\u043e\u0442\u0438\u0442\u0441\u044f \u043e \u043a\u043e\u0436\u0435, [&hellip;]<\/p>","protected":false},"featured_media":15627,"comment_status":"open","ping_status":"closed","template":"","meta":{"_eb_attr":"","jetpack_post_was_ever_published":false,"_joinchat":[]},"product_brand":[],"product_cat":[779,606],"product_tag":[781,785,835,567,819,780,836,829,644,834],"class_list":{"0":"post-15590","1":"product","2":"type-product","3":"status-publish","4":"has-post-thumbnail","6":"product_cat-vt-cosmetics","7":"product_cat-uhod-za-gubami","8":"product_tag-cica-reedle","9":"product_tag-plump-effekt","10":"product_tag-blesk-dlya-gub","11":"product_tag-voljufilin","12":"product_tag-kosmetika-s-mikroiglami","13":"product_tag-mikroigly","14":"product_tag-myagkie-guby","15":"product_tag-myagkoe-otshelushivanie","16":"product_tag-novinki","17":"product_tag-plamper-dlya-gub","19":"first","20":"instock","21":"shipping-taxable","22":"purchasable","23":"product-type-simple"},"jetpack_sharing_enabled":true,"_links":{"self":[{"href":"https:\/\/liluilu.ee\/et\/wp-json\/wp\/v2\/product\/15590","targetHints":{"allow":["GET"]}}],"collection":[{"href":"https:\/\/liluilu.ee\/et\/wp-json\/wp\/v2\/product"}],"about":[{"href":"https:\/\/liluilu.ee\/et\/wp-json\/wp\/v2\/types\/product"}],"replies":[{"embeddable":true,"href":"https:\/\/liluilu.ee\/et\/wp-json\/wp\/v2\/comments?post=15590"}],"version-history":[{"count":7,"href":"https:\/\/liluilu.ee\/et\/wp-json\/wp\/v2\/product\/15590\/revisions"}],"predecessor-version":[{"id":15643,"href":"https:\/\/liluilu.ee\/et\/wp-json\/wp\/v2\/product\/15590\/revisions\/15643"}],"wp:featuredmedia":[{"embeddable":true,"href":"https:\/\/liluilu.ee\/et\/wp-json\/wp\/v2\/media\/15627"}],"wp:attachment":[{"href":"https:\/\/liluilu.ee\/et\/wp-json\/wp\/v2\/media?parent=15590"}],"wp:term":[{"taxonomy":"product_brand","embeddable":true,"href":"https:\/\/liluilu.ee\/et\/wp-json\/wp\/v2\/product_brand?post=15590"},{"taxonomy":"product_cat","embeddable":true,"href":"https:\/\/liluilu.ee\/et\/wp-json\/wp\/v2\/product_cat?post=15590"},{"taxonomy":"product_tag","embeddable":true,"href":"https:\/\/liluilu.ee\/et\/wp-json\/wp\/v2\/product_tag?post=15590"}],"curies":[{"name":"t\u00f6\u00f6leht","href":"https:\/\/api.w.org\/{rel}","templated":true}]}}