{"id":15582,"date":"2025-09-25T18:27:29","date_gmt":"2025-09-25T15:27:29","guid":{"rendered":"https:\/\/liluilu.ee\/?post_type=product&#038;p=15582"},"modified":"2026-04-20T13:16:28","modified_gmt":"2026-04-20T10:16:28","slug":"vt-cosmetics-pdrn-capsule-cream-100","status":"publish","type":"product","link":"https:\/\/liluilu.ee\/et\/vt-cosmetics-pdrn-capsule-cream-100\/","title":{"rendered":"Noorendav kapselkreem liftinguks PDRN-i ja 9 peptiidiga \u2014 VT Cosmetics PDRN Capsule Cream 100 (50ml.)"},"content":{"rendered":"<p><span style=\"font-weight: 400;\">Kapselkreem lifting-efekti saavutamiseks \u2013 s\u00e4rav, sile ja toonuses nahk. <\/span><b>VT Cosmetics PDRN Capsule Cream 100.<\/b><\/p>\n<p>&nbsp;<\/p>\n<p><span style=\"font-weight: 400;\">See toode, mis sisaldab k\u00f5rge PDRN-i kontsentratsiooni ja peptiidikompleksi, uuendab ja noorendab aktiivselt nahka, \u00fchtlustab tekstuuri ja reljeefi, v\u00e4hendab kortsude n\u00e4htavust ning aitab s\u00e4ilitada n\u00e4okontuuri.\u00a0<\/span><\/p>\n<p>&nbsp;<\/p>\n<p><span style=\"font-weight: 400;\">See ainulaadse kapslikujulise tekstuuriga kreem toidab, niisutab ja rahustab nahka intensiivselt, k\u00f5rvaldades kuivuse ja ebamugavustunde. H\u00fcpoallergeenne, l\u00f5hnavaba ja vegan koostis minimeerib \u00e4rrituse ohtu, s\u00e4ilitab naha kaitsebarj\u00e4\u00e4ri ning j\u00e4tab naha hoolitsetud ja puhanud v\u00e4limusega.<\/span><\/p>\n<p>&nbsp;<\/p>\n<p><span style=\"font-weight: 400;\">Sobib igale nahat\u00fc\u00fcbile, sealhulgas tundlikule.<\/span><\/p>\n<p>&nbsp;<\/p>\n<p>&nbsp;<\/p>\n<h2><i>Peamised toimeained <\/i><i>VT Cosmetics PDRN Capsule Cream 100<\/i><\/h2>\n<p><b>Phyto PDRN\u00ae Panax (100 000 ppm)<\/b><span style=\"font-weight: 400;\"> \u2014 taimne PDRN, mis on saadud \u017een\u0161enni juurest ja toimib &quot;taastajana&quot; ning k\u00e4ivitab naha noorendamise protsessi seestpoolt. See stimuleerib rakkude uuenemist, parandab toonust, silub ja pinguldab nahka ning ennetab kortsude teket.<\/span><\/p>\n<p>&nbsp;<\/p>\n<p><b>9 peptiidi s\u00fcnergia <\/b><span style=\"font-weight: 400;\">Naha struktuurilise terviklikkuse taastamisele suunatud v\u00f5imas vananemisvastane kokteil:<\/span><\/p>\n<ul>\n<li style=\"font-weight: 400;\" aria-level=\"1\"><span style=\"font-weight: 400;\">Annab n\u00e4ole liftingut ja aitab s\u00e4ilitada ovaali;<\/span><\/li>\n<li style=\"font-weight: 400;\" aria-level=\"1\"><span style=\"font-weight: 400;\">Stimuleerib aktiivselt kollageeni, elastiini ja h\u00fcaluroonhappe tootmist, suurendab naha tihedust ja elastsust;<\/span><\/li>\n<li style=\"font-weight: 400;\" aria-level=\"1\"><span style=\"font-weight: 400;\">V\u00e4hendab kortsude s\u00fcgavust ja n\u00e4htavust;<\/span><\/li>\n<li style=\"font-weight: 400;\" aria-level=\"1\"><span style=\"font-weight: 400;\">Parandab mikrotsirkulatsiooni, v\u00e4hendab turseid ja tumedaid ringe.<\/span><\/li>\n<\/ul>\n<p>&nbsp;<\/p>\n<p><b>Keramiid NP <\/b><span style=\"font-weight: 400;\">\u2014<\/span> <span style=\"font-weight: 400;\">s\u00e4ilitab kaitsebarj\u00e4\u00e4ri terviklikkuse.<\/span><\/p>\n<p>&nbsp;<\/p>\n<p><b>Pantenool <\/b><span style=\"font-weight: 400;\">\u2014 annab kohese pehmuse ja mugavustunde. Rahustab suurep\u00e4raselt, leevendab \u00e4rritust ja s\u00fcgelust ning kiirendab naha paranemist ja taastumist.<\/span><\/p>\n<p>&nbsp;<\/p>\n<p><b>Skvalaan <\/b><span style=\"font-weight: 400;\">\u2014 Niisutab, k\u00f5rvaldab kuivuse ning ennetab deh\u00fcdratsiooni ja \u00e4rritust. Toidab ja pehmendab nahka, j\u00e4ttes selle pehmeks ja sametiseks.<\/span><\/p>\n<p>&nbsp;<\/p>\n<p><b>Niisutav kompleks<\/b><span style=\"font-weight: 400;\"> Sisaldab 10 erinevat h\u00fcaluroonhappe molekulaarset vormi, mis loovad mitmetasandilise niisutusefekti:<\/span><\/p>\n<ul>\n<li style=\"font-weight: 400;\" aria-level=\"1\"><span style=\"font-weight: 400;\">T\u00e4idab nahka niiskusega pindmistest kihtidest s\u00fcgavamate kihtideni;<\/span><\/li>\n<li style=\"font-weight: 400;\" aria-level=\"1\"><span style=\"font-weight: 400;\">Loob pinnale niiskust s\u00e4ilitava kihi, t\u00e4nu millele p\u00fcsib nahk pikka aega niisutatuna;<\/span><\/li>\n<li style=\"font-weight: 400;\" aria-level=\"1\"><span style=\"font-weight: 400;\">Silub peeneid kortse ja s\u00e4ilitab elastsuse;<\/span><\/li>\n<li style=\"font-weight: 400;\" aria-level=\"1\"><span style=\"font-weight: 400;\">J\u00e4tab naha pringiks, s\u00e4ravaks ja siledaks.<\/span><\/li>\n<\/ul>\n<p>&nbsp;<\/p>\n<p>&nbsp;<\/p>\n<h2><i>Ise\u00e4rasused <\/i><i>VT Cosmetics PDRN Capsule Cream 100<\/i><\/h2>\n<ul>\n<li style=\"font-weight: 400;\" aria-level=\"1\"><b>Ebatavaline tekstuur<\/b><span style=\"font-weight: 400;\">, sealhulgas kapslid ja toitev geelkreem;<\/span><\/li>\n<li aria-level=\"1\"><b>Aktiivsed kapslid <\/b><span style=\"font-weight: 400;\">sisaldavad v\u00f5imast noorendavat kompleksi PDRN-i ja peptiididega, et taastada naha elastsus ja struktuur;<\/span><\/li>\n<li style=\"font-weight: 400;\" aria-level=\"1\"><b>Toitev geelkreem<\/b><span style=\"font-weight: 400;\"> niisutab, pehmendab ja toidab nahka s\u00fcgavuti, luues hooldus- ja mugavustunde.<\/span><\/li>\n<li style=\"font-weight: 400;\" aria-level=\"1\"><b>L\u00f5hnatu<\/b><span style=\"font-weight: 400;\"> \u2014 \u00f5rn koostis sobib tundlikule nahale, ei \u00e4rrita ja minimeerib allergiate ohtu;<\/span><\/li>\n<li style=\"font-weight: 400;\" aria-level=\"1\"><b>Vegan koostis<\/b><span style=\"font-weight: 400;\"> \u2014 eetiline hoolitsus ilma loomset p\u00e4ritolu koostisosadeta;<\/span><\/li>\n<li style=\"font-weight: 400;\" aria-level=\"1\"><b>Mugavus ja ohutus<\/b><span style=\"font-weight: 400;\"> \u2014 kreem ei p\u00f5hjusta \u00e4rritust.<\/span><\/li>\n<\/ul>\n<p>&nbsp;<\/p>\n<p><b>VT Cosmetics PDRN kapslikreem 100 sobib igale nahat\u00fc\u00fcbile.<\/b><\/p>\n<p>&nbsp;<\/p>\n<p>&nbsp;<\/p>\n<p><b>Kuidas kasutada:<\/b><\/p>\n<p><span style=\"font-weight: 400;\">VT Cosmetics PDRN Capsule Cream 100 v\u00f5ib kasutada hommikul ja\/v\u00f5i \u00f5htul nahahoolduse viimases etapis p\u00e4rast toonikut ja seerumit.\u00a0<\/span><\/p>\n<p><span style=\"font-weight: 400;\">Sega vajalik kogus geeli ja kapslit ning kanna kreem n\u00e4ole ja kaelale. Masseeri \u00f5rnalt nahka ja lase imenduda.\u00a0<\/span><\/p>\n<p>&nbsp;<\/p>\n<p>&nbsp;<\/p>\n<p class=\"translation-block\">Netokogus: 50 ml.<\/p>\n<p>&nbsp;<\/p>\n<p>&nbsp;<\/p>\n<p><span style=\"font-weight: 400;\">Kui teil on lisak\u00fcsimusi v\u00f5i vajate toote valimisel n\u00f5u, kirjutage meile. Vestlus asub ekraani paremas alanurgas.<\/span><\/p>\n<p>&nbsp;<\/p>\n<p>&nbsp;<\/p>\n<p><a title=\"TARNETINGIMUSED\" href=\"https:\/\/liluilu.ee\/et\/kohaletoimetamine\/\" target=\"_blank\" rel=\"noopener\">TARNETINGIMUSED<\/a><\/p>","protected":false},"excerpt":{"rendered":"<p>\u041e\u0431\u0440\u0435\u0442\u0438\u0442\u0435 \u0441\u0438\u044f\u044e\u0449\u0443\u044e, \u0433\u043b\u0430\u0434\u043a\u0443\u044e \u0438 \u043f\u043e\u0434\u0442\u044f\u043d\u0443\u0442\u0443\u044e \u043a\u043e\u0436\u0443 \u0441 \u043f\u043e\u043c\u043e\u0449\u044c\u044e \u043a\u0430\u043f\u0441\u0443\u043b\u044c\u043d\u043e\u0433\u043e \u043b\u0438\u0444\u0442\u0438\u043d\u0433-\u043a\u0440\u0435\u043c\u0430 VT Cosmetics PDRN Capsule Cream 100. &nbsp; \u0421\u0440\u0435\u0434\u0441\u0442\u0432\u043e \u0441 \u0432\u044b\u0441\u043e\u043a\u043e\u0439 \u043a\u043e\u043d\u0446\u0435\u043d\u0442\u0440\u0430\u0446\u0438\u0435\u0439 PDRN \u0438 \u043a\u043e\u043c\u043f\u043b\u0435\u043a\u0441\u043e\u043c \u043f\u0435\u043f\u0442\u0438\u0434\u043e\u0432 \u0430\u043a\u0442\u0438\u0432\u043d\u043e \u043e\u0431\u043d\u043e\u0432\u043b\u044f\u0435\u0442 \u0438 \u043e\u043c\u043e\u043b\u0430\u0436\u0438\u0432\u0430\u0435\u0442 \u043a\u043e\u0436\u0443, \u0432\u044b\u0440\u0430\u0432\u043d\u0438\u0432\u0430\u0435\u0442 \u0442\u0435\u043a\u0441\u0442\u0443\u0440\u0443 \u0438 \u0440\u0435\u043b\u044c\u0435\u0444, \u0443\u043c\u0435\u043d\u044c\u0448\u0430\u0435\u0442 \u0432\u0438\u0434\u0438\u043c\u043e\u0441\u0442\u044c \u043c\u043e\u0440\u0449\u0438\u043d \u0438 \u043f\u043e\u043c\u043e\u0433\u0430\u0435\u0442 \u0441\u043e\u0445\u0440\u0430\u043d\u0438\u0442\u044c \u0430\u0440\u0445\u0438\u0442\u0435\u043a\u0442\u043e\u043d\u0438\u043a\u0443 \u043b\u0438\u0446\u0430.\u00a0 &nbsp; \u041a\u0440\u0435\u043c \u0441 \u043d\u0435\u043e\u0431\u044b\u0447\u043d\u043e\u0439 \u043a\u0430\u043f\u0441\u0443\u043b\u044c\u043d\u043e\u0439 \u0442\u0435\u043a\u0441\u0442\u0443\u0440\u043e\u0439 \u0438\u043d\u0442\u0435\u043d\u0441\u0438\u0432\u043d\u043e \u043f\u0438\u0442\u0430\u0435\u0442, \u0443\u0432\u043b\u0430\u0436\u043d\u044f\u0435\u0442 \u0438 \u0443\u0441\u043f\u043e\u043a\u0430\u0438\u0432\u0430\u0435\u0442 \u043a\u043e\u0436\u0443, \u0443\u0441\u0442\u0440\u0430\u043d\u044f\u044f [&hellip;]<\/p>","protected":false},"featured_media":15583,"comment_status":"open","ping_status":"closed","template":"","meta":{"_eb_attr":"","jetpack_post_was_ever_published":false,"_joinchat":[]},"product_brand":[],"product_cat":[779,95],"product_tag":[770,833,766,831,734,445,620,687,765,622,827,465,644,824,239,557,487,792,489],"class_list":{"0":"post-15582","1":"product","2":"type-product","3":"status-publish","4":"has-post-thumbnail","6":"product_cat-vt-cosmetics","7":"product_cat-kremy-emulsii-i-losony-dlya-lica","8":"product_tag-glass-skin","9":"product_tag-glow-skin","10":"product_tag-pdrn","11":"product_tag-phyto-pdrn-panax","12":"product_tag-slow-aging","13":"product_tag-antivozrastnoj-uhod","14":"product_tag-antivozrastnye-kremy-dlya-lica","15":"product_tag-dlya-siyaniya-kozhi","16":"product_tag-kosmetika-s-pdrn","17":"product_tag-kosmetika-s-peptidami","18":"product_tag-liniya-vt-cosmetics-pdrn","19":"product_tag-lifting","20":"product_tag-novinki","21":"product_tag-omolozhenie","22":"product_tag-peptidy","23":"product_tag-pitanie","24":"product_tag-protiv-morshhin","25":"product_tag-razglazhivanie-kozhi","26":"product_tag-elastichnost-i-uprugost","28":"first","29":"instock","30":"sale","31":"shipping-taxable","32":"purchasable","33":"product-type-simple"},"jetpack_sharing_enabled":true,"_links":{"self":[{"href":"https:\/\/liluilu.ee\/et\/wp-json\/wp\/v2\/product\/15582","targetHints":{"allow":["GET"]}}],"collection":[{"href":"https:\/\/liluilu.ee\/et\/wp-json\/wp\/v2\/product"}],"about":[{"href":"https:\/\/liluilu.ee\/et\/wp-json\/wp\/v2\/types\/product"}],"replies":[{"embeddable":true,"href":"https:\/\/liluilu.ee\/et\/wp-json\/wp\/v2\/comments?post=15582"}],"version-history":[{"count":10,"href":"https:\/\/liluilu.ee\/et\/wp-json\/wp\/v2\/product\/15582\/revisions"}],"predecessor-version":[{"id":15705,"href":"https:\/\/liluilu.ee\/et\/wp-json\/wp\/v2\/product\/15582\/revisions\/15705"}],"wp:featuredmedia":[{"embeddable":true,"href":"https:\/\/liluilu.ee\/et\/wp-json\/wp\/v2\/media\/15583"}],"wp:attachment":[{"href":"https:\/\/liluilu.ee\/et\/wp-json\/wp\/v2\/media?parent=15582"}],"wp:term":[{"taxonomy":"product_brand","embeddable":true,"href":"https:\/\/liluilu.ee\/et\/wp-json\/wp\/v2\/product_brand?post=15582"},{"taxonomy":"product_cat","embeddable":true,"href":"https:\/\/liluilu.ee\/et\/wp-json\/wp\/v2\/product_cat?post=15582"},{"taxonomy":"product_tag","embeddable":true,"href":"https:\/\/liluilu.ee\/et\/wp-json\/wp\/v2\/product_tag?post=15582"}],"curies":[{"name":"t\u00f6\u00f6leht","href":"https:\/\/api.w.org\/{rel}","templated":true}]}}