{"id":15564,"date":"2025-09-24T16:59:53","date_gmt":"2025-09-24T13:59:53","guid":{"rendered":"https:\/\/liluilu.ee\/?post_type=product&#038;p=15564"},"modified":"2026-02-02T20:33:34","modified_gmt":"2026-02-02T17:33:34","slug":"vt-cosmetics-pdrn-essence-100","status":"publish","type":"product","link":"https:\/\/liluilu.ee\/et\/vt-cosmetics-pdrn-essence-100\/","title":{"rendered":"Noorendav PDRN- ja keramiididega essents naha pringuse ja s\u00e4ra saavutamiseks \u2013 VT Cosmetics PDRN Essence 100 (30 ml.)"},"content":{"rendered":"<p><span style=\"font-weight: 400;\">Noorendav essents<\/span> <b>VT Cosmetics PDRN Essence 100<\/b><span style=\"font-weight: 400;\"> k\u00f5rge PDRN-i kontsentratsioon taastab naha tiheduse ja elastsuse, annab liftinguefekti, v\u00e4hendab kortsude n\u00e4htavust ja aitab s\u00e4ilitada selget n\u00e4okontuuri.<\/span><\/p>\n<p>&nbsp;<\/p>\n<p><span style=\"font-weight: 400;\">See toode taastab naha loomuliku kaitsebarj\u00e4\u00e4ri ja niisutab intensiivselt. See pehmendab, k\u00f5rvaldades kuivuse, deh\u00fcdratsiooni ja ebamugavustunde. J\u00e4tab naha s\u00e4ravaks, pringiks ja siledaks.<\/span><\/p>\n<p>&nbsp;<\/p>\n<p><span style=\"font-weight: 400;\">H\u00fcpoallergeenne veganvalem pakub \u00f5rna hooldust, rahustab ja ei p\u00f5hjusta \u00e4rritust, mist\u00f5ttu sobib see isegi tundlikule nahale.<\/span><\/p>\n<p>&nbsp;<\/p>\n<h2><i>Peamised toimeained <\/i><i>VT Cosmetics PDRN Essence 100<\/i><\/h2>\n<p><b>Phyto PDRN\u00ae Panax (100 000 ppm)<\/b><span style=\"font-weight: 400;\"> \u2014 taimne PDRN, mis on saadud \u017een\u0161enni juurest ja toimib \u201etaastajana\u201c ning k\u00e4ivitab noorendamisprotsessi seestpoolt:\u00a0<\/span><\/p>\n<ul>\n<li style=\"font-weight: 400;\" aria-level=\"1\"><span style=\"font-weight: 400;\">Stimuleerib rakkude uuenemist;\u00a0<\/span><\/li>\n<li style=\"font-weight: 400;\" aria-level=\"1\"><span style=\"font-weight: 400;\">Silub ja tugevdab nahka;\u00a0<\/span><\/li>\n<li style=\"font-weight: 400;\" aria-level=\"1\"><span style=\"font-weight: 400;\">Suurendab tihedust ja elastsust;\u00a0<\/span><\/li>\n<li style=\"font-weight: 400;\" aria-level=\"1\"><span style=\"font-weight: 400;\">Hoiab \u00e4ra kortsude teket;<\/span><\/li>\n<li style=\"font-weight: 400;\" aria-level=\"1\"><span style=\"font-weight: 400;\">Aitab s\u00e4ilitada selgeid n\u00e4okontuure.<\/span><\/li>\n<\/ul>\n<p>&nbsp;<\/p>\n<p><b>Cerasome Complex Plus<\/b><span style=\"font-weight: 400;\"> \u2014 kompleks, mis sisaldab 5 t\u00fc\u00fcpi keramiide (NP, NS, AS, EOP, AP), mis integreeruvad sarvkihti, loovad harmoonilise lipiidide tasakaalu ja taastavad loomuliku barj\u00e4\u00e4ri. Kompleks hoiab \u00e4ra niiskuskaotuse, ennetab deh\u00fcdratsiooni ning k\u00f5rvaldab ketenduse ja kuivuse. See rahustab, v\u00e4hendab reaktiivsust ja kaitseb agressiivsete keskkonnam\u00f5jude eest. See taastab naha terve s\u00e4ra, muutes selle pehmeks ja elastseks.<\/span><\/p>\n<p>&nbsp;<\/p>\n<p><b>Pol\u00fcgl\u00fckuroonhape<\/b><span style=\"font-weight: 400;\"> - v\u00f5imas niisutav aine, mis t\u00f5mbab ligi ja hoiab vett, luues pringima ja sileda naha efekti.<\/span><\/p>\n<p>&nbsp;<\/p>\n<p><b>Pantenool<\/b><span style=\"font-weight: 400;\"> \u2014 annab kohese pehmuse ja mugavustunde. Rahustab suurep\u00e4raselt, leevendab \u00e4rritust ja s\u00fcgelust ning kiirendab naha paranemist ja taastumist.<\/span><\/p>\n<p>&nbsp;<\/p>\n<p><b>Skvalaan<\/b><span style=\"font-weight: 400;\"> \u2014 Niisutab, k\u00f5rvaldab kuivuse ning ennetab deh\u00fcdratsiooni ja \u00e4rritust. Toidab ja pehmendab nahka, j\u00e4ttes selle pehmeks ja sametiseks.<\/span><\/p>\n<p>&nbsp;<\/p>\n<p><b>Allantoiin<\/b><span style=\"font-weight: 400;\"> \u2014 stimuleerib regeneratsiooni, omab antioks\u00fcdantset toimet, rahustab, v\u00e4hendab punetust ja naha reaktsiooniv\u00f5imet. Annab pehmuse ja mugavustunde.\u00a0<\/span><\/p>\n<p>&nbsp;<\/p>\n<p>&nbsp;<\/p>\n<p><b>VT Cosmetics PDRN Essence 100 <\/b><b>sobib igale nahat\u00fc\u00fcbile.\u00a0<\/b><\/p>\n<p><b>\u00a0<\/b><\/p>\n<p>&nbsp;<\/p>\n<p><b>Kuidas kasutada:<\/b><\/p>\n<p><span style=\"font-weight: 400;\">Kanna v\u00e4ike kogus essentsi puhastatud n\u00e4ole ja kaelale, masseeri \u00f5rnalt sisse ja lase imenduda. L\u00f5peta kreemiga.\u00a0<\/span><\/p>\n<p><span style=\"font-weight: 400;\">Osana oma \u00f5htusest nahahooldusrutiinist kasuta p\u00e4rast pealekandmist VT Cosmetics PDRN Essence 100 toodet <\/span><span style=\"font-weight: 400;\">mikron\u00f5eltega v\u00f5imendusseerumid.<\/span><\/p>\n<p>&nbsp;<\/p>\n<p><b>Netokogus:<\/b><span style=\"font-weight: 400;\"> 30 ml<\/span><\/p>\n<p>&nbsp;<\/p>\n<p><span style=\"font-weight: 400;\">Kui teil on lisak\u00fcsimusi v\u00f5i vajate toote valimisel n\u00f5u, kirjutage meile. Vestlus asub ekraani paremas alanurgas.<\/span><\/p>\n<p>&nbsp;<\/p>\n<p>&nbsp;<\/p>\n<p><a title=\"TARNETINGIMUSED\" href=\"https:\/\/liluilu.ee\/et\/kohaletoimetamine\/\" target=\"_blank\" rel=\"noopener\">TARNETINGIMUSED<\/a><\/p>","protected":false},"excerpt":{"rendered":"<p>\u041e\u043c\u043e\u043b\u0430\u0436\u0438\u0432\u0430\u044e\u0449\u0430\u044f \u044d\u0441\u0441\u0435\u043d\u0446\u0438\u044f VT Cosmetics PDRN Essence 100 \u0441 \u0432\u044b\u0441\u043e\u043a\u043e\u0439 \u043a\u043e\u043d\u0446\u0435\u043d\u0442\u0440\u0430\u0446\u0438\u0435\u0439 PDRN \u0432\u043e\u0437\u0432\u0440\u0430\u0449\u0430\u0435\u0442 \u043a\u043e\u0436\u0435 \u043f\u043b\u043e\u0442\u043d\u043e\u0441\u0442\u044c \u0438 \u0443\u043f\u0440\u0443\u0433\u043e\u0441\u0442\u044c, \u043e\u043a\u0430\u0437\u044b\u0432\u0430\u0435\u0442 \u044d\u0444\u0444\u0435\u043a\u0442 \u043b\u0438\u0444\u0442\u0438\u043d\u0433\u0430, \u0443\u043c\u0435\u043d\u044c\u0448\u0430\u0435\u0442 \u0432\u0438\u0434\u0438\u043c\u043e\u0441\u0442\u044c \u043c\u043e\u0440\u0449\u0438\u043d \u0438 \u043f\u043e\u043c\u043e\u0433\u0430\u0435\u0442 \u0441\u043e\u0445\u0440\u0430\u043d\u0438\u0442\u044c \u0447\u0435\u0442\u043a\u0438\u0439 \u043e\u0432\u0430\u043b \u043b\u0438\u0446\u0430. &nbsp; \u0421\u0440\u0435\u0434\u0441\u0442\u0432\u043e \u0432\u043e\u0441\u0441\u0442\u0430\u043d\u0430\u0432\u043b\u0438\u0432\u0430\u0435\u0442 \u0435\u0441\u0442\u0435\u0441\u0442\u0432\u0435\u043d\u043d\u044b\u0439 \u0431\u0430\u0440\u044c\u0435\u0440 \u0438 \u0438\u043d\u0442\u0435\u043d\u0441\u0438\u0432\u043d\u043e \u0443\u0432\u043b\u0430\u0436\u043d\u044f\u0435\u0442 \u043a\u043e\u0436\u0443. \u0421\u043c\u044f\u0433\u0447\u0430\u0435\u0442, \u0443\u0441\u0442\u0440\u0430\u043d\u044f\u0435\u0442 \u0441\u0443\u0445\u043e\u0441\u0442\u044c, \u043e\u0431\u0435\u0437\u0432\u043e\u0436\u0435\u043d\u043d\u043e\u0441\u0442\u044c \u0438 \u0434\u0438\u0441\u043a\u043e\u043c\u0444\u043e\u0440\u0442. \u0414\u0435\u043b\u0430\u0435\u0442 \u043a\u043e\u0436\u0443 \u0441\u0438\u044f\u044e\u0449\u0435\u0439, \u043d\u0430\u043f\u043e\u043b\u043d\u0435\u043d\u043d\u043e\u0439 \u0438 \u0433\u043b\u0430\u0434\u043a\u043e\u0439. &nbsp; \u0413\u0438\u043f\u043e\u0430\u043b\u043b\u0435\u0440\u0433\u0435\u043d\u043d\u0430\u044f \u0432\u0435\u0433\u0430\u043d\u0441\u043a\u0430\u044f \u0444\u043e\u0440\u043c\u0443\u043b\u0430 \u043e\u0431\u0435\u0441\u043f\u0435\u0447\u0438\u0432\u0430\u0435\u0442 \u0431\u0435\u0440\u0435\u0436\u043d\u044b\u0439 [&hellip;]<\/p>","protected":false},"featured_media":15567,"comment_status":"open","ping_status":"closed","template":"","meta":{"_eb_attr":"","jetpack_post_was_ever_published":false,"_joinchat":[]},"product_brand":[],"product_cat":[779,226],"product_tag":[833,766,831,734,445,731,439,814,827,465,644,824,487,792,317,489],"class_list":{"0":"post-15564","1":"product","2":"type-product","3":"status-publish","4":"has-post-thumbnail","6":"product_cat-vt-cosmetics","7":"product_cat-serumy","8":"product_tag-glow-skin","9":"product_tag-pdrn","10":"product_tag-phyto-pdrn-panax","11":"product_tag-slow-aging","12":"product_tag-antivozrastnoj-uhod","13":"product_tag-antivozrastnye-syvorotki","14":"product_tag-vosstanovlenie-barera","15":"product_tag-keramidy","16":"product_tag-liniya-vt-cosmetics-pdrn","17":"product_tag-lifting","18":"product_tag-novinki","19":"product_tag-omolozhenie","20":"product_tag-protiv-morshhin","21":"product_tag-razglazhivanie-kozhi","22":"product_tag-ceramidy","23":"product_tag-elastichnost-i-uprugost","25":"first","26":"outofstock","27":"sale","28":"shipping-taxable","29":"purchasable","30":"product-type-simple"},"jetpack_sharing_enabled":true,"_links":{"self":[{"href":"https:\/\/liluilu.ee\/et\/wp-json\/wp\/v2\/product\/15564","targetHints":{"allow":["GET"]}}],"collection":[{"href":"https:\/\/liluilu.ee\/et\/wp-json\/wp\/v2\/product"}],"about":[{"href":"https:\/\/liluilu.ee\/et\/wp-json\/wp\/v2\/types\/product"}],"replies":[{"embeddable":true,"href":"https:\/\/liluilu.ee\/et\/wp-json\/wp\/v2\/comments?post=15564"}],"version-history":[{"count":3,"href":"https:\/\/liluilu.ee\/et\/wp-json\/wp\/v2\/product\/15564\/revisions"}],"predecessor-version":[{"id":15579,"href":"https:\/\/liluilu.ee\/et\/wp-json\/wp\/v2\/product\/15564\/revisions\/15579"}],"wp:featuredmedia":[{"embeddable":true,"href":"https:\/\/liluilu.ee\/et\/wp-json\/wp\/v2\/media\/15567"}],"wp:attachment":[{"href":"https:\/\/liluilu.ee\/et\/wp-json\/wp\/v2\/media?parent=15564"}],"wp:term":[{"taxonomy":"product_brand","embeddable":true,"href":"https:\/\/liluilu.ee\/et\/wp-json\/wp\/v2\/product_brand?post=15564"},{"taxonomy":"product_cat","embeddable":true,"href":"https:\/\/liluilu.ee\/et\/wp-json\/wp\/v2\/product_cat?post=15564"},{"taxonomy":"product_tag","embeddable":true,"href":"https:\/\/liluilu.ee\/et\/wp-json\/wp\/v2\/product_tag?post=15564"}],"curies":[{"name":"t\u00f6\u00f6leht","href":"https:\/\/api.w.org\/{rel}","templated":true}]}}