{"id":15538,"date":"2025-09-22T12:20:00","date_gmt":"2025-09-22T09:20:00","guid":{"rendered":"https:\/\/liluilu.ee\/?post_type=product&#038;p=15538"},"modified":"2026-02-27T23:28:26","modified_gmt":"2026-02-27T20:28:26","slug":"vt-cosmetics-pdrn-reedle-shot-100","status":"publish","type":"product","link":"https:\/\/liluilu.ee\/et\/vt-cosmetics-pdrn-reedle-shot-100\/","title":{"rendered":"Noorendav booster-seerum mikron\u00f5elte, PDRN ja peptiididega - VT Cosmetics PDRN Reedle Shot 100 (50 ml.)"},"content":{"rendered":"<p><span style=\"font-weight: 400;\">Noorendav booster-seerum mikron\u00f5elte, PDRN ja peptiididega - <\/span><b>VT Cosmetics PDRN Reedle Shot 100<\/b><span style=\"font-weight: 400;\">.\u00a0<\/span><\/p>\n<p>&nbsp;<\/p>\n<p><span style=\"font-weight: 400;\">See toode toidab, niisutab ja elustab intensiivselt v\u00e4sinud ja n\u00f5rgenenud nahka. See taastab s\u00e4ra, elastsuse ja pingulduse. See stimuleerib rakkude uuenemist, s\u00e4ilitab naha kaitsebarj\u00e4\u00e4ri, v\u00e4hendab tundlikkust ja tugevdab naha immuuns\u00fcsteemi. See aitab v\u00f5idelda l\u00f5tvumise vastu, parandab tekstuuri ning j\u00e4tab naha siledaks, toonuses ja pringiks.<\/span><\/p>\n<p>&nbsp;<\/p>\n<p>&nbsp;<\/p>\n<h2><i>Peamised toimeained <\/i><i>VT Cosmetics PDRN Reedle Shot 100<\/i><\/h2>\n<p><b>Phyto PDRN\u00ae Panax<\/b><span style=\"font-weight: 400;\"> - taimne PDRN, mis on saadud \u017een\u0161enni juurest ja k\u00e4ivitab noorendamisprotsessi seestpoolt:\u00a0<\/span><\/p>\n<ul>\n<li style=\"font-weight: 400;\" aria-level=\"1\"><span style=\"font-weight: 400;\">Stimuleerib rakkude uuenemist;\u00a0<\/span><\/li>\n<li style=\"font-weight: 400;\" aria-level=\"1\"><span style=\"font-weight: 400;\">Silub ja tugevdab nahka;\u00a0<\/span><\/li>\n<li style=\"font-weight: 400;\" aria-level=\"1\"><span style=\"font-weight: 400;\">Suurendab tihedust ja elastsust;\u00a0<\/span><\/li>\n<li style=\"font-weight: 400;\" aria-level=\"1\"><span style=\"font-weight: 400;\">Hoiab \u00e4ra kortsude tekkimise.<\/span><\/li>\n<\/ul>\n<p>&nbsp;<\/p>\n<p><span style=\"font-weight: 400;\">Toimeainete t\u00e4pseks ja s\u00fcgavale manustamiseks kasutatakse tehnoloogiat <\/span><b>CicaReedle\u2122, mis sisaldab vesinaba ekstraktiga (95 000 ppm) t\u00f6\u00f6deldud mikron\u00f5elu.<\/b><\/p>\n<p><span style=\"font-weight: 400;\">\u00a0<\/span><\/p>\n<p><span style=\"font-weight: 400;\">Mikron\u00f5elad on 14 korda v\u00e4iksemad kui pooride l\u00e4bim\u00f5\u00f5t, seega tungivad nad kergesti naha sarvkihti, kus nad loovad mikrokanalid. See v\u00f5imaldab toimeainetel tungida s\u00fcgavamale ja ravi efektiivsus suureneb eksponentsiaalselt.<\/span><\/p>\n<p><span style=\"font-weight: 400;\">\u00a0<\/span><\/p>\n<p><span style=\"font-weight: 400;\">Lisaks stimuleerivad mikron\u00f5elad rakkude uuenemist, soodustavad naha taastumist ja tugevdamist. Need siluvad mikroreljeefi, suurendavad elastsust, v\u00e4hendavad tundlikkust ja omavad v\u00e4ljendunud rahustavat toimet.<\/span><\/p>\n<p>&nbsp;<\/p>\n<p><b>Patenteeritud CicaHyalon\u2122 kompleks<\/b><span style=\"font-weight: 400;\"> Niisutab, rahustab ja taastab nahka. V\u00e4hendab punetust, leevendab \u00e4rritust ja s\u00fcgelust, aitab s\u00e4ilitada \u00f5iget niiskustasakaalu ning toetab naha loomulikku kaitsekihti. Sisaldab aasia vesinaba ekstrakti ja selle derivaate, rohelise taruvaiku ekstrakti ja kolmekordset h\u00fcaluroonhapet.<\/span><\/p>\n<p>&nbsp;<\/p>\n<p><b>5 peptiidi kompleks <\/b><span style=\"font-weight: 400;\">toimib nagu mitmeotstarbeline noorendav kokteil:<\/span><\/p>\n<ul>\n<li style=\"font-weight: 400;\" aria-level=\"1\"><span style=\"font-weight: 400;\">Tugevdab, paksendab ja pinguldab nahka, stimuleerides kollageeni, elastiini ja h\u00fcaluroonhappe s\u00fcnteesi;<\/span><\/li>\n<li style=\"font-weight: 400;\" aria-level=\"1\"><span style=\"font-weight: 400;\">V\u00e4hendab kortsude s\u00fcgavust, arvu ja n\u00e4htavust, ennetab aktiivselt uute teket;<\/span><\/li>\n<li style=\"font-weight: 400;\" aria-level=\"1\"><span style=\"font-weight: 400;\">Kiirendab naha uuenemist ja paranemist;<\/span><\/li>\n<li style=\"font-weight: 400;\" aria-level=\"1\"><span style=\"font-weight: 400;\">V\u00f5itleb p\u00f5letikuga ja v\u00e4hendab oks\u00fcdatiivset stressi.<\/span><\/li>\n<\/ul>\n<p>&nbsp;<\/p>\n<p>&nbsp;<\/p>\n<h2><i>T\u00e4iendavad toimeained <\/i><i>VT Cosmetics PDRN Reedle Shot 100<\/i><\/h2>\n<p><b>Glutatioon<\/b><span style=\"font-weight: 400;\"> - v\u00f5imas antioks\u00fcdant terve ja s\u00e4rava naha jaoks:\u00a0<\/span><\/p>\n<ul>\n<li style=\"font-weight: 400;\" aria-level=\"1\"><span style=\"font-weight: 400;\">Heledab aknej\u00e4rgseid j\u00e4lgi ja pigmentatsiooni;<\/span><\/li>\n<li style=\"font-weight: 400;\" aria-level=\"1\"><span style=\"font-weight: 400;\">\u00dchtlustab tooni;<\/span><\/li>\n<li style=\"font-weight: 400;\" aria-level=\"1\"><span style=\"font-weight: 400;\">Eemaldab tuhmuse ja annab v\u00e4rske jume;<\/span><\/li>\n<li style=\"font-weight: 400;\" aria-level=\"1\"><span style=\"font-weight: 400;\">Aeglustab vanusega seotud muutusi;\u00a0<\/span><\/li>\n<li style=\"font-weight: 400;\" aria-level=\"1\"><span style=\"font-weight: 400;\">S\u00e4ilitab naha sileduse ja elastsuse.<\/span><\/li>\n<\/ul>\n<p>&nbsp;<\/p>\n<p><b>8 h\u00fcaluroonhappe vormi s\u00fcnergia<\/b><span style=\"font-weight: 400;\"> Pakub intensiivset, s\u00fcgavat ja kauakestvat niisutust. See pehmendab ja silub peeneid jooni, s\u00e4ilitab elastsuse ning j\u00e4tab naha pringiks, s\u00e4ravaks ja v\u00e4rskeks.<\/span><\/p>\n<p>&nbsp;<\/p>\n<p><b>Polgallus Cell ekstratsellulaarne vesiikul\u2122 <\/b><span style=\"font-weight: 400;\">- patenteeritud koostisosa, mis sisaldab<\/span><b> Centella asiatica t\u00fcvirakkude eksosoome.<\/b><span style=\"font-weight: 400;\">Sellel on v\u00f5imas rahustav toime, see v\u00e4hendab naha reaktsiooniv\u00f5imet, stimuleerib uuenemist ja aitab taastada naha kaitsebarj\u00e4\u00e4ri. See muudab naha v\u00e4hem tundlikuks ja vastupidavamaks keskkonnateguritele.\u00a0<\/span><\/p>\n<p>&nbsp;<\/p>\n<p>&nbsp;<\/p>\n<h2><i>Ise\u00e4rasused <\/i><i>VT Cosmetics PDRN Reedle Shot 100<\/i><\/h2>\n<ul>\n<li style=\"font-weight: 400;\" aria-level=\"1\"><span style=\"font-weight: 400;\">Seerum on m\u00f5eldud \u00f5htuseks hoolduseks;<\/span><\/li>\n<li style=\"font-weight: 400;\" aria-level=\"1\"><span style=\"font-weight: 400;\">V\u00f5ib kasutada iga p\u00e4ev;<\/span><\/li>\n<li style=\"font-weight: 400;\" aria-level=\"1\"><span style=\"font-weight: 400;\">Kanna nahale  P\u00c4RAST puhastamist,  ENNE p\u00f5hihooldust.<\/span><\/li>\n<li style=\"font-weight: 400;\" aria-level=\"1\"><span style=\"font-weight: 400;\">Tekstuur on rikkalik ja kreemjas;<\/span><\/li>\n<li style=\"font-weight: 400;\" aria-level=\"1\"><span style=\"font-weight: 400;\">Imendub kiiresti, ei j\u00e4ta kleepuvat tunnet;<\/span><\/li>\n<li style=\"font-weight: 400;\" aria-level=\"1\"><span style=\"font-weight: 400;\">Kipitustunne pealekandmise ajal on mikron\u00f5eltele loomulik reaktsioon ja selle intensiivsus v\u00e4heneb aja jooksul.\u00a0<\/span><\/li>\n<li style=\"font-weight: 400;\" aria-level=\"1\"><span style=\"font-weight: 400;\">Kasutage hommikul<\/span> <span style=\"color: #0000ff;\"><a style=\"color: #0000ff;\" href=\"https:\/\/liluilu.ee\/et\/paikesekaitsekreemid\/\" target=\"_blank\" rel=\"noopener\"><span style=\"font-weight: 400;\">p\u00e4ikesekaitse<\/span><\/a><\/span><span style=\"font-weight: 400;\"><span style=\"color: #000000;\">.<\/span>\u00a0<\/span><\/li>\n<li style=\"font-weight: 400;\" aria-level=\"1\"><span style=\"font-weight: 400;\">Tundlikule nahale on soovitatav kasutada p\u00e4rast eelproovi ja piisava niiskusega.<\/span><\/li>\n<\/ul>\n<p><span style=\"font-weight: 400;\">\u00a0<\/span><\/p>\n<p><span style=\"font-weight: 400;\">\u00a0<\/span><\/p>\n<p><b>\u00a0VT Cosmetics PDRN Reedle Shot 100 sobib igale nahat\u00fc\u00fcbile.<\/b><\/p>\n<p>&nbsp;<\/p>\n<p>&nbsp;<\/p>\n<p><b>Kuidas kasutada:<\/b><\/p>\n<ol>\n<li style=\"font-weight: 400;\" aria-level=\"1\"><span style=\"font-weight: 400;\">\u00d5htul, p\u00e4rast n\u00e4o pesemist, kanna seerum nahale oma nahahooldusrutiini esimese sammuna.<\/span><\/li>\n<li style=\"font-weight: 400;\" aria-level=\"1\"><span style=\"font-weight: 400;\">P\u00e4rast kerget massaa\u017ei patsutage \u00f5rnalt ja seej\u00e4rel suruge peopesad nahka, et toode t\u00e4ielikult imenduks.<\/span><\/li>\n<li style=\"font-weight: 400;\" aria-level=\"1\"><span style=\"font-weight: 400;\">Kohanda kogust vastavalt oma naha vajadustele ja erip\u00e4radele.\u00a0<\/span><\/li>\n<li style=\"font-weight: 400;\" aria-level=\"1\"><span style=\"font-weight: 400;\">Kasutage seda kindlasti p\u00e4evasel ajal <\/span><span style=\"color: #0000ff;\"><a style=\"color: #0000ff;\" href=\"https:\/\/liluilu.ee\/et\/paikesekaitsekreemid\/\" target=\"_blank\" rel=\"noopener\"><span style=\"font-weight: 400;\">p\u00e4ikesekaitsekreem SPF50\/PA++++<\/span><\/a><\/span><span style=\"font-weight: 400; color: #000000;\">.<\/span><\/li>\n<\/ol>\n<p>&nbsp;<\/p>\n<p>&nbsp;<\/p>\n<p><b>Mida veel on oluline teada <\/b><b>VT Cosmetics PDRN Reedle Shot 100:<\/b><\/p>\n<ul>\n<li style=\"font-weight: 400;\" aria-level=\"1\"><span style=\"font-weight: 400;\">\u00c4rge kasutage Reedle Shot\u2122 (100\/300\/700) erinevaid versioone korraga.<\/span><\/li>\n<li style=\"font-weight: 400;\" aria-level=\"1\"><span style=\"font-weight: 400;\">\u00c4rge kasutage seerumit koos seadmetega (LED-maskid, dermarullid jne)<\/span><\/li>\n<li style=\"font-weight: 400;\" aria-level=\"1\"><span style=\"font-weight: 400;\">Mitte kasutada kohe p\u00e4rast koorimist, riistvarakosmeetikat ja muid nahka vigastavaid protseduure.<\/span><\/li>\n<li style=\"font-weight: 400;\" aria-level=\"1\"><span style=\"font-weight: 400;\">\u00c4rge kasutage koos retinooli, C-vitamiini, AHA ja BHA hapetega, kui need on k\u00f5rge kontsentratsiooniga.\u00a0<\/span><\/li>\n<li style=\"font-weight: 400;\" aria-level=\"1\"><span style=\"font-weight: 400;\">\u00c4rge kasutage, kui teil on viiruslikud nahahaigused (nt herpes).<\/span><\/li>\n<li style=\"font-weight: 400;\" aria-level=\"1\"><span style=\"font-weight: 400;\">V\u00e4ltida kokkupuudet silmade ja huultega.<\/span><\/li>\n<li style=\"font-weight: 400;\" aria-level=\"1\"><span style=\"font-weight: 400;\">L\u00f5petage kasutamine, kui nahk muutub liigselt ketendavaks.<\/span><\/li>\n<li style=\"font-weight: 400;\" aria-level=\"1\"><span style=\"font-weight: 400;\">Pikaajalise pideva kasutamise korral (\u00fcle 6 kuu) tehke paus.<\/span><\/li>\n<\/ul>\n<p>&nbsp;<\/p>\n<p>&nbsp;<\/p>\n<p class=\"translation-block\">Netokogus: 50 ml.<\/p>\n<p>&nbsp;<\/p>\n<p>&nbsp;<\/p>\n<p><span style=\"font-weight: 400;\">Kui teil on lisak\u00fcsimusi v\u00f5i vajate toote valimisel n\u00f5u, kirjutage meile. Vestlus asub ekraani paremas alanurgas.<\/span><\/p>\n<p>&nbsp;<\/p>\n<p>&nbsp;<\/p>\n<p><a title=\"TARNETINGIMUSED\" href=\"https:\/\/liluilu.ee\/et\/kohaletoimetamine\/\" target=\"_blank\" rel=\"noopener\">TARNETINGIMUSED<\/a><\/p>","protected":false},"excerpt":{"rendered":"<p>\u041e\u043c\u043e\u043b\u0430\u0436\u0438\u0432\u0430\u044e\u0449\u0430\u044f \u0431\u0443\u0441\u0442\u0435\u0440-\u0441\u044b\u0432\u043e\u0440\u043e\u0442\u043a\u0430 \u0441 \u043c\u0438\u043a\u0440\u043e\u0438\u0433\u043b\u0430\u043c\u0438, PDRN \u0438 \u043f\u0435\u043f\u0442\u0438\u0434\u0430\u043c\u0438 \u2014 VT Cosmetics PDRN Reedle Shot 100.\u00a0 &nbsp; \u0421\u0440\u0435\u0434\u0441\u0442\u0432\u043e \u0438\u043d\u0442\u0435\u043d\u0441\u0438\u0432\u043d\u043e \u043f\u0438\u0442\u0430\u0435\u0442, \u0443\u0432\u043b\u0430\u0436\u043d\u044f\u0435\u0442 \u0438 \u043e\u0436\u0438\u0432\u043b\u044f\u0435\u0442 \u0443\u0441\u0442\u0430\u0432\u0448\u0443\u044e \u0438 \u043e\u0441\u043b\u0430\u0431\u043b\u0435\u043d\u043d\u0443\u044e \u043a\u043e\u0436\u0443. \u0412\u043e\u0437\u0432\u0440\u0430\u0449\u0430\u0435\u0442 \u0435\u0439 \u0441\u0438\u044f\u043d\u0438\u0435, \u044d\u043b\u0430\u0441\u0442\u0438\u0447\u043d\u043e\u0441\u0442\u044c \u0438 \u0443\u043f\u0440\u0443\u0433\u043e\u0441\u0442\u044c. \u0417\u0430\u043f\u0443\u0441\u043a\u0430\u0435\u0442 \u043a\u043b\u0435\u0442\u043e\u0447\u043d\u043e\u0435 \u043e\u0431\u043d\u043e\u0432\u043b\u0435\u043d\u0438\u0435, \u0437\u0430\u0431\u043e\u0442\u0438\u0442\u0441\u044f \u043e \u0437\u0434\u043e\u0440\u043e\u0432\u044c\u0435 \u0437\u0430\u0449\u0438\u0442\u043d\u043e\u0433\u043e \u0431\u0430\u0440\u044c\u0435\u0440\u0430, \u0441\u043d\u0438\u0436\u0430\u0435\u0442 \u0447\u0443\u0432\u0441\u0442\u0432\u0438\u0442\u0435\u043b\u044c\u043d\u043e\u0441\u0442\u044c \u0438 \u0443\u043a\u0440\u0435\u043f\u043b\u044f\u0435\u0442 \u043a\u043e\u0436\u043d\u044b\u0439 \u0438\u043c\u043c\u0443\u043d\u0438\u0442\u0435\u0442. \u041f\u043e\u043c\u043e\u0433\u0430\u0435\u0442 \u0432 \u0431\u043e\u0440\u044c\u0431\u0435 \u0441 \u0434\u0440\u044f\u0431\u043b\u043e\u0441\u0442\u044c\u044e, \u0443\u043b\u0443\u0447\u0448\u0430\u0435\u0442 \u0442\u0435\u043a\u0441\u0442\u0443\u0440\u0443 \u0438 \u0440\u0435\u043b\u044c\u0435\u0444. \u0414\u0435\u043b\u0430\u0435\u0442 [&hellip;]<\/p>","protected":false},"featured_media":15540,"comment_status":"open","ping_status":"closed","template":"","meta":{"_eb_attr":"","jetpack_post_was_ever_published":false,"_joinchat":[]},"product_brand":[],"product_cat":[779,226],"product_tag":[781,766,831,734,784,445,731,783,255,827,465,780,644,832,824,239,487,371,247,768,489],"class_list":{"0":"post-15538","1":"product","2":"type-product","3":"status-publish","4":"has-post-thumbnail","6":"product_cat-vt-cosmetics","7":"product_cat-serumy","8":"product_tag-cica-reedle","9":"product_tag-pdrn","10":"product_tag-phyto-pdrn-panax","11":"product_tag-slow-aging","12":"product_tag-vt-reedle-shot","13":"product_tag-antivozrastnoj-uhod","14":"product_tag-antivozrastnye-syvorotki","15":"product_tag-bustery","16":"product_tag-glutation","17":"product_tag-liniya-vt-cosmetics-pdrn","18":"product_tag-lifting","19":"product_tag-mikroigly","20":"product_tag-novinki","21":"product_tag-nochnoj-uhod","22":"product_tag-omolozhenie","23":"product_tag-peptidy","24":"product_tag-protiv-morshhin","25":"product_tag-stvolovye-kletki","26":"product_tag-centella","27":"product_tag-ekzosomy","28":"product_tag-elastichnost-i-uprugost","30":"first","31":"outofstock","32":"sale","33":"shipping-taxable","34":"purchasable","35":"product-type-simple"},"jetpack_sharing_enabled":true,"_links":{"self":[{"href":"https:\/\/liluilu.ee\/et\/wp-json\/wp\/v2\/product\/15538","targetHints":{"allow":["GET"]}}],"collection":[{"href":"https:\/\/liluilu.ee\/et\/wp-json\/wp\/v2\/product"}],"about":[{"href":"https:\/\/liluilu.ee\/et\/wp-json\/wp\/v2\/types\/product"}],"replies":[{"embeddable":true,"href":"https:\/\/liluilu.ee\/et\/wp-json\/wp\/v2\/comments?post=15538"}],"version-history":[{"count":6,"href":"https:\/\/liluilu.ee\/et\/wp-json\/wp\/v2\/product\/15538\/revisions"}],"predecessor-version":[{"id":15706,"href":"https:\/\/liluilu.ee\/et\/wp-json\/wp\/v2\/product\/15538\/revisions\/15706"}],"wp:featuredmedia":[{"embeddable":true,"href":"https:\/\/liluilu.ee\/et\/wp-json\/wp\/v2\/media\/15540"}],"wp:attachment":[{"href":"https:\/\/liluilu.ee\/et\/wp-json\/wp\/v2\/media?parent=15538"}],"wp:term":[{"taxonomy":"product_brand","embeddable":true,"href":"https:\/\/liluilu.ee\/et\/wp-json\/wp\/v2\/product_brand?post=15538"},{"taxonomy":"product_cat","embeddable":true,"href":"https:\/\/liluilu.ee\/et\/wp-json\/wp\/v2\/product_cat?post=15538"},{"taxonomy":"product_tag","embeddable":true,"href":"https:\/\/liluilu.ee\/et\/wp-json\/wp\/v2\/product_tag?post=15538"}],"curies":[{"name":"t\u00f6\u00f6leht","href":"https:\/\/api.w.org\/{rel}","templated":true}]}}